{"id":8737,"date":"2023-08-21T09:04:47","date_gmt":"2023-08-21T07:04:47","guid":{"rendered":"https:\/\/fvcomponentes.com\/?post_type=product&#038;p=8737"},"modified":"2025-11-06T15:50:56","modified_gmt":"2025-11-06T14:50:56","slug":"configuracao-do-inversor-remoto","status":"publish","type":"product","link":"https:\/\/fvcomponentes.com\/pt\/producto\/configuracion-de-inversores-en-remoto\/","title":{"rendered":"Configura\u00e7\u00e3o remota do inversor"},"content":{"rendered":"<p>Configura\u00e7\u00e3o dos inversores remotos Victron Energy Multiplus, Quatro e Phoenix<\/p>\n<p><strong>Problemas com a configura\u00e7\u00e3o do seu sistema VICTRON?<\/strong><\/p>\n<p>Agora pode contratar a assist\u00eancia da nossa equipa especializada em programa\u00e7\u00e3o e configura\u00e7\u00e3o de equipamentos Victron Energy.<\/p>\n<p>Se tiver um <strong><a href=\"https:\/\/fvcomponentes.com\/pt\/produto\/victron-ve-mk3-interface-usb-interface-link\/\" target=\"_blank\" rel=\"noopener\">Cabo MK3<\/a> <\/strong>podemos estabelecer uma liga\u00e7\u00e3o remota a um computador port\u00e1til que tenha ligado ao cabo e ao inversor. Para tal, \u00e9 necess\u00e1rio descarregar o programa de assist\u00eancia remota <strong><a href=\"https:\/\/www.supremocontrol.com\/es\/descarga-supremo\/windows\/\" target=\"_blank\" rel=\"noopener\">Controlo remoto Supreme<\/a> <\/strong>e facilitar-nos a tarefa de <em>ID e PASSWORD<\/em> que aparecer\u00e1 quando iniciar o programa. Desta forma, podemos ligar-nos ao seu computador port\u00e1til e configurar o inversor Victron como se estiv\u00e9ssemos l\u00e1 consigo.<\/p>\n<p><img fetchpriority=\"high\" decoding=\"async\" class=\"alignnone size-full wp-image-9372\" src=\"https:\/\/fvcomponentes.com\/wp-content\/uploads\/2023\/08\/Captura-de-pantalla-2023-09-22-105142.jpg\" alt=\"\" width=\"1000\" height=\"1211\" title=\"\"><\/p>","protected":false},"excerpt":{"rendered":"<p>Configura\u00e7\u00e3o baseada na Internet de <strong>1 inversor<\/strong> Victron Energy e <strong>1 hora<\/strong> dura\u00e7\u00e3o m\u00e1xima.<\/p>\n<p><strong>NOTA: Este servi\u00e7o s\u00f3 est\u00e1 dispon\u00edvel para clientes FVComponentes.com e restringe-se aos artigos fornecidos. Os seguintes itens devem estar em vigor ANTES da contrata\u00e7\u00e3o da assist\u00eancia;<\/strong><\/p>\n<p><strong>Liga\u00e7\u00e3o \u00e0 Internet no local de instala\u00e7\u00e3o atrav\u00e9s de um router de Internet com cabo de rede para a CERBO ou para o inversor GX. Se n\u00e3o tiver um, sugerimos que compre um router 4G para inserir um cart\u00e3o SIM de telefone. A liga\u00e7\u00e3o de telem\u00f3vel partilhada n\u00e3o \u00e9 v\u00e1lida.<\/strong><\/p>\n<p><a href=\"https:\/\/fvcomponentes.com\/pt\/produto\/router-wireless-4g-tp-link-tl-mr100-300mbps-2-4ghz-2-antenas-wifi-802-11b-g-n-tpl-rou-tl-mr100\/\" target=\"_blank\" rel=\"noopener\">https:\/\/fvcomponentes.com\/producto\/router-inalambrico-4g-tp-link-tl-mr100-300mbps-2-4ghz-2-antenas-wifi-802-11b-g-n-tpl-rou-tl-mr100\/<\/a><\/p>\n<p><strong>Um cabo MK3 para liga\u00e7\u00e3o ao inversor.<\/strong><\/p>\n<p><a href=\"https:\/\/fvcomponentes.com\/pt\/produto\/victron-ve-mk3-interface-usb-interface-link\/\" target=\"_blank\" rel=\"noopener\">https:\/\/fvcomponentes.com\/producto\/interfaz-de-enlace-victron-ve-mk3-usb\/<\/a><\/p>\n<p><strong>Ou, em alternativa, fazer com que a instala\u00e7\u00e3o seja monitorizada via Internet atrav\u00e9s do portal VRM.<\/strong><\/p>\n<p><a href=\"https:\/\/vrm.victronenergy.com\/\" target=\"_blank\" rel=\"noopener\">https:\/\/vrm.victronenergy.com\/<\/a><\/p>\n<p><strong>Um computador port\u00e1til com Windows ligado ao router de Internet mencionado no primeiro ponto. N\u00e3o \u00e9 poss\u00edvel fazer a assist\u00eancia com MAC e ter descarregado a aplica\u00e7\u00e3o SUPREMO REMOTE.<\/strong><\/p>\n<p><a href=\"https:\/\/www.supremocontrol.com\/es\/\" target=\"_blank\" rel=\"noopener\">https:\/\/www.supremocontrol.com\/es\/<\/a><\/p>","protected":false},"featured_media":8762,"comment_status":"open","ping_status":"closed","template":"","meta":{"site-sidebar-layout":"default","site-content-layout":"","ast-site-content-layout":"default","site-content-style":"default","site-sidebar-style":"default","ast-global-header-display":"","ast-banner-title-visibility":"","ast-main-header-display":"","ast-hfb-above-header-display":"","ast-hfb-below-header-display":"","ast-hfb-mobile-header-display":"","site-post-title":"","ast-breadcrumbs-content":"","ast-featured-img":"","footer-sml-layout":"","ast-disable-related-posts":"","theme-transparent-header-meta":"default","adv-header-id-meta":"","stick-header-meta":"","header-above-stick-meta":"","header-main-stick-meta":"","header-below-stick-meta":"","astra-migrate-meta-layouts":"set","ast-page-background-enabled":"default","ast-page-background-meta":{"desktop":{"background-color":"var(--ast-global-color-4)","background-image":"","background-repeat":"repeat","background-position":"center center","background-size":"auto","background-attachment":"scroll","background-type":"","background-media":"","overlay-type":"","overlay-color":"","overlay-opacity":"","overlay-gradient":""},"tablet":{"background-color":"","background-image":"","background-repeat":"repeat","background-position":"center center","background-size":"auto","background-attachment":"scroll","background-type":"","background-media":"","overlay-type":"","overlay-color":"","overlay-opacity":"","overlay-gradient":""},"mobile":{"background-color":"","background-image":"","background-repeat":"repeat","background-position":"center center","background-size":"auto","background-attachment":"scroll","background-type":"","background-media":"","overlay-type":"","overlay-color":"","overlay-opacity":"","overlay-gradient":""}},"ast-content-background-meta":{"desktop":{"background-color":"var(--ast-global-color-5)","background-image":"","background-repeat":"repeat","background-position":"center center","background-size":"auto","background-attachment":"scroll","background-type":"","background-media":"","overlay-type":"","overlay-color":"","overlay-opacity":"","overlay-gradient":""},"tablet":{"background-color":"var(--ast-global-color-5)","background-image":"","background-repeat":"repeat","background-position":"center center","background-size":"auto","background-attachment":"scroll","background-type":"","background-media":"","overlay-type":"","overlay-color":"","overlay-opacity":"","overlay-gradient":""},"mobile":{"background-color":"var(--ast-global-color-5)","background-image":"","background-repeat":"repeat","background-position":"center center","background-size":"auto","background-attachment":"scroll","background-type":"","background-media":"","overlay-type":"","overlay-color":"","overlay-opacity":"","overlay-gradient":""}}},"pwb-brand":[332],"product_brand":[],"product_cat":[872],"product_tag":[],"class_list":{"0":"post-8737","1":"product","2":"type-product","3":"status-publish","4":"has-post-thumbnail","6":"pwb-brand-victron","7":"product_cat-servicios-de-configuracion","8":"desktop-align-left","9":"tablet-align-left","10":"mobile-align-left","11":"ast-product-gallery-layout-horizontal-slider","12":"ast-product-gallery-with-no-image","13":"ast-product-tabs-layout-horizontal","15":"first","16":"instock","17":"virtual","18":"taxable","19":"purchasable","20":"product-type-simple"},"wcpa_form_fields":null,"brands":[{"id":332,"name":"Victron Energia","slug":"victron"}],"_links":{"self":[{"href":"https:\/\/fvcomponentes.com\/pt\/wp-json\/wp\/v2\/product\/8737","targetHints":{"allow":["GET"]}}],"collection":[{"href":"https:\/\/fvcomponentes.com\/pt\/wp-json\/wp\/v2\/product"}],"about":[{"href":"https:\/\/fvcomponentes.com\/pt\/wp-json\/wp\/v2\/types\/product"}],"replies":[{"embeddable":true,"href":"https:\/\/fvcomponentes.com\/pt\/wp-json\/wp\/v2\/comments?post=8737"}],"wp:featuredmedia":[{"embeddable":true,"href":"https:\/\/fvcomponentes.com\/pt\/wp-json\/wp\/v2\/media\/8762"}],"wp:attachment":[{"href":"https:\/\/fvcomponentes.com\/pt\/wp-json\/wp\/v2\/media?parent=8737"}],"wp:term":[{"taxonomy":"pwb-brand","embeddable":true,"href":"https:\/\/fvcomponentes.com\/pt\/wp-json\/wp\/v2\/pwb-brand?post=8737"},{"taxonomy":"product_brand","embeddable":true,"href":"https:\/\/fvcomponentes.com\/pt\/wp-json\/wp\/v2\/product_brand?post=8737"},{"taxonomy":"product_cat","embeddable":true,"href":"https:\/\/fvcomponentes.com\/pt\/wp-json\/wp\/v2\/product_cat?post=8737"},{"taxonomy":"product_tag","embeddable":true,"href":"https:\/\/fvcomponentes.com\/pt\/wp-json\/wp\/v2\/product_tag?post=8737"}],"curies":[{"name":"wp","href":"https:\/\/api.w.org\/{rel}","templated":true}]}}