{"id":8413,"date":"2023-06-21T13:14:39","date_gmt":"2023-06-21T11:14:39","guid":{"rendered":"https:\/\/fvcomponentes.com\/?post_type=product&#038;p=8413"},"modified":"2026-03-30T12:15:01","modified_gmt":"2026-03-30T10:15:01","slug":"carregador-de-carro-eletrico-fronius-wattpilot-go-22j-2-0-4240400","status":"publish","type":"product","link":"https:\/\/fvcomponentes.com\/pt\/producto\/cargador-coche-electrico-fronius-wattpilot-go-22j-2-0-4240400\/","title":{"rendered":"Carregador de carro el\u00e9trico Fronius Wattpilot Go 22J 2.0 - 4.240.400"},"content":{"rendered":"<div class=\"layoutSection white\" data-component-anchor-id=\"anc_dynamic-surplus\">\n<div class=\"container\">\n<div class=\"heading\">\n<h2>Caracter\u00edsticas do carregador para autom\u00f3vel el\u00e9trico Fronius Wattpilot Go 22J 2.0 - 4,240,400<\/h2>\n<p>O Fronius Wattpilot HOME 11J 2.0 \u00e9 a nova solu\u00e7\u00e3o de carregamento inteligente para carros el\u00e9ctricos. Os condutores de autom\u00f3veis el\u00e9ctricos poder\u00e3o decidir como carregar o seu ve\u00edculo. O carregamento \u00e9 muito econ\u00f3mico em combina\u00e7\u00e3o com uma tarifa de eletricidade vari\u00e1vel. \u00c9 muito f\u00e1cil de instalar e \u00e9 um dos poucos produtos no mercado capaz de alternar automaticamente entre o carregamento de excedentes monof\u00e1sicos e trif\u00e1sicos para obter o m\u00e1ximo de energia poss\u00edvel da instala\u00e7\u00e3o.<\/p>\n<div>O Fronius Wattpilot est\u00e1 dispon\u00edvel em duas vers\u00f5es: o Wattpilot Home, <a href=\"https:\/\/fvcomponentes.com\/pt\/produto\/carregador-de-carro-eletrico-fronius-wattpilot-home-22j-2-0-4240403\/\" target=\"_blank\" rel=\"noopener\">Carregador para carros el\u00e9ctricos Fronius Wattpilot Home 22J 2.0 - 4.240.403<\/a>A vers\u00e3o m\u00f3vel do Wattpilot Go est\u00e1 dispon\u00edvel para instala\u00e7\u00e3o fixa em casa e a vers\u00e3o m\u00f3vel do Wattpilot Go. O dispositivo pode ser operado atrav\u00e9s do seu <strong>app Solar.wattpilot<\/strong>que tamb\u00e9m fornece uma vis\u00e3o geral do processo de carregamento. Esta solu\u00e7\u00e3o de carregamento inteligente funciona atrav\u00e9s de plug &amp; play e tem dois modos de carregamento: \"Eco\" e \"Next Trip\". Al\u00e9m disso, o Wattpilot est\u00e1 optimizado para sistemas fotovoltaicos: isto torna poss\u00edvel carregar o carro de forma particularmente econ\u00f3mica e sustent\u00e1vel com energia solar excedente.<\/div>\n<h2><\/h2>\n<h2>Processo din\u00e2mico de carregamento de excedentes<\/h2>\n<\/div>\n<div class=\"text\" data-component-anchor-id=\"anc_\">\n<div class=\"text-wrap\" data-gtm-vis-has-fired-2269922_821=\"1\">O processo din\u00e2mico de carregamento de excedentes garante que o <strong>utiliza\u00e7\u00e3o \u00f3ptima da energia fotovoltaica excedent\u00e1ria no nosso sistema<\/strong> y <strong>evita o carregamento a partir da rede<\/strong>. Com a utiliza\u00e7\u00e3o da base de carregamento inteligente Fronius WattPilot, at\u00e9 os mais exigentes <strong>montantes mais reduzidos de excedentes <\/strong><strong>pode ser utilizado<\/strong> para carregar o ve\u00edculo el\u00e9trico.<\/div>\n<\/div>\n<div class=\"layoutTemplate layoutTemplate-8-4\">\n<div class=\"row\">\n<div class=\"col-xs-12 col-md-8\">\n<div class=\"mediaSlider\" data-component-anchor-id=\"anc_\">\n<div class=\"container-fluid\">\n<div class=\"row\">\n<div class=\"container-inner col-md-12\">\n<div id=\"id_09082805-4a96-4e01-a472-4a6e935a0741_16bcc064-1590-4125-916f-8d67b5c83611_\" class=\"carousel slide\" data-interval=\"false\" data-count=\"1\" data-calculatecontrolposition=\"true\">\n<div class=\"carousel-inner\">\n<div class=\"item active\">\n<div class=\"carousel-image\">\n<p><img fetchpriority=\"high\" decoding=\"async\" class=\"alignnone wp-image-8410\" src=\"https:\/\/fvcomponentes.com\/wp-content\/uploads\/2023\/06\/wattpilot-pv-surplus-charging-169.jpg\" alt=\"\" width=\"600\" height=\"337\" title=\"\"><\/p>\n<\/div>\n<\/div>\n<\/div>\n<\/div>\n<\/div>\n<\/div>\n<\/div>\n<\/div>\n<div class=\"text\" data-component-anchor-id=\"anc_\">\n<div class=\"text-wrap\" data-gtm-vis-has-fired-2269922_821=\"1\">\n<p><strong><span style=\"color: #00ccff;\">- Excedentes fotovoltaicos<br \/>\n<\/span><\/strong><span style=\"color: #339966;\"><strong>- Ve\u00edculo el\u00e9trico<\/strong><\/span><\/p>\n<\/div>\n<\/div>\n<\/div>\n<div class=\"col-xs-12 col-md-4\">\n<div class=\"text\" data-component-anchor-id=\"anc_\">\n<div class=\"text-wrap\" data-gtm-vis-has-fired-2269922_821=\"1\">\n<p>O\u00a0\u00a0<strong>o processo de carregamento inicia-se automaticamente quando existe um excedente m\u00ednimo de energia<\/strong> e ir\u00e1 <strong>adapta-se \u00e0 quantidade de energia excedent\u00e1ria num dado momento<\/strong>. Ap\u00f3s uma configura\u00e7\u00e3o correcta por parte do instalador, esta solu\u00e7\u00e3o garante que o ve\u00edculo el\u00e9trico \u00e9 automaticamente carregado com a energia solar que sobra durante o dia, em vez de a alimentar na rede.<\/p>\n<\/div>\n<\/div>\n<\/div>\n<\/div>\n<\/div>\n<div class=\"text imageText row img-right inside-grid-6-6\" data-component-anchor-id=\"anc_\">\n<div class=\"text-wrap\" data-gtm-vis-has-fired-2269922_821=\"1\">\n<h3>Carregamento din\u00e2mico com o carregador para ve\u00edculos el\u00e9ctricos Fronius Wattpilot Go 22J 2.0 - 4 240 400<\/h3>\n<p>A esta\u00e7\u00e3o de carregamento de ve\u00edculos el\u00e9ctricos Fronius WattPilot GO 22J 2.0 \u00e9 a melhor forma de carregar ve\u00edculos el\u00e9ctricos.<strong> solu\u00e7\u00e3o de carregamento inteligente, uma vez que<\/strong>\u00a0permite <strong>carregamento din\u00e2mico dos excedentes fotovoltaicos<\/strong>.<\/p>\n<p>Gra\u00e7as ao<strong> comuta\u00e7\u00e3o monof\u00e1sica\/trif\u00e1sica totalmente autom\u00e1tica<\/strong>Desta forma, \u00e9 poss\u00edvel otimizar a utiliza\u00e7\u00e3o do <strong>energia fotovoltaica<\/strong> excedente\u00a0<strong>de 1,38 a 22 kW de pot\u00eancia<\/strong>.<\/p>\n<p>O WattPilot \u00e9 tamb\u00e9m <strong>compat\u00edvel com as tarifas de eletricidade com discrimina\u00e7\u00e3o hor\u00e1ria<\/strong>. Isto significa que pode utilizar a rede el\u00e9ctrica para <strong>carregamento muito econ\u00f3mico<\/strong>\u00a0\u00e0 noite durante\u00a0<strong>per\u00edodos fora de pico de tarifas baixas.<\/strong><\/p>\n<\/div>\n<\/div>\n<h3>Leitor de cart\u00f5es RFID<\/h3>\n<div class=\"text imageText row img-right inside-grid-6-6\" data-component-anchor-id=\"anc_\">\n<p>Sensor RFID integrado: O carregamento s\u00f3 ser\u00e1 iniciado se a base de carregamento for activada por um cart\u00e3o com chip (RFID) v\u00e1lido.<\/p>\n<h3>Gest\u00e3o do carregamento com a aplica\u00e7\u00e3o \"Solar.WattPilot<\/h3>\n<p>Para gerir e controlar o processo de carregamento com a base de carregamento Fronius WattPilot, est\u00e1 dispon\u00edvel a aplica\u00e7\u00e3o Solar.WattPilot (iOS e Android). Com o seu smartphone, pode controlar e gerir todo o processo de carregamento de forma simples e f\u00e1cil.<\/p>\n<div class=\"ast-oembed-container\" style=\"height: 100%;\"><iframe title=\"Fronius Wattpilot. Concebido para se deslocar (EN)\" width=\"500\" height=\"281\" src=\"https:\/\/www.youtube.com\/embed\/G-x1wQN4Cg0?list=PLxnRyy-bGLh-LkvuoMfPWXQmZFN78edO5\" frameborder=\"0\" allow=\"accelerometer; autoplay; clipboard-write; encrypted-media; gyroscope; picture-in-picture; web-share\" referrerpolicy=\"strict-origin-when-cross-origin\" allowfullscreen><\/iframe><\/div>\n<div id=\"hbacc_61df56e0-df84-4e3c-a4b0-f07776ec9597_372160b4-7b89-436b-80c5-d56ae52046d5_\" class=\"panel-heading\" role=\"tab\">\n<h2 class=\"panel-title\">Dados t\u00e9cnicos do carregador de autom\u00f3vel el\u00e9trico Fronius Wattpilot Go 22J 2.0 - 4.240.400<\/h2>\n<\/div>\n<div id=\"bacc_61df56e0-df84-4e3c-a4b0-f07776ec9597_372160b4-7b89-436b-80c5-d56ae52046d5_\" class=\"panel-collapse collapse in\" role=\"tabpanel\" aria-labelledby=\"hbacc_61df56e0-df84-4e3c-a4b0-f07776ec9597_372160b4-7b89-436b-80c5-d56ae52046d5_\">\n<div class=\"panel-body\">\n<div class=\"text\" data-component-anchor-id=\"anc_\">\n<div class=\"text-wrap\" data-gtm-vis-has-fired-2269922_821=\"1\">\n<h2>Dados de entrada<\/h2>\n<div class=\"table-responsive\">\n<table>\n<tbody>\n<tr>\n<th>Frequ\u00eancia (entrada)<\/th>\n<td>50 Hz<\/td>\n<\/tr>\n<tr>\n<th>Tipos de liga\u00e7\u00e3o de rede<\/th>\n<td>TT \/ TN \/ IT<\/td>\n<\/tr>\n<tr>\n<th>Liga\u00e7\u00f5es principais<\/th>\n<td>Conector CEE32 vermelho 5 p\u00f3los incl. condutor neutro<\/td>\n<\/tr>\n<tr>\n<th>Tens\u00e3o nominal<\/th>\n<td>230 V (monof\u00e1sico) \/ 400 V (trif\u00e1sico)<\/td>\n<\/tr>\n<tr>\n<th>Corrente nominal<\/th>\n<td>6-32A monof\u00e1sico ou trif\u00e1sico<\/td>\n<\/tr>\n<tr>\n<th>Consumo em modo inativo<\/th>\n<td>1,9 W (LED escuro), 4,2 W (LED claro)<\/td>\n<\/tr>\n<tr>\n<th>Tomada de carregamento<\/th>\n<td>Conector tipo 2 com bloqueio mec\u00e2nico<\/td>\n<\/tr>\n<tr>\n<th>Dispositivo de corrente residual<\/th>\n<td>30 mA CA, 6 mA CC<\/td>\n<\/tr>\n<tr>\n<th>Sec\u00e7\u00e3o transversal do cabo de alimenta\u00e7\u00e3o<\/th>\n<td>6 mm 2<\/td>\n<\/tr>\n<tr>\n<th>Pot\u00eancia m\u00e1xima de carga<\/th>\n<td>22 kW<\/td>\n<\/tr>\n<\/tbody>\n<\/table>\n<\/div>\n<h2>Dados gerais<\/h2>\n<div class=\"table-responsive\">\n<table>\n<tbody>\n<tr>\n<th>\n<div>Dimens\u00e3o \/ largura<\/div>\n<\/th>\n<td>146 mm<\/td>\n<\/tr>\n<tr>\n<th>\n<div>Dimens\u00e3o (altura)<\/div>\n<\/th>\n<td>251 mm<\/td>\n<\/tr>\n<tr>\n<th>\n<div>Dimens\u00e3o (profundidade)<\/div>\n<\/th>\n<td>96 mm<\/td>\n<\/tr>\n<tr>\n<th>Peso<\/th>\n<td>1,89 kg<\/td>\n<\/tr>\n<tr>\n<th>Peso com embalagem<\/th>\n<td>3,25 kg<\/td>\n<\/tr>\n<tr>\n<th>Classe de prote\u00e7\u00e3o<\/th>\n<td>IP 54 (IP44 com cabo tipo 2 ligado)<\/td>\n<\/tr>\n<tr>\n<th>Instala\u00e7\u00e3o<\/th>\n<td>Instala\u00e7\u00e3o no interior e no exterior<\/td>\n<\/tr>\n<tr>\n<th>Gama de temperatura ambiente<\/th>\n<td>De -25 \u00b0C a +40 \u00b0C (sem radia\u00e7\u00e3o solar direta)<\/td>\n<\/tr>\n<tr>\n<th>Humidade<\/th>\n<td>5% \u2013 95%<\/td>\n<\/tr>\n<tr>\n<th>Altitude m\u00e1xima<\/th>\n<td>2000 m<\/td>\n<\/tr>\n<tr>\n<th>Resist\u00eancia ao impacto<\/th>\n<td>IK08<\/td>\n<\/tr>\n<tr>\n<th>Otimiza\u00e7\u00e3o fotovoltaica<\/th>\n<td>1,38-22 kW de carga fotovoltaica din\u00e2mica (comuta\u00e7\u00e3o autom\u00e1tica monof\u00e1sica\/trif\u00e1sica)<\/td>\n<\/tr>\n<tr>\n<th>Liga\u00e7\u00e3o de rede<\/th>\n<td>WLAN* WLAN* WLAN* WLAN* WLAN* WLAN* WLAN* WLAN* WLAN* WLAN<\/td>\n<\/tr>\n<tr>\n<th>Tipo de instala\u00e7\u00e3o<\/th>\n<td>Pendurado na vertical<\/td>\n<\/tr>\n<tr>\n<th>Temperatura ambiente m\u00e9dia durante 24 horas<\/th>\n<td>M\u00e1x. 35\u00b0 C<\/td>\n<\/tr>\n<\/tbody>\n<\/table>\n<h2>Adaptador de carregador de carro el\u00e9trico Fronius Wattpilot Go 22J 2.0 - 4.240.400<\/h2>\n<p>O\u00a0<a href=\"https:\/\/fvcomponentes.com\/pt\/produto\/adaptador-de-carregador-de-carro-eletrico-fronius-wattpilot-go-22-4240410\/\" target=\"_blank\" rel=\"noopener\">conjunto de adaptadores para Fronius Wattpilot Go 22<\/a>\u00a0(CEE32A, CEE azul, Schuko) vendidas em separado.<\/p>\n<h2>Dados t\u00e9cnicos do carregador de isqueiro el\u00e9trico Fronius Wattpilot Go 22J 2.0 - 4.240.400<\/h2>\n<p><a href=\"https:\/\/fvcomponentes.com\/wp-content\/uploads\/2023\/06\/Fronius_TDS_Wattpilot_New_EN.pdf\" target=\"_blank\" rel=\"noopener\">Folha de dados do carregador para ve\u00edculos el\u00e9ctricos Fronius Wattpilot Go 22J 2.0 - 4.240.400<\/a><\/p>\n<\/div>\n<\/div>\n<\/div>\n<\/div>\n<\/div>\n<\/div>\n<\/div>\n<\/div>","protected":false},"excerpt":{"rendered":"<ul>\n<li>O carregador de ve\u00edculos el\u00e9ctricos<strong> Fronius WattPilot<\/strong> O GO 22J \u00e9 a melhor solu\u00e7\u00e3o de carregamento inteligente para carros el\u00e9ctricos. Permite o carregamento din\u00e2mico de excedentes fotovoltaicos.<\/li>\n<li><span style=\"color: #ff0000;\"><strong>Sem cabo de carregamento<\/strong><\/span><\/li>\n<\/ul>","protected":false},"featured_media":8414,"comment_status":"open","ping_status":"closed","template":"","meta":{"site-sidebar-layout":"default","site-content-layout":"default","ast-site-content-layout":"default","site-content-style":"default","site-sidebar-style":"default","ast-global-header-display":"","ast-banner-title-visibility":"","ast-main-header-display":"","ast-hfb-above-header-display":"","ast-hfb-below-header-display":"","ast-hfb-mobile-header-display":"","site-post-title":"","ast-breadcrumbs-content":"","ast-featured-img":"","footer-sml-layout":"","ast-disable-related-posts":"","theme-transparent-header-meta":"default","adv-header-id-meta":"","stick-header-meta":"","header-above-stick-meta":"","header-main-stick-meta":"","header-below-stick-meta":"","astra-migrate-meta-layouts":"set","ast-page-background-enabled":"default","ast-page-background-meta":{"desktop":{"background-color":"var(--ast-global-color-4)","background-image":"","background-repeat":"repeat","background-position":"center center","background-size":"auto","background-attachment":"scroll","background-type":"","background-media":"","overlay-type":"","overlay-color":"","overlay-opacity":"","overlay-gradient":""},"tablet":{"background-color":"","background-image":"","background-repeat":"repeat","background-position":"center center","background-size":"auto","background-attachment":"scroll","background-type":"","background-media":"","overlay-type":"","overlay-color":"","overlay-opacity":"","overlay-gradient":""},"mobile":{"background-color":"","background-image":"","background-repeat":"repeat","background-position":"center center","background-size":"auto","background-attachment":"scroll","background-type":"","background-media":"","overlay-type":"","overlay-color":"","overlay-opacity":"","overlay-gradient":""}},"ast-content-background-meta":{"desktop":{"background-color":"var(--ast-global-color-5)","background-image":"","background-repeat":"repeat","background-position":"center center","background-size":"auto","background-attachment":"scroll","background-type":"","background-media":"","overlay-type":"","overlay-color":"","overlay-opacity":"","overlay-gradient":""},"tablet":{"background-color":"var(--ast-global-color-5)","background-image":"","background-repeat":"repeat","background-position":"center center","background-size":"auto","background-attachment":"scroll","background-type":"","background-media":"","overlay-type":"","overlay-color":"","overlay-opacity":"","overlay-gradient":""},"mobile":{"background-color":"var(--ast-global-color-5)","background-image":"","background-repeat":"repeat","background-position":"center center","background-size":"auto","background-attachment":"scroll","background-type":"","background-media":"","overlay-type":"","overlay-color":"","overlay-opacity":"","overlay-gradient":""}}},"pwb-brand":[344],"product_brand":[],"product_cat":[385],"product_tag":[],"class_list":{"0":"post-8413","1":"product","2":"type-product","3":"status-publish","4":"has-post-thumbnail","6":"pwb-brand-fronius","7":"product_cat-cargadores-para-vehiculo-electrico","8":"desktop-align-left","9":"tablet-align-left","10":"mobile-align-left","11":"ast-product-gallery-layout-horizontal-slider","12":"ast-product-gallery-with-no-image","13":"ast-product-tabs-layout-horizontal","15":"first","16":"instock","17":"taxable","18":"shipping-taxable","19":"purchasable","20":"product-type-simple"},"wcpa_form_fields":null,"brands":[{"id":344,"name":"Inversores Fronius","slug":"frontais"}],"_links":{"self":[{"href":"https:\/\/fvcomponentes.com\/pt\/wp-json\/wp\/v2\/product\/8413","targetHints":{"allow":["GET"]}}],"collection":[{"href":"https:\/\/fvcomponentes.com\/pt\/wp-json\/wp\/v2\/product"}],"about":[{"href":"https:\/\/fvcomponentes.com\/pt\/wp-json\/wp\/v2\/types\/product"}],"replies":[{"embeddable":true,"href":"https:\/\/fvcomponentes.com\/pt\/wp-json\/wp\/v2\/comments?post=8413"}],"wp:featuredmedia":[{"embeddable":true,"href":"https:\/\/fvcomponentes.com\/pt\/wp-json\/wp\/v2\/media\/8414"}],"wp:attachment":[{"href":"https:\/\/fvcomponentes.com\/pt\/wp-json\/wp\/v2\/media?parent=8413"}],"wp:term":[{"taxonomy":"pwb-brand","embeddable":true,"href":"https:\/\/fvcomponentes.com\/pt\/wp-json\/wp\/v2\/pwb-brand?post=8413"},{"taxonomy":"product_brand","embeddable":true,"href":"https:\/\/fvcomponentes.com\/pt\/wp-json\/wp\/v2\/product_brand?post=8413"},{"taxonomy":"product_cat","embeddable":true,"href":"https:\/\/fvcomponentes.com\/pt\/wp-json\/wp\/v2\/product_cat?post=8413"},{"taxonomy":"product_tag","embeddable":true,"href":"https:\/\/fvcomponentes.com\/pt\/wp-json\/wp\/v2\/product_tag?post=8413"}],"curies":[{"name":"wp","href":"https:\/\/api.w.org\/{rel}","templated":true}]}}