{"id":7970,"date":"2023-05-02T18:12:09","date_gmt":"2023-05-02T16:12:09","guid":{"rendered":"https:\/\/fvcomponentes.com\/?post_type=product&#038;p=7970"},"modified":"2026-01-15T10:02:04","modified_gmt":"2026-01-15T09:02:04","slug":"fusivel-midi-victron-200a-32v-cip132200010","status":"publish","type":"product","link":"https:\/\/fvcomponentes.com\/pt\/producto\/midi-fuse-victron-200a-32v-cip132200010\/","title":{"rendered":"Midi-fus\u00edvel Victron 200A\/32V - CIP132200010"},"content":{"rendered":"<h2>Carater\u00edsticas do Midi-fus\u00edvel Victron 200A\/32V<\/h2>\n<ul>\n<li>O fus\u00edvel Victron Midi 200A\/32V - CIP132200010 com terminais M8 \u00e9 um fus\u00edvel de qualidade que \u00e9 uma parte indispens\u00e1vel de uma instala\u00e7\u00e3o el\u00e9ctrica segura. Este fus\u00edvel MIDI de 200A (32V) foi especialmente concebido para sistemas fotovoltaicos com uma tens\u00e3o de sistema de 32V.<\/li>\n<li>Os fus\u00edveis de 32V n\u00e3o podem ser utilizados com sistemas de 48V ou vice-versa. O intervalo de tens\u00e3o especificado no fus\u00edvel \u00e9 importante para garantir um funcionamento seguro.<\/li>\n<li>Para o\u00a0<a href=\"https:\/\/fvcomponentes.com\/pt\/produto\/suporte-de-fusiveis-victron-suporte-de-fusiveis-midi-cip000050001\/\" target=\"_blank\" rel=\"noopener\">Suporte de fus\u00edveis MIDI Victron - CIP000050001.<\/a><\/li>\n<li>O pacote<strong style=\"font-size: 16px\"> inclui 5 fus\u00edveis.<\/strong><\/li>\n<\/ul>\n<h2>Ficha t\u00e9cnica Midi-fuse Victron 200A\/32v - CIP132200010<\/h2>\n<p><a href=\"https:\/\/fvcomponentes.com\/wp-content\/uploads\/2023\/03\/Midi-Mega-and-ANL-fuses-and-fuse-holders-EN.pdf\" target=\"_blank\" rel=\"noopener\">Ver ficha de dados Victron Midi-fuse 200A\/32v<\/a><\/p>","protected":false},"excerpt":{"rendered":"<p><strong>Amperagem:<\/strong> 200A<strong><br \/>\nTens\u00e3o: <\/strong>32V<strong><br \/>\nQueda de tens\u00e3o:<\/strong> 80 mV<br \/>\n<strong>Resist\u00eancia ao frio:<\/strong> 0,25 m\u03a9<\/p>","protected":false},"featured_media":7967,"comment_status":"open","ping_status":"closed","template":"","meta":{"site-sidebar-layout":"default","site-content-layout":"default","ast-site-content-layout":"default","site-content-style":"default","site-sidebar-style":"default","ast-global-header-display":"","ast-banner-title-visibility":"","ast-main-header-display":"","ast-hfb-above-header-display":"","ast-hfb-below-header-display":"","ast-hfb-mobile-header-display":"","site-post-title":"","ast-breadcrumbs-content":"","ast-featured-img":"","footer-sml-layout":"","ast-disable-related-posts":"","theme-transparent-header-meta":"default","adv-header-id-meta":"","stick-header-meta":"","header-above-stick-meta":"","header-main-stick-meta":"","header-below-stick-meta":"","astra-migrate-meta-layouts":"set","ast-page-background-enabled":"default","ast-page-background-meta":{"desktop":{"background-color":"var(--ast-global-color-4)","background-image":"","background-repeat":"repeat","background-position":"center center","background-size":"auto","background-attachment":"scroll","background-type":"","background-media":"","overlay-type":"","overlay-color":"","overlay-opacity":"","overlay-gradient":""},"tablet":{"background-color":"","background-image":"","background-repeat":"repeat","background-position":"center center","background-size":"auto","background-attachment":"scroll","background-type":"","background-media":"","overlay-type":"","overlay-color":"","overlay-opacity":"","overlay-gradient":""},"mobile":{"background-color":"","background-image":"","background-repeat":"repeat","background-position":"center center","background-size":"auto","background-attachment":"scroll","background-type":"","background-media":"","overlay-type":"","overlay-color":"","overlay-opacity":"","overlay-gradient":""}},"ast-content-background-meta":{"desktop":{"background-color":"var(--ast-global-color-5)","background-image":"","background-repeat":"repeat","background-position":"center center","background-size":"auto","background-attachment":"scroll","background-type":"","background-media":"","overlay-type":"","overlay-color":"","overlay-opacity":"","overlay-gradient":""},"tablet":{"background-color":"var(--ast-global-color-5)","background-image":"","background-repeat":"repeat","background-position":"center center","background-size":"auto","background-attachment":"scroll","background-type":"","background-media":"","overlay-type":"","overlay-color":"","overlay-opacity":"","overlay-gradient":""},"mobile":{"background-color":"var(--ast-global-color-5)","background-image":"","background-repeat":"repeat","background-position":"center center","background-size":"auto","background-attachment":"scroll","background-type":"","background-media":"","overlay-type":"","overlay-color":"","overlay-opacity":"","overlay-gradient":""}}},"pwb-brand":[332],"product_brand":[],"product_cat":[410,862,994],"product_tag":[],"class_list":{"0":"post-7970","1":"product","2":"type-product","3":"status-publish","4":"has-post-thumbnail","6":"pwb-brand-victron","7":"product_cat-material-electrico","8":"product_cat-fusibles","9":"product_cat-fusibles-midi","10":"desktop-align-left","11":"tablet-align-left","12":"mobile-align-left","13":"ast-product-gallery-layout-horizontal-slider","14":"ast-product-gallery-with-no-image","15":"ast-product-tabs-layout-horizontal","17":"first","18":"instock","19":"taxable","20":"shipping-taxable","21":"purchasable","22":"product-type-simple"},"wcpa_form_fields":null,"brands":[{"id":332,"name":"Victron Energia","slug":"victron"}],"_links":{"self":[{"href":"https:\/\/fvcomponentes.com\/pt\/wp-json\/wp\/v2\/product\/7970","targetHints":{"allow":["GET"]}}],"collection":[{"href":"https:\/\/fvcomponentes.com\/pt\/wp-json\/wp\/v2\/product"}],"about":[{"href":"https:\/\/fvcomponentes.com\/pt\/wp-json\/wp\/v2\/types\/product"}],"replies":[{"embeddable":true,"href":"https:\/\/fvcomponentes.com\/pt\/wp-json\/wp\/v2\/comments?post=7970"}],"wp:featuredmedia":[{"embeddable":true,"href":"https:\/\/fvcomponentes.com\/pt\/wp-json\/wp\/v2\/media\/7967"}],"wp:attachment":[{"href":"https:\/\/fvcomponentes.com\/pt\/wp-json\/wp\/v2\/media?parent=7970"}],"wp:term":[{"taxonomy":"pwb-brand","embeddable":true,"href":"https:\/\/fvcomponentes.com\/pt\/wp-json\/wp\/v2\/pwb-brand?post=7970"},{"taxonomy":"product_brand","embeddable":true,"href":"https:\/\/fvcomponentes.com\/pt\/wp-json\/wp\/v2\/product_brand?post=7970"},{"taxonomy":"product_cat","embeddable":true,"href":"https:\/\/fvcomponentes.com\/pt\/wp-json\/wp\/v2\/product_cat?post=7970"},{"taxonomy":"product_tag","embeddable":true,"href":"https:\/\/fvcomponentes.com\/pt\/wp-json\/wp\/v2\/product_tag?post=7970"}],"curies":[{"name":"wp","href":"https:\/\/api.w.org\/{rel}","templated":true}]}}