{"id":7061,"date":"2023-08-28T10:14:50","date_gmt":"2023-08-28T08:14:50","guid":{"rendered":"https:\/\/fvcomponentes.com\/?post_type=product&#038;p=7061"},"modified":"2026-04-08T21:35:49","modified_gmt":"2026-04-08T19:35:49","slug":"bateria-victron-peak-power-pack-128v-30ah-384wh-ppp012030000","status":"publish","type":"product","link":"https:\/\/fvcomponentes.com\/pt\/producto\/bateria-victron-peak-power-pack-128v-30ah-384wh-ppp012030000\/","title":{"rendered":"Bateria Victron Peak Power Pack 12,8V\/30Ah 384Wh - PPP012030000"},"content":{"rendered":"<h2>Bateria Victron Peak Power Pack 12,8V\/30Ah 384Wh - PPP012030000: Leve e f\u00e1cil de instalar<\/h2>\n<p>A unidade de pot\u00eancia m\u00e1xima Victron 12.8V\/30Ah 384Wh - PPP012030000 \u00e9 ideal para aplica\u00e7\u00f5es m\u00f3veis.<\/p>\n<h2>Prote\u00e7\u00e3o eficaz contra a utiliza\u00e7\u00e3o indevida<\/h2>\n<p>Ideal para energia solar e outras aplica\u00e7\u00f5es em que uma descarga excessiva pode rapidamente causar danos nas baterias de chumbo-\u00e1cido.<\/p>\n<h2>Sa\u00edda 1 \"mover\": sa\u00edda de grande capacidade para sistemas de controlo de caravanas e outras aplica\u00e7\u00f5es de grande consumo de energia.<\/h2>\n<p>Ideal para manobrar caravanas (caravan movers).<br \/>\n\u00c0 prova de curto-circuito.<br \/>\nProtegido contra descargas excessivas.<\/p>\n<h2>Sa\u00edda 2 \"dom\u00e9stica\": para cargas DC de baixa pot\u00eancia<\/h2>\n<p>Concebidos para ilumina\u00e7\u00e3o, \u00e1udio e v\u00eddeo, bombas, frigor\u00edficos.<br \/>\n\u00c0 prova de curto-circuito.<br \/>\nProtegido contra descargas excessivas.<\/p>\n<h2>Entrada 1 \"carro\/solar\": carregada durante a condu\u00e7\u00e3o ou com um painel solar.<\/h2>\n<p>Equipado com controlo de tens\u00e3o e corrente para um carregamento seguro da bateria de i\u00f5es de l\u00edtio. De facto, qualquer fonte de energia el\u00e9ctrica pode ser ligada a esta entrada (por exemplo, um alternador ou um carregador de bateria) desde que 11 V &lt; Vin &lt; 25V.<br \/>\nO limite de corrente \u00e9 automaticamente definido para um valor seguro.<\/p>\n<h2>Entrada 2 \"adaptador\": o adaptador fornecido com o Peak Power Pack pode ser ligado a esta entrada.<\/h2>\n<p>Corrente de carga da bateria: 3A, e adequada para uma fonte de alimenta\u00e7\u00e3o de 110\/230V.<\/p>\n<h2>O carregamento r\u00e1pido \u00e9 poss\u00edvel atrav\u00e9s da sa\u00edda 1 (sa\u00edda de alta capacidade e modelos de 30Ah\/40Ah apenas).<\/h2>\n<p>Pode ser ligado um carregador de bateria ou um inversor\/carregador \u00e0 sa\u00edda de alta capacidade. A corrente de carga m\u00e1xima \u00e9 de 15A e 20A, respetivamente, e a tens\u00e3o de carga m\u00e1xima recomendada \u00e9 de 14V (m\u00e1ximo 14,2V).<\/p>\n<h2>Bateria Victron Peak Power Pack 12.8V\/30Ah 384Wh - PPP012030000: Modo de armazenamento<\/h2>\n<p>Reduz o consumo de energia para praticamente zero. Evita danos devido a uma descarga excessiva durante o armazenamento da bateria.<\/p>\n<h2>Bateria Victron Peak Power Pack 12,8V\/30Ah 384Wh - PPP012030000: Controlo remoto com indicador de estado<\/h2>\n<p>Bot\u00e3o de press\u00e3o (fornecido) com indicador de estado LED de duas cores:<br \/>\nPress\u00e3o breve do bot\u00e3o: ativa a sa\u00edda de alta capacidade durante 30 minutos (aplica\u00e7\u00f5es como os transportadores), LED vermelho.<br \/>\nPress\u00e3o de 2 segundos: sa\u00edda de alta capacidade permanentemente activada, o LED vermelho pisca lentamente.<br \/>\nPremir durante 5 segundos: modo de armazenamento, LED azul, pisca 10 vezes.<br \/>\nA bateria est\u00e1 carregada atrav\u00e9s da entrada 1, o LED azul pisca lentamente.<br \/>\nBateria totalmente carregada, indicador LED azul.<br \/>\nSobrecarga ou sobreaquecimento, o LED vermelho pisca.<\/p>\n<h2>Porta VE.Direct: para liga\u00e7\u00e3o a um PC ou smartphone<\/h2>\n<p>(\u00c9 necess\u00e1rio um cabo VE.Direct para USB ou um dongle VE.Direct Bluetooth Smart).<\/p>\n<p>Funcionamento:<br \/>\nSa\u00edda1: ligada\/30 minutos temporizador\/desligada<br \/>\nSa\u00edda 2: ligado\/desligado<br \/>\nEntrada 1: ligado\/desligado<\/p>\n<p>Controlo:<br \/>\nTens\u00e3o da bateria<br \/>\nTemperatura e alarmes<\/p>\n<h2>Ficha t\u00e9cnica Bateria Victron Peak Power Pack 12,8V\/30Ah 384Wh - PPP012030000<\/h2>\n<p><a href=\"https:\/\/fvcomponentes.com\/wp-content\/uploads\/2023\/04\/PPP-BATERIA-1.pdf\" target=\"_blank\" rel=\"noopener\">Ver ficha de dados da bateria Victron Peak Power Pack 12,8V\/30Ah 384Wh - PPP012030000<\/a><\/p>","protected":false},"excerpt":{"rendered":"<p><strong>Capacidade: <\/strong>30 Ah<br \/>\n<strong>Energia armazenada: <\/strong>384 Wh<br \/>\n<strong>Peso: <\/strong>5,4 kg<br \/>\n<strong>Dimens\u00f5es:<\/strong>172 x 190 x 172 mm<\/p>","protected":false},"featured_media":7065,"comment_status":"open","ping_status":"closed","template":"","meta":{"site-sidebar-layout":"default","site-content-layout":"default","ast-site-content-layout":"default","site-content-style":"default","site-sidebar-style":"default","ast-global-header-display":"","ast-banner-title-visibility":"","ast-main-header-display":"","ast-hfb-above-header-display":"","ast-hfb-below-header-display":"","ast-hfb-mobile-header-display":"","site-post-title":"","ast-breadcrumbs-content":"","ast-featured-img":"","footer-sml-layout":"","ast-disable-related-posts":"","theme-transparent-header-meta":"default","adv-header-id-meta":"","stick-header-meta":"","header-above-stick-meta":"","header-main-stick-meta":"","header-below-stick-meta":"","astra-migrate-meta-layouts":"set","ast-page-background-enabled":"default","ast-page-background-meta":{"desktop":{"background-color":"var(--ast-global-color-4)","background-image":"","background-repeat":"repeat","background-position":"center center","background-size":"auto","background-attachment":"scroll","background-type":"","background-media":"","overlay-type":"","overlay-color":"","overlay-opacity":"","overlay-gradient":""},"tablet":{"background-color":"","background-image":"","background-repeat":"repeat","background-position":"center center","background-size":"auto","background-attachment":"scroll","background-type":"","background-media":"","overlay-type":"","overlay-color":"","overlay-opacity":"","overlay-gradient":""},"mobile":{"background-color":"","background-image":"","background-repeat":"repeat","background-position":"center center","background-size":"auto","background-attachment":"scroll","background-type":"","background-media":"","overlay-type":"","overlay-color":"","overlay-opacity":"","overlay-gradient":""}},"ast-content-background-meta":{"desktop":{"background-color":"var(--ast-global-color-5)","background-image":"","background-repeat":"repeat","background-position":"center center","background-size":"auto","background-attachment":"scroll","background-type":"","background-media":"","overlay-type":"","overlay-color":"","overlay-opacity":"","overlay-gradient":""},"tablet":{"background-color":"var(--ast-global-color-5)","background-image":"","background-repeat":"repeat","background-position":"center center","background-size":"auto","background-attachment":"scroll","background-type":"","background-media":"","overlay-type":"","overlay-color":"","overlay-opacity":"","overlay-gradient":""},"mobile":{"background-color":"var(--ast-global-color-5)","background-image":"","background-repeat":"repeat","background-position":"center center","background-size":"auto","background-attachment":"scroll","background-type":"","background-media":"","overlay-type":"","overlay-color":"","overlay-opacity":"","overlay-gradient":""}}},"pwb-brand":[332],"product_brand":[],"product_cat":[340,431],"product_tag":[],"class_list":{"0":"post-7061","1":"product","2":"type-product","3":"status-publish","4":"has-post-thumbnail","6":"pwb-brand-victron","7":"product_cat-baterias","8":"product_cat-baterias-litio-12v","9":"product_shipping_class-baterias","10":"desktop-align-left","11":"tablet-align-left","12":"mobile-align-left","13":"ast-product-gallery-layout-horizontal-slider","14":"ast-product-tabs-layout-horizontal","16":"first","17":"instock","18":"taxable","19":"shipping-taxable","20":"purchasable","21":"product-type-simple"},"wcpa_form_fields":null,"brands":[{"id":332,"name":"Victron Energia","slug":"victron"}],"_links":{"self":[{"href":"https:\/\/fvcomponentes.com\/pt\/wp-json\/wp\/v2\/product\/7061","targetHints":{"allow":["GET"]}}],"collection":[{"href":"https:\/\/fvcomponentes.com\/pt\/wp-json\/wp\/v2\/product"}],"about":[{"href":"https:\/\/fvcomponentes.com\/pt\/wp-json\/wp\/v2\/types\/product"}],"replies":[{"embeddable":true,"href":"https:\/\/fvcomponentes.com\/pt\/wp-json\/wp\/v2\/comments?post=7061"}],"wp:featuredmedia":[{"embeddable":true,"href":"https:\/\/fvcomponentes.com\/pt\/wp-json\/wp\/v2\/media\/7065"}],"wp:attachment":[{"href":"https:\/\/fvcomponentes.com\/pt\/wp-json\/wp\/v2\/media?parent=7061"}],"wp:term":[{"taxonomy":"pwb-brand","embeddable":true,"href":"https:\/\/fvcomponentes.com\/pt\/wp-json\/wp\/v2\/pwb-brand?post=7061"},{"taxonomy":"product_brand","embeddable":true,"href":"https:\/\/fvcomponentes.com\/pt\/wp-json\/wp\/v2\/product_brand?post=7061"},{"taxonomy":"product_cat","embeddable":true,"href":"https:\/\/fvcomponentes.com\/pt\/wp-json\/wp\/v2\/product_cat?post=7061"},{"taxonomy":"product_tag","embeddable":true,"href":"https:\/\/fvcomponentes.com\/pt\/wp-json\/wp\/v2\/product_tag?post=7061"}],"curies":[{"name":"wp","href":"https:\/\/api.w.org\/{rel}","templated":true}]}}