{"id":7037,"date":"2023-09-21T10:03:57","date_gmt":"2023-09-21T08:03:57","guid":{"rendered":"https:\/\/fvcomponentes.com\/?post_type=product&#038;p=7037"},"modified":"2026-04-08T21:32:14","modified_gmt":"2026-04-08T19:32:14","slug":"victron-smart-bms-cl-12-100-bms110022000","status":"publish","type":"product","link":"https:\/\/fvcomponentes.com\/pt\/producto\/victron-smart-bms-cl-12-100-bms110022000\/","title":{"rendered":"Victron Smart BMS CL 12\/100 - BMS110022000"},"content":{"rendered":"<p>O Victron Smart BMS CL 12\/100 - BMS110022000 \u00e9 um sistema de gest\u00e3o de baterias (BMS) para baterias. <a href=\"https:\/\/fvcomponentes.com\/pt\/categoria-produto\/baterias\/baterias-de-litio-de-12v\/\" target=\"_blank\" rel=\"noopener\">Bateria de l\u00edtio Victron de 12,8 V inteligente<\/a> dispon\u00edvel com uma tens\u00e3o nominal de 12,8 V em diferentes capacidades. Este \u00e9, sem d\u00favida, o mais seguro de todos os tipos de pilhas de l\u00edtio mais comuns.<\/p>\n<p>O n\u00famero m\u00e1ximo de baterias que o Victron Smart BMS CL 12\/100 - BMS110022000 permite num sistema \u00e9 20, o que representa um armazenamento m\u00e1ximo de energia de 84 kWh num sistema de 12V. Foi especificamente concebido para sistemas de 12V com um alternador de 12V, tais como ve\u00edculos e barcos.<\/p>\n<p>Finalmente, uma entrada de alternador dedicada fornece limita\u00e7\u00e3o de corrente e tr\u00e1fego unidirecional do alternador para a bateria, para que um alternador de 12V de qualquer tamanho (e bateria de arranque) possa ser ligado em seguran\u00e7a \u00e0 bateria de l\u00edtio. Al\u00e9m disso, integra tamb\u00e9m um limitador de corrente de carga que protege o alternador contra sobrecargas.<\/p>\n<p>Monitoriza e protege cada c\u00e9lula da bateria dentro da bateria (ou banco de baterias) e desliga o alternador, as fontes de carga ou as cargas de CC em caso de tens\u00e3o baixa ou alta das c\u00e9lulas da bateria ou de sobreaquecimento.<\/p>\n<h2>Caracter\u00edsticas do Victron Smart BMS CL 12\/100 - BMS110022000<\/h2>\n<p>- Alternador com porta Alternator\/Starter Batt+ e prote\u00e7\u00e3o da bateria: A corrente de arranque da porta Alternator\/Starter Batt+ \u00e9 limitada eletronicamente a aproximadamente 90 % da classifica\u00e7\u00e3o do fus\u00edvel. Um fus\u00edvel de 100 A, por exemplo, limitar\u00e1, portanto, a corrente de entrada a aproximadamente 90 A e, assim, proteger\u00e1 a bateria de l\u00edtio de uma corrente de carga excessiva e o alternador de uma sobrecarga (a maioria dos alternadores de 12 V sobreaquecer\u00e1 e falhar\u00e1 se funcionar \u00e0 pot\u00eancia m\u00e1xima durante mais de 5 minutos).<br \/>\n- Terminal remoto de ligar\/desligar: Pode ser utilizado para interromper o processo de carregamento atrav\u00e9s da porta do alternador, mantendo a fun\u00e7\u00e3o BMS ativa, ou como um interrutor de ligar\/desligar para desligar completamente o sistema.<br \/>\n- Sa\u00edda de desconex\u00e3o da carga e do carregador1): O Smart BMS CL 12-100 monitoriza e protege cada c\u00e9lula da bateria dentro da bateria e desliga o alternador, as fontes de carga ou as cargas CC em caso de tens\u00e3o baixa ou alta da bateria ou de sobreaquecimento.<br \/>\n- Sa\u00edda de pr\u00e9-alarme: Pode ser utilizada para acionar um rel\u00e9, um LED ou um sinal ac\u00fastico para emitir um sinal de aviso antes de o BMS desligar as baterias do sistema.<br \/>\n- Bluetooth para monitoriza\u00e7\u00e3o e configura\u00e7\u00e3o atrav\u00e9s da nossa aplica\u00e7\u00e3o VictronConnect.<br \/>\n<img fetchpriority=\"high\" decoding=\"async\" class=\"alignnone size-full wp-image-7041\" src=\"https:\/\/fvcomponentes.com\/wp-content\/uploads\/2023\/04\/smart-bms-cl.png\" alt=\"BMS inteligente Victron CL 12\/100 BMS110022000\" width=\"1000\" height=\"594\" title=\"\"><\/p>\n<p>&nbsp;<\/p>\n<h2>Ficha t\u00e9cnica Victron Smart BMS CL 12\/100 - BMS110022000<\/h2>\n<p><a href=\"https:\/\/fvcomponentes.com\/wp-content\/uploads\/2023\/04\/SMART-BMS-CL.pdf\" target=\"_blank\" rel=\"noopener\">Ver ficha de dados Victron Smart BMS CL 12\/100 - BMS110022000<\/a><\/p>","protected":false},"excerpt":{"rendered":"<p><strong>Porta do alternador - corrente de carga m\u00e1xima:<\/strong> 100 A (com fus\u00edvel de 125 A)<br \/>\n<strong>Tens\u00e3o de entrada para iniciar o carregamento:<\/strong> &gt; 13 V<br \/>\n<strong>Peso:\u00a0<\/strong>1,6 kg<br \/>\n<strong>Dimens\u00f5es:<\/strong> 65 x 120 x 224 mm<\/p>","protected":false},"featured_media":7045,"comment_status":"open","ping_status":"closed","template":"","meta":{"site-sidebar-layout":"default","site-content-layout":"default","ast-site-content-layout":"default","site-content-style":"default","site-sidebar-style":"default","ast-global-header-display":"","ast-banner-title-visibility":"","ast-main-header-display":"","ast-hfb-above-header-display":"","ast-hfb-below-header-display":"","ast-hfb-mobile-header-display":"","site-post-title":"","ast-breadcrumbs-content":"","ast-featured-img":"","footer-sml-layout":"","ast-disable-related-posts":"","theme-transparent-header-meta":"default","adv-header-id-meta":"","stick-header-meta":"","header-above-stick-meta":"","header-main-stick-meta":"","header-below-stick-meta":"","astra-migrate-meta-layouts":"set","ast-page-background-enabled":"default","ast-page-background-meta":{"desktop":{"background-color":"var(--ast-global-color-4)","background-image":"","background-repeat":"repeat","background-position":"center center","background-size":"auto","background-attachment":"scroll","background-type":"","background-media":"","overlay-type":"","overlay-color":"","overlay-opacity":"","overlay-gradient":""},"tablet":{"background-color":"","background-image":"","background-repeat":"repeat","background-position":"center center","background-size":"auto","background-attachment":"scroll","background-type":"","background-media":"","overlay-type":"","overlay-color":"","overlay-opacity":"","overlay-gradient":""},"mobile":{"background-color":"","background-image":"","background-repeat":"repeat","background-position":"center center","background-size":"auto","background-attachment":"scroll","background-type":"","background-media":"","overlay-type":"","overlay-color":"","overlay-opacity":"","overlay-gradient":""}},"ast-content-background-meta":{"desktop":{"background-color":"var(--ast-global-color-5)","background-image":"","background-repeat":"repeat","background-position":"center center","background-size":"auto","background-attachment":"scroll","background-type":"","background-media":"","overlay-type":"","overlay-color":"","overlay-opacity":"","overlay-gradient":""},"tablet":{"background-color":"var(--ast-global-color-5)","background-image":"","background-repeat":"repeat","background-position":"center center","background-size":"auto","background-attachment":"scroll","background-type":"","background-media":"","overlay-type":"","overlay-color":"","overlay-opacity":"","overlay-gradient":""},"mobile":{"background-color":"var(--ast-global-color-5)","background-image":"","background-repeat":"repeat","background-position":"center center","background-size":"auto","background-attachment":"scroll","background-type":"","background-media":"","overlay-type":"","overlay-color":"","overlay-opacity":"","overlay-gradient":""}}},"pwb-brand":[332],"product_brand":[],"product_cat":[340,435],"product_tag":[],"class_list":{"0":"post-7037","1":"product","2":"type-product","3":"status-publish","4":"has-post-thumbnail","6":"pwb-brand-victron","7":"product_cat-baterias","8":"product_cat-bms-sistemas-de-supervision-de-baterias","9":"desktop-align-left","10":"tablet-align-left","11":"mobile-align-left","12":"ast-product-gallery-layout-horizontal-slider","13":"ast-product-tabs-layout-horizontal","15":"first","16":"instock","17":"taxable","18":"shipping-taxable","19":"purchasable","20":"product-type-simple"},"wcpa_form_fields":null,"brands":[{"id":332,"name":"Victron Energia","slug":"victron"}],"_links":{"self":[{"href":"https:\/\/fvcomponentes.com\/pt\/wp-json\/wp\/v2\/product\/7037","targetHints":{"allow":["GET"]}}],"collection":[{"href":"https:\/\/fvcomponentes.com\/pt\/wp-json\/wp\/v2\/product"}],"about":[{"href":"https:\/\/fvcomponentes.com\/pt\/wp-json\/wp\/v2\/types\/product"}],"replies":[{"embeddable":true,"href":"https:\/\/fvcomponentes.com\/pt\/wp-json\/wp\/v2\/comments?post=7037"}],"wp:featuredmedia":[{"embeddable":true,"href":"https:\/\/fvcomponentes.com\/pt\/wp-json\/wp\/v2\/media\/7045"}],"wp:attachment":[{"href":"https:\/\/fvcomponentes.com\/pt\/wp-json\/wp\/v2\/media?parent=7037"}],"wp:term":[{"taxonomy":"pwb-brand","embeddable":true,"href":"https:\/\/fvcomponentes.com\/pt\/wp-json\/wp\/v2\/pwb-brand?post=7037"},{"taxonomy":"product_brand","embeddable":true,"href":"https:\/\/fvcomponentes.com\/pt\/wp-json\/wp\/v2\/product_brand?post=7037"},{"taxonomy":"product_cat","embeddable":true,"href":"https:\/\/fvcomponentes.com\/pt\/wp-json\/wp\/v2\/product_cat?post=7037"},{"taxonomy":"product_tag","embeddable":true,"href":"https:\/\/fvcomponentes.com\/pt\/wp-json\/wp\/v2\/product_tag?post=7037"}],"curies":[{"name":"wp","href":"https:\/\/api.w.org\/{rel}","templated":true}]}}