{"id":7026,"date":"2023-07-18T17:54:41","date_gmt":"2023-07-18T15:54:41","guid":{"rendered":"https:\/\/fvcomponentes.com\/?post_type=product&#038;p=7026"},"modified":"2026-04-04T12:48:52","modified_gmt":"2026-04-04T10:48:52","slug":"smart-bms-victron-12-200-bms210055000","status":"publish","type":"product","link":"https:\/\/fvcomponentes.com\/pt\/producto\/smart-bms-victron-12-200-bms210055000\/","title":{"rendered":"BMS inteligente Victron 12\/200 - BMS210055000"},"content":{"rendered":"<p>Victron Smart BMS 12\/200 - BMS210055000 \u00e9 um sistema de gest\u00e3o de bateria (BMS) para baterias de l\u00edtio Victron Smart 12.8V, dispon\u00edveis em diferentes capacidades. As baterias Victron Smart s\u00e3o as baterias de l\u00edtio mais seguras dentro dos modelos mais comuns. O n\u00famero m\u00e1ximo de baterias num sistema \u00e9 20, o que significa um armazenamento m\u00e1ximo de 84 kWh num sistema de 12V. O Victron Smart BMS 12\/200 - BMS210055000 foi especificamente concebido para sistemas de 12V com alternador de 12V, como caravanas ou barcos.<\/p>\n<p>O Smart BMS Victron 12\/200 - BMS210055000 combina um limitador de corrente, um combinador de bateria e um protetor de bateria numa solu\u00e7\u00e3o robusta e compacta que lhe permite ligar em seguran\u00e7a qualquer tamanho de alternador de 12 V (e bateria de arranque), atrav\u00e9s da sua liga\u00e7\u00e3o dedicada. Protege o alternador (e a cablagem), proporciona limita\u00e7\u00e3o da corrente do alternador e tr\u00e1fego unidirecional do alternador para a bateria, de modo a que o alternador possa ser ligado em seguran\u00e7a \u00e0 bateria de l\u00edtio e a bateria de arranque seja protegida de uma descarga excessiva. O Smart BMS 12-200 utiliza interruptores MOSFET, \u00e0 prova de igni\u00e7\u00e3o.<\/p>\n<h2>Caracter\u00edsticas do Smart BMS Victron 12\/200 - BMS210055000<\/h2>\n<ul>\n<li><strong>Alternador com porta Alternator\/Starter Batt+ e prote\u00e7\u00e3o da bateria:<\/strong> A corrente de entrada da porta Alternator\/Starter Batt+ \u00e9 limitada eletronicamente a aproximadamente 90 % da classifica\u00e7\u00e3o do fus\u00edvel. Um fus\u00edvel de 100A, por exemplo, limitar\u00e1 a corrente de entrada a cerca de 90A, protegendo a bateria de l\u00edtio de uma corrente de carga excessiva e o alternador de uma sobrecarga (a maioria dos alternadores de 1V sobreaquece e avaria se funcionarem \u00e0 pot\u00eancia m\u00e1xima durante mais de 5 minutos).<\/li>\n<li><strong>Porta de alimenta\u00e7\u00e3o System+ para liga\u00e7\u00e3o de cargas e carregadores adicionais:<\/strong> Pode ser utilizada para carregar ou descarregar a bateria de l\u00edtio (por exemplo, atrav\u00e9s de um carregador adicional, inversor ou inversor\/carregador diretamente ligado a esta porta) com uma corrente cont\u00ednua m\u00e1xima de 200A em ambas as direc\u00e7\u00f5es. Tamb\u00e9m pode ser utilizada como uma sa\u00edda de carga, para que as cargas DC possam ser ligadas diretamente a esta porta.<\/li>\n<li><strong>Terminal remoto para ligar\/desligar:<\/strong> Pode ser utilizado para interromper o processo de carga atrav\u00e9s da porta do alternador e carregar e descarregar atrav\u00e9s da porta do System+, mantendo a fun\u00e7\u00e3o BMS ativa, ou como um interrutor de ligar\/desligar para desligar completamente o sistema.<\/li>\n<li><strong>Sa\u00edda de desconex\u00e3o da carga e do carregador:<\/strong> O Victron Smart BMS 12\/200 - BMS210055000 monitoriza e protege cada uma das c\u00e9lulas da bateria e desliga o alternador, as fontes de carregamento ou as cargas CC em caso de tens\u00e3o baixa ou alta da bateria ou de sobreaquecimento.<\/li>\n<li><strong>Sa\u00edda de pr\u00e9-alarme:<\/strong> Pode ser utilizado para acionar um rel\u00e9, um LED ou um sinal ac\u00fastico para emitir um sinal de aviso antes de o BMS desligar as baterias do sistema.<\/li>\n<li><strong>Bluetooth<\/strong> para monitoriza\u00e7\u00e3o e configura\u00e7\u00e3o atrav\u00e9s da nossa aplica\u00e7\u00e3o VictronConnect.<\/li>\n<\/ul>\n<p><img fetchpriority=\"high\" decoding=\"async\" class=\"alignnone size-full wp-image-7028\" src=\"https:\/\/fvcomponentes.com\/wp-content\/uploads\/2023\/04\/smart-bms.png\" alt=\"BMS inteligente Victron 12\/200 - BMS210055000\" width=\"898\" height=\"621\" title=\"\"><\/p>\n<h2>Ficha t\u00e9cnica Smart BMS Victron 12\/200 - BMS210055000<\/h2>\n<p><a href=\"https:\/\/fvcomponentes.com\/wp-content\/uploads\/2023\/04\/SMART-BMS.pdf\" target=\"_blank\" rel=\"noopener\">Ver ficha t\u00e9cnica do Smart BMS Victron 12\/200 - BMS210055000<\/a><\/p>","protected":false},"excerpt":{"rendered":"<p><strong>Porta do alternador - corrente de carga m\u00e1xima:<\/strong> 100 A (com fus\u00edvel de 125 A)<br \/>\n<strong>Porta System+ - corrente m\u00e1xima de carga e descarga:<\/strong> 200 A<br \/>\n<strong>Corrente de descarga de pico:<\/strong> 400 A<\/p>","protected":false},"featured_media":7032,"comment_status":"open","ping_status":"closed","template":"","meta":{"site-sidebar-layout":"default","site-content-layout":"default","ast-site-content-layout":"default","site-content-style":"default","site-sidebar-style":"default","ast-global-header-display":"","ast-banner-title-visibility":"","ast-main-header-display":"","ast-hfb-above-header-display":"","ast-hfb-below-header-display":"","ast-hfb-mobile-header-display":"","site-post-title":"","ast-breadcrumbs-content":"","ast-featured-img":"","footer-sml-layout":"","ast-disable-related-posts":"","theme-transparent-header-meta":"default","adv-header-id-meta":"","stick-header-meta":"","header-above-stick-meta":"","header-main-stick-meta":"","header-below-stick-meta":"","astra-migrate-meta-layouts":"set","ast-page-background-enabled":"default","ast-page-background-meta":{"desktop":{"background-color":"var(--ast-global-color-4)","background-image":"","background-repeat":"repeat","background-position":"center center","background-size":"auto","background-attachment":"scroll","background-type":"","background-media":"","overlay-type":"","overlay-color":"","overlay-opacity":"","overlay-gradient":""},"tablet":{"background-color":"","background-image":"","background-repeat":"repeat","background-position":"center center","background-size":"auto","background-attachment":"scroll","background-type":"","background-media":"","overlay-type":"","overlay-color":"","overlay-opacity":"","overlay-gradient":""},"mobile":{"background-color":"","background-image":"","background-repeat":"repeat","background-position":"center center","background-size":"auto","background-attachment":"scroll","background-type":"","background-media":"","overlay-type":"","overlay-color":"","overlay-opacity":"","overlay-gradient":""}},"ast-content-background-meta":{"desktop":{"background-color":"var(--ast-global-color-5)","background-image":"","background-repeat":"repeat","background-position":"center center","background-size":"auto","background-attachment":"scroll","background-type":"","background-media":"","overlay-type":"","overlay-color":"","overlay-opacity":"","overlay-gradient":""},"tablet":{"background-color":"var(--ast-global-color-5)","background-image":"","background-repeat":"repeat","background-position":"center center","background-size":"auto","background-attachment":"scroll","background-type":"","background-media":"","overlay-type":"","overlay-color":"","overlay-opacity":"","overlay-gradient":""},"mobile":{"background-color":"var(--ast-global-color-5)","background-image":"","background-repeat":"repeat","background-position":"center center","background-size":"auto","background-attachment":"scroll","background-type":"","background-media":"","overlay-type":"","overlay-color":"","overlay-opacity":"","overlay-gradient":""}}},"pwb-brand":[332],"product_brand":[],"product_cat":[340,435],"product_tag":[],"class_list":{"0":"post-7026","1":"product","2":"type-product","3":"status-publish","4":"has-post-thumbnail","6":"pwb-brand-victron","7":"product_cat-baterias","8":"product_cat-bms-sistemas-de-supervision-de-baterias","9":"desktop-align-left","10":"tablet-align-left","11":"mobile-align-left","12":"ast-product-gallery-layout-horizontal-slider","13":"ast-product-tabs-layout-horizontal","15":"first","16":"instock","17":"taxable","18":"shipping-taxable","19":"purchasable","20":"product-type-simple"},"wcpa_form_fields":null,"brands":[{"id":332,"name":"Victron Energia","slug":"victron"}],"_links":{"self":[{"href":"https:\/\/fvcomponentes.com\/pt\/wp-json\/wp\/v2\/product\/7026","targetHints":{"allow":["GET"]}}],"collection":[{"href":"https:\/\/fvcomponentes.com\/pt\/wp-json\/wp\/v2\/product"}],"about":[{"href":"https:\/\/fvcomponentes.com\/pt\/wp-json\/wp\/v2\/types\/product"}],"replies":[{"embeddable":true,"href":"https:\/\/fvcomponentes.com\/pt\/wp-json\/wp\/v2\/comments?post=7026"}],"wp:featuredmedia":[{"embeddable":true,"href":"https:\/\/fvcomponentes.com\/pt\/wp-json\/wp\/v2\/media\/7032"}],"wp:attachment":[{"href":"https:\/\/fvcomponentes.com\/pt\/wp-json\/wp\/v2\/media?parent=7026"}],"wp:term":[{"taxonomy":"pwb-brand","embeddable":true,"href":"https:\/\/fvcomponentes.com\/pt\/wp-json\/wp\/v2\/pwb-brand?post=7026"},{"taxonomy":"product_brand","embeddable":true,"href":"https:\/\/fvcomponentes.com\/pt\/wp-json\/wp\/v2\/product_brand?post=7026"},{"taxonomy":"product_cat","embeddable":true,"href":"https:\/\/fvcomponentes.com\/pt\/wp-json\/wp\/v2\/product_cat?post=7026"},{"taxonomy":"product_tag","embeddable":true,"href":"https:\/\/fvcomponentes.com\/pt\/wp-json\/wp\/v2\/product_tag?post=7026"}],"curies":[{"name":"wp","href":"https:\/\/api.w.org\/{rel}","templated":true}]}}