{"id":7023,"date":"2023-08-30T15:56:40","date_gmt":"2023-08-30T13:56:40","guid":{"rendered":"https:\/\/fvcomponentes.com\/?post_type=product&#038;p=7023"},"modified":"2026-04-08T21:32:52","modified_gmt":"2026-04-08T19:32:52","slug":"combinador-victron-cyrix-li-ct-12-24v-230a-combinador-cyr010230412","status":"publish","type":"product","link":"https:\/\/fvcomponentes.com\/pt\/producto\/combinador-victron-cyrix-li-ct-12-24v-230a-combiner-cyr010230412\/","title":{"rendered":"Combinador Victron Cyrix-Li-ct 12\/24V-230A - CYR010230412"},"content":{"rendered":"<h2>Proteja as suas baterias LiFePO4 com o combinador Victron Cyrix-Li-ct 12\/24V-230A - CYR010230412: evita a subtens\u00e3o, sobretens\u00e3o e sobreaquecimento das c\u00e9lulas.<\/h2>\n<p>O combinador Victron Cyrix-Li-ct 12\/24V-230A ligar\u00e1 em paralelo uma bateria de arranque de chumbo-\u00e1cido com uma bateria de l\u00edtio LiFePO4, protegendo a bateria de l\u00edtio contra sobretens\u00e3o ou sobretemperatura.<\/p>\n<p><strong>1. Equil\u00edbrio celular: otimiza\u00e7\u00e3o e desempenho uniforme<\/strong> A primeira linha de defesa \u00e9 o equil\u00edbrio das c\u00e9lulas, uma carater\u00edstica essencial em todas as baterias LiFePO4 da Victron. Este sistema assegura que todas as c\u00e9lulas funcionam em harmonia, o que n\u00e3o s\u00f3 optimiza a capacidade da bateria, como tamb\u00e9m evita potenciais problemas como a sobrecarga ou a descarga excessiva.<\/p>\n<p><strong>2. salvaguardas avan\u00e7adas: resposta \u00e1gil aos riscos<\/strong> O segundo n\u00edvel de prote\u00e7\u00e3o foi concebido para responder eficazmente a situa\u00e7\u00f5es cr\u00edticas:<\/p>\n<ul>\n<li>Se houver uma amea\u00e7a iminente de subtens\u00e3o no painel de distribui\u00e7\u00e3o, o sistema desliga automaticamente as cargas.<\/li>\n<li>Em caso de sobretens\u00e3o, alta temperatura (&gt;50\u00b0C) ou baixa temperatura (&lt;0\u00b0C), o sistema actua desligando ou reduzindo a corrente de carga. No centro desta linha de prote\u00e7\u00e3o est\u00e1 o VE.Bus BMS, que monitoriza constantemente as condi\u00e7\u00f5es para manter as suas c\u00e9lulas seguras.<\/li>\n<\/ul>\n<p>Apesar da funcionalidade eficaz do VE.Bus BMS, nem todas as cargas ou carregadores podem ser diretamente controlados por este sistema. \u00c9 aqui que entram em a\u00e7\u00e3o os interruptores Cyrix, que podem ser controlados pelo VE.Bus BMS para desligar cargas ou carregadores espec\u00edficos, se necess\u00e1rio.<\/p>\n<h2><strong>Fun\u00e7\u00f5es do combinador Victron Cyrix-Li-ct 12\/24V-230A<\/strong><\/h2>\n<p>O Cyrix-Li-ct \u00e9 uma adi\u00e7\u00e3o crucial a esta rede de prote\u00e7\u00e3o. Tal como o seu hom\u00f3logo Cyrix-ct, o Cyrix-Li-ct desempenha uma fun\u00e7\u00e3o paralela essencial. Ele liga em paralelo uma bateria de chumbo-\u00e1cido de arranque e uma bateria LiFePO4 nas seguintes condi\u00e7\u00f5es:<\/p>\n<ul>\n<li>Desconex\u00e3o elevada do carregador do VE.Bus BMS.<\/li>\n<li>Dete\u00e7\u00e3o de uma tens\u00e3o igual ou superior a 13,4 V (ou 26,8 V) num dos seus terminais de liga\u00e7\u00e3o.<\/li>\n<\/ul>\n<p>Este dispositivo est\u00e1 programado para se desligar imediatamente em caso de:<\/p>\n<ul>\n<li>Sa\u00edda de controlo em modo flutuante, indicando sobretens\u00e3o ou sobretemperatura do aparelho de distribui\u00e7\u00e3o.<\/li>\n<li>Tens\u00e3o da bateria a descer abaixo do limiar de 13,2 V.<\/li>\n<\/ul>\n<p>O Cyrix-Li-ct tamb\u00e9m inclui um indicador de estado LED que lhe d\u00e1 um feedback r\u00e1pido e visual sobre o seu funcionamento:<\/p>\n<ul>\n<li>LED aceso: indica que o dispositivo est\u00e1 ativado.<\/li>\n<li>O LED pisca durante 10 segundos: indica que o aparelho est\u00e1 desativado.<\/li>\n<li>O LED pisca durante 2 segundos: indica que o aparelho est\u00e1 em processo de liga\u00e7\u00e3o.<\/li>\n<li>LED a piscar durante 2 segundos: indica que o aparelho est\u00e1 a ser desligado.<\/li>\n<li>LED a piscar durante 0,25 segundos: avisa de um alarme que pode incluir condi\u00e7\u00f5es de temperatura excessiva, tens\u00e3o superior a 16 V, ambas as baterias com tens\u00f5es inferiores a 10 V ou uma das baterias com tens\u00e3o inferior a 2 V.<\/li>\n<\/ul>\n<p>Para al\u00e9m disso, o Cyrix-Li-ct tem uma fun\u00e7\u00e3o StartAssist que fornece um impulso extra ao arranque. Uma breve press\u00e3o no negativo activar\u00e1 o rel\u00e9 durante 30 segundos, o que pode ser uma grande ajuda em situa\u00e7\u00f5es de arranque dif\u00edceis.<\/p>\n<p>A seguran\u00e7a \u00e9 sempre uma prioridade, e o Cyrix-Li-ct incorpora um supressor de tens\u00e3o transit\u00f3ria que limita os picos de tens\u00e3o em caso de encerramento s\u00fabito devido a sobretens\u00e3o ou sobreaquecimento da c\u00e9lula.<\/p>\n<p><img fetchpriority=\"high\" decoding=\"async\" class=\"alignnone size-full wp-image-7024\" src=\"https:\/\/fvcomponentes.com\/wp-content\/uploads\/2023\/04\/cyrix-ct-230.png\" alt=\"Combinador Victron Cyrix-Li-ct 12\/24V-230A - CYR010230412\" width=\"1028\" height=\"496\" title=\"\"><\/p>\n<h2>Ficha t\u00e9cnica Combinador Victron Cyrix-Li-ct 12\/24V-230A - CYR010230412<\/h2>\n<p><a href=\"https:\/\/fvcomponentes.com\/wp-content\/uploads\/2023\/04\/CYRIX-230.pdf\" target=\"_blank\" rel=\"noopener\">Ver ficha de dados do combinador Victron Cyrix-Li-ct 12\/24V-230A - CYR010230412<\/a><\/p>","protected":false},"excerpt":{"rendered":"<p><strong>Consumo de energia quando aberto: <\/strong>&lt; 4 mA<br \/>\n<strong>Classe de prote\u00e7\u00e3o:<\/strong>\u00a0\u00a0IP54<br \/>\n<strong>Tens\u00e3o:<\/strong> \u00a012 \/ 24 V<strong><br \/>\nCapacidade de corte de corrente cont\u00ednua e 12\/24V: <\/strong>230A<br \/>\n<strong>Capacidade de corrente cont\u00ednua e de corte de 48V: <\/strong>80A<strong><br \/>\n<\/strong><\/p>","protected":false},"featured_media":7025,"comment_status":"open","ping_status":"closed","template":"","meta":{"site-sidebar-layout":"default","site-content-layout":"default","ast-site-content-layout":"default","site-content-style":"default","site-sidebar-style":"default","ast-global-header-display":"","ast-banner-title-visibility":"","ast-main-header-display":"","ast-hfb-above-header-display":"","ast-hfb-below-header-display":"","ast-hfb-mobile-header-display":"","site-post-title":"","ast-breadcrumbs-content":"","ast-featured-img":"","footer-sml-layout":"","ast-disable-related-posts":"","theme-transparent-header-meta":"default","adv-header-id-meta":"","stick-header-meta":"","header-above-stick-meta":"","header-main-stick-meta":"","header-below-stick-meta":"","astra-migrate-meta-layouts":"set","ast-page-background-enabled":"default","ast-page-background-meta":{"desktop":{"background-color":"var(--ast-global-color-4)","background-image":"","background-repeat":"repeat","background-position":"center center","background-size":"auto","background-attachment":"scroll","background-type":"","background-media":"","overlay-type":"","overlay-color":"","overlay-opacity":"","overlay-gradient":""},"tablet":{"background-color":"","background-image":"","background-repeat":"repeat","background-position":"center center","background-size":"auto","background-attachment":"scroll","background-type":"","background-media":"","overlay-type":"","overlay-color":"","overlay-opacity":"","overlay-gradient":""},"mobile":{"background-color":"","background-image":"","background-repeat":"repeat","background-position":"center center","background-size":"auto","background-attachment":"scroll","background-type":"","background-media":"","overlay-type":"","overlay-color":"","overlay-opacity":"","overlay-gradient":""}},"ast-content-background-meta":{"desktop":{"background-color":"var(--ast-global-color-5)","background-image":"","background-repeat":"repeat","background-position":"center center","background-size":"auto","background-attachment":"scroll","background-type":"","background-media":"","overlay-type":"","overlay-color":"","overlay-opacity":"","overlay-gradient":""},"tablet":{"background-color":"var(--ast-global-color-5)","background-image":"","background-repeat":"repeat","background-position":"center center","background-size":"auto","background-attachment":"scroll","background-type":"","background-media":"","overlay-type":"","overlay-color":"","overlay-opacity":"","overlay-gradient":""},"mobile":{"background-color":"var(--ast-global-color-5)","background-image":"","background-repeat":"repeat","background-position":"center center","background-size":"auto","background-attachment":"scroll","background-type":"","background-media":"","overlay-type":"","overlay-color":"","overlay-opacity":"","overlay-gradient":""}}},"pwb-brand":[332],"product_brand":[],"product_cat":[391,340,932],"product_tag":[],"class_list":{"0":"post-7023","1":"product","2":"type-product","3":"status-publish","4":"has-post-thumbnail","6":"pwb-brand-victron","7":"product_cat-accesorios-para-baterias","8":"product_cat-baterias","9":"product_cat-combinadores-de-baterias","10":"desktop-align-left","11":"tablet-align-left","12":"mobile-align-left","13":"ast-product-gallery-layout-horizontal-slider","14":"ast-product-gallery-with-no-image","15":"ast-product-tabs-layout-horizontal","17":"first","18":"instock","19":"taxable","20":"shipping-taxable","21":"purchasable","22":"product-type-simple"},"wcpa_form_fields":null,"brands":[{"id":332,"name":"Victron Energia","slug":"victron"}],"_links":{"self":[{"href":"https:\/\/fvcomponentes.com\/pt\/wp-json\/wp\/v2\/product\/7023","targetHints":{"allow":["GET"]}}],"collection":[{"href":"https:\/\/fvcomponentes.com\/pt\/wp-json\/wp\/v2\/product"}],"about":[{"href":"https:\/\/fvcomponentes.com\/pt\/wp-json\/wp\/v2\/types\/product"}],"replies":[{"embeddable":true,"href":"https:\/\/fvcomponentes.com\/pt\/wp-json\/wp\/v2\/comments?post=7023"}],"wp:featuredmedia":[{"embeddable":true,"href":"https:\/\/fvcomponentes.com\/pt\/wp-json\/wp\/v2\/media\/7025"}],"wp:attachment":[{"href":"https:\/\/fvcomponentes.com\/pt\/wp-json\/wp\/v2\/media?parent=7023"}],"wp:term":[{"taxonomy":"pwb-brand","embeddable":true,"href":"https:\/\/fvcomponentes.com\/pt\/wp-json\/wp\/v2\/pwb-brand?post=7023"},{"taxonomy":"product_brand","embeddable":true,"href":"https:\/\/fvcomponentes.com\/pt\/wp-json\/wp\/v2\/product_brand?post=7023"},{"taxonomy":"product_cat","embeddable":true,"href":"https:\/\/fvcomponentes.com\/pt\/wp-json\/wp\/v2\/product_cat?post=7023"},{"taxonomy":"product_tag","embeddable":true,"href":"https:\/\/fvcomponentes.com\/pt\/wp-json\/wp\/v2\/product_tag?post=7023"}],"curies":[{"name":"wp","href":"https:\/\/api.w.org\/{rel}","templated":true}]}}