{"id":7003,"date":"2023-09-06T16:57:56","date_gmt":"2023-09-06T14:57:56","guid":{"rendered":"https:\/\/fvcomponentes.com\/?post_type=product&#038;p=7003"},"modified":"2026-04-08T21:30:25","modified_gmt":"2026-04-08T19:30:25","slug":"victron-cyrix-li-charge-12-24v-120a-cyr010120430-combinador-de-baterias-victron-cyr010120430","status":"publish","type":"product","link":"https:\/\/fvcomponentes.com\/pt\/producto\/combinador-de-baterias-victron-cyrix-li-charge-12-24v-120a-cyr010120430\/","title":{"rendered":"Combinador de baterias Victron Cyrix-Li-Charge 12\/24V-120A - CYR010120430"},"content":{"rendered":"<h2>Combinador de baterias Victron Cyrix-Li-Charge 12\/24V-120A - CYR010120430: evita a subtens\u00e3o, a sobretens\u00e3o e a sobreaquecimento das c\u00e9lulas.<\/h2>\n<p>No dom\u00ednio das baterias LiFePO4, uma salvaguarda fundamental \u00e9 o equil\u00edbrio das c\u00e9lulas, uma pr\u00e1tica essencial para manter o desempenho da bateria. No caso das baterias LiFePO4 da Victron, o equil\u00edbrio das c\u00e9lulas est\u00e1 totalmente incorporado, estabelecendo assim as bases para um funcionamento seguro e prolongado.<\/p>\n<p>No entanto, a prote\u00e7\u00e3o n\u00e3o se fica por aqui. \u00c9 criada uma segunda linha de defesa, que consiste em medidas de prote\u00e7\u00e3o adicionais:<\/p>\n<ul>\n<li>Interrup\u00e7\u00e3o autom\u00e1tica das cargas em situa\u00e7\u00f5es de subtens\u00e3o iminente da c\u00e9lula.<\/li>\n<li>Desconex\u00e3o ou regula\u00e7\u00e3o da corrente de carga em resposta a condi\u00e7\u00f5es cr\u00edticas, tais como sobretens\u00e3o iminente, temperaturas elevadas (acima de 50\u00b0C) ou temperaturas adversas (abaixo de 0\u00b0C) que afectem o aparelho de distribui\u00e7\u00e3o.<\/li>\n<\/ul>\n<p>Neste cen\u00e1rio, o VE.Bus BMS (Sistema de Gest\u00e3o de Baterias) \u00e9 o n\u00facleo desta segunda linha de prote\u00e7\u00e3o. No entanto, \u00e9 importante notar que nem todas as cargas ou dispositivos de carregamento podem ser diretamente controlados pelo VE.Bus BMS.<\/p>\n<p>Para responder a esta necessidade, entram em a\u00e7\u00e3o os interruptores Cyrix, uma solu\u00e7\u00e3o vers\u00e1til que pode ser controlada pelo VE.Bus BMS para uma desconex\u00e3o eficaz de cargas ou carregadores que, de outra forma, n\u00e3o seriam geridos diretamente.<\/p>\n<p>Em conclus\u00e3o, a combina\u00e7\u00e3o do equil\u00edbrio de c\u00e9lulas e o desempenho robusto do VE.Bus BMS constitui um sistema de prote\u00e7\u00e3o abrangente para as baterias LiFePO4 da Victron. Esta estrat\u00e9gia garante n\u00e3o s\u00f3 um funcionamento eficiente, mas tamb\u00e9m uma longa vida \u00fatil da bateria, apoiando assim a fiabilidade e a durabilidade destes sistemas de armazenamento de energia.<\/p>\n<h2>Combinador de baterias Victron Cyrix-Li-Charge 12\/24V-120A - CYR010120430<\/h2>\n<p>O Cyrix-Li-Charge ligar\u00e1 um carregador de bateria ap\u00f3s 3 segundos:<br \/>\n- Se a sa\u00edda de desconex\u00e3o do carregador VE.Bus BMS for alta.<br \/>\n- Se 13,0 V (26,0 V ou 52,0 V resp.) ou mais atingirem o seu terminal de liga\u00e7\u00e3o do carregador de bateria.<br \/>\n- E se 2 V ou mais chegarem ao seu terminal de bateria (o Cyrix permanecer\u00e1 aberto se n\u00e3o estiver ligado \u00e0 bateria).<br \/>\nO Cyrix-Li-Charge desliga-se imediatamente quando a sua entrada de controlo fica flutuante, indicando uma sobretens\u00e3o ou uma sobretemperatura dos elementos.<\/p>\n<p>Em geral, o alarme de sobretens\u00e3o dos elementos \u00e9 reposto pouco depois da paragem do carregamento. O Cyrix volta ent\u00e3o a ligar o carregador ap\u00f3s um atraso de 3 segundos. Quando o Cyrix-Li-Charge est\u00e1 ativado (carregador ligado \u00e0 bateria), desativar-se-\u00e1 ap\u00f3s 1 hora para verificar se o carregador ainda est\u00e1 ativado. Se, ap\u00f3s a desativa\u00e7\u00e3o do Cyrix, a sa\u00edda do carregador de bateria for imediatamente aumentada para 13,0 V ou mais, o Cyrix reativar-se-\u00e1 com um atraso de 3 segundos.<\/p>\n<p><strong>Nota:<\/strong> Em caso de corrente de descarga nula, ou de corrente de descarga baixa, o Cyrix n\u00e3o ser\u00e1 desativado logo ap\u00f3s o carregador ter sido desligado e\/ou desconectado, porque a tens\u00e3o da bateria permanecer\u00e1 acima de 13,5V.<br \/>\n<img fetchpriority=\"high\" decoding=\"async\" class=\"alignnone size-full wp-image-7004\" src=\"https:\/\/fvcomponentes.com\/wp-content\/uploads\/2023\/04\/cyrix-li.png\" alt=\"Combinador Victron Cyrix-Li-Charge 12\/24V-120A - CYR010120430\" width=\"866\" height=\"391\" title=\"\"><\/p>\n<h2>Ficha t\u00e9cnica Combinador de baterias Victron Cyrix-Li-Charge 12\/24V-120A - CYR010120430<\/h2>\n<p><a href=\"https:\/\/fvcomponentes.com\/wp-content\/uploads\/2023\/04\/SERIE-CYRIX.pdf\" target=\"_blank\" rel=\"noopener\">Ver ficha de dados do combinador de baterias Victron Cyrix-Li-Charge 12\/24V-120A - CYR010120430<\/a><\/p>","protected":false},"excerpt":{"rendered":"<p><strong>Corrente cont\u00ednua e capacidade de corte de 12 V ou 24 V:<\/strong> 120 A<br \/>\n<strong>Consumo de corrente quando aberto:<\/strong> 4 mA<br \/>\n<strong>Categoria de prote\u00e7\u00e3o:<\/strong> IP54<\/p>\n<p>&nbsp;<\/p>","protected":false},"featured_media":9077,"comment_status":"open","ping_status":"closed","template":"","meta":{"site-sidebar-layout":"default","site-content-layout":"default","ast-site-content-layout":"default","site-content-style":"default","site-sidebar-style":"default","ast-global-header-display":"","ast-banner-title-visibility":"","ast-main-header-display":"","ast-hfb-above-header-display":"","ast-hfb-below-header-display":"","ast-hfb-mobile-header-display":"","site-post-title":"","ast-breadcrumbs-content":"","ast-featured-img":"","footer-sml-layout":"","ast-disable-related-posts":"","theme-transparent-header-meta":"default","adv-header-id-meta":"","stick-header-meta":"","header-above-stick-meta":"","header-main-stick-meta":"","header-below-stick-meta":"","astra-migrate-meta-layouts":"set","ast-page-background-enabled":"default","ast-page-background-meta":{"desktop":{"background-color":"var(--ast-global-color-4)","background-image":"","background-repeat":"repeat","background-position":"center center","background-size":"auto","background-attachment":"scroll","background-type":"","background-media":"","overlay-type":"","overlay-color":"","overlay-opacity":"","overlay-gradient":""},"tablet":{"background-color":"","background-image":"","background-repeat":"repeat","background-position":"center center","background-size":"auto","background-attachment":"scroll","background-type":"","background-media":"","overlay-type":"","overlay-color":"","overlay-opacity":"","overlay-gradient":""},"mobile":{"background-color":"","background-image":"","background-repeat":"repeat","background-position":"center center","background-size":"auto","background-attachment":"scroll","background-type":"","background-media":"","overlay-type":"","overlay-color":"","overlay-opacity":"","overlay-gradient":""}},"ast-content-background-meta":{"desktop":{"background-color":"var(--ast-global-color-5)","background-image":"","background-repeat":"repeat","background-position":"center center","background-size":"auto","background-attachment":"scroll","background-type":"","background-media":"","overlay-type":"","overlay-color":"","overlay-opacity":"","overlay-gradient":""},"tablet":{"background-color":"var(--ast-global-color-5)","background-image":"","background-repeat":"repeat","background-position":"center center","background-size":"auto","background-attachment":"scroll","background-type":"","background-media":"","overlay-type":"","overlay-color":"","overlay-opacity":"","overlay-gradient":""},"mobile":{"background-color":"var(--ast-global-color-5)","background-image":"","background-repeat":"repeat","background-position":"center center","background-size":"auto","background-attachment":"scroll","background-type":"","background-media":"","overlay-type":"","overlay-color":"","overlay-opacity":"","overlay-gradient":""}}},"pwb-brand":[332],"product_brand":[],"product_cat":[391,340,932],"product_tag":[],"class_list":{"0":"post-7003","1":"product","2":"type-product","3":"status-publish","4":"has-post-thumbnail","6":"pwb-brand-victron","7":"product_cat-accesorios-para-baterias","8":"product_cat-baterias","9":"product_cat-combinadores-de-baterias","10":"desktop-align-left","11":"tablet-align-left","12":"mobile-align-left","13":"ast-product-gallery-layout-horizontal-slider","14":"ast-product-gallery-with-no-image","15":"ast-product-tabs-layout-horizontal","17":"first","18":"instock","19":"taxable","20":"shipping-taxable","21":"purchasable","22":"product-type-simple"},"wcpa_form_fields":null,"brands":[{"id":332,"name":"Victron Energia","slug":"victron"}],"_links":{"self":[{"href":"https:\/\/fvcomponentes.com\/pt\/wp-json\/wp\/v2\/product\/7003","targetHints":{"allow":["GET"]}}],"collection":[{"href":"https:\/\/fvcomponentes.com\/pt\/wp-json\/wp\/v2\/product"}],"about":[{"href":"https:\/\/fvcomponentes.com\/pt\/wp-json\/wp\/v2\/types\/product"}],"replies":[{"embeddable":true,"href":"https:\/\/fvcomponentes.com\/pt\/wp-json\/wp\/v2\/comments?post=7003"}],"wp:featuredmedia":[{"embeddable":true,"href":"https:\/\/fvcomponentes.com\/pt\/wp-json\/wp\/v2\/media\/9077"}],"wp:attachment":[{"href":"https:\/\/fvcomponentes.com\/pt\/wp-json\/wp\/v2\/media?parent=7003"}],"wp:term":[{"taxonomy":"pwb-brand","embeddable":true,"href":"https:\/\/fvcomponentes.com\/pt\/wp-json\/wp\/v2\/pwb-brand?post=7003"},{"taxonomy":"product_brand","embeddable":true,"href":"https:\/\/fvcomponentes.com\/pt\/wp-json\/wp\/v2\/product_brand?post=7003"},{"taxonomy":"product_cat","embeddable":true,"href":"https:\/\/fvcomponentes.com\/pt\/wp-json\/wp\/v2\/product_cat?post=7003"},{"taxonomy":"product_tag","embeddable":true,"href":"https:\/\/fvcomponentes.com\/pt\/wp-json\/wp\/v2\/product_tag?post=7003"}],"curies":[{"name":"wp","href":"https:\/\/api.w.org\/{rel}","templated":true}]}}