{"id":7001,"date":"2023-09-06T17:22:30","date_gmt":"2023-09-06T15:22:30","guid":{"rendered":"https:\/\/fvcomponentes.com\/?post_type=product&#038;p=7001"},"modified":"2026-04-04T12:45:36","modified_gmt":"2026-04-04T10:45:36","slug":"combinador-de-baterias-victron-cyrix-li-load-24-48v-120a-cyr020120450","status":"publish","type":"product","link":"https:\/\/fvcomponentes.com\/pt\/producto\/combinador-de-baterias-victron-cyrix-li-load-24-48v-120a-cyr020120450\/","title":{"rendered":"Combinador de baterias Victron Cyrix-Li-load 24\/48V-120A - CYR020120450"},"content":{"rendered":"<h2>Previne a subtens\u00e3o, sobretens\u00e3o e sobretemperatura das c\u00e9lulas de bateria LiFePo4 da Victron.<\/h2>\n<p>A primeira linha de prote\u00e7\u00e3o \u00e9 o equil\u00edbrio de c\u00e9lulas. Todas as baterias Victron LiFePO4 integram o equil\u00edbrio de c\u00e9lulas.<br \/>\nA segunda linha de prote\u00e7\u00e3o \u00e9 constitu\u00edda por:<br \/>\n- desligar as cargas em caso de subtens\u00e3o iminente no quadro de distribui\u00e7\u00e3o, e<br \/>\n- desligar ou reduzir a corrente de carga em caso de sobretens\u00e3o iminente, alta temperatura (&gt;50\u00b0C) ou baixa temperatura (&lt;0\u00b0C) no painel de distribui\u00e7\u00e3o.<br \/>\nO VE.Bus BMS \u00e9 o cora\u00e7\u00e3o da segunda linha de prote\u00e7\u00e3o.<br \/>\nNo entanto, nem todas as cargas ou carregadores podem ser controlados diretamente com o VE.Bus BMS.<br \/>\nEst\u00e3o dispon\u00edveis v\u00e1rios interruptores Cyrix para desligar tais cargas ou carregadores, que s\u00e3o controlados pelo VE.Bus BMS.<\/p>\n<h2>Combinador de baterias Victron Cyrix-Li-load 24\/48V-120A - CYR020120450<\/h2>\n<p>O Cyrix-Li-load desliga-se quando a sua entrada de controlo fica flutuante.<br \/>\nSe a tens\u00e3o da bateria recuperar ap\u00f3s a desconex\u00e3o (o que ocorrer\u00e1 quando n\u00e3o existirem outras cargas ligadas \u00e0 bateria), a sa\u00edda BMS ficar\u00e1 alta e o Cyrix ser\u00e1 reativado ap\u00f3s 30 segundos. O Cyrix, depois de tentar reativar 3 vezes, permanecer\u00e1 desativado at\u00e9 que a tens\u00e3o suba acima de 13V (26V ou 52V, resp.) durante pelo menos 30 segundos (o que \u00e9 um sinal de que a bateria est\u00e1 a recarregar).<br \/>\nEm alternativa, pode ser utilizada uma bateria Protect (vantagem: consumo de energia muito baixo).<\/p>\n<p><img fetchpriority=\"high\" decoding=\"async\" class=\"alignnone size-full wp-image-6997\" src=\"https:\/\/fvcomponentes.com\/wp-content\/uploads\/2023\/04\/cyrix-load.png\" alt=\"Combinador Victron Cyrix-Li-load 12\/24V-120A - CYR010120450\" width=\"881\" height=\"428\" title=\"\"><\/p>\n<h2>Ficha t\u00e9cnica Combinador de baterias Victron Cyrix-Li-load 24\/48V-120A - CYR020120450<\/h2>\n<p><a href=\"https:\/\/fvcomponentes.com\/wp-content\/uploads\/2023\/04\/SERIE-CYRIX.pdf\" target=\"_blank\" rel=\"noopener\">Ver ficha de dados do combinador de baterias Victron Cyrix-Li-load 24\/48V-120A - CYR020120450<\/a><\/p>","protected":false},"excerpt":{"rendered":"<p><strong>Capacidade de corrente cont\u00ednua e de corte de 48V:<\/strong>\u00a040 A<br \/>\n<strong>Consumo de corrente quando aberto:<\/strong>4 mA<strong><br \/>\nCategoria de prote\u00e7\u00e3o:<\/strong>IP54<strong><br \/>\n<\/strong><\/p>","protected":false},"featured_media":9081,"comment_status":"open","ping_status":"closed","template":"","meta":{"site-sidebar-layout":"default","site-content-layout":"default","ast-site-content-layout":"default","site-content-style":"default","site-sidebar-style":"default","ast-global-header-display":"","ast-banner-title-visibility":"","ast-main-header-display":"","ast-hfb-above-header-display":"","ast-hfb-below-header-display":"","ast-hfb-mobile-header-display":"","site-post-title":"","ast-breadcrumbs-content":"","ast-featured-img":"","footer-sml-layout":"","ast-disable-related-posts":"","theme-transparent-header-meta":"default","adv-header-id-meta":"","stick-header-meta":"","header-above-stick-meta":"","header-main-stick-meta":"","header-below-stick-meta":"","astra-migrate-meta-layouts":"set","ast-page-background-enabled":"default","ast-page-background-meta":{"desktop":{"background-color":"var(--ast-global-color-4)","background-image":"","background-repeat":"repeat","background-position":"center center","background-size":"auto","background-attachment":"scroll","background-type":"","background-media":"","overlay-type":"","overlay-color":"","overlay-opacity":"","overlay-gradient":""},"tablet":{"background-color":"","background-image":"","background-repeat":"repeat","background-position":"center center","background-size":"auto","background-attachment":"scroll","background-type":"","background-media":"","overlay-type":"","overlay-color":"","overlay-opacity":"","overlay-gradient":""},"mobile":{"background-color":"","background-image":"","background-repeat":"repeat","background-position":"center center","background-size":"auto","background-attachment":"scroll","background-type":"","background-media":"","overlay-type":"","overlay-color":"","overlay-opacity":"","overlay-gradient":""}},"ast-content-background-meta":{"desktop":{"background-color":"var(--ast-global-color-5)","background-image":"","background-repeat":"repeat","background-position":"center center","background-size":"auto","background-attachment":"scroll","background-type":"","background-media":"","overlay-type":"","overlay-color":"","overlay-opacity":"","overlay-gradient":""},"tablet":{"background-color":"var(--ast-global-color-5)","background-image":"","background-repeat":"repeat","background-position":"center center","background-size":"auto","background-attachment":"scroll","background-type":"","background-media":"","overlay-type":"","overlay-color":"","overlay-opacity":"","overlay-gradient":""},"mobile":{"background-color":"var(--ast-global-color-5)","background-image":"","background-repeat":"repeat","background-position":"center center","background-size":"auto","background-attachment":"scroll","background-type":"","background-media":"","overlay-type":"","overlay-color":"","overlay-opacity":"","overlay-gradient":""}}},"pwb-brand":[332],"product_brand":[],"product_cat":[340,391,932],"product_tag":[],"class_list":{"0":"post-7001","1":"product","2":"type-product","3":"status-publish","4":"has-post-thumbnail","6":"pwb-brand-victron","7":"product_cat-baterias","8":"product_cat-accesorios-para-baterias","9":"product_cat-combinadores-de-baterias","10":"desktop-align-left","11":"tablet-align-left","12":"mobile-align-left","13":"ast-product-gallery-layout-horizontal-slider","14":"ast-product-gallery-with-no-image","15":"ast-product-tabs-layout-horizontal","17":"first","18":"instock","19":"taxable","20":"shipping-taxable","21":"purchasable","22":"product-type-simple"},"wcpa_form_fields":null,"brands":[{"id":332,"name":"Victron Energia","slug":"victron"}],"_links":{"self":[{"href":"https:\/\/fvcomponentes.com\/pt\/wp-json\/wp\/v2\/product\/7001","targetHints":{"allow":["GET"]}}],"collection":[{"href":"https:\/\/fvcomponentes.com\/pt\/wp-json\/wp\/v2\/product"}],"about":[{"href":"https:\/\/fvcomponentes.com\/pt\/wp-json\/wp\/v2\/types\/product"}],"replies":[{"embeddable":true,"href":"https:\/\/fvcomponentes.com\/pt\/wp-json\/wp\/v2\/comments?post=7001"}],"wp:featuredmedia":[{"embeddable":true,"href":"https:\/\/fvcomponentes.com\/pt\/wp-json\/wp\/v2\/media\/9081"}],"wp:attachment":[{"href":"https:\/\/fvcomponentes.com\/pt\/wp-json\/wp\/v2\/media?parent=7001"}],"wp:term":[{"taxonomy":"pwb-brand","embeddable":true,"href":"https:\/\/fvcomponentes.com\/pt\/wp-json\/wp\/v2\/pwb-brand?post=7001"},{"taxonomy":"product_brand","embeddable":true,"href":"https:\/\/fvcomponentes.com\/pt\/wp-json\/wp\/v2\/product_brand?post=7001"},{"taxonomy":"product_cat","embeddable":true,"href":"https:\/\/fvcomponentes.com\/pt\/wp-json\/wp\/v2\/product_cat?post=7001"},{"taxonomy":"product_tag","embeddable":true,"href":"https:\/\/fvcomponentes.com\/pt\/wp-json\/wp\/v2\/product_tag?post=7001"}],"curies":[{"name":"wp","href":"https:\/\/api.w.org\/{rel}","templated":true}]}}