{"id":6987,"date":"2023-09-19T18:06:51","date_gmt":"2023-09-19T16:06:51","guid":{"rendered":"https:\/\/fvcomponentes.com\/?post_type=product&#038;p=6987"},"modified":"2026-04-04T12:44:40","modified_gmt":"2026-04-04T10:44:40","slug":"interrutor-solido-victron-104-bms800200104","status":"publish","type":"product","link":"https:\/\/fvcomponentes.com\/pt\/producto\/victron-solidswitch-104-bms800200104\/","title":{"rendered":"Victron SolidSwitch 104 - BMS800200104"},"content":{"rendered":"<p>O Victron SolidSwitch 104 comuta cargas DC at\u00e9 70 V\/4 A e pode ser controlado por um sinal digital de baixa pot\u00eancia. Tem tr\u00eas casos de utiliza\u00e7\u00e3o t\u00edpicos:<br \/>\n1. controlar um regulador de alternador externo, como um Balmar ou Mastervolt Alpha pro num sistema de l\u00edtio Victron.<br \/>\n2. Comuta\u00e7\u00e3o de uma carga DC, como uma luz. Um circuito de controlo de baixa pot\u00eancia, a corrente m\u00e1xima consumida ser\u00e1 apenas de 100 \u03bcA, pode controlar uma carga at\u00e9 4 amperes.<br \/>\n3. Aumentar o n\u00famero de carregadores que podem ser ligados \u00e0 sa\u00edda ATC (autoriza\u00e7\u00e3o de carregamento) de um BMS Victron.<\/p>\n<h2>O que torna o Victron SolidSwitch 104 \u00fanico?<\/h2>\n<p>A carater\u00edstica que o torna um interrutor t\u00e3o \u00fatil \u00e9 o seu baixo consumo de corrente. O Victron SolidSwitch 104 consumir\u00e1 0,04 Ah por m\u00eas, enquanto um pequeno rel\u00e9 pode facilmente consumir 10 Ah por m\u00eas, ou mesmo 22 Ah (*).<\/p>\n<p>Esta redu\u00e7\u00e3o por um fator de 250 \u00e9 crucial quando utilizada num sistema de l\u00edtio para ligar e controlar o regulador do alternador: o circuito de controlo estar\u00e1 sempre a consumir a sua pot\u00eancia de reserva. Assim como quando utilizado para aumentar o n\u00famero de carregadores que podem ser ligados a um contacto ATC BMS. Ao utilizar um Victron SolidSwitch 104 em vez de um rel\u00e9 normal, a carga parasita \u00e9 reduzida para a ordem de grandeza da auto-descarga do banco de baterias.<\/p>\n<p>Note-se que, mesmo quando as baterias est\u00e3o totalmente carregadas, a sa\u00edda ATC do BMS continua activada. E, como tal, os circuitos de controlo, como um rel\u00e9 ou, neste caso, o SolidSwitch, ser\u00e3o activados e consumir\u00e3o energia. Mesmo quando o carregador ou alternador n\u00e3o est\u00e1 a carregar.<\/p>\n<p>Para este exemplo, isso significa que, ao usar um rel\u00e9, o pequeno rel\u00e9 consome 10 Ah por m\u00eas do banco de baterias, mesmo quando o motor n\u00e3o est\u00e1 funcionando. Enquanto o SolidSwitch consome apenas 0,04 Ah, o que provavelmente est\u00e1 bem abaixo da auto-descarga das baterias e, portanto, \u00e9 insignificante.<\/p>\n<h2>Tipos de carregamento compat\u00edveis<\/h2>\n<p>A carga CC pode ser resistiva, capacitiva ou indutiva (como a bobina de um contactor de alta pot\u00eancia).<\/p>\n<p><img fetchpriority=\"high\" decoding=\"async\" class=\"alignnone size-full wp-image-6988\" src=\"https:\/\/fvcomponentes.com\/wp-content\/uploads\/2023\/04\/Captura-1.png\" alt=\"SolidSwitch Victron 104 - BMS800200104\" width=\"452\" height=\"654\" title=\"\"><\/p>\n<h2>Ficha t\u00e9cnica Victron SolidSwitch 104 - BMS800200104<\/h2>\n<p><a href=\"https:\/\/fvcomponentes.com\/wp-content\/uploads\/2023\/04\/SolidSwitch-104-EN.pdf\" target=\"_blank\" rel=\"noopener\">Ver ficha de dados Victron SolidSwitch 104 - BMS800200104<\/a><\/p>","protected":false},"excerpt":{"rendered":"<p id=\"tw-target-text\" class=\"tw-data-text tw-text-large tw-ta\" dir=\"ltr\" data-placeholder=\"Traducci\u00f3n\"><span class=\"Y2IQFc\" lang=\"es\"><strong>Gama de tens\u00e3o de entrada de funcionamento:<\/strong> (Vbat) 8 - 70 V CC<br \/>\n<strong>Corrente de carga m\u00e1xima:<\/strong> 4A<br \/>\n<strong>Grau de prote\u00e7\u00e3o:<\/strong> IP20<br \/>\n<strong>Material e cor:<\/strong> ABS, preto mate<\/span><\/p>\n<p>&nbsp;<\/p>","protected":false},"featured_media":6994,"comment_status":"open","ping_status":"closed","template":"","meta":{"site-sidebar-layout":"default","site-content-layout":"default","ast-site-content-layout":"default","site-content-style":"default","site-sidebar-style":"default","ast-global-header-display":"","ast-banner-title-visibility":"","ast-main-header-display":"","ast-hfb-above-header-display":"","ast-hfb-below-header-display":"","ast-hfb-mobile-header-display":"","site-post-title":"","ast-breadcrumbs-content":"","ast-featured-img":"","footer-sml-layout":"","ast-disable-related-posts":"","theme-transparent-header-meta":"default","adv-header-id-meta":"","stick-header-meta":"","header-above-stick-meta":"","header-main-stick-meta":"","header-below-stick-meta":"","astra-migrate-meta-layouts":"set","ast-page-background-enabled":"default","ast-page-background-meta":{"desktop":{"background-color":"var(--ast-global-color-4)","background-image":"","background-repeat":"repeat","background-position":"center center","background-size":"auto","background-attachment":"scroll","background-type":"","background-media":"","overlay-type":"","overlay-color":"","overlay-opacity":"","overlay-gradient":""},"tablet":{"background-color":"","background-image":"","background-repeat":"repeat","background-position":"center center","background-size":"auto","background-attachment":"scroll","background-type":"","background-media":"","overlay-type":"","overlay-color":"","overlay-opacity":"","overlay-gradient":""},"mobile":{"background-color":"","background-image":"","background-repeat":"repeat","background-position":"center center","background-size":"auto","background-attachment":"scroll","background-type":"","background-media":"","overlay-type":"","overlay-color":"","overlay-opacity":"","overlay-gradient":""}},"ast-content-background-meta":{"desktop":{"background-color":"var(--ast-global-color-5)","background-image":"","background-repeat":"repeat","background-position":"center center","background-size":"auto","background-attachment":"scroll","background-type":"","background-media":"","overlay-type":"","overlay-color":"","overlay-opacity":"","overlay-gradient":""},"tablet":{"background-color":"var(--ast-global-color-5)","background-image":"","background-repeat":"repeat","background-position":"center center","background-size":"auto","background-attachment":"scroll","background-type":"","background-media":"","overlay-type":"","overlay-color":"","overlay-opacity":"","overlay-gradient":""},"mobile":{"background-color":"var(--ast-global-color-5)","background-image":"","background-repeat":"repeat","background-position":"center center","background-size":"auto","background-attachment":"scroll","background-type":"","background-media":"","overlay-type":"","overlay-color":"","overlay-opacity":"","overlay-gradient":""}}},"pwb-brand":[332],"product_brand":[],"product_cat":[340,391,933],"product_tag":[],"class_list":{"0":"post-6987","1":"product","2":"type-product","3":"status-publish","4":"has-post-thumbnail","6":"pwb-brand-victron","7":"product_cat-baterias","8":"product_cat-accesorios-para-baterias","9":"product_cat-monitores-de-baterias","10":"desktop-align-left","11":"tablet-align-left","12":"mobile-align-left","13":"ast-product-gallery-layout-horizontal-slider","14":"ast-product-tabs-layout-horizontal","16":"first","17":"instock","18":"taxable","19":"shipping-taxable","20":"purchasable","21":"product-type-simple"},"wcpa_form_fields":null,"brands":[{"id":332,"name":"Victron Energia","slug":"victron"}],"_links":{"self":[{"href":"https:\/\/fvcomponentes.com\/pt\/wp-json\/wp\/v2\/product\/6987","targetHints":{"allow":["GET"]}}],"collection":[{"href":"https:\/\/fvcomponentes.com\/pt\/wp-json\/wp\/v2\/product"}],"about":[{"href":"https:\/\/fvcomponentes.com\/pt\/wp-json\/wp\/v2\/types\/product"}],"replies":[{"embeddable":true,"href":"https:\/\/fvcomponentes.com\/pt\/wp-json\/wp\/v2\/comments?post=6987"}],"wp:featuredmedia":[{"embeddable":true,"href":"https:\/\/fvcomponentes.com\/pt\/wp-json\/wp\/v2\/media\/6994"}],"wp:attachment":[{"href":"https:\/\/fvcomponentes.com\/pt\/wp-json\/wp\/v2\/media?parent=6987"}],"wp:term":[{"taxonomy":"pwb-brand","embeddable":true,"href":"https:\/\/fvcomponentes.com\/pt\/wp-json\/wp\/v2\/pwb-brand?post=6987"},{"taxonomy":"product_brand","embeddable":true,"href":"https:\/\/fvcomponentes.com\/pt\/wp-json\/wp\/v2\/product_brand?post=6987"},{"taxonomy":"product_cat","embeddable":true,"href":"https:\/\/fvcomponentes.com\/pt\/wp-json\/wp\/v2\/product_cat?post=6987"},{"taxonomy":"product_tag","embeddable":true,"href":"https:\/\/fvcomponentes.com\/pt\/wp-json\/wp\/v2\/product_tag?post=6987"}],"curies":[{"name":"wp","href":"https:\/\/api.w.org\/{rel}","templated":true}]}}