{"id":6977,"date":"2023-09-06T09:51:13","date_gmt":"2023-09-06T07:51:13","guid":{"rendered":"https:\/\/fvcomponentes.com\/?post_type=product&#038;p=6977"},"modified":"2026-04-04T12:45:04","modified_gmt":"2026-04-04T10:45:04","slug":"smallbms-victron-com-pre-alarme-bms400100000","status":"publish","type":"product","link":"https:\/\/fvcomponentes.com\/pt\/producto\/smallbms-victron-con-prealarma-bms400100000\/","title":{"rendered":"Victron SmallBMS com pr\u00e9-alarme - BMS400100000"},"content":{"rendered":"<p>O Victron SmallBMS com Pr\u00e9-Alarme - BMS400100000 \u00e9 um sistema de gest\u00e3o de baterias (BMS) tudo-em-um para baterias. <a href=\"https:\/\/fvcomponentes.com\/pt\/categoria-produto\/baterias\/baterias-de-litio-de-12v\/\" target=\"_blank\" rel=\"noopener\">Bateria de l\u00edtio inteligente da Victron Energy<\/a>. Estas s\u00e3o baterias de fosfato de ferro e l\u00edtio (LiFePO4) dispon\u00edveis em 12,8 V ou 25,6 V e em diferentes capacidades. Podem ser ligadas em s\u00e9rie, paralelo e s\u00e9rie\/paralelo, de modo a que um banco de baterias possa ser montado para tens\u00f5es de sistema de 12 V, 24 V ou 48 V. O n\u00famero m\u00e1ximo de baterias num sistema \u00e9 20, o que significa um armazenamento m\u00e1ximo de energia de 84 kWh num sistema de 12 V e at\u00e9 102 kWh num sistema de 24 V1) e 48 V.1).<\/p>\n<p>O smallBMS \u00e9 uma alternativa simples e econ\u00f3mica ao VE.Bus BMS, mas n\u00e3o possui uma interface VE.Bus, pelo que n\u00e3o \u00e9 adequado para utiliza\u00e7\u00e3o com os inversores\/carregadores VE.Bus MultiPlus e Quattro.<\/p>\n<h2>Caracter\u00edsticas do Victron SmallBMS com pr\u00e9-alarme - BMS400100000:<\/h2>\n<h3>Sa\u00edda de desconex\u00e3o de carga<\/h3>\n<div>A sa\u00edda de carga \u00e9 normalmente alta e torna-se flutuante em caso de subtens\u00e3o da c\u00e9lula (por defeito 2,8V\/c\u00e9lula, ajust\u00e1vel na bateria entre 2,6V e 2,8V por c\u00e9lula). Corrente m\u00e1xima: 1A. A sa\u00edda de carga n\u00e3o est\u00e1 protegida contra curto-circuitos.<\/div>\n<div>A sa\u00edda de carga pode ser utilizada para controlar:<\/div>\n<div>- Um rel\u00e9 de alta corrente ou um contactor.<\/div>\n<div>- Entrada remota de ligar\/desligar de um protetor de bateria, inversor ou conversor CC-CC ou outras cargas (pode ser necess\u00e1rio um cabo de ligar\/desligar n\u00e3o inversor ou inversor, ver manual detalhado no nosso s\u00edtio Web).<\/div>\n<div><\/div>\n<h3>Sa\u00edda de pr\u00e9-alarme<\/h3>\n<div>A sa\u00edda de pr\u00e9-alarme \u00e9 normalmente flutuante e \u00e9 elevada em caso de subtens\u00e3o iminente da c\u00e9lula (por defeito 3,1V\/c\u00e9lula, ajust\u00e1vel na bateria entre 2,85V e 3,15V por c\u00e9lula). Corrente m\u00e1xima: 1A (sem prote\u00e7\u00e3o contra curto-circuito).<\/div>\n<div>O atraso m\u00ednimo entre o pr\u00e9-alarme e a desconex\u00e3o da carga \u00e9 de 30 segundos.<\/div>\n<div><\/div>\n<h3>Sa\u00edda de desconex\u00e3o de carga<\/h3>\n<div>A sa\u00edda do carregador \u00e9 normalmente alta e torna-se flutuante em caso de sobretens\u00e3o ou sobretemperatura iminente da c\u00e9lula. Corrente m\u00e1xima: 10mA.<\/div>\n<div>A sa\u00edda do carregador n\u00e3o \u00e9 adequada para alimentar uma carga indutiva, como uma bobina de rel\u00e9.<\/div>\n<div>A sa\u00edda do carregador pode ser utilizada para controlar:<\/div>\n<div>- Liga\u00e7\u00e3o e desativa\u00e7\u00e3o remota de um carregador<\/div>\n<div>- Um rel\u00e9 Cyrix-Li-Charge<\/div>\n<div>- Um combinador de bateria Cyrix-Li-ct<\/div>\n<div><\/div>\n<h3>Entrada para ligar\/desligar o sistema<\/h3>\n<div>A entrada on\/off do sistema controla ambas as sa\u00eddas. Quando est\u00e1 desligada, ambas as sa\u00eddas est\u00e3o livres para que as cargas e os carregadores sejam desligados.<\/div>\n<div>A entrada para ligar\/desligar o sistema \u00e9 constitu\u00edda por dois terminais: Remoto L e Remoto H.<\/div>\n<div>Entre L e H pode ser ligado um interrutor remoto de ligar\/desligar ou um contacto de rel\u00e9.<\/div>\n<div>Em alternativa, o terminal H pode ser comutado para a bateria mais, ou o terminal L pode ser comutado para a bateria menos.<\/div>\n<div><\/div>\n<h3>Protege sistemas de 12V, 24V e 48V<\/h3>\n<div>Gama de tens\u00f5es de funcionamento: 8 a 70 V CC.<\/div>\n<div><\/div>\n<h3>Indicadores LED<\/h3>\n<div>Charge ON (azul): Sa\u00edda de carga elevada (tens\u00e3o da c\u00e9lula &gt;2,8V, ajust\u00e1vel na bateria).<br \/>\nTemp ou SBT (vermelho): Sa\u00edda do carregador em flutua\u00e7\u00e3o livre (devido a uma temperatura demasiado elevada (&gt;50\u00b0C) ou demasiado baixa da c\u00e9lula (&lt;5\u00b0C) ou a uma sobretens\u00e3o da c\u00e9lula).<\/div>\n<p><img fetchpriority=\"high\" decoding=\"async\" class=\"alignnone size-full wp-image-6979\" src=\"https:\/\/fvcomponentes.com\/wp-content\/uploads\/2023\/04\/Captura.png\" alt=\"smallBMS Victron com pr\u00e9-alarme - BMS400100000\" width=\"825\" height=\"494\" title=\"\"><\/p>\n<h2>Ficha t\u00e9cnica SmallBMS Victron com pr\u00e9-alarme - BMS400100000<\/h2>\n<p><a href=\"https:\/\/fvcomponentes.com\/wp-content\/uploads\/2023\/04\/Datasheet-smallBMS-with-pre-alarm-ES.pdf\" target=\"_blank\" rel=\"noopener\">Ver a ficha de dados do Victron SmallBMS com Pr\u00e9-Alarme - BMS400100000<\/a><\/p>","protected":false},"excerpt":{"rendered":"<p><strong>Tens\u00e3o de funcionamento (Vbat):<\/strong> 8 - 70 VDC<br \/>\n<strong>Consumo de corrente, baixa tens\u00e3o da c\u00e9lula:<\/strong> 1,2 mA<br \/>\n<strong>Consumo de energia, desligamento remoto:<\/strong> 1,2 mA<\/p>","protected":false},"featured_media":6985,"comment_status":"open","ping_status":"closed","template":"","meta":{"site-sidebar-layout":"default","site-content-layout":"default","ast-site-content-layout":"default","site-content-style":"default","site-sidebar-style":"default","ast-global-header-display":"","ast-banner-title-visibility":"","ast-main-header-display":"","ast-hfb-above-header-display":"","ast-hfb-below-header-display":"","ast-hfb-mobile-header-display":"","site-post-title":"","ast-breadcrumbs-content":"","ast-featured-img":"","footer-sml-layout":"","ast-disable-related-posts":"","theme-transparent-header-meta":"default","adv-header-id-meta":"","stick-header-meta":"","header-above-stick-meta":"","header-main-stick-meta":"","header-below-stick-meta":"","astra-migrate-meta-layouts":"set","ast-page-background-enabled":"default","ast-page-background-meta":{"desktop":{"background-color":"var(--ast-global-color-4)","background-image":"","background-repeat":"repeat","background-position":"center center","background-size":"auto","background-attachment":"scroll","background-type":"","background-media":"","overlay-type":"","overlay-color":"","overlay-opacity":"","overlay-gradient":""},"tablet":{"background-color":"","background-image":"","background-repeat":"repeat","background-position":"center center","background-size":"auto","background-attachment":"scroll","background-type":"","background-media":"","overlay-type":"","overlay-color":"","overlay-opacity":"","overlay-gradient":""},"mobile":{"background-color":"","background-image":"","background-repeat":"repeat","background-position":"center center","background-size":"auto","background-attachment":"scroll","background-type":"","background-media":"","overlay-type":"","overlay-color":"","overlay-opacity":"","overlay-gradient":""}},"ast-content-background-meta":{"desktop":{"background-color":"var(--ast-global-color-5)","background-image":"","background-repeat":"repeat","background-position":"center center","background-size":"auto","background-attachment":"scroll","background-type":"","background-media":"","overlay-type":"","overlay-color":"","overlay-opacity":"","overlay-gradient":""},"tablet":{"background-color":"var(--ast-global-color-5)","background-image":"","background-repeat":"repeat","background-position":"center center","background-size":"auto","background-attachment":"scroll","background-type":"","background-media":"","overlay-type":"","overlay-color":"","overlay-opacity":"","overlay-gradient":""},"mobile":{"background-color":"var(--ast-global-color-5)","background-image":"","background-repeat":"repeat","background-position":"center center","background-size":"auto","background-attachment":"scroll","background-type":"","background-media":"","overlay-type":"","overlay-color":"","overlay-opacity":"","overlay-gradient":""}}},"pwb-brand":[332],"product_brand":[],"product_cat":[340,435],"product_tag":[],"class_list":{"0":"post-6977","1":"product","2":"type-product","3":"status-publish","4":"has-post-thumbnail","6":"pwb-brand-victron","7":"product_cat-baterias","8":"product_cat-bms-sistemas-de-supervision-de-baterias","9":"desktop-align-left","10":"tablet-align-left","11":"mobile-align-left","12":"ast-product-gallery-layout-horizontal-slider","13":"ast-product-tabs-layout-horizontal","15":"first","16":"instock","17":"taxable","18":"shipping-taxable","19":"purchasable","20":"product-type-simple"},"wcpa_form_fields":null,"brands":[{"id":332,"name":"Victron Energia","slug":"victron"}],"_links":{"self":[{"href":"https:\/\/fvcomponentes.com\/pt\/wp-json\/wp\/v2\/product\/6977","targetHints":{"allow":["GET"]}}],"collection":[{"href":"https:\/\/fvcomponentes.com\/pt\/wp-json\/wp\/v2\/product"}],"about":[{"href":"https:\/\/fvcomponentes.com\/pt\/wp-json\/wp\/v2\/types\/product"}],"replies":[{"embeddable":true,"href":"https:\/\/fvcomponentes.com\/pt\/wp-json\/wp\/v2\/comments?post=6977"}],"wp:featuredmedia":[{"embeddable":true,"href":"https:\/\/fvcomponentes.com\/pt\/wp-json\/wp\/v2\/media\/6985"}],"wp:attachment":[{"href":"https:\/\/fvcomponentes.com\/pt\/wp-json\/wp\/v2\/media?parent=6977"}],"wp:term":[{"taxonomy":"pwb-brand","embeddable":true,"href":"https:\/\/fvcomponentes.com\/pt\/wp-json\/wp\/v2\/pwb-brand?post=6977"},{"taxonomy":"product_brand","embeddable":true,"href":"https:\/\/fvcomponentes.com\/pt\/wp-json\/wp\/v2\/product_brand?post=6977"},{"taxonomy":"product_cat","embeddable":true,"href":"https:\/\/fvcomponentes.com\/pt\/wp-json\/wp\/v2\/product_cat?post=6977"},{"taxonomy":"product_tag","embeddable":true,"href":"https:\/\/fvcomponentes.com\/pt\/wp-json\/wp\/v2\/product_tag?post=6977"}],"curies":[{"name":"wp","href":"https:\/\/api.w.org\/{rel}","templated":true}]}}