{"id":6949,"date":"2023-10-11T13:40:56","date_gmt":"2023-10-11T11:40:56","guid":{"rendered":"https:\/\/fvcomponentes.com\/?post_type=product&#038;p=6949"},"modified":"2026-04-08T21:27:48","modified_gmt":"2026-04-08T19:27:48","slug":"mppt-victron-victron-wirebox-s-100-20-para-100-20-scc950140000","status":"publish","type":"product","link":"https:\/\/fvcomponentes.com\/pt\/producto\/mppt-victron-wirebox-s-100-20-for-100-20-scc950140000\/","title":{"rendered":"MPPT Victron WireBox-S 100-20 - SCC950140000"},"content":{"rendered":"<h2>Caracter\u00edsticas da Victron WireBox-S 100-20 MPPT - SCC950140000<\/h2>\n<p><strong><span style=\"color: #ff0000\">NOTA: Esta \u00e9 a caixa preta que cobre os fios do regulador, N\u00c3O INCLUINDO O REGULADOR.<\/span><\/strong><\/p>\n<p>O <strong>Caixa de jun\u00e7\u00e3o para controlador MPPT Victron WireBox-S 100-20 - SCC950140000<\/strong><b>\u00a0<\/b>\u00e9 uma solu\u00e7\u00e3o pr\u00e1tica e segura para proteger as liga\u00e7\u00f5es el\u00e9ctricas CC do controlador. Proporciona um n\u00edvel adicional de seguran\u00e7a e funcionalidade.<\/p>\n<p>Esta solu\u00e7\u00e3o inovadora torna-se especialmente valiosa quando o carregador solar MPPT \u00e9 instalado em \u00e1reas acess\u00edveis ao p\u00fablico ou quando se trabalha com controladores que utilizam tens\u00f5es mais elevadas no lado da entrada.<\/p>\n<p>A seguran\u00e7a \u00e9 uma prioridade indiscut\u00edvel em qualquer sistema el\u00e9trico, e os sistemas solares n\u00e3o s\u00e3o exce\u00e7\u00e3o. A MPPT WireBox funciona como uma prote\u00e7\u00e3o de seguran\u00e7a, ajudando a evitar acidentes e contactos el\u00e9ctricos no lado de alta tens\u00e3o da liga\u00e7\u00e3o do painel solar. Isto \u00e9 especialmente relevante em situa\u00e7\u00f5es em que a tens\u00e3o no lado da entrada \u00e9 significativamente mais elevada. O seu design inteligente cobre todos os terminais de corrente cont\u00ednua (CC), o que reduz drasticamente a possibilidade de contacto acidental com os parafusos de liga\u00e7\u00e3o.<\/p>\n<p>Ao instalar o WireBox MPPT, os propriet\u00e1rios de instala\u00e7\u00f5es solares podem ter a tranquilidade de saber que est\u00e3o a tomar medidas para garantir a seguran\u00e7a do seu sistema e das pessoas que o rodeiam. Este componente n\u00e3o s\u00f3 protege contra acidentes, como tamb\u00e9m demonstra um compromisso com as melhores pr\u00e1ticas de seguran\u00e7a solar, o que \u00e9 especialmente importante em \u00e1reas de acesso p\u00fablico onde a exposi\u00e7\u00e3o a pessoas sem forma\u00e7\u00e3o \u00e9 maior.<\/p>\n<h2>Folha de dimens\u00f5es e guia de instala\u00e7\u00e3o da Victron WireBox-S 100-20 MPPT - SCC950140000<\/h2>\n<p><a href=\"https:\/\/fvcomponentes.com\/wp-content\/uploads\/2023\/08\/MPPT-WireBox-S-100-20-PDF.pdf\" target=\"_blank\" rel=\"noopener\">Dimens\u00f5es da Victron WireBox-S 100-20 MPPT - SCC950140000<\/a><\/p>\n<p><a href=\"https:\/\/fvcomponentes.com\/wp-content\/uploads\/2025\/09\/Quick-Install-Guide-MPPT-WireBox-S-100_20-EN.pdf\" target=\"_blank\" rel=\"noopener\">Guia de instala\u00e7\u00e3o da Victron WireBox-S 100-20 MPPT - SCC950140000<\/a><\/p>","protected":false},"excerpt":{"rendered":"<p>Para controladores MPPT 100\/20<\/p>\n<p><strong><span style=\"color: #ff0000\">NOTA: Esta \u00e9 a caixa preta que cobre os fios do regulador, N\u00c3O INCLUINDO O REGULADOR.<\/span><\/strong><\/p>","protected":false},"featured_media":6950,"comment_status":"open","ping_status":"closed","template":"","meta":{"site-sidebar-layout":"default","site-content-layout":"default","ast-site-content-layout":"default","site-content-style":"default","site-sidebar-style":"default","ast-global-header-display":"","ast-banner-title-visibility":"","ast-main-header-display":"","ast-hfb-above-header-display":"","ast-hfb-below-header-display":"","ast-hfb-mobile-header-display":"","site-post-title":"","ast-breadcrumbs-content":"","ast-featured-img":"","footer-sml-layout":"","ast-disable-related-posts":"","theme-transparent-header-meta":"default","adv-header-id-meta":"","stick-header-meta":"","header-above-stick-meta":"","header-main-stick-meta":"","header-below-stick-meta":"","astra-migrate-meta-layouts":"set","ast-page-background-enabled":"default","ast-page-background-meta":{"desktop":{"background-color":"var(--ast-global-color-4)","background-image":"","background-repeat":"repeat","background-position":"center center","background-size":"auto","background-attachment":"scroll","background-type":"","background-media":"","overlay-type":"","overlay-color":"","overlay-opacity":"","overlay-gradient":""},"tablet":{"background-color":"","background-image":"","background-repeat":"repeat","background-position":"center center","background-size":"auto","background-attachment":"scroll","background-type":"","background-media":"","overlay-type":"","overlay-color":"","overlay-opacity":"","overlay-gradient":""},"mobile":{"background-color":"","background-image":"","background-repeat":"repeat","background-position":"center center","background-size":"auto","background-attachment":"scroll","background-type":"","background-media":"","overlay-type":"","overlay-color":"","overlay-opacity":"","overlay-gradient":""}},"ast-content-background-meta":{"desktop":{"background-color":"var(--ast-global-color-5)","background-image":"","background-repeat":"repeat","background-position":"center center","background-size":"auto","background-attachment":"scroll","background-type":"","background-media":"","overlay-type":"","overlay-color":"","overlay-opacity":"","overlay-gradient":""},"tablet":{"background-color":"var(--ast-global-color-5)","background-image":"","background-repeat":"repeat","background-position":"center center","background-size":"auto","background-attachment":"scroll","background-type":"","background-media":"","overlay-type":"","overlay-color":"","overlay-opacity":"","overlay-gradient":""},"mobile":{"background-color":"var(--ast-global-color-5)","background-image":"","background-repeat":"repeat","background-position":"center center","background-size":"auto","background-attachment":"scroll","background-type":"","background-media":"","overlay-type":"","overlay-color":"","overlay-opacity":"","overlay-gradient":""}}},"pwb-brand":[332],"product_brand":[],"product_cat":[353,986],"product_tag":[],"class_list":{"0":"post-6949","1":"product","2":"type-product","3":"status-publish","4":"has-post-thumbnail","6":"pwb-brand-victron","7":"product_cat-reguladores-de-carga-solares","8":"product_cat-accesorios-reguladores-cargadores","9":"desktop-align-left","10":"tablet-align-left","11":"mobile-align-left","12":"ast-product-gallery-layout-horizontal-slider","13":"ast-product-tabs-layout-horizontal","15":"first","16":"instock","17":"taxable","18":"shipping-taxable","19":"purchasable","20":"product-type-simple"},"wcpa_form_fields":null,"brands":[{"id":332,"name":"Victron Energia","slug":"victron"}],"_links":{"self":[{"href":"https:\/\/fvcomponentes.com\/pt\/wp-json\/wp\/v2\/product\/6949","targetHints":{"allow":["GET"]}}],"collection":[{"href":"https:\/\/fvcomponentes.com\/pt\/wp-json\/wp\/v2\/product"}],"about":[{"href":"https:\/\/fvcomponentes.com\/pt\/wp-json\/wp\/v2\/types\/product"}],"replies":[{"embeddable":true,"href":"https:\/\/fvcomponentes.com\/pt\/wp-json\/wp\/v2\/comments?post=6949"}],"wp:featuredmedia":[{"embeddable":true,"href":"https:\/\/fvcomponentes.com\/pt\/wp-json\/wp\/v2\/media\/6950"}],"wp:attachment":[{"href":"https:\/\/fvcomponentes.com\/pt\/wp-json\/wp\/v2\/media?parent=6949"}],"wp:term":[{"taxonomy":"pwb-brand","embeddable":true,"href":"https:\/\/fvcomponentes.com\/pt\/wp-json\/wp\/v2\/pwb-brand?post=6949"},{"taxonomy":"product_brand","embeddable":true,"href":"https:\/\/fvcomponentes.com\/pt\/wp-json\/wp\/v2\/product_brand?post=6949"},{"taxonomy":"product_cat","embeddable":true,"href":"https:\/\/fvcomponentes.com\/pt\/wp-json\/wp\/v2\/product_cat?post=6949"},{"taxonomy":"product_tag","embeddable":true,"href":"https:\/\/fvcomponentes.com\/pt\/wp-json\/wp\/v2\/product_tag?post=6949"}],"curies":[{"name":"wp","href":"https:\/\/api.w.org\/{rel}","templated":true}]}}