{"id":6925,"date":"2023-09-21T10:08:33","date_gmt":"2023-09-21T08:08:33","guid":{"rendered":"https:\/\/fvcomponentes.com\/?post_type=product&#038;p=6925"},"modified":"2026-04-04T12:44:44","modified_gmt":"2026-04-04T10:44:44","slug":"bateria-inteligente-victron-sense-sbs050150200","status":"publish","type":"product","link":"https:\/\/fvcomponentes.com\/pt\/producto\/smart-battery-victron-sense-sbs050150200\/","title":{"rendered":"Sensor de bateria inteligente Victron- SBS050150200"},"content":{"rendered":"<h2>Caracter\u00edsticas do sensor de bateria inteligente Victron- SBS050150200<\/h2>\n<p>Com o Victron Smart Battery Sense - SBS050150200 e o seu sensor de tens\u00e3o e temperatura, as baterias ser\u00e3o mais bem carregadas, a efici\u00eancia de carregamento ser\u00e1 aumentada e a vida \u00fatil da bateria ser\u00e1 prolongada.<\/p>\n<h2><strong>Carregamento de bateria melhorado<\/strong><\/h2>\n<p>Ao medir a tens\u00e3o nos terminais do banco de baterias, evitam-se os erros devidos \u00e0 perda de tens\u00e3o devido \u00e0 resist\u00eancia dos cabos, assegurando a tens\u00e3o de carga correcta.<\/p>\n<p>No caso das baterias de chumbo-\u00e1cido, as informa\u00e7\u00f5es sobre a temperatura da bateria s\u00e3o utilizadas para ajustar as tens\u00f5es de carga: as baterias frias requerem uma tens\u00e3o de carga maior, enquanto as baterias quentes requerem uma tens\u00e3o de carga menor. Para as baterias de l\u00edtio, a informa\u00e7\u00e3o de temperatura \u00e9 utilizada para desativar o carregamento quando est\u00e3o demasiado frias, uma vez que carregar baterias de l\u00edtio perto ou abaixo do ponto de congela\u00e7\u00e3o provoca danos permanentes nas c\u00e9lulas.<\/p>\n<h2>Sem cabos vis\u00edveis<\/h2>\n<p>A liga\u00e7\u00e3o entre o Smart Battery Sense e um ou mais carregadores solares \u00e9 feita sem fios: utiliza a rede VE.Smart, uma tecnologia sem fios baseada no Bluetooth Smart. A informa\u00e7\u00e3o transmitida pode ser utilizada simultaneamente por um, dois ou mais carregadores solares ligados ao mesmo banco de baterias de 12V, 24V e 48V. A configura\u00e7\u00e3o da Smart Grid \u00e9 efectuada atrav\u00e9s da aplica\u00e7\u00e3o <a href=\"https:\/\/www.victronenergy.com.es\/panel-systems-remote-monitoring\/victronconnect\" target=\"_blank\" rel=\"noopener\">VictronConnect<\/a>.<\/p>\n<h2>Limpo, simples e inteligente<\/h2>\n<p>A instala\u00e7\u00e3o \u00e9 simples, r\u00e1pida e simples. Basta ligar os dois ilh\u00f3s do dispositivo aos terminais da sua bateria e fixar a unidade Smart Battery Sense diretamente ao corpo da bateria utilizando a sua fita auto-adesiva.<\/p>\n<div class=\"ast-oembed-container\" style=\"height: 100%;\"><iframe title=\"Apresentando o Smart Battery Sense\" width=\"500\" height=\"281\" src=\"https:\/\/www.youtube.com\/embed\/v62wCfXaWXY?feature=oembed&#038;enablejsapi=1&#038;origin=https:\/\/fvcomponentes.com\" frameborder=\"0\" allow=\"accelerometer; autoplay; clipboard-write; encrypted-media; gyroscope; picture-in-picture; web-share\" referrerpolicy=\"strict-origin-when-cross-origin\" allowfullscreen><\/iframe><\/div>\n<h2>Ficha t\u00e9cnica Sensor de bateria inteligente Victron- SBS050150200<\/h2>\n<p><a href=\"https:\/\/fvcomponentes.com\/wp-content\/uploads\/2023\/08\/17801-Smart_Battery_Sense_Manual-pdf-en.pdf\" target=\"_blank\" rel=\"noopener\">Ver ficha de dados do sensor de bateria inteligente Victron- SBS050150200<\/a><\/p>","protected":false},"excerpt":{"rendered":"<p><strong>Dimens\u00f5es:<\/strong> 14 x 38 x 38 mm<\/p>\n<p><strong>Comprimento do cabo:<\/strong> 45 cm<\/p>\n<p><strong>Tens\u00e3o m\u00e1xima absoluta:<\/strong> 65 V<\/p>","protected":false},"featured_media":6931,"comment_status":"open","ping_status":"closed","template":"","meta":{"site-sidebar-layout":"default","site-content-layout":"default","ast-site-content-layout":"default","site-content-style":"default","site-sidebar-style":"default","ast-global-header-display":"","ast-banner-title-visibility":"","ast-main-header-display":"","ast-hfb-above-header-display":"","ast-hfb-below-header-display":"","ast-hfb-mobile-header-display":"","site-post-title":"","ast-breadcrumbs-content":"","ast-featured-img":"","footer-sml-layout":"","ast-disable-related-posts":"","theme-transparent-header-meta":"default","adv-header-id-meta":"","stick-header-meta":"","header-above-stick-meta":"","header-main-stick-meta":"","header-below-stick-meta":"","astra-migrate-meta-layouts":"set","ast-page-background-enabled":"default","ast-page-background-meta":{"desktop":{"background-color":"var(--ast-global-color-4)","background-image":"","background-repeat":"repeat","background-position":"center center","background-size":"auto","background-attachment":"scroll","background-type":"","background-media":"","overlay-type":"","overlay-color":"","overlay-opacity":"","overlay-gradient":""},"tablet":{"background-color":"","background-image":"","background-repeat":"repeat","background-position":"center center","background-size":"auto","background-attachment":"scroll","background-type":"","background-media":"","overlay-type":"","overlay-color":"","overlay-opacity":"","overlay-gradient":""},"mobile":{"background-color":"","background-image":"","background-repeat":"repeat","background-position":"center center","background-size":"auto","background-attachment":"scroll","background-type":"","background-media":"","overlay-type":"","overlay-color":"","overlay-opacity":"","overlay-gradient":""}},"ast-content-background-meta":{"desktop":{"background-color":"var(--ast-global-color-5)","background-image":"","background-repeat":"repeat","background-position":"center center","background-size":"auto","background-attachment":"scroll","background-type":"","background-media":"","overlay-type":"","overlay-color":"","overlay-opacity":"","overlay-gradient":""},"tablet":{"background-color":"var(--ast-global-color-5)","background-image":"","background-repeat":"repeat","background-position":"center center","background-size":"auto","background-attachment":"scroll","background-type":"","background-media":"","overlay-type":"","overlay-color":"","overlay-opacity":"","overlay-gradient":""},"mobile":{"background-color":"var(--ast-global-color-5)","background-image":"","background-repeat":"repeat","background-position":"center center","background-size":"auto","background-attachment":"scroll","background-type":"","background-media":"","overlay-type":"","overlay-color":"","overlay-opacity":"","overlay-gradient":""}}},"pwb-brand":[332],"product_brand":[],"product_cat":[340,391,933],"product_tag":[],"class_list":{"0":"post-6925","1":"product","2":"type-product","3":"status-publish","4":"has-post-thumbnail","6":"pwb-brand-victron","7":"product_cat-baterias","8":"product_cat-accesorios-para-baterias","9":"product_cat-monitores-de-baterias","10":"desktop-align-left","11":"tablet-align-left","12":"mobile-align-left","13":"ast-product-gallery-layout-horizontal-slider","14":"ast-product-tabs-layout-horizontal","16":"first","17":"instock","18":"taxable","19":"shipping-taxable","20":"purchasable","21":"product-type-simple"},"wcpa_form_fields":null,"brands":[{"id":332,"name":"Victron Energia","slug":"victron"}],"_links":{"self":[{"href":"https:\/\/fvcomponentes.com\/pt\/wp-json\/wp\/v2\/product\/6925","targetHints":{"allow":["GET"]}}],"collection":[{"href":"https:\/\/fvcomponentes.com\/pt\/wp-json\/wp\/v2\/product"}],"about":[{"href":"https:\/\/fvcomponentes.com\/pt\/wp-json\/wp\/v2\/types\/product"}],"replies":[{"embeddable":true,"href":"https:\/\/fvcomponentes.com\/pt\/wp-json\/wp\/v2\/comments?post=6925"}],"wp:featuredmedia":[{"embeddable":true,"href":"https:\/\/fvcomponentes.com\/pt\/wp-json\/wp\/v2\/media\/6931"}],"wp:attachment":[{"href":"https:\/\/fvcomponentes.com\/pt\/wp-json\/wp\/v2\/media?parent=6925"}],"wp:term":[{"taxonomy":"pwb-brand","embeddable":true,"href":"https:\/\/fvcomponentes.com\/pt\/wp-json\/wp\/v2\/pwb-brand?post=6925"},{"taxonomy":"product_brand","embeddable":true,"href":"https:\/\/fvcomponentes.com\/pt\/wp-json\/wp\/v2\/product_brand?post=6925"},{"taxonomy":"product_cat","embeddable":true,"href":"https:\/\/fvcomponentes.com\/pt\/wp-json\/wp\/v2\/product_cat?post=6925"},{"taxonomy":"product_tag","embeddable":true,"href":"https:\/\/fvcomponentes.com\/pt\/wp-json\/wp\/v2\/product_tag?post=6925"}],"curies":[{"name":"wp","href":"https:\/\/api.w.org\/{rel}","templated":true}]}}