{"id":6920,"date":"2023-08-16T10:23:22","date_gmt":"2023-08-16T08:23:22","guid":{"rendered":"https:\/\/fvcomponentes.com\/?post_type=product&#038;p=6920"},"modified":"2026-04-04T11:14:22","modified_gmt":"2026-04-04T09:14:22","slug":"controlo-de-mppt-victron-scc900500000","status":"publish","type":"product","link":"https:\/\/fvcomponentes.com\/pt\/producto\/mppt-control-victron-scc900500000\/","title":{"rendered":"Controlo MPPT Victron - SCC900500000"},"content":{"rendered":"<p>O Controlo MPPT Victron - SCC900500000 permite-lhe configurar e verificar o estado de todos os controladores de carga BlueSolar MPPT com uma porta de comunica\u00e7\u00f5es VE.Direct. O Controlo MPPT \u00e9 montado na caixa da s\u00e9rie BMV-700, mantendo o aspeto consistente e profissional dos seus pain\u00e9is e equipamento de controlo do sistema.<\/p>\n<p>Pode ser utilizado para ler dados hist\u00f3ricos e em tempo real do carregador solar e para configurar o carregador solar.<\/p>\n<p>Para montar facilmente o Controlo MPPT numa parede, em vez de o embutir num painel, pode ser utilizada uma caixa Victron espec\u00edfica para a montagem.<\/p>\n<h2>Caracter\u00edsticas do Controlo MPPT Victron - SCC900500000:<\/h2>\n<p>- Fornece leituras de pot\u00eancia fotovoltaica, efici\u00eancia, tens\u00e3o e corrente dos pain\u00e9is.<br \/>\n- Fornece leituras de tens\u00e3o, corrente e estado de carga da bateria.<br \/>\n- Estado e corrente da sa\u00edda de carga (apenas dispon\u00edvel se o carregador solar tiver uma sa\u00edda de carga).<br \/>\n- Valores hist\u00f3ricos de 30 dias<br \/>\n- Valores hist\u00f3ricos acumulados durante o tempo de vida do carregador solar<\/p>\n<h2>Folha de dados do controlo Victron MPPT - SCC900500000<\/h2>\n<p><a href=\"https:\/\/fvcomponentes.com\/wp-content\/uploads\/2025\/09\/Manual-MPPT-Control-A4-ES.pdf\" target=\"_blank\" rel=\"noopener\">Ver ficha de dados do Controlo MPPT Victron - SCC900500000<\/a><\/p>","protected":false},"excerpt":{"rendered":"<p><strong>Tens\u00e3o de alimenta\u00e7\u00e3o<\/strong>\u00a06,5 - 95VDC (alimentado por bateria) 5V (alimentado por VE.Direct)<br \/>\n<strong>Consumo de eletricidade:<\/strong>\u00a0luz traseira desligada &lt; 4mA<br \/>\n<strong>Gama de temperaturas de funcionamento<\/strong>\u00a0-20 - +50\u00b0C (0 - 120\u00b0F)<br \/>\n<strong>Compat\u00edvel com MPPT: <\/strong>Todos os modelos com porta VE.Direct, exceto MPPT 70\/15<br \/>\n<strong>Vers\u00e3o do software: <\/strong>Todas as vers\u00f5es de software &gt;= 1.12<\/p>","protected":false},"featured_media":6923,"comment_status":"open","ping_status":"closed","template":"","meta":{"site-sidebar-layout":"default","site-content-layout":"default","ast-site-content-layout":"default","site-content-style":"default","site-sidebar-style":"default","ast-global-header-display":"","ast-banner-title-visibility":"","ast-main-header-display":"","ast-hfb-above-header-display":"","ast-hfb-below-header-display":"","ast-hfb-mobile-header-display":"","site-post-title":"","ast-breadcrumbs-content":"","ast-featured-img":"","footer-sml-layout":"","ast-disable-related-posts":"","theme-transparent-header-meta":"default","adv-header-id-meta":"","stick-header-meta":"","header-above-stick-meta":"","header-main-stick-meta":"","header-below-stick-meta":"","astra-migrate-meta-layouts":"set","ast-page-background-enabled":"default","ast-page-background-meta":{"desktop":{"background-color":"var(--ast-global-color-4)","background-image":"","background-repeat":"repeat","background-position":"center center","background-size":"auto","background-attachment":"scroll","background-type":"","background-media":"","overlay-type":"","overlay-color":"","overlay-opacity":"","overlay-gradient":""},"tablet":{"background-color":"","background-image":"","background-repeat":"repeat","background-position":"center center","background-size":"auto","background-attachment":"scroll","background-type":"","background-media":"","overlay-type":"","overlay-color":"","overlay-opacity":"","overlay-gradient":""},"mobile":{"background-color":"","background-image":"","background-repeat":"repeat","background-position":"center center","background-size":"auto","background-attachment":"scroll","background-type":"","background-media":"","overlay-type":"","overlay-color":"","overlay-opacity":"","overlay-gradient":""}},"ast-content-background-meta":{"desktop":{"background-color":"var(--ast-global-color-5)","background-image":"","background-repeat":"repeat","background-position":"center center","background-size":"auto","background-attachment":"scroll","background-type":"","background-media":"","overlay-type":"","overlay-color":"","overlay-opacity":"","overlay-gradient":""},"tablet":{"background-color":"var(--ast-global-color-5)","background-image":"","background-repeat":"repeat","background-position":"center center","background-size":"auto","background-attachment":"scroll","background-type":"","background-media":"","overlay-type":"","overlay-color":"","overlay-opacity":"","overlay-gradient":""},"mobile":{"background-color":"var(--ast-global-color-5)","background-image":"","background-repeat":"repeat","background-position":"center center","background-size":"auto","background-attachment":"scroll","background-type":"","background-media":"","overlay-type":"","overlay-color":"","overlay-opacity":"","overlay-gradient":""}}},"pwb-brand":[332],"product_brand":[],"product_cat":[391,340,933],"product_tag":[],"class_list":{"0":"post-6920","1":"product","2":"type-product","3":"status-publish","4":"has-post-thumbnail","6":"pwb-brand-victron","7":"product_cat-accesorios-para-baterias","8":"product_cat-baterias","9":"product_cat-monitores-de-baterias","10":"desktop-align-left","11":"tablet-align-left","12":"mobile-align-left","13":"ast-product-gallery-layout-horizontal-slider","14":"ast-product-tabs-layout-horizontal","16":"first","17":"instock","18":"taxable","19":"shipping-taxable","20":"purchasable","21":"product-type-simple"},"wcpa_form_fields":null,"brands":[{"id":332,"name":"Victron Energia","slug":"victron"}],"_links":{"self":[{"href":"https:\/\/fvcomponentes.com\/pt\/wp-json\/wp\/v2\/product\/6920","targetHints":{"allow":["GET"]}}],"collection":[{"href":"https:\/\/fvcomponentes.com\/pt\/wp-json\/wp\/v2\/product"}],"about":[{"href":"https:\/\/fvcomponentes.com\/pt\/wp-json\/wp\/v2\/types\/product"}],"replies":[{"embeddable":true,"href":"https:\/\/fvcomponentes.com\/pt\/wp-json\/wp\/v2\/comments?post=6920"}],"wp:featuredmedia":[{"embeddable":true,"href":"https:\/\/fvcomponentes.com\/pt\/wp-json\/wp\/v2\/media\/6923"}],"wp:attachment":[{"href":"https:\/\/fvcomponentes.com\/pt\/wp-json\/wp\/v2\/media?parent=6920"}],"wp:term":[{"taxonomy":"pwb-brand","embeddable":true,"href":"https:\/\/fvcomponentes.com\/pt\/wp-json\/wp\/v2\/pwb-brand?post=6920"},{"taxonomy":"product_brand","embeddable":true,"href":"https:\/\/fvcomponentes.com\/pt\/wp-json\/wp\/v2\/product_brand?post=6920"},{"taxonomy":"product_cat","embeddable":true,"href":"https:\/\/fvcomponentes.com\/pt\/wp-json\/wp\/v2\/product_cat?post=6920"},{"taxonomy":"product_tag","embeddable":true,"href":"https:\/\/fvcomponentes.com\/pt\/wp-json\/wp\/v2\/product_tag?post=6920"}],"curies":[{"name":"wp","href":"https:\/\/api.w.org\/{rel}","templated":true}]}}