{"id":6917,"date":"2024-01-19T19:31:07","date_gmt":"2024-01-19T18:31:07","guid":{"rendered":"https:\/\/fvcomponentes.com\/?post_type=product&#038;p=6917"},"modified":"2026-01-15T10:03:56","modified_gmt":"2026-01-15T09:03:56","slug":"ecra-de-controlo-victron-smartsolar-scc900650010","status":"publish","type":"product","link":"https:\/\/fvcomponentes.com\/pt\/producto\/pantalla-de-control-victron-smartsolar-scc900650010\/","title":{"rendered":"Visor de controlo Victron SmartSolar - SCC900650010"},"content":{"rendered":"<h2>Visor de controlo Victron SmartSolar - SCC900650010<\/h2>\n<p>Monitorizar e controlar o desempenho do seu carregador e o estado de armazenamento da bateria nunca foi t\u00e3o f\u00e1cil como com o ecr\u00e3 LCD de controlo SmartSolar da Victron, concebido especificamente para os controladores SmartSolar MPPT.<\/p>\n<p>O processo de instala\u00e7\u00e3o \u00e9 igualmente simples. Basta retirar o protetor de borracha da tomada na parte da frente do controlador e ligar o visor. Numa quest\u00e3o de segundos, ter\u00e1 controlo total sobre o estado do seu carregador e o estado de armazenamento da bateria.<\/p>\n<p>O ecr\u00e3 de controlo SmartSolar foi concebido a pensar na comodidade e efici\u00eancia do utilizador. Uma vez ligado, pode monitorizar automaticamente o desempenho do seu carregador e o estado da sua bateria em tempo real, tudo num piscar de olhos.<\/p>\n<p>Este ecr\u00e3 foi especialmente concebido para ser utilizado com uma variedade de controladores solares MPPT, incluindo:<\/p>\n<ul>\n<li>SmartSolar MPPT 150\/45 a 250\/100<\/li>\n<li>SmartSolar MPPT 150\/70 a 250\/100 VE.Can<\/li>\n<li>BlueSolar MPPT 150\/70 a 250\/100 VE.Can<\/li>\n<\/ul>\n<p>Se estiver a utilizar um destes controladores no seu sistema de energia solar, o ecr\u00e3 de controlo SmartSolar adapta-se perfeitamente e fornece-lhe uma ferramenta essencial para monitorizar e controlar o seu sistema.<\/p>\n<p>Em suma, o Visor LCD de Controlo SmartSolar Victron simplifica a monitoriza\u00e7\u00e3o e o controlo do seu carregador e bateria. A sua facilidade de instala\u00e7\u00e3o e compatibilidade com uma variedade de controladores MPPT fazem dele uma adi\u00e7\u00e3o valiosa a qualquer sistema de energia solar, fornecendo-lhe informa\u00e7\u00f5es em tempo real e permitindo-lhe tomar decis\u00f5es informadas para otimizar o seu sistema. Com este ecr\u00e3, o controlo do seu sistema solar est\u00e1 na ponta dos seus dedos.<\/p>\n<h2>Manual do ecr\u00e3 de controlo Victron SmartSolar - SCC900650010<\/h2>\n<p><a href=\"https:\/\/fvcomponentes.com\/wp-content\/uploads\/2025\/10\/34488-SmartSolar_Control_display_manual-pdf-es.pdf\" target=\"_blank\" rel=\"noopener\">Manual do ecr\u00e3 de controlo Victron SmartSolar - SCC900650010<\/a><\/p>","protected":false},"excerpt":{"rendered":"<p>O ecr\u00e3 de controlo SmartSolar \u00e9 um ecr\u00e3 LCD de encaixe para os controladores de carga SmartSolar.<br \/>\nBasta remover o vedante de borracha que protege a ficha na parte da frente do controlador e ligar o ecr\u00e3.<\/p>","protected":false},"featured_media":6919,"comment_status":"open","ping_status":"closed","template":"","meta":{"site-sidebar-layout":"default","site-content-layout":"default","ast-site-content-layout":"default","site-content-style":"default","site-sidebar-style":"default","ast-global-header-display":"","ast-banner-title-visibility":"","ast-main-header-display":"","ast-hfb-above-header-display":"","ast-hfb-below-header-display":"","ast-hfb-mobile-header-display":"","site-post-title":"","ast-breadcrumbs-content":"","ast-featured-img":"","footer-sml-layout":"","ast-disable-related-posts":"","theme-transparent-header-meta":"default","adv-header-id-meta":"","stick-header-meta":"","header-above-stick-meta":"","header-main-stick-meta":"","header-below-stick-meta":"","astra-migrate-meta-layouts":"set","ast-page-background-enabled":"default","ast-page-background-meta":{"desktop":{"background-color":"var(--ast-global-color-4)","background-image":"","background-repeat":"repeat","background-position":"center center","background-size":"auto","background-attachment":"scroll","background-type":"","background-media":"","overlay-type":"","overlay-color":"","overlay-opacity":"","overlay-gradient":""},"tablet":{"background-color":"","background-image":"","background-repeat":"repeat","background-position":"center center","background-size":"auto","background-attachment":"scroll","background-type":"","background-media":"","overlay-type":"","overlay-color":"","overlay-opacity":"","overlay-gradient":""},"mobile":{"background-color":"","background-image":"","background-repeat":"repeat","background-position":"center center","background-size":"auto","background-attachment":"scroll","background-type":"","background-media":"","overlay-type":"","overlay-color":"","overlay-opacity":"","overlay-gradient":""}},"ast-content-background-meta":{"desktop":{"background-color":"var(--ast-global-color-5)","background-image":"","background-repeat":"repeat","background-position":"center center","background-size":"auto","background-attachment":"scroll","background-type":"","background-media":"","overlay-type":"","overlay-color":"","overlay-opacity":"","overlay-gradient":""},"tablet":{"background-color":"var(--ast-global-color-5)","background-image":"","background-repeat":"repeat","background-position":"center center","background-size":"auto","background-attachment":"scroll","background-type":"","background-media":"","overlay-type":"","overlay-color":"","overlay-opacity":"","overlay-gradient":""},"mobile":{"background-color":"var(--ast-global-color-5)","background-image":"","background-repeat":"repeat","background-position":"center center","background-size":"auto","background-attachment":"scroll","background-type":"","background-media":"","overlay-type":"","overlay-color":"","overlay-opacity":"","overlay-gradient":""}}},"pwb-brand":[332],"product_brand":[],"product_cat":[986,353],"product_tag":[],"class_list":{"0":"post-6917","1":"product","2":"type-product","3":"status-publish","4":"has-post-thumbnail","6":"pwb-brand-victron","7":"product_cat-accesorios-reguladores-cargadores","8":"product_cat-reguladores-de-carga-solares","9":"desktop-align-left","10":"tablet-align-left","11":"mobile-align-left","12":"ast-product-gallery-layout-horizontal-slider","13":"ast-product-tabs-layout-horizontal","15":"first","16":"instock","17":"taxable","18":"shipping-taxable","19":"purchasable","20":"product-type-simple"},"wcpa_form_fields":null,"brands":[{"id":332,"name":"Victron Energia","slug":"victron"}],"_links":{"self":[{"href":"https:\/\/fvcomponentes.com\/pt\/wp-json\/wp\/v2\/product\/6917","targetHints":{"allow":["GET"]}}],"collection":[{"href":"https:\/\/fvcomponentes.com\/pt\/wp-json\/wp\/v2\/product"}],"about":[{"href":"https:\/\/fvcomponentes.com\/pt\/wp-json\/wp\/v2\/types\/product"}],"replies":[{"embeddable":true,"href":"https:\/\/fvcomponentes.com\/pt\/wp-json\/wp\/v2\/comments?post=6917"}],"wp:featuredmedia":[{"embeddable":true,"href":"https:\/\/fvcomponentes.com\/pt\/wp-json\/wp\/v2\/media\/6919"}],"wp:attachment":[{"href":"https:\/\/fvcomponentes.com\/pt\/wp-json\/wp\/v2\/media?parent=6917"}],"wp:term":[{"taxonomy":"pwb-brand","embeddable":true,"href":"https:\/\/fvcomponentes.com\/pt\/wp-json\/wp\/v2\/pwb-brand?post=6917"},{"taxonomy":"product_brand","embeddable":true,"href":"https:\/\/fvcomponentes.com\/pt\/wp-json\/wp\/v2\/product_brand?post=6917"},{"taxonomy":"product_cat","embeddable":true,"href":"https:\/\/fvcomponentes.com\/pt\/wp-json\/wp\/v2\/product_cat?post=6917"},{"taxonomy":"product_tag","embeddable":true,"href":"https:\/\/fvcomponentes.com\/pt\/wp-json\/wp\/v2\/product_tag?post=6917"}],"curies":[{"name":"wp","href":"https:\/\/api.w.org\/{rel}","templated":true}]}}