{"id":6911,"date":"2024-01-19T19:31:20","date_gmt":"2024-01-19T18:31:20","guid":{"rendered":"https:\/\/fvcomponentes.com\/?post_type=product&#038;p=6911"},"modified":"2026-04-08T21:26:35","modified_gmt":"2026-04-08T19:26:35","slug":"cabo-de-saida-digital-victron-ve-direct-tx-ass030550500","status":"publish","type":"product","link":"https:\/\/fvcomponentes.com\/pt\/producto\/cable-victron-de-salida-digital-ve-direct-tx-ass030550500\/","title":{"rendered":"Cabo de sa\u00edda digital Victron VE.Direct TX - ASS030550500"},"content":{"rendered":"<h2 class=\"productDetails__block-title\"><span class=\"productDetails__block-title-content\">Aplica\u00e7\u00f5es de ilumina\u00e7\u00e3o<\/span><\/h2>\n<div class=\"productDetails__block-description\">\n<ul>\n<li>O cabo foi concebido para aplica\u00e7\u00f5es de ilumina\u00e7\u00e3o de sistemas de energia solar.<\/li>\n<li>Pode reduzir significativamente o consumo de energia com a possibilidade de diminuir a intensidade da luz quando necess\u00e1rio.<\/li>\n<li>O menor consumo de energia reduzir\u00e1 o custo global do sistema.<\/li>\n<li>Al\u00e9m disso, aumentar\u00e1 a disponibilidade de ilumina\u00e7\u00e3o, mesmo com uma bateria que s\u00f3 est\u00e1 parcialmente carregada em condi\u00e7\u00f5es de baixa insola\u00e7\u00e3o.<\/li>\n<li>O cabo liga a sa\u00edda TX do conetor VE.Direct de um carregador MPPT \u00e0 entrada do regulador de intensidade PWM do controlador LED.<\/li>\n<\/ul>\n<h3 class=\"productDetails__block-title\"><span class=\"productDetails__block-title-content\">Sa\u00edda de carga virtual<\/span><\/h3>\n<div class=\"productDetails__block-description\">\n<ul>\n<li>O cabo foi concebido para incorporar uma fun\u00e7\u00e3o de sa\u00edda de carga para os carregadores MPPT maiores (<a href=\"https:\/\/fvcomponentes.com\/pt\/produto\/regulador-victron-smartsolar-mppt-100-30\/\" target=\"_blank\" rel=\"noopener\">MPPT 100\/30<\/a> e superiores) que n\u00e3o a possuem.<\/li>\n<li>O cabo liga a sa\u00edda TX do conetor VE.Direct de um carregador MPPT a um protetor de bateria ou a um rel\u00e9 de estado s\u00f3lido para ligar ou desligar uma carga.<\/li>\n<\/ul>\n<\/div>\n<\/div>","protected":false},"excerpt":{"rendered":"<p>O cabo de sa\u00edda digital VE.Direct TX pode ser utilizado com os carregadores BlueSolar e SmartSolar MPPT.<\/p>","protected":false},"featured_media":6916,"comment_status":"open","ping_status":"closed","template":"","meta":{"site-sidebar-layout":"default","site-content-layout":"default","ast-site-content-layout":"default","site-content-style":"default","site-sidebar-style":"default","ast-global-header-display":"","ast-banner-title-visibility":"","ast-main-header-display":"","ast-hfb-above-header-display":"","ast-hfb-below-header-display":"","ast-hfb-mobile-header-display":"","site-post-title":"","ast-breadcrumbs-content":"","ast-featured-img":"","footer-sml-layout":"","ast-disable-related-posts":"","theme-transparent-header-meta":"default","adv-header-id-meta":"","stick-header-meta":"","header-above-stick-meta":"","header-main-stick-meta":"","header-below-stick-meta":"","astra-migrate-meta-layouts":"set","ast-page-background-enabled":"default","ast-page-background-meta":{"desktop":{"background-color":"var(--ast-global-color-4)","background-image":"","background-repeat":"repeat","background-position":"center center","background-size":"auto","background-attachment":"scroll","background-type":"","background-media":"","overlay-type":"","overlay-color":"","overlay-opacity":"","overlay-gradient":""},"tablet":{"background-color":"","background-image":"","background-repeat":"repeat","background-position":"center center","background-size":"auto","background-attachment":"scroll","background-type":"","background-media":"","overlay-type":"","overlay-color":"","overlay-opacity":"","overlay-gradient":""},"mobile":{"background-color":"","background-image":"","background-repeat":"repeat","background-position":"center center","background-size":"auto","background-attachment":"scroll","background-type":"","background-media":"","overlay-type":"","overlay-color":"","overlay-opacity":"","overlay-gradient":""}},"ast-content-background-meta":{"desktop":{"background-color":"var(--ast-global-color-5)","background-image":"","background-repeat":"repeat","background-position":"center center","background-size":"auto","background-attachment":"scroll","background-type":"","background-media":"","overlay-type":"","overlay-color":"","overlay-opacity":"","overlay-gradient":""},"tablet":{"background-color":"var(--ast-global-color-5)","background-image":"","background-repeat":"repeat","background-position":"center center","background-size":"auto","background-attachment":"scroll","background-type":"","background-media":"","overlay-type":"","overlay-color":"","overlay-opacity":"","overlay-gradient":""},"mobile":{"background-color":"var(--ast-global-color-5)","background-image":"","background-repeat":"repeat","background-position":"center center","background-size":"auto","background-attachment":"scroll","background-type":"","background-media":"","overlay-type":"","overlay-color":"","overlay-opacity":"","overlay-gradient":""}}},"pwb-brand":[332],"product_brand":[],"product_cat":[410,878],"product_tag":[],"class_list":{"0":"post-6911","1":"product","2":"type-product","3":"status-publish","4":"has-post-thumbnail","6":"pwb-brand-victron","7":"product_cat-material-electrico","8":"product_cat-cables-victron","9":"desktop-align-left","10":"tablet-align-left","11":"mobile-align-left","12":"ast-product-gallery-layout-horizontal-slider","13":"ast-product-tabs-layout-horizontal","15":"first","16":"instock","17":"taxable","18":"shipping-taxable","19":"purchasable","20":"product-type-simple"},"wcpa_form_fields":null,"brands":[{"id":332,"name":"Victron Energia","slug":"victron"}],"_links":{"self":[{"href":"https:\/\/fvcomponentes.com\/pt\/wp-json\/wp\/v2\/product\/6911","targetHints":{"allow":["GET"]}}],"collection":[{"href":"https:\/\/fvcomponentes.com\/pt\/wp-json\/wp\/v2\/product"}],"about":[{"href":"https:\/\/fvcomponentes.com\/pt\/wp-json\/wp\/v2\/types\/product"}],"replies":[{"embeddable":true,"href":"https:\/\/fvcomponentes.com\/pt\/wp-json\/wp\/v2\/comments?post=6911"}],"wp:featuredmedia":[{"embeddable":true,"href":"https:\/\/fvcomponentes.com\/pt\/wp-json\/wp\/v2\/media\/6916"}],"wp:attachment":[{"href":"https:\/\/fvcomponentes.com\/pt\/wp-json\/wp\/v2\/media?parent=6911"}],"wp:term":[{"taxonomy":"pwb-brand","embeddable":true,"href":"https:\/\/fvcomponentes.com\/pt\/wp-json\/wp\/v2\/pwb-brand?post=6911"},{"taxonomy":"product_brand","embeddable":true,"href":"https:\/\/fvcomponentes.com\/pt\/wp-json\/wp\/v2\/product_brand?post=6911"},{"taxonomy":"product_cat","embeddable":true,"href":"https:\/\/fvcomponentes.com\/pt\/wp-json\/wp\/v2\/product_cat?post=6911"},{"taxonomy":"product_tag","embeddable":true,"href":"https:\/\/fvcomponentes.com\/pt\/wp-json\/wp\/v2\/product_tag?post=6911"}],"curies":[{"name":"wp","href":"https:\/\/api.w.org\/{rel}","templated":true}]}}