{"id":6899,"date":"2023-10-24T08:21:06","date_gmt":"2023-10-24T06:21:06","guid":{"rendered":"https:\/\/fvcomponentes.com\/?post_type=product&#038;p=6899"},"modified":"2026-01-15T10:10:13","modified_gmt":"2026-01-15T09:10:13","slug":"regulador-victron-smartsolar-mppt-250-70-mc4-ve-can-scc125070521","status":"publish","type":"product","link":"https:\/\/fvcomponentes.com\/pt\/producto\/regulador-victron-smartsolar-mppt-250-70-mc4-ve-can-scc125070521\/","title":{"rendered":"Controlador Victron SmartSolar Mppt 250\/70 MC4 VE.CAN - SCC125070521"},"content":{"rendered":"<h2>Controlador Victron SmartSolar Mppt 250\/70 MC4 VE.CAN - SCC125070521<\/h2>\n<div>Com o controlador SmartSolar Mppt 250\/70 MC4 VE.CAN da Victron, pode desfrutar de uma corrente de carregamento de at\u00e9 70 Amperes e uma tens\u00e3o PV de at\u00e9 250 Volt. O controlador SmartSolar Mppt 250\/70 MC4 VE.CAN da Victron pode carregar uma bateria com uma tens\u00e3o nominal inferior a partir de pain\u00e9is fotovoltaicos com uma tens\u00e3o nominal superior de, pelo menos, +5V. O controlador SmartSolar ajustar\u00e1 automaticamente a tens\u00e3o nominal da bateria para 12, 24V uma vez ligado ao controlador.<\/div>\n<p>&nbsp;<\/p>\n<p><strong>Bluetooth inteligente integrado<\/strong><br \/>\nA solu\u00e7\u00e3o sem fios para configurar, monitorizar, atualizar e sincronizar os controladores de carga SmartSolar.<\/p>\n<p><strong>Seguimento ultrarr\u00e1pido do ponto de pot\u00eancia m\u00e1xima (MPPT)<\/strong><br \/>\nEspecialmente sob c\u00e9u nublado, quando a intensidade da luz muda continuamente, um controlador MPPT ultrarr\u00e1pido melhorar\u00e1 a capta\u00e7\u00e3o de energia at\u00e9 30% em compara\u00e7\u00e3o com os controladores de carga PWM, e at\u00e9 10% em compara\u00e7\u00e3o com os controladores MPPT mais lentos.<\/p>\n<p><strong>Dete\u00e7\u00e3o avan\u00e7ada do ponto de m\u00e1xima pot\u00eancia em caso de nebulosidade parcial<\/strong><br \/>\nEm caso de cobertura parcial de nuvens, podem ocorrer dois ou mais pontos de pot\u00eancia m\u00e1xima (MPP) na curva de tens\u00e3o de carga. Os MPPT convencionais seleccionam normalmente um MPP local, que n\u00e3o \u00e9 necessariamente o MPP ideal. O algoritmo inovador da SmartSolar maximizar\u00e1 sempre a recolha de energia, seleccionando o MPP ideal.<\/p>\n<p><strong>Efici\u00eancia de convers\u00e3o excecional<\/strong><br \/>\nSem ventoinha. A efici\u00eancia m\u00e1xima \u00e9 superior a 98%.<\/p>\n<p><strong>Algoritmo de carregamento flex\u00edvel<\/strong><br \/>\nUm algoritmo de carregamento totalmente program\u00e1vel (ver a p\u00e1gina de software do nosso site) e oito algoritmos de carregamento pr\u00e9-programados, que podem ser escolhidos com um seletor rotativo (ver manual para mais informa\u00e7\u00f5es).<\/p>\n<p><strong>Ampla prote\u00e7\u00e3o eletr\u00f3nica<\/strong><br \/>\nProte\u00e7\u00e3o contra sobreaquecimento e redu\u00e7\u00e3o da pot\u00eancia em caso de temperatura elevada. Prote\u00e7\u00e3o contra curto-circuitos e invers\u00e3o de polaridade nos pain\u00e9is fotovoltaicos. Prote\u00e7\u00e3o contra corrente inversa PV.<\/p>\n<p><strong>Sensor de temperatura interna<\/strong><br \/>\nCompensa a tens\u00e3o de carga de absor\u00e7\u00e3o e de flutua\u00e7\u00e3o, em fun\u00e7\u00e3o da temperatura.<\/p>\n<p><strong>Sensor externo opcional de tens\u00e3o e temperatura da bateria via Bluetooth<\/strong><br \/>\nPode ser utilizado um sensor Smart Battery Sense ou um monitor de bateria inteligente BMV-712 para comunicar a tens\u00e3o e a temperatura da bateria a um ou mais controladores de carga.<br \/>\nSmartSolar.<\/p>\n<p><strong>Fun\u00e7\u00e3o de recupera\u00e7\u00e3o de bateria totalmente descarregada<\/strong><br \/>\nCome\u00e7a a carregar mesmo que a bateria esteja descarregada at\u00e9 zero volts. Volta a ligar-se a uma bateria de i\u00f5es de l\u00edtio totalmente descarregada com a fun\u00e7\u00e3o de desconex\u00e3o interna.<\/p>\n<p><strong>VE.Direct<\/strong><br \/>\nPara uma liga\u00e7\u00e3o de dados com fios a um Color Control GX, outros produtos GX, PC ou outros dispositivos.<\/p>\n<h2>Ficha t\u00e9cnica Controlador Victron SmartSolar Mppt 250\/70 MC4 VE.CAN - SCC125070521<\/h2>\n<p><a href=\"https:\/\/fvcomponentes.com\/wp-content\/uploads\/2023\/04\/SmartSolar-charge-controller-MPPT-250-70-up-to-250-100-VE.Can-ES.pdf\" target=\"_blank\" rel=\"noopener\">Ver ficha de dados Victron SmartSolar Mppt 250\/70 MC4 VE.CAN - SCC125070521<\/a><\/p>\n<h2>Manual Victron SmartSolar Mppt 250\/70 MC4 VE.CAN Controller - SCC125070521<\/h2>\n<p><a href=\"https:\/\/fvcomponentes.com\/wp-content\/uploads\/2025\/10\/29694-MPPT_solar_charger_manual-pdf-es-9.pdf\" target=\"_blank\" rel=\"noopener\">Ver manual do controlador SmartSolar Mppt 250\/70 MC4 VE.CAN da Victron - SCC125070521<\/a><\/p>","protected":false},"excerpt":{"rendered":"<ul>\n<li><span style=\"color: #99cc00\"><strong>Equipamento Bluetooth.<\/strong><\/span><\/li>\n<li><strong>Gest\u00e3o por <a href=\"https:\/\/play.google.com\/store\/apps\/details?id=com.victronenergy.victronconnect&amp;pcampaignid=web_share\" target=\"_blank\" rel=\"noopener\">Aplica\u00e7\u00e3o VictronConnect<\/a><\/strong><\/li>\n<li><strong>Corrente de carga nominal:\u00a0<\/strong>70 A<\/li>\n<li><strong>Efici\u00eancia m\u00e1xima:\u00a0<\/strong>99%<\/li>\n<li><strong>Tens\u00e3o da bateria:<\/strong> Ajuste autom\u00e1tico para 12, 24 ou 48 V<\/li>\n<li><strong>Auto-consumo:\u00a0<\/strong>Menos de 35 mA a 12 V \/ 20 mA a 48 V<\/li>\n<li><strong>Pot\u00eancia fotovoltaica nominal:<\/strong> 12 V - 1000 W<\/li>\n<li><strong>Pot\u00eancia fotovoltaica nominal:<\/strong> 24 V - 2000 W<\/li>\n<li><strong>Pot\u00eancia fotovoltaica nominal:<\/strong> 36 V - 3000 W<\/li>\n<li><strong>Pot\u00eancia fotovoltaica nominal:<\/strong> 48 V - 4000 W<\/li>\n<\/ul>","protected":false},"featured_media":6903,"comment_status":"open","ping_status":"closed","template":"","meta":{"site-sidebar-layout":"default","site-content-layout":"default","ast-site-content-layout":"default","site-content-style":"default","site-sidebar-style":"default","ast-global-header-display":"","ast-banner-title-visibility":"","ast-main-header-display":"","ast-hfb-above-header-display":"","ast-hfb-below-header-display":"","ast-hfb-mobile-header-display":"","site-post-title":"","ast-breadcrumbs-content":"","ast-featured-img":"","footer-sml-layout":"","ast-disable-related-posts":"","theme-transparent-header-meta":"default","adv-header-id-meta":"","stick-header-meta":"","header-above-stick-meta":"","header-main-stick-meta":"","header-below-stick-meta":"","astra-migrate-meta-layouts":"set","ast-page-background-enabled":"default","ast-page-background-meta":{"desktop":{"background-color":"var(--ast-global-color-4)","background-image":"","background-repeat":"repeat","background-position":"center center","background-size":"auto","background-attachment":"scroll","background-type":"","background-media":"","overlay-type":"","overlay-color":"","overlay-opacity":"","overlay-gradient":""},"tablet":{"background-color":"","background-image":"","background-repeat":"repeat","background-position":"center center","background-size":"auto","background-attachment":"scroll","background-type":"","background-media":"","overlay-type":"","overlay-color":"","overlay-opacity":"","overlay-gradient":""},"mobile":{"background-color":"","background-image":"","background-repeat":"repeat","background-position":"center center","background-size":"auto","background-attachment":"scroll","background-type":"","background-media":"","overlay-type":"","overlay-color":"","overlay-opacity":"","overlay-gradient":""}},"ast-content-background-meta":{"desktop":{"background-color":"var(--ast-global-color-5)","background-image":"","background-repeat":"repeat","background-position":"center center","background-size":"auto","background-attachment":"scroll","background-type":"","background-media":"","overlay-type":"","overlay-color":"","overlay-opacity":"","overlay-gradient":""},"tablet":{"background-color":"var(--ast-global-color-5)","background-image":"","background-repeat":"repeat","background-position":"center center","background-size":"auto","background-attachment":"scroll","background-type":"","background-media":"","overlay-type":"","overlay-color":"","overlay-opacity":"","overlay-gradient":""},"mobile":{"background-color":"var(--ast-global-color-5)","background-image":"","background-repeat":"repeat","background-position":"center center","background-size":"auto","background-attachment":"scroll","background-type":"","background-media":"","overlay-type":"","overlay-color":"","overlay-opacity":"","overlay-gradient":""}}},"pwb-brand":[332],"product_brand":[],"product_cat":[353,371],"product_tag":[],"class_list":{"0":"post-6899","1":"product","2":"type-product","3":"status-publish","4":"has-post-thumbnail","6":"pwb-brand-victron","7":"product_cat-reguladores-de-carga-solares","8":"product_cat-reguladores-mppt","9":"desktop-align-left","10":"tablet-align-left","11":"mobile-align-left","12":"ast-product-gallery-layout-horizontal-slider","13":"ast-product-tabs-layout-horizontal","15":"first","16":"instock","17":"taxable","18":"shipping-taxable","19":"purchasable","20":"product-type-simple"},"wcpa_form_fields":null,"brands":[{"id":332,"name":"Victron Energia","slug":"victron"}],"_links":{"self":[{"href":"https:\/\/fvcomponentes.com\/pt\/wp-json\/wp\/v2\/product\/6899","targetHints":{"allow":["GET"]}}],"collection":[{"href":"https:\/\/fvcomponentes.com\/pt\/wp-json\/wp\/v2\/product"}],"about":[{"href":"https:\/\/fvcomponentes.com\/pt\/wp-json\/wp\/v2\/types\/product"}],"replies":[{"embeddable":true,"href":"https:\/\/fvcomponentes.com\/pt\/wp-json\/wp\/v2\/comments?post=6899"}],"wp:featuredmedia":[{"embeddable":true,"href":"https:\/\/fvcomponentes.com\/pt\/wp-json\/wp\/v2\/media\/6903"}],"wp:attachment":[{"href":"https:\/\/fvcomponentes.com\/pt\/wp-json\/wp\/v2\/media?parent=6899"}],"wp:term":[{"taxonomy":"pwb-brand","embeddable":true,"href":"https:\/\/fvcomponentes.com\/pt\/wp-json\/wp\/v2\/pwb-brand?post=6899"},{"taxonomy":"product_brand","embeddable":true,"href":"https:\/\/fvcomponentes.com\/pt\/wp-json\/wp\/v2\/product_brand?post=6899"},{"taxonomy":"product_cat","embeddable":true,"href":"https:\/\/fvcomponentes.com\/pt\/wp-json\/wp\/v2\/product_cat?post=6899"},{"taxonomy":"product_tag","embeddable":true,"href":"https:\/\/fvcomponentes.com\/pt\/wp-json\/wp\/v2\/product_tag?post=6899"}],"curies":[{"name":"wp","href":"https:\/\/api.w.org\/{rel}","templated":true}]}}