{"id":6891,"date":"2023-09-13T09:45:07","date_gmt":"2023-09-13T07:45:07","guid":{"rendered":"https:\/\/fvcomponentes.com\/?post_type=product&#038;p=6891"},"modified":"2026-04-08T21:35:48","modified_gmt":"2026-04-08T19:35:48","slug":"regulador-victron-smartsolar-mppt-150-100-mc4-ve-can-scc115110511","status":"publish","type":"product","link":"https:\/\/fvcomponentes.com\/pt\/producto\/regulador-victron-smartsolar-mppt-150-100-mc4-ve-can-scc115110511\/","title":{"rendered":"Controlador Victron SmartSolar MPPT 150\/100-MC4 VE.can - SCC115110511"},"content":{"rendered":"<h2>Controlador Victron SmartSolar MPPT 150\/100-MC4 VE.can<\/h2>\n<p>Em condi\u00e7\u00f5es de luz vari\u00e1veis, o controlador SmartSolar MPPT 150\/100-MC4 VE.can da Victron consegue 30 % mais energia do que o PWM e 10 % mais do que o MPPT tradicional. Gra\u00e7as ao seu algoritmo SmartSolar, seleciona o MPP \u00f3timo em condi\u00e7\u00f5es de nebulosidade, conseguindo uma efici\u00eancia superior a 98 % sem ventilador. Al\u00e9m disso, consegue uma prote\u00e7\u00e3o total e um carregamento personaliz\u00e1vel.<\/p>\n<p>Por fim, a sua conetividade Bluetooth permite um controlo preciso e uma recupera\u00e7\u00e3o inteligente. Tudo isto gra\u00e7as ao seu multi-controlo simplificado, \u00e0s liga\u00e7\u00f5es vers\u00e1teis num ecr\u00e3 opcional.<\/p>\n<h2>Carater\u00edsticas do controlador Victron SmartSolar MPPT 150\/100-MC4 VE.can<\/h2>\n<ul>\n<li><strong>Supere os desafios da energia solar com o rastreamento MPPT ultrarr\u00e1pido<\/strong><\/li>\n<\/ul>\n<p>Em condi\u00e7\u00f5es vari\u00e1veis, o , obt\u00e9m at\u00e9 30 % mais pot\u00eancia do que os controladores PWM e 10 % mais do que os MPPT tradicionais.<\/p>\n<ul>\n<li><strong>Otimiza\u00e7\u00e3o inteligente com MPPT em condi\u00e7\u00f5es de nebulosidade<\/strong><\/li>\n<\/ul>\n<p>O nosso algoritmo SmartSolar selecciona sempre o ponto de pot\u00eancia m\u00e1xima (MPP) ideal, mesmo com cobertura parcial de nuvens, garantindo a m\u00e1xima capta\u00e7\u00e3o de energia.<\/p>\n<ul>\n<li><strong>Efici\u00eancia sem compromisso<\/strong><\/li>\n<\/ul>\n<p>Excede a efici\u00eancia de convers\u00e3o sem ventoinha 98 %, maximizando o desempenho.<\/p>\n<ul>\n<li><strong>Controlo personalizado e prote\u00e7\u00e3o completa<\/strong>\n<ul>\n<li>Programe o seu algoritmo de carregamento a partir de oito op\u00e7\u00f5es, apoiado por uma prote\u00e7\u00e3o contra temperaturas extremas, curto-circuitos e muito mais.<\/li>\n<li>Prote\u00e7\u00e3o contra sobreaquecimento e redu\u00e7\u00e3o da pot\u00eancia em caso de temperatura elevada.<\/li>\n<li>Prote\u00e7\u00e3o contra curto-circuitos e invers\u00e3o de polaridade em pain\u00e9is fotovoltaicos. Prote\u00e7\u00e3o contra corrente inversa PV.<\/li>\n<\/ul>\n<\/li>\n<\/ul>\n<ul>\n<li><strong>Conectividade Bluetooth simplificada<\/strong><\/li>\n<\/ul>\n<p>Domine os seus controladores SmartSolar com a conetividade sem fios Bluetooth Smart, desde a configura\u00e7\u00e3o \u00e0 monitoriza\u00e7\u00e3o.<\/p>\n<ul>\n<li><strong>Monitoriza\u00e7\u00e3o exacta atrav\u00e9s de Bluetooth<\/strong><\/li>\n<\/ul>\n<p>Utiliza sensores para comunicar a tens\u00e3o, a temperatura e a corrente da bateria, optimizando o desempenho.<\/p>\n<p>Um sensor Smart Battery Sense, um monitor de bateria inteligente BMV-712 ou um SmartShunt podem ser utilizados para comunicar a tens\u00e3o e a temperatura da bateria (e a corrente, no caso de um BMV-712 ou SmartShunt) a um ou mais controladores de carga SmartSolar.<\/p>\n<ul>\n<li><strong>Recupera\u00e7\u00e3o inteligente da bateria<\/strong><\/li>\n<\/ul>\n<p>Mesmo com uma descarga total, o nosso sistema reinicia o carregamento, o que o torna ideal para baterias de i\u00f5es de l\u00edtio.<\/p>\n<ul>\n<li><strong>Controlo m\u00faltiplo simplificado<\/strong><\/li>\n<\/ul>\n<p>Sincronize at\u00e9 25 unidades com VE.Can e at\u00e9 10 unidades com Bluetooth para um controlo integrado.<\/p>\n<ul>\n<li><strong>Liga\u00e7\u00f5es vers\u00e1teis<\/strong><\/li>\n<\/ul>\n<p>Escolha entre VE.Direct ou VE.Can para ligar a v\u00e1rios dispositivos e sistemas.<\/p>\n<ul>\n<li><strong>Controlo remoto para flexibilidade<\/strong><\/li>\n<\/ul>\n<p>Ativa\u00e7\u00e3o e desativa\u00e7\u00e3o remotas para maior controlo, liga\u00e7\u00e3o ao VE.BUS BMS e muito mais.<\/p>\n<ul>\n<li><strong>Personalizar com um ecr\u00e3 opcional<\/strong><\/li>\n<\/ul>\n<p>Melhore o seu sistema com o ecr\u00e3 LCD SmartSolar opcional, que simplifica a visualiza\u00e7\u00e3o e o controlo.<\/p>\n<h2>Ficha t\u00e9cnica Controlador Victron SmartSolar MPPT 150\/100-MC4 VE.can - SCC115110511<\/h2>\n<p><a href=\"https:\/\/fvcomponentes.com\/wp-content\/uploads\/2023\/04\/controlador-de-CARGA-smartsolaer.pdf\" target=\"_blank\" rel=\"noopener\">Ficha t\u00e9cnica Controlador Victron SmartSolar MPPT 150\/100-MC4 VE.can - SCC115110511<\/a><\/p>\n<h2>Manual Controlador Victron SmartSolar MPPT 150\/100-MC4 VE.can - SCC115110511<\/h2>\n<p><a href=\"https:\/\/fvcomponentes.com\/wp-content\/uploads\/2025\/10\/29694-MPPT_solar_charger_manual-pdf-es-9.pdf\" target=\"_blank\" rel=\"noopener\">Manual do controlador Victron SmartSolar MPPT 150\/100-MC4 VE.can - SCC115110511<\/a><\/p>","protected":false},"excerpt":{"rendered":"<ul>\n<li><span style=\"color: #99cc00\"><strong>Equipamento Bluetooth.<\/strong><\/span><\/li>\n<li><strong>Gest\u00e3o por <a href=\"https:\/\/play.google.com\/store\/apps\/details?id=com.victronenergy.victronconnect&amp;pcampaignid=web_share\" target=\"_blank\" rel=\"noopener\">Aplica\u00e7\u00e3o VictronConnect<\/a><\/strong><\/li>\n<li><strong>Corrente de carga nominal: <\/strong>100 A<\/li>\n<li><strong>Efici\u00eancia m\u00e1xima:\u00a0<\/strong>98%<\/li>\n<li><strong>Auto-consumo:\u00a0<\/strong>Menos de 35 mA a 12 V \/ 20 mA a 48 V<\/li>\n<\/ul>","protected":false},"featured_media":32040,"comment_status":"open","ping_status":"closed","template":"","meta":{"site-sidebar-layout":"default","site-content-layout":"default","ast-site-content-layout":"default","site-content-style":"default","site-sidebar-style":"default","ast-global-header-display":"","ast-banner-title-visibility":"","ast-main-header-display":"","ast-hfb-above-header-display":"","ast-hfb-below-header-display":"","ast-hfb-mobile-header-display":"","site-post-title":"","ast-breadcrumbs-content":"","ast-featured-img":"","footer-sml-layout":"","ast-disable-related-posts":"","theme-transparent-header-meta":"default","adv-header-id-meta":"","stick-header-meta":"","header-above-stick-meta":"","header-main-stick-meta":"","header-below-stick-meta":"","astra-migrate-meta-layouts":"set","ast-page-background-enabled":"default","ast-page-background-meta":{"desktop":{"background-color":"var(--ast-global-color-4)","background-image":"","background-repeat":"repeat","background-position":"center center","background-size":"auto","background-attachment":"scroll","background-type":"","background-media":"","overlay-type":"","overlay-color":"","overlay-opacity":"","overlay-gradient":""},"tablet":{"background-color":"","background-image":"","background-repeat":"repeat","background-position":"center center","background-size":"auto","background-attachment":"scroll","background-type":"","background-media":"","overlay-type":"","overlay-color":"","overlay-opacity":"","overlay-gradient":""},"mobile":{"background-color":"","background-image":"","background-repeat":"repeat","background-position":"center center","background-size":"auto","background-attachment":"scroll","background-type":"","background-media":"","overlay-type":"","overlay-color":"","overlay-opacity":"","overlay-gradient":""}},"ast-content-background-meta":{"desktop":{"background-color":"var(--ast-global-color-5)","background-image":"","background-repeat":"repeat","background-position":"center center","background-size":"auto","background-attachment":"scroll","background-type":"","background-media":"","overlay-type":"","overlay-color":"","overlay-opacity":"","overlay-gradient":""},"tablet":{"background-color":"var(--ast-global-color-5)","background-image":"","background-repeat":"repeat","background-position":"center center","background-size":"auto","background-attachment":"scroll","background-type":"","background-media":"","overlay-type":"","overlay-color":"","overlay-opacity":"","overlay-gradient":""},"mobile":{"background-color":"var(--ast-global-color-5)","background-image":"","background-repeat":"repeat","background-position":"center center","background-size":"auto","background-attachment":"scroll","background-type":"","background-media":"","overlay-type":"","overlay-color":"","overlay-opacity":"","overlay-gradient":""}}},"pwb-brand":[332],"product_brand":[],"product_cat":[353,371],"product_tag":[],"class_list":{"0":"post-6891","1":"product","2":"type-product","3":"status-publish","4":"has-post-thumbnail","6":"pwb-brand-victron","7":"product_cat-reguladores-de-carga-solares","8":"product_cat-reguladores-mppt","9":"desktop-align-left","10":"tablet-align-left","11":"mobile-align-left","12":"ast-product-gallery-layout-horizontal-slider","13":"ast-product-tabs-layout-horizontal","15":"first","16":"instock","17":"taxable","18":"shipping-taxable","19":"purchasable","20":"product-type-simple"},"wcpa_form_fields":null,"brands":[{"id":332,"name":"Victron Energia","slug":"victron"}],"_links":{"self":[{"href":"https:\/\/fvcomponentes.com\/pt\/wp-json\/wp\/v2\/product\/6891","targetHints":{"allow":["GET"]}}],"collection":[{"href":"https:\/\/fvcomponentes.com\/pt\/wp-json\/wp\/v2\/product"}],"about":[{"href":"https:\/\/fvcomponentes.com\/pt\/wp-json\/wp\/v2\/types\/product"}],"replies":[{"embeddable":true,"href":"https:\/\/fvcomponentes.com\/pt\/wp-json\/wp\/v2\/comments?post=6891"}],"wp:featuredmedia":[{"embeddable":true,"href":"https:\/\/fvcomponentes.com\/pt\/wp-json\/wp\/v2\/media\/32040"}],"wp:attachment":[{"href":"https:\/\/fvcomponentes.com\/pt\/wp-json\/wp\/v2\/media?parent=6891"}],"wp:term":[{"taxonomy":"pwb-brand","embeddable":true,"href":"https:\/\/fvcomponentes.com\/pt\/wp-json\/wp\/v2\/pwb-brand?post=6891"},{"taxonomy":"product_brand","embeddable":true,"href":"https:\/\/fvcomponentes.com\/pt\/wp-json\/wp\/v2\/product_brand?post=6891"},{"taxonomy":"product_cat","embeddable":true,"href":"https:\/\/fvcomponentes.com\/pt\/wp-json\/wp\/v2\/product_cat?post=6891"},{"taxonomy":"product_tag","embeddable":true,"href":"https:\/\/fvcomponentes.com\/pt\/wp-json\/wp\/v2\/product_tag?post=6891"}],"curies":[{"name":"wp","href":"https:\/\/api.w.org\/{rel}","templated":true}]}}