{"id":6884,"date":"2023-09-13T09:19:24","date_gmt":"2023-09-13T07:19:24","guid":{"rendered":"https:\/\/fvcomponentes.com\/?post_type=product&#038;p=6884"},"modified":"2026-01-15T10:09:57","modified_gmt":"2026-01-15T09:09:57","slug":"regulador-victron-smartsolar-mppt-150-85-mc4-ve-can-scc115085511","status":"publish","type":"product","link":"https:\/\/fvcomponentes.com\/pt\/producto\/regulador-victron-smartsolar-mppt-150-85-mc4-ve-can-scc115085511\/","title":{"rendered":"Controlador Victron SmartSolar MPPT 150\/85 MC4 VE.can - SCC115085511"},"content":{"rendered":"<p>A tecnologia ultra-r\u00e1pida do Controlador SmartSolar MPPT 150\/85 MC4 VE.can da Victron maximiza a recolha de energia solar em condi\u00e7\u00f5es nubladas e vari\u00e1veis, superando os controladores tradicionais num 30%. Ideal para sistemas residenciais, comerciais e industriais, a sua efici\u00eancia e a dete\u00e7\u00e3o \u00f3ptima do ponto de pot\u00eancia m\u00e1xima garantem um desempenho excecional e poupan\u00e7as significativas. Conectividade Bluetooth, controlo remoto e aplica\u00e7\u00f5es vers\u00e1teis.<\/p>\n<h2>Caracter\u00edsticas do Controlador Victron SmartSolar MPPT 150\/85 MC4 VE.can - SCC115085511<\/h2>\n<ul>\n<li><strong>Otimiza\u00e7\u00e3o energ\u00e9tica com MPPT ultrarr\u00e1pido: <\/strong>\u00a0Aproveita ao m\u00e1ximo a energia solar em condi\u00e7\u00f5es de c\u00e9u nublado e flutua\u00e7\u00f5es de luz. Al\u00e9m disso, o MPPT ultrarr\u00e1pido aumenta a capta\u00e7\u00e3o at\u00e9 30%, superando os controladores PWM em 10%.<\/li>\n<li><strong>Dete\u00e7\u00e3o avan\u00e7ada de pontos de pot\u00eancia m\u00e1xima em nuvens parciais: <\/strong>Em caso de cobertura parcial de nuvens, podem ocorrer v\u00e1rios pontos de pot\u00eancia m\u00e1xima (MPP) na curva de tens\u00e3o de carga. No entanto, os MPPTs convencionais nem sempre seleccionam o MPP ideal, pelo que este utiliza um algoritmo SmartSolar que selecciona sempre o MPP ideal para a recolha m\u00e1xima de energia.<\/li>\n<li><strong>Efici\u00eancia excecional e algoritmo de carregamento flex\u00edvel com o controlador SmartSolar MPPT 150\/85 MC4 VE.can da Victron: <\/strong>Este controlador de carga atinge uma efici\u00eancia m\u00e1xima mais elevada do que o 98% sem ventoinha, gra\u00e7as ao seu algoritmo de carregamento flex\u00edvel e personaliz\u00e1vel. Al\u00e9m disso, disp\u00f5e de 8 op\u00e7\u00f5es pr\u00e9-programadas.<\/li>\n<li><strong>Prote\u00e7\u00e3o eletr\u00f3nica integral gra\u00e7as ao controlador Victron SmartSolar MPPT 150\/85 MC4 VE.can: <\/strong>Suportado por prote\u00e7\u00e3o contra sobreaquecimento, curto-circuito e invers\u00e3o de polaridade.<\/li>\n<li><strong>Conectividade Bluetooth Smart integrada no controlador Victron SmartSolar MPPT 150\/85 MC4 VE.can: <\/strong>Configurar, controlar e sincronizar sem fios os controladores de carga SmartSolar, e at\u00e9 monitorizar dados precisos atrav\u00e9s de sensores internos e opcionais via Bluetooth.<\/li>\n<li><strong>Recupera\u00e7\u00e3o da bateria descarregada e controlo m\u00faltiplo simplificado: <\/strong>\n<ul>\n<li>O controlador de carga Victron 150\/85-MC4VE.can recupera baterias descarregadas mesmo a partir de zero volts.<\/li>\n<li>Sincronize at\u00e9 25 unidades com VE.Can e 10 unidades com Bluetooth para uma gest\u00e3o conjunta.<\/li>\n<\/ul>\n<\/li>\n<li><strong>Liga\u00e7\u00f5es vers\u00e1teis e controlo remoto com o controlador Victron SmartSolar MPPT 150\/85 MC4 VE.can<\/strong>\n<ul>\n<li>Escolha entre liga\u00e7\u00f5es VE.Direct ou VE.Can para v\u00e1rios dispositivos.<\/li>\n<li>Controlo remoto via VE.BUS BMS e programa\u00e7\u00e3o de eventos com rel\u00e9 program\u00e1vel.<\/li>\n<\/ul>\n<\/li>\n<li><strong>Op\u00e7\u00e3o de ecr\u00e3 LCD no controlador Victron SmartSolar MPPT 150\/85 MC4 VE.can<\/strong>\n<ul>\n<li>Personalize ainda mais o seu sistema com o ecr\u00e3 LCD SmartSolar opcional.<\/li>\n<li>Liga\u00e7\u00e3o f\u00e1cil para um controlo avan\u00e7ado.<\/li>\n<\/ul>\n<\/li>\n<\/ul>\n<h2>Ficha t\u00e9cnica Controlador Victron SmartSolar MPPT 150\/85 MC4 VE.can - SCC115085511<\/h2>\n<p><a href=\"https:\/\/fvcomponentes.com\/wp-content\/uploads\/2023\/04\/controlador-de-CARGA-smartsolaer.pdf\" target=\"_blank\" rel=\"noopener\">Ficha t\u00e9cnica Controlador Victron SmartSolar MPPT 150\/85 MC4 VE.can - SCC115085511<\/a><\/p>\n<h2>Manual Controlador Victron SmartSolar MPPT 150\/85 MC4 VE.can - SCC115085511<\/h2>\n<p><a href=\"https:\/\/fvcomponentes.com\/wp-content\/uploads\/2025\/10\/29694-MPPT_solar_charger_manual-pdf-es-9.pdf\" target=\"_blank\" rel=\"noopener\">Manual do controlador Victron SmartSolar MPPT 150\/85 MC4 VE.can - SCC115085511<\/a><\/p>","protected":false},"excerpt":{"rendered":"<ul>\n<li><span style=\"color: #99cc00\"><strong>Equipamento Bluetooth<\/strong><\/span><\/li>\n<li><strong>Gest\u00e3o por <a href=\"https:\/\/play.google.com\/store\/apps\/details?id=com.victronenergy.victronconnect&amp;pcampaignid=web_share\" target=\"_blank\" rel=\"noopener\">Aplica\u00e7\u00e3o VictronConnect<\/a><\/strong><\/li>\n<li><strong>Corrente de carga nominal: <\/strong>85 A<\/li>\n<li><strong>Efici\u00eancia m\u00e1xima:\u00a0<\/strong>98%<\/li>\n<li><strong>Auto-consumo:\u00a0<\/strong>Menos de 35 mA a 12 V \/ 20 mA a 48 V<\/li>\n<\/ul>","protected":false},"featured_media":6886,"comment_status":"open","ping_status":"closed","template":"","meta":{"site-sidebar-layout":"default","site-content-layout":"default","ast-site-content-layout":"default","site-content-style":"default","site-sidebar-style":"default","ast-global-header-display":"","ast-banner-title-visibility":"","ast-main-header-display":"","ast-hfb-above-header-display":"","ast-hfb-below-header-display":"","ast-hfb-mobile-header-display":"","site-post-title":"","ast-breadcrumbs-content":"","ast-featured-img":"","footer-sml-layout":"","ast-disable-related-posts":"","theme-transparent-header-meta":"default","adv-header-id-meta":"","stick-header-meta":"","header-above-stick-meta":"","header-main-stick-meta":"","header-below-stick-meta":"","astra-migrate-meta-layouts":"set","ast-page-background-enabled":"default","ast-page-background-meta":{"desktop":{"background-color":"var(--ast-global-color-4)","background-image":"","background-repeat":"repeat","background-position":"center center","background-size":"auto","background-attachment":"scroll","background-type":"","background-media":"","overlay-type":"","overlay-color":"","overlay-opacity":"","overlay-gradient":""},"tablet":{"background-color":"","background-image":"","background-repeat":"repeat","background-position":"center center","background-size":"auto","background-attachment":"scroll","background-type":"","background-media":"","overlay-type":"","overlay-color":"","overlay-opacity":"","overlay-gradient":""},"mobile":{"background-color":"","background-image":"","background-repeat":"repeat","background-position":"center center","background-size":"auto","background-attachment":"scroll","background-type":"","background-media":"","overlay-type":"","overlay-color":"","overlay-opacity":"","overlay-gradient":""}},"ast-content-background-meta":{"desktop":{"background-color":"var(--ast-global-color-5)","background-image":"","background-repeat":"repeat","background-position":"center center","background-size":"auto","background-attachment":"scroll","background-type":"","background-media":"","overlay-type":"","overlay-color":"","overlay-opacity":"","overlay-gradient":""},"tablet":{"background-color":"var(--ast-global-color-5)","background-image":"","background-repeat":"repeat","background-position":"center center","background-size":"auto","background-attachment":"scroll","background-type":"","background-media":"","overlay-type":"","overlay-color":"","overlay-opacity":"","overlay-gradient":""},"mobile":{"background-color":"var(--ast-global-color-5)","background-image":"","background-repeat":"repeat","background-position":"center center","background-size":"auto","background-attachment":"scroll","background-type":"","background-media":"","overlay-type":"","overlay-color":"","overlay-opacity":"","overlay-gradient":""}}},"pwb-brand":[332],"product_brand":[],"product_cat":[353,371],"product_tag":[],"class_list":{"0":"post-6884","1":"product","2":"type-product","3":"status-publish","4":"has-post-thumbnail","6":"pwb-brand-victron","7":"product_cat-reguladores-de-carga-solares","8":"product_cat-reguladores-mppt","9":"desktop-align-left","10":"tablet-align-left","11":"mobile-align-left","12":"ast-product-gallery-layout-horizontal-slider","13":"ast-product-tabs-layout-horizontal","15":"first","16":"instock","17":"taxable","18":"shipping-taxable","19":"purchasable","20":"product-type-simple"},"wcpa_form_fields":null,"brands":[{"id":332,"name":"Victron Energia","slug":"victron"}],"_links":{"self":[{"href":"https:\/\/fvcomponentes.com\/pt\/wp-json\/wp\/v2\/product\/6884","targetHints":{"allow":["GET"]}}],"collection":[{"href":"https:\/\/fvcomponentes.com\/pt\/wp-json\/wp\/v2\/product"}],"about":[{"href":"https:\/\/fvcomponentes.com\/pt\/wp-json\/wp\/v2\/types\/product"}],"replies":[{"embeddable":true,"href":"https:\/\/fvcomponentes.com\/pt\/wp-json\/wp\/v2\/comments?post=6884"}],"wp:featuredmedia":[{"embeddable":true,"href":"https:\/\/fvcomponentes.com\/pt\/wp-json\/wp\/v2\/media\/6886"}],"wp:attachment":[{"href":"https:\/\/fvcomponentes.com\/pt\/wp-json\/wp\/v2\/media?parent=6884"}],"wp:term":[{"taxonomy":"pwb-brand","embeddable":true,"href":"https:\/\/fvcomponentes.com\/pt\/wp-json\/wp\/v2\/pwb-brand?post=6884"},{"taxonomy":"product_brand","embeddable":true,"href":"https:\/\/fvcomponentes.com\/pt\/wp-json\/wp\/v2\/product_brand?post=6884"},{"taxonomy":"product_cat","embeddable":true,"href":"https:\/\/fvcomponentes.com\/pt\/wp-json\/wp\/v2\/product_cat?post=6884"},{"taxonomy":"product_tag","embeddable":true,"href":"https:\/\/fvcomponentes.com\/pt\/wp-json\/wp\/v2\/product_tag?post=6884"}],"curies":[{"name":"wp","href":"https:\/\/api.w.org\/{rel}","templated":true}]}}