{"id":6879,"date":"2023-09-13T09:30:24","date_gmt":"2023-09-13T07:30:24","guid":{"rendered":"https:\/\/fvcomponentes.com\/?post_type=product&#038;p=6879"},"modified":"2026-04-08T21:35:06","modified_gmt":"2026-04-08T19:35:06","slug":"regulador-victron-smartsolar-mppt-150-70-mc4-ve-can-scc115070511","status":"publish","type":"product","link":"https:\/\/fvcomponentes.com\/pt\/producto\/regulador-victron-smartsolar-mppt-150-70-mc4-ve-can-scc115070511\/","title":{"rendered":"Controlador Victron SmartSolar MPPT 150\/70 MC4 VE.can - SCC115070511"},"content":{"rendered":"<p>Com o Controlador SmartSolar MPPT 150\/70 MC4 VE.can da Victron - SCC115070511 obt\u00e9m o m\u00e1ximo da energia solar com MPPT ultrarr\u00e1pido em dias nublados, aumentando a recolha em 30%. A nossa tecnologia SmartSolar detecta os melhores pontos de energia, alcan\u00e7ando uma efici\u00eancia superior a 98%. Oferecemos algoritmos de carregamento flex\u00edveis, prote\u00e7\u00e3o total e conetividade Bluetooth. Monitorize dados precisos via Bluetooth e recupere baterias descarregadas. Sincronize v\u00e1rias unidades e escolha entre liga\u00e7\u00f5es vers\u00e1teis. Personalize o seu sistema com um ecr\u00e3 LCD opcional.<\/p>\n<h2>Carater\u00edsticas do controlador Victron SmartSolar MPPT 150\/70 MC4 VE.can<\/h2>\n<ul>\n<li><strong>Otimiza\u00e7\u00e3o solar com seguimento ultrarr\u00e1pido do ponto de pot\u00eancia m\u00e1xima (MPPT): <\/strong>Em dias nublados, quando a luz flutua, o controlador ultrarr\u00e1pido Victron SmartSolar MPPT 150\/70 MC4 VE.can melhora a recolha de energia at\u00e9 30 % mais do que os controladores de carga PWM e at\u00e9 10 % mais do que os MPPTs lentos.<\/li>\n<\/ul>\n<ul>\n<li><strong>Dete\u00e7\u00e3o avan\u00e7ada do ponto de pot\u00eancia m\u00e1xima em condi\u00e7\u00f5es de nebulosidade: <\/strong>Durante a cobertura parcial de nuvens, podem surgir v\u00e1rios pontos de pot\u00eancia m\u00e1xima (MPP) na curva de tens\u00e3o de carga. Os MPPT tradicionais escolhem normalmente um MPP local, n\u00e3o necessariamente o melhor. O algoritmo inovador do SmartSolar selecciona sempre o MPP ideal para maximizar a capta\u00e7\u00e3o de energia.<\/li>\n<\/ul>\n<ul>\n<li><strong>Efici\u00eancia excecional e prote\u00e7\u00e3o completa: <\/strong>Este regulador atinge uma efici\u00eancia mais elevada do que o regulador sem ventoinha 98 %, com prote\u00e7\u00e3o integral contra sobreaquecimento, curto-circuitos e muito mais.<\/li>\n<\/ul>\n<ul>\n<li><strong>Versatilidade com algoritmo de carregamento flex\u00edvel: <\/strong>Um algoritmo totalmente program\u00e1vel e oito algoritmos pr\u00e9-programados s\u00e3o adaptados \u00e0s suas necessidades, seleccion\u00e1veis por seletor rotativo.<\/li>\n<\/ul>\n<ul>\n<li><strong>Conectividade Bluetooth Smart integrada: <\/strong>Configure, controle e sincronize os controladores SmartSolar com a solu\u00e7\u00e3o sem fios Bluetooth.<\/li>\n<\/ul>\n<ul>\n<li><strong>Monitoriza\u00e7\u00e3o exacta atrav\u00e9s de Bluetooth: <\/strong>Os sensores de temperatura e tens\u00e3o, juntamente com a op\u00e7\u00e3o de utilizar o Smart Battery Sense ou o monitor de bateria inteligente BMV-712, comunicam os dados a um ou mais controladores SmartSolar.<\/li>\n<\/ul>\n<ul>\n<li><strong>Recupera\u00e7\u00e3o de baterias descarregadas: <\/strong>Recarrega mesmo a partir de zero volts e volta a ligar baterias de i\u00f5es de l\u00edtio descarregadas com fun\u00e7\u00e3o de desconex\u00e3o.<\/li>\n<\/ul>\n<ul>\n<li><strong>Controlo m\u00faltiplo simplificado: <\/strong>Sincronize at\u00e9 25 unidades com VE.Can e 10 unidades com Bluetooth para uma gest\u00e3o conjunta.<\/li>\n<\/ul>\n<ul>\n<li><strong>Liga\u00e7\u00f5es vers\u00e1teis e controlo remoto: <\/strong>Escolha VE.Direct ou VE.Can para a conetividade com dispositivos e pain\u00e9is, enquanto o controlo remoto est\u00e1 integrado no VE.BUS BMS.<\/li>\n<\/ul>\n<ul>\n<li><strong>Personaliza\u00e7\u00e3o com ecr\u00e3 LCD opcional: <\/strong>Ligue facilmente o ecr\u00e3 LCD SmartSolar opcional para obter mais informa\u00e7\u00f5es e controlo.<\/li>\n<\/ul>\n<h2>Ficha t\u00e9cnica Controlador Victron SmartSolar MPPT 150\/70 MC4 VE.can - SCC115070511<\/h2>\n<p><a href=\"https:\/\/fvcomponentes.com\/wp-content\/uploads\/2023\/04\/controlador-de-CARGA-smartsolaer.pdf\" target=\"_blank\" rel=\"noopener\">Ver ficha de dados Victron SmartSolar MPPT 150\/70 MC4 VE.can - SCC115070511<\/a><\/p>\n<h2>Manual Regulador Victron SmartSolar MPPT 150\/70 MC4 VE.can - SCC115070511<\/h2>\n<p><a href=\"https:\/\/fvcomponentes.com\/wp-content\/uploads\/2025\/10\/29694-MPPT_solar_charger_manual-pdf-es-9.pdf\" target=\"_blank\" rel=\"noopener\">Ver manual do controlador Victron SmartSolar MPPT 150\/70 MC4 VE.can - SCC115070511<\/a><\/p>","protected":false},"excerpt":{"rendered":"<ul>\n<li><span style=\"color: #99cc00\"><strong>Equipamento Bluetooth.<\/strong><\/span><\/li>\n<li><strong>Gest\u00e3o por <a href=\"https:\/\/play.google.com\/store\/apps\/details?id=com.victronenergy.victronconnect&amp;pcampaignid=web_share\" target=\"_blank\" rel=\"noopener\">Aplica\u00e7\u00e3o VictronConnect<\/a><\/strong><\/li>\n<li><strong>Corrente de carga nominal:\u00a0<\/strong>70 A<\/li>\n<li><strong>Efici\u00eancia m\u00e1xima:\u00a0<\/strong>98%<\/li>\n<li><strong>Auto-consumo:\u00a0<\/strong>Menos de 35 mA a 12 V \/ 20 mA a 48 V<\/li>\n<\/ul>","protected":false},"featured_media":6882,"comment_status":"open","ping_status":"closed","template":"","meta":{"site-sidebar-layout":"default","site-content-layout":"default","ast-site-content-layout":"default","site-content-style":"default","site-sidebar-style":"default","ast-global-header-display":"","ast-banner-title-visibility":"","ast-main-header-display":"","ast-hfb-above-header-display":"","ast-hfb-below-header-display":"","ast-hfb-mobile-header-display":"","site-post-title":"","ast-breadcrumbs-content":"","ast-featured-img":"","footer-sml-layout":"","ast-disable-related-posts":"","theme-transparent-header-meta":"default","adv-header-id-meta":"","stick-header-meta":"","header-above-stick-meta":"","header-main-stick-meta":"","header-below-stick-meta":"","astra-migrate-meta-layouts":"set","ast-page-background-enabled":"default","ast-page-background-meta":{"desktop":{"background-color":"var(--ast-global-color-4)","background-image":"","background-repeat":"repeat","background-position":"center center","background-size":"auto","background-attachment":"scroll","background-type":"","background-media":"","overlay-type":"","overlay-color":"","overlay-opacity":"","overlay-gradient":""},"tablet":{"background-color":"","background-image":"","background-repeat":"repeat","background-position":"center center","background-size":"auto","background-attachment":"scroll","background-type":"","background-media":"","overlay-type":"","overlay-color":"","overlay-opacity":"","overlay-gradient":""},"mobile":{"background-color":"","background-image":"","background-repeat":"repeat","background-position":"center center","background-size":"auto","background-attachment":"scroll","background-type":"","background-media":"","overlay-type":"","overlay-color":"","overlay-opacity":"","overlay-gradient":""}},"ast-content-background-meta":{"desktop":{"background-color":"var(--ast-global-color-5)","background-image":"","background-repeat":"repeat","background-position":"center center","background-size":"auto","background-attachment":"scroll","background-type":"","background-media":"","overlay-type":"","overlay-color":"","overlay-opacity":"","overlay-gradient":""},"tablet":{"background-color":"var(--ast-global-color-5)","background-image":"","background-repeat":"repeat","background-position":"center center","background-size":"auto","background-attachment":"scroll","background-type":"","background-media":"","overlay-type":"","overlay-color":"","overlay-opacity":"","overlay-gradient":""},"mobile":{"background-color":"var(--ast-global-color-5)","background-image":"","background-repeat":"repeat","background-position":"center center","background-size":"auto","background-attachment":"scroll","background-type":"","background-media":"","overlay-type":"","overlay-color":"","overlay-opacity":"","overlay-gradient":""}}},"pwb-brand":[332],"product_brand":[],"product_cat":[353,371],"product_tag":[],"class_list":{"0":"post-6879","1":"product","2":"type-product","3":"status-publish","4":"has-post-thumbnail","6":"pwb-brand-victron","7":"product_cat-reguladores-de-carga-solares","8":"product_cat-reguladores-mppt","9":"desktop-align-left","10":"tablet-align-left","11":"mobile-align-left","12":"ast-product-gallery-layout-horizontal-slider","13":"ast-product-tabs-layout-horizontal","15":"first","16":"instock","17":"taxable","18":"shipping-taxable","19":"purchasable","20":"product-type-simple"},"wcpa_form_fields":null,"brands":[{"id":332,"name":"Victron Energia","slug":"victron"}],"_links":{"self":[{"href":"https:\/\/fvcomponentes.com\/pt\/wp-json\/wp\/v2\/product\/6879","targetHints":{"allow":["GET"]}}],"collection":[{"href":"https:\/\/fvcomponentes.com\/pt\/wp-json\/wp\/v2\/product"}],"about":[{"href":"https:\/\/fvcomponentes.com\/pt\/wp-json\/wp\/v2\/types\/product"}],"replies":[{"embeddable":true,"href":"https:\/\/fvcomponentes.com\/pt\/wp-json\/wp\/v2\/comments?post=6879"}],"wp:featuredmedia":[{"embeddable":true,"href":"https:\/\/fvcomponentes.com\/pt\/wp-json\/wp\/v2\/media\/6882"}],"wp:attachment":[{"href":"https:\/\/fvcomponentes.com\/pt\/wp-json\/wp\/v2\/media?parent=6879"}],"wp:term":[{"taxonomy":"pwb-brand","embeddable":true,"href":"https:\/\/fvcomponentes.com\/pt\/wp-json\/wp\/v2\/pwb-brand?post=6879"},{"taxonomy":"product_brand","embeddable":true,"href":"https:\/\/fvcomponentes.com\/pt\/wp-json\/wp\/v2\/product_brand?post=6879"},{"taxonomy":"product_cat","embeddable":true,"href":"https:\/\/fvcomponentes.com\/pt\/wp-json\/wp\/v2\/product_cat?post=6879"},{"taxonomy":"product_tag","embeddable":true,"href":"https:\/\/fvcomponentes.com\/pt\/wp-json\/wp\/v2\/product_tag?post=6879"}],"curies":[{"name":"wp","href":"https:\/\/api.w.org\/{rel}","templated":true}]}}