{"id":6870,"date":"2023-08-16T16:04:12","date_gmt":"2023-08-16T14:04:12","guid":{"rendered":"https:\/\/fvcomponentes.com\/?post_type=product&#038;p=6870"},"modified":"2026-01-15T10:09:42","modified_gmt":"2026-01-15T09:09:42","slug":"regulador-victron-smartsolar-mppt-150-70-tr-ve-can-scc115070411","status":"publish","type":"product","link":"https:\/\/fvcomponentes.com\/pt\/producto\/regulador-victron-smartsolar-mppt-150-70-tr-ve-can-scc115070411\/","title":{"rendered":"Victron SmartSolar MPPT 150\/70-Tr VE.can - SCC115070411411"},"content":{"rendered":"<p>Victron SmartSolar MPPT 150\/70-Tr VE.can - SCC115070411 com ecr\u00e3 opcional. Controle e configure o seu dispositivo atrav\u00e9s de Bluetooth enquanto recebe informa\u00e7\u00f5es como tens\u00e3o e corrente da bateria, tens\u00e3o e corrente FV e dados hist\u00f3ricos.<\/p>\n<h2>Seguimento ultrarr\u00e1pido do ponto de pot\u00eancia m\u00e1xima (MPPT)<\/h2>\n<p>Especialmente sob c\u00e9u nublado, quando a intensidade da luz muda continuamente, um controlador MPPT ultrarr\u00e1pido melhorar\u00e1 a capta\u00e7\u00e3o de energia at\u00e9 30% em compara\u00e7\u00e3o com os controladores de carga PWM, e at\u00e9 10% em compara\u00e7\u00e3o com os controladores MPPT mais lentos.<\/p>\n<h2>Dete\u00e7\u00e3o avan\u00e7ada do ponto de m\u00e1xima pot\u00eancia em caso de nebulosidade parcial<\/h2>\n<p>Em caso de cobertura parcial de nuvens, podem ocorrer dois ou mais pontos de pot\u00eancia m\u00e1xima (MPP) na curva de tens\u00e3o de carga.<br \/>\nOs MPPT convencionais seleccionam geralmente um MPP local, que n\u00e3o \u00e9 necessariamente o MPP \u00f3timo.<br \/>\nO algoritmo inovador da SmartSolar maximizar\u00e1 sempre a recolha de energia, seleccionando o MPP ideal.<\/p>\n<h2>Efici\u00eancia de convers\u00e3o excecional<\/h2>\n<p>Sem ventoinha. A efici\u00eancia m\u00e1xima \u00e9 superior a 98%.<\/p>\n<h2>Algoritmo de carregamento flex\u00edvel<\/h2>\n<p>Um algoritmo de carregamento totalmente program\u00e1vel e oito algoritmos de carregamento pr\u00e9-programados, que podem ser seleccionados com um seletor rotativo (ver manual para mais informa\u00e7\u00f5es).<\/p>\n<h2>Ampla prote\u00e7\u00e3o eletr\u00f3nica<\/h2>\n<p>Prote\u00e7\u00e3o contra sobreaquecimento e redu\u00e7\u00e3o da pot\u00eancia em caso de temperatura elevada.<\/p>\n<p>Prote\u00e7\u00e3o contra curto-circuitos e invers\u00e3o de polaridade nos pain\u00e9is fotovoltaicos.<\/p>\n<p>Prote\u00e7\u00e3o contra corrente inversa PV.<\/p>\n<h2>Bluetooth inteligente integrado<\/h2>\n<p>A solu\u00e7\u00e3o sem fios para configurar, monitorizar, atualizar e sincronizar os controladores de carga SmartSolar.<\/p>\n<h2>Sensor de temperatura interno e sensor externo opcional de tens\u00e3o e temperatura da bateria via Bluetooth<\/h2>\n<p>Pode ser utilizado um sensor Smart Battery Sense ou um monitor de bateria inteligente BMV-712 para comunicar a tens\u00e3o e a temperatura da bateria a um ou mais controladores de carga SmartSolar.<\/p>\n<h2>VE.Can: a solu\u00e7\u00e3o multi-controlador<\/h2>\n<p>Podem ser sincronizadas at\u00e9 25 unidades com o VE.Can.<\/p>\n<h2>VE.Direct ou VE.Can<\/h2>\n<p>Para uma liga\u00e7\u00e3o de dados com fios a um painel Color Control GX, a outros produtos GX, a um PC ou a outros dispositivos.<\/p>\n<h2>Controlo remoto On\/Off<\/h2>\n<p>Para ligar a um VE.BUS BMS, por exemplo.<\/p>\n<h2>Rel\u00e9 program\u00e1vel<\/h2>\n<p>Pode ser programado para programar um alarme ou outros eventos.<\/p>\n<h2>Opcional: Ecr\u00e3 LCD SmartSolar plug-in<\/h2>\n<p>Ao remover o protetor de borracha da tomada na frente do controlador, o ecr\u00e3 auxiliar pode ser ligado.<\/p>\n<p>O carregador SmartSolar VE.Can tamb\u00e9m tem uma porta VE.Direct, tal como todos os outros carregadores solares MPPT. Esta porta pode ser utilizada para monitorizar unidades individuais ou para controlar a ilumina\u00e7\u00e3o exterior. O conetor remoto de ligar\/desligar pode ser controlado externamente com um terceiro dispositivo, como uma bateria de l\u00edtio. Um controlo ou ecr\u00e3 LCD opcional conect\u00e1vel permite o acesso a dados em tempo real e permite que o sistema seja configurado e gerido a partir da parte frontal do dispositivo.<\/p>\n<h2>Ficha t\u00e9cnica Controlador Victron SmartSolar MPPT 150\/70-Tr VE.can - SCC115070411<\/h2>\n<p><a href=\"https:\/\/fvcomponentes.com\/wp-content\/uploads\/2023\/04\/controlador-de-CARGA-smartsolaer.pdf\" target=\"_blank\" rel=\"noopener\">Ficha t\u00e9cnica Controlador Victron SmartSolar MPPT 150\/70-Tr VE.can - SCC115070411<\/a><\/p>\n<h2>Manual Controlador Victron SmartSolar MPPT 150\/70-Tr VE.can - SCC11505070411<\/h2>\n<p><a href=\"https:\/\/fvcomponentes.com\/wp-content\/uploads\/2025\/10\/29694-MPPT_solar_charger_manual-pdf-es-9.pdf\" target=\"_blank\" rel=\"noopener\">Manual do controlador Victron SmartSolar MPPT 150\/70-Tr VE.can - SCC115070411<\/a><\/p>","protected":false},"excerpt":{"rendered":"<ul>\n<li><span style=\"color: #99cc00\"><strong>Equipamento Bluetooth.<\/strong><\/span><\/li>\n<li><strong>Gest\u00e3o por <a href=\"https:\/\/play.google.com\/store\/apps\/details?id=com.victronenergy.victronconnect&amp;pcampaignid=web_share\" target=\"_blank\" rel=\"noopener\">Aplica\u00e7\u00e3o VictronConnect<\/a><\/strong><\/li>\n<li><strong>Corrente de carga nominal:\u00a0<\/strong>70 A<\/li>\n<li><strong>Efici\u00eancia m\u00e1xima:\u00a0<\/strong>98%<\/li>\n<li><strong>Auto-consumo:\u00a0<\/strong>Menos de 35 mA a 12 V \/ 20 mA a 48 V<\/li>\n<li><strong>Peso:\u00a0<\/strong>3 kg<\/li>\n<li><strong>Dimens\u00f5es:\u00a0<\/strong> 185 x 250 x 95 mm<\/li>\n<\/ul>","protected":false},"featured_media":6873,"comment_status":"open","ping_status":"closed","template":"","meta":{"site-sidebar-layout":"default","site-content-layout":"default","ast-site-content-layout":"default","site-content-style":"default","site-sidebar-style":"default","ast-global-header-display":"","ast-banner-title-visibility":"","ast-main-header-display":"","ast-hfb-above-header-display":"","ast-hfb-below-header-display":"","ast-hfb-mobile-header-display":"","site-post-title":"","ast-breadcrumbs-content":"","ast-featured-img":"","footer-sml-layout":"","ast-disable-related-posts":"","theme-transparent-header-meta":"default","adv-header-id-meta":"","stick-header-meta":"","header-above-stick-meta":"","header-main-stick-meta":"","header-below-stick-meta":"","astra-migrate-meta-layouts":"set","ast-page-background-enabled":"default","ast-page-background-meta":{"desktop":{"background-color":"var(--ast-global-color-4)","background-image":"","background-repeat":"repeat","background-position":"center center","background-size":"auto","background-attachment":"scroll","background-type":"","background-media":"","overlay-type":"","overlay-color":"","overlay-opacity":"","overlay-gradient":""},"tablet":{"background-color":"","background-image":"","background-repeat":"repeat","background-position":"center center","background-size":"auto","background-attachment":"scroll","background-type":"","background-media":"","overlay-type":"","overlay-color":"","overlay-opacity":"","overlay-gradient":""},"mobile":{"background-color":"","background-image":"","background-repeat":"repeat","background-position":"center center","background-size":"auto","background-attachment":"scroll","background-type":"","background-media":"","overlay-type":"","overlay-color":"","overlay-opacity":"","overlay-gradient":""}},"ast-content-background-meta":{"desktop":{"background-color":"var(--ast-global-color-5)","background-image":"","background-repeat":"repeat","background-position":"center center","background-size":"auto","background-attachment":"scroll","background-type":"","background-media":"","overlay-type":"","overlay-color":"","overlay-opacity":"","overlay-gradient":""},"tablet":{"background-color":"var(--ast-global-color-5)","background-image":"","background-repeat":"repeat","background-position":"center center","background-size":"auto","background-attachment":"scroll","background-type":"","background-media":"","overlay-type":"","overlay-color":"","overlay-opacity":"","overlay-gradient":""},"mobile":{"background-color":"var(--ast-global-color-5)","background-image":"","background-repeat":"repeat","background-position":"center center","background-size":"auto","background-attachment":"scroll","background-type":"","background-media":"","overlay-type":"","overlay-color":"","overlay-opacity":"","overlay-gradient":""}}},"pwb-brand":[332],"product_brand":[],"product_cat":[353,371],"product_tag":[],"class_list":{"0":"post-6870","1":"product","2":"type-product","3":"status-publish","4":"has-post-thumbnail","6":"pwb-brand-victron","7":"product_cat-reguladores-de-carga-solares","8":"product_cat-reguladores-mppt","9":"desktop-align-left","10":"tablet-align-left","11":"mobile-align-left","12":"ast-product-gallery-layout-horizontal-slider","13":"ast-product-tabs-layout-horizontal","15":"first","16":"instock","17":"taxable","18":"shipping-taxable","19":"purchasable","20":"product-type-simple"},"wcpa_form_fields":null,"brands":[{"id":332,"name":"Victron Energia","slug":"victron"}],"_links":{"self":[{"href":"https:\/\/fvcomponentes.com\/pt\/wp-json\/wp\/v2\/product\/6870","targetHints":{"allow":["GET"]}}],"collection":[{"href":"https:\/\/fvcomponentes.com\/pt\/wp-json\/wp\/v2\/product"}],"about":[{"href":"https:\/\/fvcomponentes.com\/pt\/wp-json\/wp\/v2\/types\/product"}],"replies":[{"embeddable":true,"href":"https:\/\/fvcomponentes.com\/pt\/wp-json\/wp\/v2\/comments?post=6870"}],"wp:featuredmedia":[{"embeddable":true,"href":"https:\/\/fvcomponentes.com\/pt\/wp-json\/wp\/v2\/media\/6873"}],"wp:attachment":[{"href":"https:\/\/fvcomponentes.com\/pt\/wp-json\/wp\/v2\/media?parent=6870"}],"wp:term":[{"taxonomy":"pwb-brand","embeddable":true,"href":"https:\/\/fvcomponentes.com\/pt\/wp-json\/wp\/v2\/pwb-brand?post=6870"},{"taxonomy":"product_brand","embeddable":true,"href":"https:\/\/fvcomponentes.com\/pt\/wp-json\/wp\/v2\/product_brand?post=6870"},{"taxonomy":"product_cat","embeddable":true,"href":"https:\/\/fvcomponentes.com\/pt\/wp-json\/wp\/v2\/product_cat?post=6870"},{"taxonomy":"product_tag","embeddable":true,"href":"https:\/\/fvcomponentes.com\/pt\/wp-json\/wp\/v2\/product_tag?post=6870"}],"curies":[{"name":"wp","href":"https:\/\/api.w.org\/{rel}","templated":true}]}}