{"id":6858,"date":"2023-10-24T08:13:17","date_gmt":"2023-10-24T06:13:17","guid":{"rendered":"https:\/\/fvcomponentes.com\/?post_type=product&#038;p=6858"},"modified":"2026-04-08T21:34:45","modified_gmt":"2026-04-08T19:34:45","slug":"regulador-victron-bluesolar-mppt-150-70-mc4-scc010070300","status":"publish","type":"product","link":"https:\/\/fvcomponentes.com\/pt\/producto\/regulador-victron-bluesolar-mppt-150-70-mc4-scc010070300\/","title":{"rendered":"Controlador Victron BlueSolar MPPT 150\/70-MC4 - SCC010070300"},"content":{"rendered":"<h2>Controlador Victron BlueSolar MPPT 150\/70-MC4 - SCC010070300<\/h2>\n<div>Com o controlador de carga BlueSolar MPPT 150\/70-MC4 da Victron, pode desfrutar de uma corrente de carga at\u00e9 70 Amps e de uma tens\u00e3o PV at\u00e9 150 volts. O controlador de carga BlueSolar 150\/70 MPPT da Victron pode carregar uma bateria com uma tens\u00e3o nominal inferior a partir de pain\u00e9is fotovoltaicos com uma tens\u00e3o nominal superior de, pelo menos, +5V. O controlador BlueSolar ajustar\u00e1 automaticamente a tens\u00e3o nominal da bateria para 12, 24V, uma vez ligado ao controlador.<\/div>\n<div><\/div>\n<h2>Seguimento ultrarr\u00e1pido do ponto de pot\u00eancia m\u00e1xima (MPPT)<\/h2>\n<p>Especialmente sob c\u00e9u nublado, quando a intensidade da luz muda continuamente, um controlador MPPT ultrarr\u00e1pido melhorar\u00e1 a capta\u00e7\u00e3o de energia at\u00e9 30 % em compara\u00e7\u00e3o com os controladores de carga PWM, e at\u00e9 10 % em compara\u00e7\u00e3o com os controladores MPPT mais lentos.<\/p>\n<h2>Dete\u00e7\u00e3o avan\u00e7ada do ponto de m\u00e1xima pot\u00eancia em caso de nebulosidade parcial<\/h2>\n<p>Em casos de nebulosidade parcial, podem ocorrer dois ou mais pontos de m\u00e1xima pot\u00eancia (MPP) na curva de tens\u00e3o de carga.<br \/>\nOs MPPT convencionais tendem a selecionar um MPP local, que pode n\u00e3o ser o MPP \u00f3timo.<br \/>\nO algoritmo inovador da BlueSolar maximizar\u00e1 sempre a capta\u00e7\u00e3o de energia, seleccionando o MPP ideal.<\/p>\n<h2>Efici\u00eancia de convers\u00e3o excecional<\/h2>\n<p>Sem ventoinha. Efici\u00eancia m\u00e1xima superior a 98 %.<\/p>\n<h2>Algoritmo de carregamento flex\u00edvel<\/h2>\n<p>Algoritmo de carregamento totalmente program\u00e1vel e oito algoritmos pr\u00e9-programados, seleccion\u00e1veis por seletor rotativo (ver manual para mais informa\u00e7\u00f5es).<\/p>\n<h2>Ampla prote\u00e7\u00e3o eletr\u00f3nica<\/h2>\n<p>Prote\u00e7\u00e3o contra sobreaquecimento e redu\u00e7\u00e3o da pot\u00eancia em caso de temperatura elevada.<br \/>\nProte\u00e7\u00e3o contra curto-circuitos e invers\u00e3o de polaridade nos pain\u00e9is fotovoltaicos.<br \/>\nProte\u00e7\u00e3o contra corrente inversa PV.<\/p>\n<h2>Sensor de temperatura interna<\/h2>\n<p>Um sensor Smart Battery Sense ou um monitor de bateria BMV-712 Smart pode ser utilizado para comunicar a tens\u00e3o e a temperatura da bateria (e a corrente, no caso de um BMV-712 ou SmartShunt) a um ou mais controladores de carga BlueSolar. (\u00c9 necess\u00e1rio um dongle VE.Direct Bluetooth Smart).<br \/>\nOp\u00e7\u00f5es de dados em tempo real no ecr\u00e3<br \/>\n\u2013 <a href=\"https:\/\/fvcomponentes.com\/pt\/produto\/ecra-victron-colour-control-gx\/\" target=\"_blank\" rel=\"noopener\">ColorControl GX<\/a> ou outros dispositivos GX<br \/>\n- Um smartphone ou outro dispositivo com Bluetooth: \u00e9 necess\u00e1rio o dongle. <a href=\"https:\/\/fvcomponentes.com\/pt\/produto\/interface-victron-ve-direct-bluetooth-smart-dongle\/\" target=\"_blank\" rel=\"noopener\">VE.Direct Bluetooth inteligente<\/a>.<\/p>\n<h2>Ficha t\u00e9cnica Controlador Victron BlueSolar MPPT 150\/70-MC4 - SCC010070300<\/h2>\n<p><a href=\"https:\/\/fvcomponentes.com\/wp-content\/uploads\/2023\/04\/controlador-de-carga-BlueSolar-charge-controller-MPPT-150-45-up-to-150-70-ES.pdf\" target=\"_blank\" rel=\"noopener\">Ficha t\u00e9cnica Controlador Victron BlueSolar MPPT 150\/70-MC4 - SCC010070300<\/a><\/p>\n<h2>Manual do controlador Victron BlueSolar MPPT 150\/70-MC4 - SCC010070300<\/h2>\n<p><a href=\"https:\/\/fvcomponentes.com\/wp-content\/uploads\/2025\/10\/29694-MPPT_solar_charger_manual-pdf-es-7.pdf\" target=\"_blank\" rel=\"noopener\">Manual do controlador Victron BlueSolar MPPT 150\/70-MC4 - SCC010070300<\/a><\/p>","protected":false},"excerpt":{"rendered":"<ul>\n<li><span style=\"color: #ff0000\"><strong>Equipamento sem Bluetooth<\/strong><\/span><\/li>\n<li><strong>Ver modelo com Bluetooth: <a href=\"https:\/\/fvcomponentes.com\/pt\/produto\/regulador-victron-smartsolar-mppt-150-70-mc4-ve-can-scc115070511\/\" target=\"_blank\" rel=\"noopener\">Controlador Victron SmartSolar MPPT 150\/70 MC4 VE.can - SCC115070511<\/a><\/strong><\/li>\n<li><b style=\"font-style: inherit\">Tens\u00e3o da bateria: <\/b><span style=\"font-size: 16px\">Sele\u00e7\u00e3o autom\u00e1tica 12 \/ 24 \/48 V<\/span><\/li>\n<li><b style=\"font-style: inherit\">Corrente de carga nominal: 7<\/b><span style=\"font-size: 16px\">0A<\/span><\/li>\n<li><strong style=\"font-size: 16px\">Efici\u00eancia m\u00e1xima:\u00a0<\/strong><span style=\"font-size: 16px\">98%<\/span><\/li>\n<li><strong style=\"font-size: 16px\">Pot\u00eancia m\u00e1xima PV,<\/strong> <strong style=\"font-size: 16px\">12V:<\/strong><span style=\"font-size: 16px\"> 1000 W<\/span><\/li>\n<li><strong style=\"font-size: 16px\">Pot\u00eancia m\u00e1xima PV, 24V:<\/strong><span style=\"font-size: 16px\"> 2000 W<\/span><\/li>\n<li><strong style=\"font-size: 16px\">Pot\u00eancia m\u00e1xima PV, 48V: <\/strong><span style=\"font-size: 16px\">4000W<\/span><\/li>\n<\/ul>","protected":false},"featured_media":6859,"comment_status":"open","ping_status":"closed","template":"","meta":{"site-sidebar-layout":"default","site-content-layout":"default","ast-site-content-layout":"default","site-content-style":"default","site-sidebar-style":"default","ast-global-header-display":"","ast-banner-title-visibility":"","ast-main-header-display":"","ast-hfb-above-header-display":"","ast-hfb-below-header-display":"","ast-hfb-mobile-header-display":"","site-post-title":"","ast-breadcrumbs-content":"","ast-featured-img":"","footer-sml-layout":"","ast-disable-related-posts":"","theme-transparent-header-meta":"default","adv-header-id-meta":"","stick-header-meta":"","header-above-stick-meta":"","header-main-stick-meta":"","header-below-stick-meta":"","astra-migrate-meta-layouts":"set","ast-page-background-enabled":"default","ast-page-background-meta":{"desktop":{"background-color":"var(--ast-global-color-4)","background-image":"","background-repeat":"repeat","background-position":"center center","background-size":"auto","background-attachment":"scroll","background-type":"","background-media":"","overlay-type":"","overlay-color":"","overlay-opacity":"","overlay-gradient":""},"tablet":{"background-color":"","background-image":"","background-repeat":"repeat","background-position":"center center","background-size":"auto","background-attachment":"scroll","background-type":"","background-media":"","overlay-type":"","overlay-color":"","overlay-opacity":"","overlay-gradient":""},"mobile":{"background-color":"","background-image":"","background-repeat":"repeat","background-position":"center center","background-size":"auto","background-attachment":"scroll","background-type":"","background-media":"","overlay-type":"","overlay-color":"","overlay-opacity":"","overlay-gradient":""}},"ast-content-background-meta":{"desktop":{"background-color":"var(--ast-global-color-5)","background-image":"","background-repeat":"repeat","background-position":"center center","background-size":"auto","background-attachment":"scroll","background-type":"","background-media":"","overlay-type":"","overlay-color":"","overlay-opacity":"","overlay-gradient":""},"tablet":{"background-color":"var(--ast-global-color-5)","background-image":"","background-repeat":"repeat","background-position":"center center","background-size":"auto","background-attachment":"scroll","background-type":"","background-media":"","overlay-type":"","overlay-color":"","overlay-opacity":"","overlay-gradient":""},"mobile":{"background-color":"var(--ast-global-color-5)","background-image":"","background-repeat":"repeat","background-position":"center center","background-size":"auto","background-attachment":"scroll","background-type":"","background-media":"","overlay-type":"","overlay-color":"","overlay-opacity":"","overlay-gradient":""}}},"pwb-brand":[332],"product_brand":[],"product_cat":[353,371],"product_tag":[],"class_list":{"0":"post-6858","1":"product","2":"type-product","3":"status-publish","4":"has-post-thumbnail","6":"pwb-brand-victron","7":"product_cat-reguladores-de-carga-solares","8":"product_cat-reguladores-mppt","9":"desktop-align-left","10":"tablet-align-left","11":"mobile-align-left","12":"ast-product-gallery-layout-horizontal-slider","13":"ast-product-tabs-layout-horizontal","15":"first","16":"instock","17":"taxable","18":"shipping-taxable","19":"purchasable","20":"product-type-simple"},"wcpa_form_fields":null,"brands":[{"id":332,"name":"Victron Energia","slug":"victron"}],"_links":{"self":[{"href":"https:\/\/fvcomponentes.com\/pt\/wp-json\/wp\/v2\/product\/6858","targetHints":{"allow":["GET"]}}],"collection":[{"href":"https:\/\/fvcomponentes.com\/pt\/wp-json\/wp\/v2\/product"}],"about":[{"href":"https:\/\/fvcomponentes.com\/pt\/wp-json\/wp\/v2\/types\/product"}],"replies":[{"embeddable":true,"href":"https:\/\/fvcomponentes.com\/pt\/wp-json\/wp\/v2\/comments?post=6858"}],"wp:featuredmedia":[{"embeddable":true,"href":"https:\/\/fvcomponentes.com\/pt\/wp-json\/wp\/v2\/media\/6859"}],"wp:attachment":[{"href":"https:\/\/fvcomponentes.com\/pt\/wp-json\/wp\/v2\/media?parent=6858"}],"wp:term":[{"taxonomy":"pwb-brand","embeddable":true,"href":"https:\/\/fvcomponentes.com\/pt\/wp-json\/wp\/v2\/pwb-brand?post=6858"},{"taxonomy":"product_brand","embeddable":true,"href":"https:\/\/fvcomponentes.com\/pt\/wp-json\/wp\/v2\/product_brand?post=6858"},{"taxonomy":"product_cat","embeddable":true,"href":"https:\/\/fvcomponentes.com\/pt\/wp-json\/wp\/v2\/product_cat?post=6858"},{"taxonomy":"product_tag","embeddable":true,"href":"https:\/\/fvcomponentes.com\/pt\/wp-json\/wp\/v2\/product_tag?post=6858"}],"curies":[{"name":"wp","href":"https:\/\/api.w.org\/{rel}","templated":true}]}}