{"id":6783,"date":"2024-01-19T19:31:20","date_gmt":"2024-01-19T18:31:20","guid":{"rendered":"https:\/\/fvcomponentes.com\/?post_type=product&#038;p=6783"},"modified":"2026-04-08T21:26:46","modified_gmt":"2026-04-08T19:26:46","slug":"sensor-de-temperatura-victron-para-bluesolar-pwm-pro-scc940100100","status":"publish","type":"product","link":"https:\/\/fvcomponentes.com\/pt\/producto\/sensor-victron-de-temperatura-para-el-bluesolar-pwm-pro-scc940100100\/","title":{"rendered":"Sensor de temperatura Victron para BlueSolar PWM-Pro - SCC940100100"},"content":{"rendered":"<p>A monitoriza\u00e7\u00e3o e a manuten\u00e7\u00e3o dos sistemas solares s\u00e3o essenciais para garantir um funcionamento \u00f3timo e uma longa vida \u00fatil dos componentes. Um dos elementos cr\u00edticos destes sistemas \u00e9 o controlador de carga solar BlueSolar PWM-Pro. Para garantir um desempenho \u00f3timo, \u00e9 essencial monitorizar a temperatura deste dispositivo. Felizmente, a Victron oferece uma solu\u00e7\u00e3o pr\u00e1tica e eficaz para esta tarefa com o seu sensor de temperatura.<\/p>\n<p>O sensor de temperatura Victron foi concebido para funcionar em conjunto com o controlador de carga solar BlueSolar PWM-Pro. A sua miss\u00e3o \u00e9 fornecer uma medi\u00e7\u00e3o precisa da temperatura, permitindo aos utilizadores monitorizar e controlar de perto as condi\u00e7\u00f5es de funcionamento do seu sistema solar. A temperatura \u00e9 um fator cr\u00edtico no desempenho dos componentes electr\u00f3nicos, e mant\u00ea-la dentro dos limites adequados \u00e9 essencial para garantir a efici\u00eancia e a longevidade do controlador de carregamento solar.<\/p>\n<p>Este sensor de temperatura Victron integra-se perfeitamente no sistema, permitindo aos utilizadores verificar a temperatura do seu controlador de carga solar BlueSolar PWM-Pro em tempo real. Ao conhecer a temperatura exacta, os propriet\u00e1rios de sistemas solares podem tomar medidas preventivas em caso de sobreaquecimento ou temperaturas extremamente baixas que possam afetar o desempenho do dispositivo. Isto \u00e9 particularmente importante em climas vari\u00e1veis, uma vez que as condi\u00e7\u00f5es climat\u00e9ricas podem influenciar a temperatura do controlador de carregamento.<\/p>\n<p>A simplicidade de utiliza\u00e7\u00e3o deste sensor torna-o acess\u00edvel a uma grande variedade de utilizadores, mesmo aqueles sem conhecimentos t\u00e9cnicos. A combina\u00e7\u00e3o do controlador de carga solar BlueSolar PWM-Pro e do sensor de temperatura Victron representa uma solu\u00e7\u00e3o abrangente para a monitoriza\u00e7\u00e3o e gest\u00e3o de sistemas solares, permitindo aos propriet\u00e1rios otimizar o seu desempenho e prolongar a vida \u00fatil dos seus componentes.<\/p>\n<p>Em resumo, o sensor de temperatura Victron apresenta-se como uma ferramenta valiosa para aqueles que desejam manter um controlo preciso da temperatura do seu controlador de carga solar BlueSolar PWM-Pro. Isto assegura um funcionamento eficiente e prolonga a vida \u00fatil dos componentes, o que, por sua vez, maximiza o investimento em sistemas solares.<\/p>","protected":false},"excerpt":{"rendered":"<p>Verifique a temperatura do seu controlador de carga solar BlueSolar PWM-Pro ou controlador com o sensor de temperatura Victron.<\/p>","protected":false},"featured_media":6784,"comment_status":"open","ping_status":"closed","template":"","meta":{"site-sidebar-layout":"default","site-content-layout":"default","ast-site-content-layout":"default","site-content-style":"default","site-sidebar-style":"default","ast-global-header-display":"","ast-banner-title-visibility":"","ast-main-header-display":"","ast-hfb-above-header-display":"","ast-hfb-below-header-display":"","ast-hfb-mobile-header-display":"","site-post-title":"","ast-breadcrumbs-content":"","ast-featured-img":"","footer-sml-layout":"","ast-disable-related-posts":"","theme-transparent-header-meta":"default","adv-header-id-meta":"","stick-header-meta":"","header-above-stick-meta":"","header-main-stick-meta":"","header-below-stick-meta":"","astra-migrate-meta-layouts":"set","ast-page-background-enabled":"default","ast-page-background-meta":{"desktop":{"background-color":"var(--ast-global-color-4)","background-image":"","background-repeat":"repeat","background-position":"center center","background-size":"auto","background-attachment":"scroll","background-type":"","background-media":"","overlay-type":"","overlay-color":"","overlay-opacity":"","overlay-gradient":""},"tablet":{"background-color":"","background-image":"","background-repeat":"repeat","background-position":"center center","background-size":"auto","background-attachment":"scroll","background-type":"","background-media":"","overlay-type":"","overlay-color":"","overlay-opacity":"","overlay-gradient":""},"mobile":{"background-color":"","background-image":"","background-repeat":"repeat","background-position":"center center","background-size":"auto","background-attachment":"scroll","background-type":"","background-media":"","overlay-type":"","overlay-color":"","overlay-opacity":"","overlay-gradient":""}},"ast-content-background-meta":{"desktop":{"background-color":"var(--ast-global-color-5)","background-image":"","background-repeat":"repeat","background-position":"center center","background-size":"auto","background-attachment":"scroll","background-type":"","background-media":"","overlay-type":"","overlay-color":"","overlay-opacity":"","overlay-gradient":""},"tablet":{"background-color":"var(--ast-global-color-5)","background-image":"","background-repeat":"repeat","background-position":"center center","background-size":"auto","background-attachment":"scroll","background-type":"","background-media":"","overlay-type":"","overlay-color":"","overlay-opacity":"","overlay-gradient":""},"mobile":{"background-color":"var(--ast-global-color-5)","background-image":"","background-repeat":"repeat","background-position":"center center","background-size":"auto","background-attachment":"scroll","background-type":"","background-media":"","overlay-type":"","overlay-color":"","overlay-opacity":"","overlay-gradient":""}}},"pwb-brand":[332],"product_brand":[],"product_cat":[410,986,878,353],"product_tag":[],"class_list":{"0":"post-6783","1":"product","2":"type-product","3":"status-publish","4":"has-post-thumbnail","6":"pwb-brand-victron","7":"product_cat-material-electrico","8":"product_cat-accesorios-reguladores-cargadores","9":"product_cat-cables-victron","10":"product_cat-reguladores-de-carga-solares","11":"desktop-align-left","12":"tablet-align-left","13":"mobile-align-left","14":"ast-product-gallery-layout-horizontal-slider","15":"ast-product-gallery-with-no-image","16":"ast-product-tabs-layout-horizontal","18":"first","19":"instock","20":"taxable","21":"shipping-taxable","22":"purchasable","23":"product-type-simple"},"wcpa_form_fields":null,"brands":[{"id":332,"name":"Victron Energia","slug":"victron"}],"_links":{"self":[{"href":"https:\/\/fvcomponentes.com\/pt\/wp-json\/wp\/v2\/product\/6783","targetHints":{"allow":["GET"]}}],"collection":[{"href":"https:\/\/fvcomponentes.com\/pt\/wp-json\/wp\/v2\/product"}],"about":[{"href":"https:\/\/fvcomponentes.com\/pt\/wp-json\/wp\/v2\/types\/product"}],"replies":[{"embeddable":true,"href":"https:\/\/fvcomponentes.com\/pt\/wp-json\/wp\/v2\/comments?post=6783"}],"wp:featuredmedia":[{"embeddable":true,"href":"https:\/\/fvcomponentes.com\/pt\/wp-json\/wp\/v2\/media\/6784"}],"wp:attachment":[{"href":"https:\/\/fvcomponentes.com\/pt\/wp-json\/wp\/v2\/media?parent=6783"}],"wp:term":[{"taxonomy":"pwb-brand","embeddable":true,"href":"https:\/\/fvcomponentes.com\/pt\/wp-json\/wp\/v2\/pwb-brand?post=6783"},{"taxonomy":"product_brand","embeddable":true,"href":"https:\/\/fvcomponentes.com\/pt\/wp-json\/wp\/v2\/product_brand?post=6783"},{"taxonomy":"product_cat","embeddable":true,"href":"https:\/\/fvcomponentes.com\/pt\/wp-json\/wp\/v2\/product_cat?post=6783"},{"taxonomy":"product_tag","embeddable":true,"href":"https:\/\/fvcomponentes.com\/pt\/wp-json\/wp\/v2\/product_tag?post=6783"}],"curies":[{"name":"wp","href":"https:\/\/api.w.org\/{rel}","templated":true}]}}