{"id":6781,"date":"2023-10-19T09:39:54","date_gmt":"2023-10-19T07:39:54","guid":{"rendered":"https:\/\/fvcomponentes.com\/?post_type=product&#038;p=6781"},"modified":"2026-04-08T21:29:16","modified_gmt":"2026-04-08T19:29:16","slug":"painel-remoto-victron-para-bluesolar-pwm-pro-scc900300000","status":"publish","type":"product","link":"https:\/\/fvcomponentes.com\/pt\/producto\/panel-victron-remoto-para-bluesolar-pwm-pro-scc900300000\/","title":{"rendered":"Painel remoto Victron para BlueSolar PWM-Pro - SCC900300000"},"content":{"rendered":"<p>Este\u00a0<strong>painel compat\u00edvel com os controladores Victron BlueSolar PWM-Pro<\/strong> Os controladores de 10A, 20A e 30A facilitam a programa\u00e7\u00e3o dos controladores para otimizar a carga fotovoltaica da instala\u00e7\u00e3o solar.<\/p>\n<div>As informa\u00e7\u00f5es fornecidas pelo painel de controlo remoto ajudam a conhecer o desenvolvimento das aplica\u00e7\u00f5es de energia solar, gra\u00e7as \u00e0 riqueza de informa\u00e7\u00f5es que fornece com a monitoriza\u00e7\u00e3o cont\u00ednua do processo de carregamento solar.<\/div>\n<div><\/div>\n<div>O painel de controlo remoto BlueSolar PWM PRO da Victron proporciona um maior controlo do processo de carregamento e do estado da bateria. Permite que o controlador Blue Solar Pro seja programado para otimizar o carregamento fotovoltaico.<\/div>\n<div><\/div>\n<div>O painel remoto indica, atrav\u00e9s de diferentes s\u00edmbolos, todos e cada um dos par\u00e2metros necess\u00e1rios para controlar a carga. Fornece valores de balan\u00e7o de carga total e permite a programa\u00e7\u00e3o de todas as tens\u00f5es compat\u00edveis com as baterias solares. Inclui cabo RJ45 e material de fixa\u00e7\u00e3o.<\/div>\n<h2><\/h2>\n<h2>Caracter\u00edsticas do painel remoto para Blue Solar PWM-Pro - SCC900300000<\/h2>\n<p>- Fun\u00e7\u00e3o de controlo da ilumina\u00e7\u00e3o totalmente program\u00e1vel.<br \/>\n- Carregamento da bateria em tr\u00eas fases totalmente program\u00e1vel (inicial, absor\u00e7\u00e3o e flutua\u00e7\u00e3o).<br \/>\n- Fun\u00e7\u00e3o integrada de monitoriza\u00e7\u00e3o da bateria (\u00e9 necess\u00e1rio um painel remoto para ver o estado da carga).<br \/>\n- Desligamento da sa\u00edda de carga devido a subtens\u00e3o e controlo manual (predefini\u00e7\u00e3o).<br \/>\n- Sensor de temperatura externo opcional.<br \/>\n- Sa\u00edda de carga protegida contra sobrecarga e curto-circuito.<br \/>\n- Prote\u00e7\u00e3o contra a invers\u00e3o de polaridade dos pain\u00e9is solares e\/ou da bateria<\/p>\n<h2 class=\"ppbd-product-name\">Ficha de dados para Painel remoto Blue Solar PWM-Pro - SCC900300000<\/h2>\n<p><a href=\"https:\/\/fvcomponentes.com\/wp-content\/uploads\/2025\/10\/Datasheet-BlueSolar-PWM-Pro-Charge-Controllers-ES.pdf\" target=\"_blank\" rel=\"noopener\">Veja a ficha de dados para Painel remoto Blue Solar PWM-Pro - SCC900300000<\/a><\/p>\n<h2 class=\"ppbd-product-name\">Manual do painel remoto Blue Solar PWM-Pro - SCC900300000<\/h2>\n<p><a href=\"https:\/\/fvcomponentes.com\/wp-content\/uploads\/2023\/10\/Manual-Remote-Panel-for-BlueSolar-PWM-Pro-Charge-Controller-EN-A5.pdf\" target=\"_blank\" rel=\"noopener\">Ver manual para Painel remoto Blue Solar PWM-Pro - SCC900300000<\/a><\/p>","protected":false},"excerpt":{"rendered":"<p><strong>Peso:<\/strong> 0,21 kg<\/p>\n<p><strong>Dimens\u00f5es:\u00a0<\/strong>49 x 113 x 113 mm<\/p>","protected":false},"featured_media":6782,"comment_status":"open","ping_status":"closed","template":"","meta":{"site-sidebar-layout":"default","site-content-layout":"default","ast-site-content-layout":"default","site-content-style":"default","site-sidebar-style":"default","ast-global-header-display":"","ast-banner-title-visibility":"","ast-main-header-display":"","ast-hfb-above-header-display":"","ast-hfb-below-header-display":"","ast-hfb-mobile-header-display":"","site-post-title":"","ast-breadcrumbs-content":"","ast-featured-img":"","footer-sml-layout":"","ast-disable-related-posts":"","theme-transparent-header-meta":"default","adv-header-id-meta":"","stick-header-meta":"","header-above-stick-meta":"","header-main-stick-meta":"","header-below-stick-meta":"","astra-migrate-meta-layouts":"set","ast-page-background-enabled":"default","ast-page-background-meta":{"desktop":{"background-color":"var(--ast-global-color-4)","background-image":"","background-repeat":"repeat","background-position":"center center","background-size":"auto","background-attachment":"scroll","background-type":"","background-media":"","overlay-type":"","overlay-color":"","overlay-opacity":"","overlay-gradient":""},"tablet":{"background-color":"","background-image":"","background-repeat":"repeat","background-position":"center center","background-size":"auto","background-attachment":"scroll","background-type":"","background-media":"","overlay-type":"","overlay-color":"","overlay-opacity":"","overlay-gradient":""},"mobile":{"background-color":"","background-image":"","background-repeat":"repeat","background-position":"center center","background-size":"auto","background-attachment":"scroll","background-type":"","background-media":"","overlay-type":"","overlay-color":"","overlay-opacity":"","overlay-gradient":""}},"ast-content-background-meta":{"desktop":{"background-color":"var(--ast-global-color-5)","background-image":"","background-repeat":"repeat","background-position":"center center","background-size":"auto","background-attachment":"scroll","background-type":"","background-media":"","overlay-type":"","overlay-color":"","overlay-opacity":"","overlay-gradient":""},"tablet":{"background-color":"var(--ast-global-color-5)","background-image":"","background-repeat":"repeat","background-position":"center center","background-size":"auto","background-attachment":"scroll","background-type":"","background-media":"","overlay-type":"","overlay-color":"","overlay-opacity":"","overlay-gradient":""},"mobile":{"background-color":"var(--ast-global-color-5)","background-image":"","background-repeat":"repeat","background-position":"center center","background-size":"auto","background-attachment":"scroll","background-type":"","background-media":"","overlay-type":"","overlay-color":"","overlay-opacity":"","overlay-gradient":""}}},"pwb-brand":[332],"product_brand":[],"product_cat":[353,986,354],"product_tag":[],"class_list":{"0":"post-6781","1":"product","2":"type-product","3":"status-publish","4":"has-post-thumbnail","6":"pwb-brand-victron","7":"product_cat-reguladores-de-carga-solares","8":"product_cat-accesorios-reguladores-cargadores","9":"product_cat-reguladores-pwm","10":"desktop-align-left","11":"tablet-align-left","12":"mobile-align-left","13":"ast-product-gallery-layout-horizontal-slider","14":"ast-product-gallery-with-no-image","15":"ast-product-tabs-layout-horizontal","17":"first","18":"instock","19":"taxable","20":"shipping-taxable","21":"purchasable","22":"product-type-simple"},"wcpa_form_fields":null,"brands":[{"id":332,"name":"Victron Energia","slug":"victron"}],"_links":{"self":[{"href":"https:\/\/fvcomponentes.com\/pt\/wp-json\/wp\/v2\/product\/6781","targetHints":{"allow":["GET"]}}],"collection":[{"href":"https:\/\/fvcomponentes.com\/pt\/wp-json\/wp\/v2\/product"}],"about":[{"href":"https:\/\/fvcomponentes.com\/pt\/wp-json\/wp\/v2\/types\/product"}],"replies":[{"embeddable":true,"href":"https:\/\/fvcomponentes.com\/pt\/wp-json\/wp\/v2\/comments?post=6781"}],"wp:featuredmedia":[{"embeddable":true,"href":"https:\/\/fvcomponentes.com\/pt\/wp-json\/wp\/v2\/media\/6782"}],"wp:attachment":[{"href":"https:\/\/fvcomponentes.com\/pt\/wp-json\/wp\/v2\/media?parent=6781"}],"wp:term":[{"taxonomy":"pwb-brand","embeddable":true,"href":"https:\/\/fvcomponentes.com\/pt\/wp-json\/wp\/v2\/pwb-brand?post=6781"},{"taxonomy":"product_brand","embeddable":true,"href":"https:\/\/fvcomponentes.com\/pt\/wp-json\/wp\/v2\/product_brand?post=6781"},{"taxonomy":"product_cat","embeddable":true,"href":"https:\/\/fvcomponentes.com\/pt\/wp-json\/wp\/v2\/product_cat?post=6781"},{"taxonomy":"product_tag","embeddable":true,"href":"https:\/\/fvcomponentes.com\/pt\/wp-json\/wp\/v2\/product_tag?post=6781"}],"curies":[{"name":"wp","href":"https:\/\/api.w.org\/{rel}","templated":true}]}}