{"id":6774,"date":"2023-10-03T08:38:41","date_gmt":"2023-10-03T06:38:41","guid":{"rendered":"https:\/\/fvcomponentes.com\/?post_type=product&#038;p=6774"},"modified":"2026-01-15T10:03:32","modified_gmt":"2026-01-15T09:03:32","slug":"regulador-bluesolar-victron-victron-pwm-pro-12-24v-10a-scc010010010","status":"publish","type":"product","link":"https:\/\/fvcomponentes.com\/pt\/producto\/regulador-bluesolar-victron-pwm-pro-12-24v-10a-scc010010010\/","title":{"rendered":"BlueSolar Victron PWM-Pro 12\/24V-10A - SCC010010010"},"content":{"rendered":"<h2>Descubra o Controlador BlueSolar Victron PWM-Pro 12\/24V-10A - SCC010010010 Program\u00e1vel: Controlo total nas suas m\u00e3os.<\/h2>\n<p>A nossa s\u00e9rie BlueSolar PWM-Pro n\u00e3o s\u00f3 est\u00e1 pronta a utilizar com as defini\u00e7\u00f5es predefinidas, como tamb\u00e9m \u00e9 totalmente program\u00e1vel.<\/p>\n<h2>Tire partido das seguintes caracter\u00edsticas principais:<\/h2>\n<ul>\n<li><strong>Personaliza\u00e7\u00e3o com facilidade<\/strong>Ajuste o controlo da ilumina\u00e7\u00e3o e as fun\u00e7\u00f5es de carregamento da bateria em tr\u00eas fases para se adaptar \u00e0s suas necessidades.<\/li>\n<li><strong>Controlo remoto exclusivo:<\/strong> Utilize o painel remoto BlueSolar-Pro para uma gest\u00e3o ainda mais c\u00f3moda.<\/li>\n<li><strong>Controlo da carga:<\/strong> Monitorize o estado de carga da bateria com a fun\u00e7\u00e3o integrada de monitoriza\u00e7\u00e3o da bateria.<\/li>\n<li><strong>Seguran\u00e7a garantida:<\/strong> A desconex\u00e3o da sa\u00edda de carga de baixa tens\u00e3o e a prote\u00e7\u00e3o contra sobrecarga e curto-circuito mant\u00eam o seu sistema seguro.<\/li>\n<li><strong>Op\u00e7\u00f5es adicionais:<\/strong> Incorpora um sensor de temperatura externo opcional para um controlo ainda mais preciso.<\/li>\n<li><strong>Prote\u00e7\u00e3o contra polaridade inversa:<\/strong> N\u00e3o se preocupe com erros de liga\u00e7\u00e3o com a nossa prote\u00e7\u00e3o contra invers\u00e3o de polaridade. Personalize e optimize o seu sistema solar com o controlador BlueSolar PWM-Pro totalmente program\u00e1vel - descarregue o <a href=\"https:\/\/www.victronenergy.com.es\/support-and-downloads\/software#bluesolar-pwm-pro\" target=\"_blank\" rel=\"noopener\">software gratuito<\/a> da Victron e assuma o controlo hoje mesmo!<\/li>\n<\/ul>\n<h2>Op\u00e7\u00f5es de temporizador dia\/noite<\/h2>\n<p>Consulte o manual do painel remoto para obter mais informa\u00e7\u00f5es.<\/p>\n<p><img fetchpriority=\"high\" decoding=\"async\" class=\"alignnone size-full wp-image-6771\" src=\"https:\/\/fvcomponentes.com\/wp-content\/uploads\/2023\/03\/12334.png\" alt=\"BlueSolar Victron Victron PWM-Pro 12\/24V-5A - SCC010005010\" width=\"436\" height=\"273\" title=\"\"><\/p>\n<h2>Ficha t\u00e9cnica Controlador BlueSolar Victron PWM-Pro 12\/24V-10A - SCC010010010<\/h2>\n<p><a href=\"https:\/\/fvcomponentes.com\/wp-content\/uploads\/2023\/03\/BlueSola-Pro-Charge-Controllers-ES.pdf\" target=\"_blank\" rel=\"noopener\">BlueSolar Victron PWM-Pro 12\/24V-10A Controlador Ficha t\u00e9cnica<\/a><\/p>","protected":false},"excerpt":{"rendered":"<p><strong>Tens\u00e3o da bateria:<\/strong> 12\/24V com dete\u00e7\u00e3o autom\u00e1tica da tens\u00e3o de entrada<br \/>\n<strong>Corrente de carga nominal:<\/strong> 10A<br \/>\n<strong>Desligamento autom\u00e1tico da carga:<\/strong> Sim<br \/>\n<strong>Peso (kg):<\/strong> 0,13<br \/>\n<strong>Dimens\u00f5es (mm):<\/strong> 138x70x37 mm<\/p>","protected":false},"featured_media":6777,"comment_status":"open","ping_status":"closed","template":"","meta":{"site-sidebar-layout":"default","site-content-layout":"default","ast-site-content-layout":"default","site-content-style":"default","site-sidebar-style":"default","ast-global-header-display":"","ast-banner-title-visibility":"","ast-main-header-display":"","ast-hfb-above-header-display":"","ast-hfb-below-header-display":"","ast-hfb-mobile-header-display":"","site-post-title":"","ast-breadcrumbs-content":"","ast-featured-img":"","footer-sml-layout":"","ast-disable-related-posts":"","theme-transparent-header-meta":"default","adv-header-id-meta":"","stick-header-meta":"","header-above-stick-meta":"","header-main-stick-meta":"","header-below-stick-meta":"","astra-migrate-meta-layouts":"set","ast-page-background-enabled":"default","ast-page-background-meta":{"desktop":{"background-color":"var(--ast-global-color-4)","background-image":"","background-repeat":"repeat","background-position":"center center","background-size":"auto","background-attachment":"scroll","background-type":"","background-media":"","overlay-type":"","overlay-color":"","overlay-opacity":"","overlay-gradient":""},"tablet":{"background-color":"","background-image":"","background-repeat":"repeat","background-position":"center center","background-size":"auto","background-attachment":"scroll","background-type":"","background-media":"","overlay-type":"","overlay-color":"","overlay-opacity":"","overlay-gradient":""},"mobile":{"background-color":"","background-image":"","background-repeat":"repeat","background-position":"center center","background-size":"auto","background-attachment":"scroll","background-type":"","background-media":"","overlay-type":"","overlay-color":"","overlay-opacity":"","overlay-gradient":""}},"ast-content-background-meta":{"desktop":{"background-color":"var(--ast-global-color-5)","background-image":"","background-repeat":"repeat","background-position":"center center","background-size":"auto","background-attachment":"scroll","background-type":"","background-media":"","overlay-type":"","overlay-color":"","overlay-opacity":"","overlay-gradient":""},"tablet":{"background-color":"var(--ast-global-color-5)","background-image":"","background-repeat":"repeat","background-position":"center center","background-size":"auto","background-attachment":"scroll","background-type":"","background-media":"","overlay-type":"","overlay-color":"","overlay-opacity":"","overlay-gradient":""},"mobile":{"background-color":"var(--ast-global-color-5)","background-image":"","background-repeat":"repeat","background-position":"center center","background-size":"auto","background-attachment":"scroll","background-type":"","background-media":"","overlay-type":"","overlay-color":"","overlay-opacity":"","overlay-gradient":""}}},"pwb-brand":[332],"product_brand":[],"product_cat":[353,354],"product_tag":[],"class_list":{"0":"post-6774","1":"product","2":"type-product","3":"status-publish","4":"has-post-thumbnail","6":"pwb-brand-victron","7":"product_cat-reguladores-de-carga-solares","8":"product_cat-reguladores-pwm","9":"desktop-align-left","10":"tablet-align-left","11":"mobile-align-left","12":"ast-product-gallery-layout-horizontal-slider","13":"ast-product-tabs-layout-horizontal","15":"first","16":"instock","17":"taxable","18":"shipping-taxable","19":"purchasable","20":"product-type-simple"},"wcpa_form_fields":null,"brands":[{"id":332,"name":"Victron Energia","slug":"victron"}],"_links":{"self":[{"href":"https:\/\/fvcomponentes.com\/pt\/wp-json\/wp\/v2\/product\/6774","targetHints":{"allow":["GET"]}}],"collection":[{"href":"https:\/\/fvcomponentes.com\/pt\/wp-json\/wp\/v2\/product"}],"about":[{"href":"https:\/\/fvcomponentes.com\/pt\/wp-json\/wp\/v2\/types\/product"}],"replies":[{"embeddable":true,"href":"https:\/\/fvcomponentes.com\/pt\/wp-json\/wp\/v2\/comments?post=6774"}],"wp:featuredmedia":[{"embeddable":true,"href":"https:\/\/fvcomponentes.com\/pt\/wp-json\/wp\/v2\/media\/6777"}],"wp:attachment":[{"href":"https:\/\/fvcomponentes.com\/pt\/wp-json\/wp\/v2\/media?parent=6774"}],"wp:term":[{"taxonomy":"pwb-brand","embeddable":true,"href":"https:\/\/fvcomponentes.com\/pt\/wp-json\/wp\/v2\/pwb-brand?post=6774"},{"taxonomy":"product_brand","embeddable":true,"href":"https:\/\/fvcomponentes.com\/pt\/wp-json\/wp\/v2\/product_brand?post=6774"},{"taxonomy":"product_cat","embeddable":true,"href":"https:\/\/fvcomponentes.com\/pt\/wp-json\/wp\/v2\/product_cat?post=6774"},{"taxonomy":"product_tag","embeddable":true,"href":"https:\/\/fvcomponentes.com\/pt\/wp-json\/wp\/v2\/product_tag?post=6774"}],"curies":[{"name":"wp","href":"https:\/\/api.w.org\/{rel}","templated":true}]}}