{"id":6755,"date":"2023-10-10T09:33:07","date_gmt":"2023-10-10T07:33:07","guid":{"rendered":"https:\/\/fvcomponentes.com\/?post_type=product&#038;p=6755"},"modified":"2026-01-15T10:04:51","modified_gmt":"2026-01-15T09:04:51","slug":"regulador-bluesolar-victron-pwm-lcd-e-usb-12-24v-30a-scc010030050","status":"publish","type":"product","link":"https:\/\/fvcomponentes.com\/pt\/producto\/regulador-bluesolar-victron-pwm-lcd-y-usb-12-24v-30a-scc010030050\/","title":{"rendered":"Controlador BlueSolar Victron PWM-LCD e USB 12\/24V - 30A - SCC010030050"},"content":{"rendered":"<h2>Caracter\u00edsticas do controlador BlueSolar Victron PWM-LCD e USB 12\/24V - 30A<\/h2>\n<h2>Ecr\u00e3 de cristais l\u00edquidos<\/h2>\n<p>Para monitoriza\u00e7\u00e3o e configura\u00e7\u00e3o<\/p>\n<h2>Sa\u00edda de carga<\/h2>\n<p>A bateria pode ser impedida de descarregar excessivamente ligando todas as cargas \u00e0 sa\u00edda de carga. Esta sa\u00edda desligar\u00e1 a carga quando a bateria tiver descarregado para uma tens\u00e3o predefinida. Algumas cargas (especialmente inversores) s\u00e3o melhor ligadas diretamente \u00e0 bateria, e o controlo remoto do inversor \u00e0 sa\u00edda de carga. Poder\u00e1 ser necess\u00e1rio um cabo de interface especial; consulte o manual. As tens\u00f5es de liga\u00e7\u00e3o e de desligamento s\u00e3o ajust\u00e1veis.<\/p>\n<h2>Programa\u00e7\u00e3o dia\/noite da sa\u00edda de carga<\/h2>\n<p>Esta op\u00e7\u00e3o permite-lhe pr\u00e9-definir o tempo de funcionamento ap\u00f3s o crep\u00fasculo.<\/p>\n<h2>Algoritmo de carregamento da bateria program\u00e1vel<\/h2>\n<p>Algoritmos pr\u00e9-programados para baterias AGM, GEL, inundadas ou LiFePO4 (apenas com BMS interno)<\/p>\n<h2>Duas sa\u00eddas USB de 5 volts<\/h2>\n<p>Corrente m\u00e1xima (ambas as sa\u00eddas juntas): 2A<\/p>\n<h2>Ficha t\u00e9cnica BlueSolar Victron Controlador PWM-LCD e USB 12\/24V - 30A - SCC010030050<\/h2>\n<p><a href=\"https:\/\/fvcomponentes.com\/wp-content\/uploads\/2023\/03\/BlueSolar-LCD-12-24V-LCDUSB-ES.pdf\" target=\"_blank\" rel=\"noopener\">Ficha t\u00e9cnica de BlueSolar Victron PWM-LCD&amp;USB 12\/24V-30A - SCC010030050<\/a><\/p>","protected":false},"excerpt":{"rendered":"<p><strong>Tens\u00e3o da bateria: <\/strong>12\/24 V com dete\u00e7\u00e3o autom\u00e1tica da tens\u00e3o de entrada<br \/>\n<strong>Corrente de carga nominal: <\/strong>30A<br \/>\n<strong>Desligamento autom\u00e1tico de cargas: <\/strong>Sim<\/p>","protected":false},"featured_media":6756,"comment_status":"open","ping_status":"closed","template":"","meta":{"site-sidebar-layout":"default","site-content-layout":"default","ast-site-content-layout":"default","site-content-style":"default","site-sidebar-style":"default","ast-global-header-display":"","ast-banner-title-visibility":"","ast-main-header-display":"","ast-hfb-above-header-display":"","ast-hfb-below-header-display":"","ast-hfb-mobile-header-display":"","site-post-title":"","ast-breadcrumbs-content":"","ast-featured-img":"","footer-sml-layout":"","ast-disable-related-posts":"","theme-transparent-header-meta":"default","adv-header-id-meta":"","stick-header-meta":"","header-above-stick-meta":"","header-main-stick-meta":"","header-below-stick-meta":"","astra-migrate-meta-layouts":"set","ast-page-background-enabled":"default","ast-page-background-meta":{"desktop":{"background-color":"var(--ast-global-color-4)","background-image":"","background-repeat":"repeat","background-position":"center center","background-size":"auto","background-attachment":"scroll","background-type":"","background-media":"","overlay-type":"","overlay-color":"","overlay-opacity":"","overlay-gradient":""},"tablet":{"background-color":"","background-image":"","background-repeat":"repeat","background-position":"center center","background-size":"auto","background-attachment":"scroll","background-type":"","background-media":"","overlay-type":"","overlay-color":"","overlay-opacity":"","overlay-gradient":""},"mobile":{"background-color":"","background-image":"","background-repeat":"repeat","background-position":"center center","background-size":"auto","background-attachment":"scroll","background-type":"","background-media":"","overlay-type":"","overlay-color":"","overlay-opacity":"","overlay-gradient":""}},"ast-content-background-meta":{"desktop":{"background-color":"var(--ast-global-color-5)","background-image":"","background-repeat":"repeat","background-position":"center center","background-size":"auto","background-attachment":"scroll","background-type":"","background-media":"","overlay-type":"","overlay-color":"","overlay-opacity":"","overlay-gradient":""},"tablet":{"background-color":"var(--ast-global-color-5)","background-image":"","background-repeat":"repeat","background-position":"center center","background-size":"auto","background-attachment":"scroll","background-type":"","background-media":"","overlay-type":"","overlay-color":"","overlay-opacity":"","overlay-gradient":""},"mobile":{"background-color":"var(--ast-global-color-5)","background-image":"","background-repeat":"repeat","background-position":"center center","background-size":"auto","background-attachment":"scroll","background-type":"","background-media":"","overlay-type":"","overlay-color":"","overlay-opacity":"","overlay-gradient":""}}},"pwb-brand":[332],"product_brand":[],"product_cat":[353,354],"product_tag":[],"class_list":{"0":"post-6755","1":"product","2":"type-product","3":"status-publish","4":"has-post-thumbnail","6":"pwb-brand-victron","7":"product_cat-reguladores-de-carga-solares","8":"product_cat-reguladores-pwm","9":"desktop-align-left","10":"tablet-align-left","11":"mobile-align-left","12":"ast-product-gallery-layout-horizontal-slider","13":"ast-product-gallery-with-no-image","14":"ast-product-tabs-layout-horizontal","16":"first","17":"instock","18":"taxable","19":"shipping-taxable","20":"purchasable","21":"product-type-simple"},"wcpa_form_fields":null,"brands":[{"id":332,"name":"Victron Energia","slug":"victron"}],"_links":{"self":[{"href":"https:\/\/fvcomponentes.com\/pt\/wp-json\/wp\/v2\/product\/6755","targetHints":{"allow":["GET"]}}],"collection":[{"href":"https:\/\/fvcomponentes.com\/pt\/wp-json\/wp\/v2\/product"}],"about":[{"href":"https:\/\/fvcomponentes.com\/pt\/wp-json\/wp\/v2\/types\/product"}],"replies":[{"embeddable":true,"href":"https:\/\/fvcomponentes.com\/pt\/wp-json\/wp\/v2\/comments?post=6755"}],"wp:featuredmedia":[{"embeddable":true,"href":"https:\/\/fvcomponentes.com\/pt\/wp-json\/wp\/v2\/media\/6756"}],"wp:attachment":[{"href":"https:\/\/fvcomponentes.com\/pt\/wp-json\/wp\/v2\/media?parent=6755"}],"wp:term":[{"taxonomy":"pwb-brand","embeddable":true,"href":"https:\/\/fvcomponentes.com\/pt\/wp-json\/wp\/v2\/pwb-brand?post=6755"},{"taxonomy":"product_brand","embeddable":true,"href":"https:\/\/fvcomponentes.com\/pt\/wp-json\/wp\/v2\/product_brand?post=6755"},{"taxonomy":"product_cat","embeddable":true,"href":"https:\/\/fvcomponentes.com\/pt\/wp-json\/wp\/v2\/product_cat?post=6755"},{"taxonomy":"product_tag","embeddable":true,"href":"https:\/\/fvcomponentes.com\/pt\/wp-json\/wp\/v2\/product_tag?post=6755"}],"curies":[{"name":"wp","href":"https:\/\/api.w.org\/{rel}","templated":true}]}}