{"id":6753,"date":"2023-10-10T18:07:31","date_gmt":"2023-10-10T16:07:31","guid":{"rendered":"https:\/\/fvcomponentes.com\/?post_type=product&#038;p=6753"},"modified":"2026-01-15T10:05:10","modified_gmt":"2026-01-15T09:05:10","slug":"regulador-bluesolar-victron-pwm-duo-lcd-e-usb-12-24v-20a-scc010020060","status":"publish","type":"product","link":"https:\/\/fvcomponentes.com\/pt\/producto\/regulador-bluesolar-victron-pwm-duo-lcd-y-usb-12-24v-20a-scc010020060\/","title":{"rendered":"Controlador BlueSolar Victron PWM DUO-LCD e USB 12\/24V-20A - SCC010020060"},"content":{"rendered":"<p><span style=\"font-size: 16px\">BlueSolar Victron PWM DUO-LCD e USB 12\/24V-20A - SCC010020060 regulador com capacidade para carregar duas baterias diferentes ao mesmo tempo, com ecr\u00e3 LCD e liga\u00e7\u00e3o USB e seletor autom\u00e1tico de tens\u00e3o de 12V e 24V, para correntes de carga m\u00e1ximas de 20A. Com este regulador podemos, por exemplo, carregar a bateria principal e ao mesmo tempo uma bateria auxiliar, como numa caravana, barco, autocaravana, etc.<\/span><\/p>\n<h2>Caracter\u00edsticas do regulador BlueSolar\u00a0<a href=\"https:\/\/www.victronenergy.com.es\/\" target=\"_blank\" rel=\"noopener\">Victron <\/a>PWM DUO-LCD e USB 12\/24V-20A<\/h2>\n<ul>\n<li><strong>Ecr\u00e3 de cristais l\u00edquidos.<\/strong> Para monitoriza\u00e7\u00e3o e configura\u00e7\u00e3o - Sensor de temperatura externo inclu\u00eddo<\/li>\n<li><strong>2 sa\u00eddas de bateria separadas.<\/strong> Carregar duas baterias diferentes ao mesmo tempo. Por exemplo, a bateria de arranque e a bateria auxiliar de um barco ou caravana.<\/li>\n<li><strong>Protec\u00e7\u00f5es.<\/strong> Prote\u00e7\u00e3o contra a invers\u00e3o de polaridade dos pain\u00e9is solares e\/ou da bateria<\/li>\n<li><strong>Algoritmo de carregamento da bateria program\u00e1vel.<\/strong> Algoritmos para baterias AGM, GEL ou chumbo-\u00e1cido inundadas e LiFePO4 (com BMSinternal).<\/li>\n<li><strong>Duas sa\u00eddas USB de 5 volts<\/strong>. Corrente m\u00e1xima de ambas as sa\u00eddas em conjunto: 2A<\/li>\n<\/ul>\n<h2>Ficha t\u00e9cnica BlueSolar Victron Victron PWM DUO-LCD e USB 12\/24V-20A - SCC010020060<\/h2>\n<p><a href=\"https:\/\/fvcomponentes.com\/wp-content\/uploads\/2023\/03\/22222.pdf\" target=\"_blank\" rel=\"noopener\">Ficha t\u00e9cnica BlueSolar Victron PWM DUO-LCD e USB 12\/24V-20A <\/a><\/p>","protected":false},"excerpt":{"rendered":"<p><strong>Corrente de carga nominal:<\/strong> 20A<br \/>\n<strong>Sa\u00edda para a segunda bateria:<\/strong> Sim<br \/>\n<strong>Sa\u00edda da carga de consumo:<\/strong> 2 portas USB 5V \/ 2A<br \/>\n<strong>Peso (kg):<\/strong> 0,30<br \/>\n<strong>Dimens\u00f5es (mm):<\/strong> 101,5 x 184,0 x 47,1<\/p>","protected":false},"featured_media":6745,"comment_status":"open","ping_status":"closed","template":"","meta":{"site-sidebar-layout":"default","site-content-layout":"default","ast-site-content-layout":"default","site-content-style":"default","site-sidebar-style":"default","ast-global-header-display":"","ast-banner-title-visibility":"","ast-main-header-display":"","ast-hfb-above-header-display":"","ast-hfb-below-header-display":"","ast-hfb-mobile-header-display":"","site-post-title":"","ast-breadcrumbs-content":"","ast-featured-img":"","footer-sml-layout":"","ast-disable-related-posts":"","theme-transparent-header-meta":"default","adv-header-id-meta":"","stick-header-meta":"","header-above-stick-meta":"","header-main-stick-meta":"","header-below-stick-meta":"","astra-migrate-meta-layouts":"set","ast-page-background-enabled":"default","ast-page-background-meta":{"desktop":{"background-color":"var(--ast-global-color-4)","background-image":"","background-repeat":"repeat","background-position":"center center","background-size":"auto","background-attachment":"scroll","background-type":"","background-media":"","overlay-type":"","overlay-color":"","overlay-opacity":"","overlay-gradient":""},"tablet":{"background-color":"","background-image":"","background-repeat":"repeat","background-position":"center center","background-size":"auto","background-attachment":"scroll","background-type":"","background-media":"","overlay-type":"","overlay-color":"","overlay-opacity":"","overlay-gradient":""},"mobile":{"background-color":"","background-image":"","background-repeat":"repeat","background-position":"center center","background-size":"auto","background-attachment":"scroll","background-type":"","background-media":"","overlay-type":"","overlay-color":"","overlay-opacity":"","overlay-gradient":""}},"ast-content-background-meta":{"desktop":{"background-color":"var(--ast-global-color-5)","background-image":"","background-repeat":"repeat","background-position":"center center","background-size":"auto","background-attachment":"scroll","background-type":"","background-media":"","overlay-type":"","overlay-color":"","overlay-opacity":"","overlay-gradient":""},"tablet":{"background-color":"var(--ast-global-color-5)","background-image":"","background-repeat":"repeat","background-position":"center center","background-size":"auto","background-attachment":"scroll","background-type":"","background-media":"","overlay-type":"","overlay-color":"","overlay-opacity":"","overlay-gradient":""},"mobile":{"background-color":"var(--ast-global-color-5)","background-image":"","background-repeat":"repeat","background-position":"center center","background-size":"auto","background-attachment":"scroll","background-type":"","background-media":"","overlay-type":"","overlay-color":"","overlay-opacity":"","overlay-gradient":""}}},"pwb-brand":[332],"product_brand":[],"product_cat":[353,354],"product_tag":[],"class_list":{"0":"post-6753","1":"product","2":"type-product","3":"status-publish","4":"has-post-thumbnail","6":"pwb-brand-victron","7":"product_cat-reguladores-de-carga-solares","8":"product_cat-reguladores-pwm","9":"desktop-align-left","10":"tablet-align-left","11":"mobile-align-left","12":"ast-product-gallery-layout-horizontal-slider","13":"ast-product-tabs-layout-horizontal","15":"first","16":"instock","17":"taxable","18":"shipping-taxable","19":"purchasable","20":"product-type-simple"},"wcpa_form_fields":null,"brands":[{"id":332,"name":"Victron Energia","slug":"victron"}],"_links":{"self":[{"href":"https:\/\/fvcomponentes.com\/pt\/wp-json\/wp\/v2\/product\/6753","targetHints":{"allow":["GET"]}}],"collection":[{"href":"https:\/\/fvcomponentes.com\/pt\/wp-json\/wp\/v2\/product"}],"about":[{"href":"https:\/\/fvcomponentes.com\/pt\/wp-json\/wp\/v2\/types\/product"}],"replies":[{"embeddable":true,"href":"https:\/\/fvcomponentes.com\/pt\/wp-json\/wp\/v2\/comments?post=6753"}],"wp:featuredmedia":[{"embeddable":true,"href":"https:\/\/fvcomponentes.com\/pt\/wp-json\/wp\/v2\/media\/6745"}],"wp:attachment":[{"href":"https:\/\/fvcomponentes.com\/pt\/wp-json\/wp\/v2\/media?parent=6753"}],"wp:term":[{"taxonomy":"pwb-brand","embeddable":true,"href":"https:\/\/fvcomponentes.com\/pt\/wp-json\/wp\/v2\/pwb-brand?post=6753"},{"taxonomy":"product_brand","embeddable":true,"href":"https:\/\/fvcomponentes.com\/pt\/wp-json\/wp\/v2\/product_brand?post=6753"},{"taxonomy":"product_cat","embeddable":true,"href":"https:\/\/fvcomponentes.com\/pt\/wp-json\/wp\/v2\/product_cat?post=6753"},{"taxonomy":"product_tag","embeddable":true,"href":"https:\/\/fvcomponentes.com\/pt\/wp-json\/wp\/v2\/product_tag?post=6753"}],"curies":[{"name":"wp","href":"https:\/\/api.w.org\/{rel}","templated":true}]}}