{"id":6727,"date":"2023-05-05T09:00:47","date_gmt":"2023-05-05T07:00:47","guid":{"rendered":"https:\/\/fvcomponentes.com\/?post_type=product&#038;p=6727"},"modified":"2025-09-03T19:54:16","modified_gmt":"2025-09-03T17:54:16","slug":"regulador-victron-bluesolar-pwm-light-48v-20a-scc040020020","status":"publish","type":"product","link":"https:\/\/fvcomponentes.com\/pt\/producto\/regulador-victron-bluesolar-pwm-light-48v-20a-scc040020020\/","title":{"rendered":"Controlador Victron BlueSolar PWM-Light 48V-20A - SCC040020020"},"content":{"rendered":"<h2>Caracter\u00edsticas<\/h2>\n<p>- Fun\u00e7\u00e3o de desconex\u00e3o da sa\u00edda de carga em caso de baixa tens\u00e3o da bateria.<br \/>\n- Fun\u00e7\u00e3o de controlo da luz de fundo, temporizador \u00fanico.<br \/>\n- Ecr\u00e3 de sete segmentos para uma regula\u00e7\u00e3o r\u00e1pida e f\u00e1cil da fun\u00e7\u00e3o de sa\u00edda de carga, incluindo a regula\u00e7\u00e3o do temporizador.<br \/>\n- Carregamento da bateria em tr\u00eas fases (inicial, absor\u00e7\u00e3o e flutua\u00e7\u00e3o), n\u00e3o program\u00e1vel.<br \/>\n- Sa\u00edda de carga protegida contra sobrecarga e curto-circuito.<br \/>\n- Prote\u00e7\u00e3o contra a invers\u00e3o de polaridade dos pain\u00e9is solares e\/ou da bateria.<\/p>\n<h2>Ficha t\u00e9cnica Controlador PWM-Light 48V-20A BlueSolar da Victron - SCC040020020<\/h2>\n<p><a href=\"https:\/\/fvcomponentes.com\/wp-content\/uploads\/2023\/03\/BlueSolar-PWM-Light-Charge-Controllers-48V-ES.pdf\" target=\"_blank\" rel=\"noopener\">Ficha t\u00e9cnica Controlador PWM-Light 48V-20A BlueSolar da Victron - SCC040020020<\/a><\/p>","protected":false},"excerpt":{"rendered":"<p><strong>Tens\u00e3o da bateria:<\/strong> 48V<br \/>\n<strong>Corrente de carga nominal:<\/strong> 20A<br \/>\n<strong>Desligamento autom\u00e1tico da carga:<\/strong> Sim<br \/>\n<strong>Tens\u00e3o solar m\u00e1xima:<\/strong> 100V<br \/>\n<strong>Peso (kg):<\/strong> 0,17<br \/>\n<strong>Dimens\u00f5es (mm): <\/strong>95 x 140 x 33,5<\/p>","protected":false},"featured_media":6728,"comment_status":"open","ping_status":"closed","template":"","meta":{"site-sidebar-layout":"default","site-content-layout":"default","ast-site-content-layout":"default","site-content-style":"default","site-sidebar-style":"default","ast-global-header-display":"","ast-banner-title-visibility":"","ast-main-header-display":"","ast-hfb-above-header-display":"","ast-hfb-below-header-display":"","ast-hfb-mobile-header-display":"","site-post-title":"","ast-breadcrumbs-content":"","ast-featured-img":"","footer-sml-layout":"","ast-disable-related-posts":"","theme-transparent-header-meta":"default","adv-header-id-meta":"","stick-header-meta":"","header-above-stick-meta":"","header-main-stick-meta":"","header-below-stick-meta":"","astra-migrate-meta-layouts":"set","ast-page-background-enabled":"default","ast-page-background-meta":{"desktop":{"background-color":"var(--ast-global-color-4)","background-image":"","background-repeat":"repeat","background-position":"center center","background-size":"auto","background-attachment":"scroll","background-type":"","background-media":"","overlay-type":"","overlay-color":"","overlay-opacity":"","overlay-gradient":""},"tablet":{"background-color":"","background-image":"","background-repeat":"repeat","background-position":"center center","background-size":"auto","background-attachment":"scroll","background-type":"","background-media":"","overlay-type":"","overlay-color":"","overlay-opacity":"","overlay-gradient":""},"mobile":{"background-color":"","background-image":"","background-repeat":"repeat","background-position":"center center","background-size":"auto","background-attachment":"scroll","background-type":"","background-media":"","overlay-type":"","overlay-color":"","overlay-opacity":"","overlay-gradient":""}},"ast-content-background-meta":{"desktop":{"background-color":"var(--ast-global-color-5)","background-image":"","background-repeat":"repeat","background-position":"center center","background-size":"auto","background-attachment":"scroll","background-type":"","background-media":"","overlay-type":"","overlay-color":"","overlay-opacity":"","overlay-gradient":""},"tablet":{"background-color":"var(--ast-global-color-5)","background-image":"","background-repeat":"repeat","background-position":"center center","background-size":"auto","background-attachment":"scroll","background-type":"","background-media":"","overlay-type":"","overlay-color":"","overlay-opacity":"","overlay-gradient":""},"mobile":{"background-color":"var(--ast-global-color-5)","background-image":"","background-repeat":"repeat","background-position":"center center","background-size":"auto","background-attachment":"scroll","background-type":"","background-media":"","overlay-type":"","overlay-color":"","overlay-opacity":"","overlay-gradient":""}}},"pwb-brand":[332],"product_brand":[],"product_cat":[353,354],"product_tag":[],"class_list":{"0":"post-6727","1":"product","2":"type-product","3":"status-publish","4":"has-post-thumbnail","6":"pwb-brand-victron","7":"product_cat-reguladores-de-carga-solares","8":"product_cat-reguladores-pwm","9":"desktop-align-left","10":"tablet-align-left","11":"mobile-align-left","12":"ast-product-gallery-layout-horizontal-slider","13":"ast-product-tabs-layout-horizontal","15":"first","16":"instock","17":"taxable","18":"shipping-taxable","19":"purchasable","20":"product-type-simple"},"wcpa_form_fields":null,"brands":[{"id":332,"name":"Victron Energia","slug":"victron"}],"_links":{"self":[{"href":"https:\/\/fvcomponentes.com\/pt\/wp-json\/wp\/v2\/product\/6727","targetHints":{"allow":["GET"]}}],"collection":[{"href":"https:\/\/fvcomponentes.com\/pt\/wp-json\/wp\/v2\/product"}],"about":[{"href":"https:\/\/fvcomponentes.com\/pt\/wp-json\/wp\/v2\/types\/product"}],"replies":[{"embeddable":true,"href":"https:\/\/fvcomponentes.com\/pt\/wp-json\/wp\/v2\/comments?post=6727"}],"wp:featuredmedia":[{"embeddable":true,"href":"https:\/\/fvcomponentes.com\/pt\/wp-json\/wp\/v2\/media\/6728"}],"wp:attachment":[{"href":"https:\/\/fvcomponentes.com\/pt\/wp-json\/wp\/v2\/media?parent=6727"}],"wp:term":[{"taxonomy":"pwb-brand","embeddable":true,"href":"https:\/\/fvcomponentes.com\/pt\/wp-json\/wp\/v2\/pwb-brand?post=6727"},{"taxonomy":"product_brand","embeddable":true,"href":"https:\/\/fvcomponentes.com\/pt\/wp-json\/wp\/v2\/product_brand?post=6727"},{"taxonomy":"product_cat","embeddable":true,"href":"https:\/\/fvcomponentes.com\/pt\/wp-json\/wp\/v2\/product_cat?post=6727"},{"taxonomy":"product_tag","embeddable":true,"href":"https:\/\/fvcomponentes.com\/pt\/wp-json\/wp\/v2\/product_tag?post=6727"}],"curies":[{"name":"wp","href":"https:\/\/api.w.org\/{rel}","templated":true}]}}