{"id":6692,"date":"2023-09-19T18:25:22","date_gmt":"2023-09-19T16:25:22","guid":{"rendered":"https:\/\/fvcomponentes.com\/?post_type=product&#038;p=6692"},"modified":"2026-04-04T12:45:42","modified_gmt":"2026-04-04T10:45:42","slug":"protecao-de-bateria-victron-smart-protecao-de-bateria-victron-smart-12-24v-100a-bpr110022000","status":"publish","type":"product","link":"https:\/\/fvcomponentes.com\/pt\/producto\/proteccion-de-bateria-inteligente-victron-smart-battery-protect-12-24v-100a-bpr110022000\/","title":{"rendered":"Prote\u00e7\u00e3o de bateria inteligente Victron 12\/24V 100A - BPR110022000"},"content":{"rendered":"<h2><strong>Descubra as caracter\u00edsticas do Smart Battery Protect 12\/24V 100A<\/strong><\/h2>\n<p>&nbsp;<\/p>\n<h2>Protege a bateria de uma descarga excessiva e pode ser utilizado como um interrutor de ligar\/desligar o sistema<\/h2>\n<p>O Smart BatteryProtect desliga as cargas n\u00e3o essenciais da bateria antes de esta ficar totalmente descarregada (o que danificaria a bateria) ou antes de ficar sem carga suficiente para ligar o motor. A entrada on\/off pode ser utilizada como um interrutor on\/off do sistema.<\/p>\n<h2>12\/24V auto-regul\u00e1vel<\/h2>\n<p>O Smart BatteryProtect detecta a tens\u00e3o do sistema automaticamente e apenas uma vez.<\/p>\n<h2>Bluetooth: programa\u00e7\u00e3o f\u00e1cil<\/h2>\n<p>Ao programar o Smart BatteryProtect via Bluetooth, podem ser definidos os n\u00edveis de ativa\u00e7\u00e3o\/desativa\u00e7\u00e3o pretendidos. Em alternativa, o pino de programa\u00e7\u00e3o pode ser utilizado para definir um dos nove n\u00edveis de ativa\u00e7\u00e3o\/desativa\u00e7\u00e3o (<a href=\"https:\/\/fvcomponentes.com\/wp-content\/uploads\/2025\/09\/114439-Smart_BatteryProtect-pdf-en-1.pdf\" target=\"_blank\" rel=\"noopener\">ver manual<\/a>). Se necess\u00e1rio, o Bluetooth pode ser desativado.<\/p>\n<h2>Uma configura\u00e7\u00e3o especial para baterias de i\u00f5es de l\u00edtio<\/h2>\n<p>Neste modo, o BatteryProtect pode ser controlado atrav\u00e9s do VE.Bus BMS.<\/p>\n<p><em>Nota: O BatteryProtect tamb\u00e9m pode ser utilizado como interrutor de carregamento entre um carregador de bateria e uma bateria de i\u00f5es de l\u00edtio. Ver o esquema de liga\u00e7\u00e3o no manual.<\/em><\/p>\n<h2>Consumo de energia ultra-baixo<\/h2>\n<p>Isto \u00e9 importante no caso de <a href=\"https:\/\/fvcomponentes.com\/pt\/produto\/victron-lifepo4-bateria-12-8v-100ah-smart-bat512110610\/\">Baterias de i\u00f5es de l\u00edtio<\/a>especialmente ap\u00f3s uma desconex\u00e3o de baixa tens\u00e3o. Para mais informa\u00e7\u00f5es, consulte a nossa folha de dados da bateria de i\u00f5es de l\u00edtio e o manual do VE.Bus BMS.<\/p>\n<h2>Prote\u00e7\u00e3o contra sobretens\u00e3o<\/h2>\n<p>Para evitar danos em cargas sens\u00edveis devido a sobretens\u00e3o, a carga \u00e9 desligada quando a tens\u00e3o CC excede 16,3 V ou 32,6 V, respetivamente.<\/p>\n<h2>Prote\u00e7\u00e3o contra inc\u00eandios<\/h2>\n<p>Sem rel\u00e9s, mas com interruptores MOSFET, portanto sem fa\u00edscas.<\/p>\n<h2>Sa\u00edda de alarme retardado<\/h2>\n<p>A sa\u00edda de alarme \u00e9 activada se a tens\u00e3o da bateria descer abaixo do n\u00edvel de corte predefinido durante mais de 12 segundos. Por conseguinte, o arranque do motor n\u00e3o activar\u00e1 o alarme. A sa\u00edda de alarme \u00e9 uma sa\u00edda de coletor aberto \u00e0 prova de curto-circuito para o carril negativo (menos), com uma corrente m\u00e1xima de 50 mA. Normalmente, a sa\u00edda de alarme \u00e9 utilizada para ativar um sinal ac\u00fastico, um LED ou um rel\u00e9.<\/p>\n<h2>Desconex\u00e3o e reconex\u00e3o tardia da carga<\/h2>\n<p>A carga deve ser desligada 90 segundos depois de a tens\u00e3o da bateria descer abaixo do n\u00edvel predefinido. Se a tens\u00e3o da bateria voltar a subir para o limiar de liga\u00e7\u00e3o dentro deste per\u00edodo de tempo (depois de, por exemplo, o motor ter sido ligado), a carga n\u00e3o ser\u00e1 desligada. A carga voltar\u00e1 a ligar-se 30 segundos ap\u00f3s a tens\u00e3o da bateria ter subido acima do n\u00edvel de religa\u00e7\u00e3o predefinido.<\/p>\n<h2><img fetchpriority=\"high\" decoding=\"async\" class=\"alignnone size-full wp-image-6686\" style=\"font-size: 16px;font-style: inherit;font-weight: inherit\" src=\"https:\/\/fvcomponentes.com\/wp-content\/uploads\/2023\/03\/SAFSADF.png\" alt=\"Prote\u00e7\u00e3o inteligente da bateria Victron 12\/24V 65A - BPR065022000\" width=\"383\" height=\"193\" title=\"\"><\/h2>\n<h2>Ficha t\u00e9cnica Prote\u00e7\u00e3o de bateria inteligente Victron 12\/24V 100A - BPR110022000<\/h2>\n<p><a href=\"https:\/\/fvcomponentes.com\/wp-content\/uploads\/2023\/08\/Datasheet-Smart-Battery-Protect-65-A-100-A-220-A-EN.pdf\" target=\"_blank\" rel=\"noopener\">Ver Prote\u00e7\u00e3o de Bateria Inteligente Victron 12\/24V 100A - BPR110022000 - Prote\u00e7\u00e3o de Bateria Inteligente Victron 12\/24V 100A - BPR110022000<\/a><\/p>","protected":false},"excerpt":{"rendered":"<p><strong>Corrente de carga m\u00e1xima cont\u00ednua:<\/strong> 100A<br \/>\n<strong>Corrente de pico (durante 30 segundos):<\/strong> 600A<br \/>\n<strong>Gama de tens\u00f5es de funcionamento:<\/strong> 6 -35V<br \/>\n<strong>Peso (kg):<\/strong> 0,5<br \/>\n<strong>Dimens\u00f5es (mm):<\/strong> 61 x 41 x 164 mm<\/p>","protected":false},"featured_media":6694,"comment_status":"open","ping_status":"closed","template":"","meta":{"site-sidebar-layout":"default","site-content-layout":"default","ast-site-content-layout":"default","site-content-style":"default","site-sidebar-style":"default","ast-global-header-display":"","ast-banner-title-visibility":"","ast-main-header-display":"","ast-hfb-above-header-display":"","ast-hfb-below-header-display":"","ast-hfb-mobile-header-display":"","site-post-title":"","ast-breadcrumbs-content":"","ast-featured-img":"","footer-sml-layout":"","ast-disable-related-posts":"","theme-transparent-header-meta":"default","adv-header-id-meta":"","stick-header-meta":"","header-above-stick-meta":"","header-main-stick-meta":"","header-below-stick-meta":"","astra-migrate-meta-layouts":"set","ast-page-background-enabled":"default","ast-page-background-meta":{"desktop":{"background-color":"var(--ast-global-color-4)","background-image":"","background-repeat":"repeat","background-position":"center center","background-size":"auto","background-attachment":"scroll","background-type":"","background-media":"","overlay-type":"","overlay-color":"","overlay-opacity":"","overlay-gradient":""},"tablet":{"background-color":"","background-image":"","background-repeat":"repeat","background-position":"center center","background-size":"auto","background-attachment":"scroll","background-type":"","background-media":"","overlay-type":"","overlay-color":"","overlay-opacity":"","overlay-gradient":""},"mobile":{"background-color":"","background-image":"","background-repeat":"repeat","background-position":"center center","background-size":"auto","background-attachment":"scroll","background-type":"","background-media":"","overlay-type":"","overlay-color":"","overlay-opacity":"","overlay-gradient":""}},"ast-content-background-meta":{"desktop":{"background-color":"var(--ast-global-color-5)","background-image":"","background-repeat":"repeat","background-position":"center center","background-size":"auto","background-attachment":"scroll","background-type":"","background-media":"","overlay-type":"","overlay-color":"","overlay-opacity":"","overlay-gradient":""},"tablet":{"background-color":"var(--ast-global-color-5)","background-image":"","background-repeat":"repeat","background-position":"center center","background-size":"auto","background-attachment":"scroll","background-type":"","background-media":"","overlay-type":"","overlay-color":"","overlay-opacity":"","overlay-gradient":""},"mobile":{"background-color":"var(--ast-global-color-5)","background-image":"","background-repeat":"repeat","background-position":"center center","background-size":"auto","background-attachment":"scroll","background-type":"","background-media":"","overlay-type":"","overlay-color":"","overlay-opacity":"","overlay-gradient":""}}},"pwb-brand":[332],"product_brand":[],"product_cat":[340,391,929],"product_tag":[],"class_list":{"0":"post-6692","1":"product","2":"type-product","3":"status-publish","4":"has-post-thumbnail","6":"pwb-brand-victron","7":"product_cat-baterias","8":"product_cat-accesorios-para-baterias","9":"product_cat-protectores-de-bateria","10":"desktop-align-left","11":"tablet-align-left","12":"mobile-align-left","13":"ast-product-gallery-layout-horizontal-slider","14":"ast-product-tabs-layout-horizontal","16":"first","17":"instock","18":"taxable","19":"shipping-taxable","20":"purchasable","21":"product-type-simple"},"wcpa_form_fields":null,"brands":[{"id":332,"name":"Victron Energia","slug":"victron"}],"_links":{"self":[{"href":"https:\/\/fvcomponentes.com\/pt\/wp-json\/wp\/v2\/product\/6692","targetHints":{"allow":["GET"]}}],"collection":[{"href":"https:\/\/fvcomponentes.com\/pt\/wp-json\/wp\/v2\/product"}],"about":[{"href":"https:\/\/fvcomponentes.com\/pt\/wp-json\/wp\/v2\/types\/product"}],"replies":[{"embeddable":true,"href":"https:\/\/fvcomponentes.com\/pt\/wp-json\/wp\/v2\/comments?post=6692"}],"wp:featuredmedia":[{"embeddable":true,"href":"https:\/\/fvcomponentes.com\/pt\/wp-json\/wp\/v2\/media\/6694"}],"wp:attachment":[{"href":"https:\/\/fvcomponentes.com\/pt\/wp-json\/wp\/v2\/media?parent=6692"}],"wp:term":[{"taxonomy":"pwb-brand","embeddable":true,"href":"https:\/\/fvcomponentes.com\/pt\/wp-json\/wp\/v2\/pwb-brand?post=6692"},{"taxonomy":"product_brand","embeddable":true,"href":"https:\/\/fvcomponentes.com\/pt\/wp-json\/wp\/v2\/product_brand?post=6692"},{"taxonomy":"product_cat","embeddable":true,"href":"https:\/\/fvcomponentes.com\/pt\/wp-json\/wp\/v2\/product_cat?post=6692"},{"taxonomy":"product_tag","embeddable":true,"href":"https:\/\/fvcomponentes.com\/pt\/wp-json\/wp\/v2\/product_tag?post=6692"}],"curies":[{"name":"wp","href":"https:\/\/api.w.org\/{rel}","templated":true}]}}