{"id":6675,"date":"2023-10-09T13:54:02","date_gmt":"2023-10-09T11:54:02","guid":{"rendered":"https:\/\/fvcomponentes.com\/?post_type=product&#038;p=6675"},"modified":"2026-01-15T10:05:56","modified_gmt":"2026-01-15T09:05:56","slug":"protetor-de-bateria-victron-12-24v-220a-bpr000220400","status":"publish","type":"product","link":"https:\/\/fvcomponentes.com\/pt\/producto\/protector-de-bateria-victron-12-24v-220a-bpr000220400\/","title":{"rendered":"Prote\u00e7\u00e3o da bateria Victron 12\/24V 220A - BPR000220400"},"content":{"rendered":"<h2><strong>Prote\u00e7\u00e3o da bateria <a href=\"https:\/\/www.victronenergy.com.es\/\" target=\"_blank\" rel=\"noopener\">Victron<\/a> 12\/24V 220A - BPR000220400: Prote\u00e7\u00e3o inteligente para baterias<\/strong><\/h2>\n<p>BatteryProtect \u00e9 uma solu\u00e7\u00e3o essencial para maximizar a vida \u00fatil da sua bateria. Aqui est\u00e3o os destaques do ponto de vista de SEO:<\/p>\n<ol>\n<li><strong>Desconex\u00e3o inteligente de cargas n\u00e3o essenciais: <\/strong>O BatteryProtect desliga automaticamente as cargas desnecess\u00e1rias antes de a bateria estar totalmente descarregada, evitando danos graves ou problemas de arranque do motor.<\/li>\n<li><strong>Compatibilidade 12\/24V Autorregulador: <\/strong>O BatteryProtect adapta-se automaticamente a sistemas de tens\u00e3o de 12V ou 24V, assegurando um funcionamento vers\u00e1til.<\/li>\n<li><strong>Programa\u00e7\u00e3o simplificada: <\/strong>Configure facilmente o BatteryProtect para ligar\/desligar em v\u00e1rias tens\u00f5es.<\/li>\n<li><strong>Configura\u00e7\u00e3o especial para baterias de i\u00f5es de l\u00edtio: <\/strong>O BatteryProtect oferece um modo especial para controlar as baterias de i\u00f5es de l\u00edtio atrav\u00e9s do VE.Bus BMS. Consultar o manual para obter instru\u00e7\u00f5es de liga\u00e7\u00e3o pormenorizadas.<\/li>\n<li><strong>Efici\u00eancia energ\u00e9tica com consumo de corrente ultra-baixo: <\/strong>Este aspeto \u00e9 crucial para as baterias de i\u00f5es de l\u00edtio, especialmente ap\u00f3s desconex\u00f5es de baixa tens\u00e3o. Para mais informa\u00e7\u00f5es, consulte a nossa ficha de dados da bateria de i\u00f5es de l\u00edtio e o manual do VE.Bus BMS.<\/li>\n<li><strong>Prote\u00e7\u00e3o contra sobretens\u00e3o: <\/strong>O BatteryProtect desliga a carga sempre que a tens\u00e3o CC excede 16V ou 32V, evitando danos em dispositivos sens\u00edveis.<\/li>\n<li><strong>Seguran\u00e7a e prote\u00e7\u00e3o: <\/strong>Utilize interruptores MOSFET em vez de rel\u00e9s para evitar fa\u00edscas perigosas, garantindo a seguran\u00e7a dos seus sistemas el\u00e9ctricos.<\/li>\n<li><strong>Alarme inteligente com atraso de tempo: <\/strong>O alarme \u00e9 acionado se a tens\u00e3o da bateria descer abaixo do n\u00edvel de corte predefinido durante mais de 12 segundos, evitando falsos alarmes ao ligar o motor. A sa\u00edda de alarme \u00e9 segura e vers\u00e1til, ideal para sinais ac\u00fasticos, LEDs ou rel\u00e9s.<\/li>\n<li><strong>Desconex\u00e3o e reconex\u00e3o inteligente de cargas: <\/strong>O BatteryProtect desliga a carga 90 segundos ap\u00f3s o alarme ser acionado, mas volta a ligar-se automaticamente se a tens\u00e3o voltar a subir para o limiar predefinido no espa\u00e7o de 30 segundos, evitando interrup\u00e7\u00f5es desnecess\u00e1rias ao ligar o motor.<\/li>\n<\/ol>\n<p>Optimize o desempenho da sua bateria e proteja os seus dispositivos com o BatteryProtect. Configura\u00e7\u00e3o intuitiva e funcionalidade inteligente - mantenha os seus sistemas a funcionar!<\/p>\n<h2>Ficha t\u00e9cnica Prote\u00e7\u00e3o de bateria Victron 12\/24V 220A - BPR000220400<\/h2>\n<p><a href=\"https:\/\/fvcomponentes.com\/wp-content\/uploads\/2023\/03\/Battery-Protect-65-A-100-A-220-A-ES.pdf\" target=\"_blank\" rel=\"noopener\">Ver ficha t\u00e9cnica da Prote\u00e7\u00e3o de Bateria Victron 12\/24V 220A - BPR000220400<\/a><\/p>","protected":false},"excerpt":{"rendered":"<div><strong>Tens\u00e3o\u00a0<\/strong>12\/24V<\/div>\n<div><strong>Corrente m\u00e1xima de carga cont\u00ednua*:<\/strong> 220A<br \/>\n<strong>Corrente de pico (durante 30 segundos):<\/strong> 600A<br \/>\n<strong>Gama de tens\u00f5es de funcionamento:<\/strong> 6 -35V<\/div>","protected":false},"featured_media":6676,"comment_status":"open","ping_status":"closed","template":"","meta":{"site-sidebar-layout":"default","site-content-layout":"default","ast-site-content-layout":"default","site-content-style":"default","site-sidebar-style":"default","ast-global-header-display":"","ast-banner-title-visibility":"","ast-main-header-display":"","ast-hfb-above-header-display":"","ast-hfb-below-header-display":"","ast-hfb-mobile-header-display":"","site-post-title":"","ast-breadcrumbs-content":"","ast-featured-img":"","footer-sml-layout":"","ast-disable-related-posts":"","theme-transparent-header-meta":"default","adv-header-id-meta":"","stick-header-meta":"","header-above-stick-meta":"","header-main-stick-meta":"","header-below-stick-meta":"","astra-migrate-meta-layouts":"set","ast-page-background-enabled":"default","ast-page-background-meta":{"desktop":{"background-color":"var(--ast-global-color-4)","background-image":"","background-repeat":"repeat","background-position":"center center","background-size":"auto","background-attachment":"scroll","background-type":"","background-media":"","overlay-type":"","overlay-color":"","overlay-opacity":"","overlay-gradient":""},"tablet":{"background-color":"","background-image":"","background-repeat":"repeat","background-position":"center center","background-size":"auto","background-attachment":"scroll","background-type":"","background-media":"","overlay-type":"","overlay-color":"","overlay-opacity":"","overlay-gradient":""},"mobile":{"background-color":"","background-image":"","background-repeat":"repeat","background-position":"center center","background-size":"auto","background-attachment":"scroll","background-type":"","background-media":"","overlay-type":"","overlay-color":"","overlay-opacity":"","overlay-gradient":""}},"ast-content-background-meta":{"desktop":{"background-color":"var(--ast-global-color-5)","background-image":"","background-repeat":"repeat","background-position":"center center","background-size":"auto","background-attachment":"scroll","background-type":"","background-media":"","overlay-type":"","overlay-color":"","overlay-opacity":"","overlay-gradient":""},"tablet":{"background-color":"var(--ast-global-color-5)","background-image":"","background-repeat":"repeat","background-position":"center center","background-size":"auto","background-attachment":"scroll","background-type":"","background-media":"","overlay-type":"","overlay-color":"","overlay-opacity":"","overlay-gradient":""},"mobile":{"background-color":"var(--ast-global-color-5)","background-image":"","background-repeat":"repeat","background-position":"center center","background-size":"auto","background-attachment":"scroll","background-type":"","background-media":"","overlay-type":"","overlay-color":"","overlay-opacity":"","overlay-gradient":""}}},"pwb-brand":[332],"product_brand":[],"product_cat":[391,340,929],"product_tag":[],"class_list":{"0":"post-6675","1":"product","2":"type-product","3":"status-publish","4":"has-post-thumbnail","6":"pwb-brand-victron","7":"product_cat-accesorios-para-baterias","8":"product_cat-baterias","9":"product_cat-protectores-de-bateria","10":"desktop-align-left","11":"tablet-align-left","12":"mobile-align-left","13":"ast-product-gallery-layout-horizontal-slider","14":"ast-product-tabs-layout-horizontal","16":"first","17":"instock","18":"taxable","19":"shipping-taxable","20":"purchasable","21":"product-type-simple"},"wcpa_form_fields":null,"brands":[{"id":332,"name":"Victron Energia","slug":"victron"}],"_links":{"self":[{"href":"https:\/\/fvcomponentes.com\/pt\/wp-json\/wp\/v2\/product\/6675","targetHints":{"allow":["GET"]}}],"collection":[{"href":"https:\/\/fvcomponentes.com\/pt\/wp-json\/wp\/v2\/product"}],"about":[{"href":"https:\/\/fvcomponentes.com\/pt\/wp-json\/wp\/v2\/types\/product"}],"replies":[{"embeddable":true,"href":"https:\/\/fvcomponentes.com\/pt\/wp-json\/wp\/v2\/comments?post=6675"}],"wp:featuredmedia":[{"embeddable":true,"href":"https:\/\/fvcomponentes.com\/pt\/wp-json\/wp\/v2\/media\/6676"}],"wp:attachment":[{"href":"https:\/\/fvcomponentes.com\/pt\/wp-json\/wp\/v2\/media?parent=6675"}],"wp:term":[{"taxonomy":"pwb-brand","embeddable":true,"href":"https:\/\/fvcomponentes.com\/pt\/wp-json\/wp\/v2\/pwb-brand?post=6675"},{"taxonomy":"product_brand","embeddable":true,"href":"https:\/\/fvcomponentes.com\/pt\/wp-json\/wp\/v2\/product_brand?post=6675"},{"taxonomy":"product_cat","embeddable":true,"href":"https:\/\/fvcomponentes.com\/pt\/wp-json\/wp\/v2\/product_cat?post=6675"},{"taxonomy":"product_tag","embeddable":true,"href":"https:\/\/fvcomponentes.com\/pt\/wp-json\/wp\/v2\/product_tag?post=6675"}],"curies":[{"name":"wp","href":"https:\/\/api.w.org\/{rel}","templated":true}]}}