{"id":6661,"date":"2023-10-09T13:58:47","date_gmt":"2023-10-09T11:58:47","guid":{"rendered":"https:\/\/fvcomponentes.com\/?post_type=product&#038;p=6661"},"modified":"2026-01-15T10:04:26","modified_gmt":"2026-01-15T09:04:26","slug":"protecao-de-bateria-victron-12-24v-65a-bpr000065400-victron-12-24v-65a-bpr000065400","status":"publish","type":"product","link":"https:\/\/fvcomponentes.com\/pt\/producto\/proteccion-de-bateria-victron-12-24v-65a-bpr000065400\/","title":{"rendered":"Prote\u00e7\u00e3o da bateria Victron 12\/24V 65A - BPR000065400"},"content":{"rendered":"<h2>BatteryProtect: Prote\u00e7\u00e3o de bateria Victron 12\/24V 65 A - Caracter\u00edsticas principais<\/h2>\n<p>Saiba como <a href=\"https:\/\/www.victronenergy.com.es\/battery_protect\/smart-battery-protect\" target=\"_blank\" rel=\"noopener\">Prote\u00e7\u00e3o da bateria<\/a> protege a sua bateria de descargas completas e picos de tens\u00e3o. Configura\u00e7\u00e3o f\u00e1cil, modo especial para baterias de i\u00f5es de l\u00edtio e muito mais - garante a vida \u00fatil da sua bateria!<\/p>\n<p><strong>BatteryProtect: Prote\u00e7\u00e3o da bateria 12\/24V<\/strong> O BatteryProtect \u00e9 um dispositivo crucial para salvaguardar a vida \u00fatil da sua bateria. Descubra as suas principais caracter\u00edsticas abaixo:<\/p>\n<ol>\n<li><strong>Desconex\u00e3o autom\u00e1tica de cargas n\u00e3o essenciais: <\/strong>O BatteryProtect desliga cargas desnecess\u00e1rias antes de a bateria estar totalmente descarregada, evitando danos, ou antes de a carga ser insuficiente para ligar o motor.<\/li>\n<li><strong>12\/24V Autorregulador: <\/strong>Adapt\u00e1vel a diferentes sistemas de tens\u00e3o, o BatteryProtect ajusta-se automaticamente \u00e0s suas necessidades.<\/li>\n<li><strong>Programa\u00e7\u00e3o simples: <\/strong>Configure facilmente o BatteryProtect para ligar\/desligar em v\u00e1rias tens\u00f5es.<\/li>\n<li><strong>Modo especial para baterias de i\u00f5es de l\u00edtio: <\/strong>Controlar o BatteryProtect atrav\u00e9s do VE.Bus BMS quando utilizar baterias de i\u00f5es de l\u00edtio. Consulte o manual para obter informa\u00e7\u00f5es sobre a liga\u00e7\u00e3o.<\/li>\n<li><strong>Consumo de corrente ultra-baixo: <\/strong>Essencial para baterias de i\u00f5es de l\u00edtio, especialmente ap\u00f3s a desconex\u00e3o de baixa tens\u00e3o. Consulte as nossas fichas de dados para mais pormenores.<\/li>\n<li><strong>Prote\u00e7\u00e3o contra sobretens\u00e3o: <\/strong>Evite danos por sobretens\u00e3o desligando a carga quando a tens\u00e3o CC exceder 16V ou 32V, dependendo da sua configura\u00e7\u00e3o.<\/li>\n<li><strong>\u00c0 prova de fogo: <\/strong>Sem rel\u00e9s, apenas comutadores MOSFET para evitar fa\u00edscas perigosas.<\/li>\n<li><strong>Sa\u00edda de alarme retardada: <\/strong>Acciona o alarme se a tens\u00e3o da bateria descer abaixo do n\u00edvel predefinido durante mais de 12 segundos. A sa\u00edda de alarme \u00e9 vers\u00e1til e pode ser utilizada para sinais ac\u00fasticos, LEDs ou rel\u00e9s.<\/li>\n<li><strong>Desconex\u00e3o da carga e reconex\u00e3o atrasada da carga:<\/strong>Ap\u00f3s um alarme, a carga \u00e9 desligada ap\u00f3s 90 segundos, mas volta a ligar-se se a tens\u00e3o voltar a subir para o limiar predefinido no espa\u00e7o de 30 segundos. Isto evita desligamentos desnecess\u00e1rios ao ligar o motor.<\/li>\n<\/ol>\n<p>Proteja a sua bateria e prolongue a sua vida \u00fatil com o BatteryProtect. Configur\u00e1vel, seguro e eficiente - garanta sempre um desempenho \u00f3timo!<\/p>\n<h2>Ficha t\u00e9cnica Prote\u00e7\u00e3o de bateria Victron 12\/24V 65A - BPR000065400<\/h2>\n<p><a href=\"https:\/\/fvcomponentes.com\/wp-content\/uploads\/2023\/03\/Battery-Protect-65-A-100-A-220-A-ES.pdf\" target=\"_blank\" rel=\"noopener\">Ver ficha de dados Prote\u00e7\u00e3o de bateria Victron 12\/24V 65A - BPR000065400<\/a><\/p>","protected":false},"excerpt":{"rendered":"<p><strong>Tens\u00e3o: <\/strong>12\/24V<strong><br \/>\nCorrente m\u00e1xima de carga cont\u00ednua*:<\/strong> 65A<br \/>\n<strong>Corrente de pico (durante 30 segundos):<\/strong> 250A<br \/>\n<strong>Gama de tens\u00f5es de funcionamento:<\/strong> 6 -35V<\/p>","protected":false},"featured_media":6668,"comment_status":"open","ping_status":"closed","template":"","meta":{"site-sidebar-layout":"default","site-content-layout":"default","ast-site-content-layout":"default","site-content-style":"default","site-sidebar-style":"default","ast-global-header-display":"","ast-banner-title-visibility":"","ast-main-header-display":"","ast-hfb-above-header-display":"","ast-hfb-below-header-display":"","ast-hfb-mobile-header-display":"","site-post-title":"","ast-breadcrumbs-content":"","ast-featured-img":"","footer-sml-layout":"","ast-disable-related-posts":"","theme-transparent-header-meta":"default","adv-header-id-meta":"","stick-header-meta":"","header-above-stick-meta":"","header-main-stick-meta":"","header-below-stick-meta":"","astra-migrate-meta-layouts":"set","ast-page-background-enabled":"default","ast-page-background-meta":{"desktop":{"background-color":"var(--ast-global-color-4)","background-image":"","background-repeat":"repeat","background-position":"center center","background-size":"auto","background-attachment":"scroll","background-type":"","background-media":"","overlay-type":"","overlay-color":"","overlay-opacity":"","overlay-gradient":""},"tablet":{"background-color":"","background-image":"","background-repeat":"repeat","background-position":"center center","background-size":"auto","background-attachment":"scroll","background-type":"","background-media":"","overlay-type":"","overlay-color":"","overlay-opacity":"","overlay-gradient":""},"mobile":{"background-color":"","background-image":"","background-repeat":"repeat","background-position":"center center","background-size":"auto","background-attachment":"scroll","background-type":"","background-media":"","overlay-type":"","overlay-color":"","overlay-opacity":"","overlay-gradient":""}},"ast-content-background-meta":{"desktop":{"background-color":"var(--ast-global-color-5)","background-image":"","background-repeat":"repeat","background-position":"center center","background-size":"auto","background-attachment":"scroll","background-type":"","background-media":"","overlay-type":"","overlay-color":"","overlay-opacity":"","overlay-gradient":""},"tablet":{"background-color":"var(--ast-global-color-5)","background-image":"","background-repeat":"repeat","background-position":"center center","background-size":"auto","background-attachment":"scroll","background-type":"","background-media":"","overlay-type":"","overlay-color":"","overlay-opacity":"","overlay-gradient":""},"mobile":{"background-color":"var(--ast-global-color-5)","background-image":"","background-repeat":"repeat","background-position":"center center","background-size":"auto","background-attachment":"scroll","background-type":"","background-media":"","overlay-type":"","overlay-color":"","overlay-opacity":"","overlay-gradient":""}}},"pwb-brand":[332],"product_brand":[],"product_cat":[340,391,929],"product_tag":[],"class_list":{"0":"post-6661","1":"product","2":"type-product","3":"status-publish","4":"has-post-thumbnail","6":"pwb-brand-victron","7":"product_cat-baterias","8":"product_cat-accesorios-para-baterias","9":"product_cat-protectores-de-bateria","10":"desktop-align-left","11":"tablet-align-left","12":"mobile-align-left","13":"ast-product-gallery-layout-horizontal-slider","14":"ast-product-tabs-layout-horizontal","16":"first","17":"instock","18":"taxable","19":"shipping-taxable","20":"purchasable","21":"product-type-simple"},"wcpa_form_fields":null,"brands":[{"id":332,"name":"Victron Energia","slug":"victron"}],"_links":{"self":[{"href":"https:\/\/fvcomponentes.com\/pt\/wp-json\/wp\/v2\/product\/6661","targetHints":{"allow":["GET"]}}],"collection":[{"href":"https:\/\/fvcomponentes.com\/pt\/wp-json\/wp\/v2\/product"}],"about":[{"href":"https:\/\/fvcomponentes.com\/pt\/wp-json\/wp\/v2\/types\/product"}],"replies":[{"embeddable":true,"href":"https:\/\/fvcomponentes.com\/pt\/wp-json\/wp\/v2\/comments?post=6661"}],"wp:featuredmedia":[{"embeddable":true,"href":"https:\/\/fvcomponentes.com\/pt\/wp-json\/wp\/v2\/media\/6668"}],"wp:attachment":[{"href":"https:\/\/fvcomponentes.com\/pt\/wp-json\/wp\/v2\/media?parent=6661"}],"wp:term":[{"taxonomy":"pwb-brand","embeddable":true,"href":"https:\/\/fvcomponentes.com\/pt\/wp-json\/wp\/v2\/pwb-brand?post=6661"},{"taxonomy":"product_brand","embeddable":true,"href":"https:\/\/fvcomponentes.com\/pt\/wp-json\/wp\/v2\/product_brand?post=6661"},{"taxonomy":"product_cat","embeddable":true,"href":"https:\/\/fvcomponentes.com\/pt\/wp-json\/wp\/v2\/product_cat?post=6661"},{"taxonomy":"product_tag","embeddable":true,"href":"https:\/\/fvcomponentes.com\/pt\/wp-json\/wp\/v2\/product_tag?post=6661"}],"curies":[{"name":"wp","href":"https:\/\/api.w.org\/{rel}","templated":true}]}}