{"id":6660,"date":"2023-09-12T09:29:05","date_gmt":"2023-09-12T07:29:05","guid":{"rendered":"https:\/\/fvcomponentes.com\/?post_type=product&#038;p=6660"},"modified":"2026-04-08T21:29:22","modified_gmt":"2026-04-08T19:29:22","slug":"combinador-de-bateria-de-diodos-victron-argo-bcd-802-bcd000802000","status":"publish","type":"product","link":"https:\/\/fvcomponentes.com\/pt\/producto\/combinador-victron-de-baterias-de-diodo-argo-bcd-802-bcd000802000\/","title":{"rendered":"Combinador de baterias de d\u00edodos Victron Argo BCD 802 Victron - BCD000802000"},"content":{"rendered":"<h2>Energia cont\u00ednua segura com o combinador de baterias de d\u00edodos Victron Argo BCD 802 - BCD000802000<\/h2>\n<p>Os combinadores de baterias de d\u00edodos, como o Combinador de baterias de d\u00edodos Victron Argo BCD 802 - BCD000802000, tornam-se o seu aliado essencial na manuten\u00e7\u00e3o de um fluxo constante de energia para equipamento cr\u00edtico, como sistemas de controlo de motores electr\u00f3nicos. Este equipamento \u00e9 essencial para opera\u00e7\u00f5es cr\u00edticas e requer uma fonte de alimenta\u00e7\u00e3o ininterrupta. Os combinadores de baterias de d\u00edodos permitem a utiliza\u00e7\u00e3o simult\u00e2nea de v\u00e1rias fontes de alimenta\u00e7\u00e3o CC, garantindo assim uma carga constante em situa\u00e7\u00f5es cruciais. A vantagem: se uma fonte falhar, a energia continua a fluir sem interrup\u00e7\u00f5es para a carga vital.<\/p>\n<h2>Inova\u00e7\u00e3o nos combinadores de baterias Argo: queda de tens\u00e3o m\u00ednima gra\u00e7as aos d\u00edodos Schottky<\/h2>\n<p>Os combinadores de baterias Argo possuem uma tecnologia avan\u00e7ada, apoiada por d\u00edodos Schottky de elevado desempenho. Isto resulta numa queda de tens\u00e3o excecionalmente baixa. Em condi\u00e7\u00f5es de baixa corrente, a queda de tens\u00e3o \u00e9 de aproximadamente 0,3 V, enquanto em situa\u00e7\u00f5es de carga nominal, o valor \u00e9 de aproximadamente 0,45 V. Esta tecnologia inovadora garante um desempenho \u00f3timo em todas as circunst\u00e2ncias.<\/p>\n<h2>Importante! Instala\u00e7\u00e3o segura do Combinador de Baterias Victron Argo BCD 802 Diodo - BCD000802000<\/h2>\n<p>Para garantir um funcionamento seguro e sem problemas, \u00e9 essencial montar o combinador de baterias de d\u00edodos Argo numa superf\u00edcie n\u00e3o inflam\u00e1vel. Estes aparelhos podem atingir temperaturas elevadas e devem ser tomadas as medidas necess\u00e1rias para evitar riscos.<\/p>\n<p>Optimize a fiabilidade dos seus sistemas cr\u00edticos com os Combinadores de Baterias Argo. Alimentados por tecnologia de ponta, oferecem um fornecimento ininterrupto de energia, mantendo os n\u00edveis de tens\u00e3o em n\u00edveis m\u00ednimos. Actualize a sua infraestrutura hoje mesmo!<\/p>\n<h2 dir=\"ltr\" data-placeholder=\"Traducci\u00f3n\">Ficha t\u00e9cnica Combinador de baterias de d\u00edodos Victron Argo BCD 802 - BCD000802000<\/h2>\n<p dir=\"ltr\" data-placeholder=\"Traducci\u00f3n\"><a href=\"https:\/\/fvcomponentes.com\/wp-content\/uploads\/2023\/03\/diodo-Battery-Combiners-EN.pdf\" target=\"_blank\" rel=\"noopener\">Veja a ficha de dados do Victron Argo BCD 802 - BCD000802000 - Combinador de Bateria de Diodo Victron<\/a><\/p>","protected":false},"excerpt":{"rendered":"<p><strong>Corrente cont\u00ednua m\u00e1xima (A): <\/strong>80<br \/>\n<strong>N\u00famero de pilhas: <\/strong>2<\/p>","protected":false},"featured_media":6659,"comment_status":"open","ping_status":"closed","template":"","meta":{"site-sidebar-layout":"default","site-content-layout":"default","ast-site-content-layout":"default","site-content-style":"default","site-sidebar-style":"default","ast-global-header-display":"","ast-banner-title-visibility":"","ast-main-header-display":"","ast-hfb-above-header-display":"","ast-hfb-below-header-display":"","ast-hfb-mobile-header-display":"","site-post-title":"","ast-breadcrumbs-content":"","ast-featured-img":"","footer-sml-layout":"","ast-disable-related-posts":"","theme-transparent-header-meta":"default","adv-header-id-meta":"","stick-header-meta":"","header-above-stick-meta":"","header-main-stick-meta":"","header-below-stick-meta":"","astra-migrate-meta-layouts":"set","ast-page-background-enabled":"default","ast-page-background-meta":{"desktop":{"background-color":"var(--ast-global-color-4)","background-image":"","background-repeat":"repeat","background-position":"center center","background-size":"auto","background-attachment":"scroll","background-type":"","background-media":"","overlay-type":"","overlay-color":"","overlay-opacity":"","overlay-gradient":""},"tablet":{"background-color":"","background-image":"","background-repeat":"repeat","background-position":"center center","background-size":"auto","background-attachment":"scroll","background-type":"","background-media":"","overlay-type":"","overlay-color":"","overlay-opacity":"","overlay-gradient":""},"mobile":{"background-color":"","background-image":"","background-repeat":"repeat","background-position":"center center","background-size":"auto","background-attachment":"scroll","background-type":"","background-media":"","overlay-type":"","overlay-color":"","overlay-opacity":"","overlay-gradient":""}},"ast-content-background-meta":{"desktop":{"background-color":"var(--ast-global-color-5)","background-image":"","background-repeat":"repeat","background-position":"center center","background-size":"auto","background-attachment":"scroll","background-type":"","background-media":"","overlay-type":"","overlay-color":"","overlay-opacity":"","overlay-gradient":""},"tablet":{"background-color":"var(--ast-global-color-5)","background-image":"","background-repeat":"repeat","background-position":"center center","background-size":"auto","background-attachment":"scroll","background-type":"","background-media":"","overlay-type":"","overlay-color":"","overlay-opacity":"","overlay-gradient":""},"mobile":{"background-color":"var(--ast-global-color-5)","background-image":"","background-repeat":"repeat","background-position":"center center","background-size":"auto","background-attachment":"scroll","background-type":"","background-media":"","overlay-type":"","overlay-color":"","overlay-opacity":"","overlay-gradient":""}}},"pwb-brand":[332],"product_brand":[],"product_cat":[340,391,932],"product_tag":[],"class_list":{"0":"post-6660","1":"product","2":"type-product","3":"status-publish","4":"has-post-thumbnail","6":"pwb-brand-victron","7":"product_cat-baterias","8":"product_cat-accesorios-para-baterias","9":"product_cat-combinadores-de-baterias","10":"desktop-align-left","11":"tablet-align-left","12":"mobile-align-left","13":"ast-product-gallery-layout-horizontal-slider","14":"ast-product-tabs-layout-horizontal","16":"first","17":"instock","18":"taxable","19":"shipping-taxable","20":"purchasable","21":"product-type-simple"},"wcpa_form_fields":null,"brands":[{"id":332,"name":"Victron Energia","slug":"victron"}],"_links":{"self":[{"href":"https:\/\/fvcomponentes.com\/pt\/wp-json\/wp\/v2\/product\/6660","targetHints":{"allow":["GET"]}}],"collection":[{"href":"https:\/\/fvcomponentes.com\/pt\/wp-json\/wp\/v2\/product"}],"about":[{"href":"https:\/\/fvcomponentes.com\/pt\/wp-json\/wp\/v2\/types\/product"}],"replies":[{"embeddable":true,"href":"https:\/\/fvcomponentes.com\/pt\/wp-json\/wp\/v2\/comments?post=6660"}],"wp:featuredmedia":[{"embeddable":true,"href":"https:\/\/fvcomponentes.com\/pt\/wp-json\/wp\/v2\/media\/6659"}],"wp:attachment":[{"href":"https:\/\/fvcomponentes.com\/pt\/wp-json\/wp\/v2\/media?parent=6660"}],"wp:term":[{"taxonomy":"pwb-brand","embeddable":true,"href":"https:\/\/fvcomponentes.com\/pt\/wp-json\/wp\/v2\/pwb-brand?post=6660"},{"taxonomy":"product_brand","embeddable":true,"href":"https:\/\/fvcomponentes.com\/pt\/wp-json\/wp\/v2\/product_brand?post=6660"},{"taxonomy":"product_cat","embeddable":true,"href":"https:\/\/fvcomponentes.com\/pt\/wp-json\/wp\/v2\/product_cat?post=6660"},{"taxonomy":"product_tag","embeddable":true,"href":"https:\/\/fvcomponentes.com\/pt\/wp-json\/wp\/v2\/product_tag?post=6660"}],"curies":[{"name":"wp","href":"https:\/\/api.w.org\/{rel}","templated":true}]}}