{"id":6655,"date":"2023-09-12T09:34:15","date_gmt":"2023-09-12T07:34:15","guid":{"rendered":"https:\/\/fvcomponentes.com\/?post_type=product&#038;p=6655"},"modified":"2026-04-08T21:28:58","modified_gmt":"2026-04-08T19:28:58","slug":"combinador-de-bateria-de-diodos-victron-argo-bcd-402-bcd000402000","status":"publish","type":"product","link":"https:\/\/fvcomponentes.com\/pt\/producto\/combinador-victron-de-baterias-de-diodo-argo-bcd-402-bcd000402000\/","title":{"rendered":"Combinador de baterias de d\u00edodos Victron Argo BCD 402 - BCD000402000"},"content":{"rendered":"<h2>Optimize a alimenta\u00e7\u00e3o CC com o combinador de baterias de d\u00edodos Victron Argo BCD 402 - BCD000402000<\/h2>\n<p>Os combinadores de baterias de d\u00edodos, como o Combinador de baterias de d\u00edodos Victron Argo BCD 402 - BCD000402000, desempenham um papel essencial na garantia de uma alimenta\u00e7\u00e3o ininterrupta a equipamento cr\u00edtico, como sistemas de controlo de motores electr\u00f3nicos. Estes combinadores permitem a liga\u00e7\u00e3o em paralelo de duas ou mais fontes de alimenta\u00e7\u00e3o DC, garantindo uma carga constante em situa\u00e7\u00f5es cr\u00edticas. Mesmo que uma fonte falhe, a energia flui sem interrup\u00e7\u00f5es para a carga vital.<\/p>\n<h2>Tecnologia de Diodos Schottky nos Combinadores de Bateria Argo<\/h2>\n<p>Os Combinadores de Baterias Argo marcam a diferen\u00e7a ao manter a queda de tens\u00e3o no m\u00ednimo, gra\u00e7as \u00e0 incorpora\u00e7\u00e3o de d\u00edodos Schottky de \u00faltima gera\u00e7\u00e3o. A baixas correntes, a queda de tens\u00e3o \u00e9 de cerca de 0,3 V, enquanto que em situa\u00e7\u00f5es nominais, este valor \u00e9 de aproximadamente 0,45 V. Esta tecnologia eficiente garante um desempenho \u00f3timo em todas as circunst\u00e2ncias.<\/p>\n<h2>Importante!<\/h2>\n<h2>Instala\u00e7\u00e3o segura do Victron Argo BCD 402 - BCD000402000 Combinador de baterias de d\u00edodos Victron - BCD000402000<\/h2>\n<p>Para garantir um funcionamento seguro e sem problemas, \u00e9 essencial montar o combinador de baterias de d\u00edodos Argo numa superf\u00edcie n\u00e3o inflam\u00e1vel. Estes aparelhos podem atingir temperaturas elevadas e devem ser tomadas as medidas necess\u00e1rias para evitar riscos.<\/p>\n<p>Optimize a fiabilidade dos seus sistemas cr\u00edticos com os Combinadores de Baterias Argo. Alimentados por tecnologia de ponta, oferecem um fornecimento ininterrupto de energia, mantendo os n\u00edveis de tens\u00e3o em n\u00edveis m\u00ednimos. Actualize a sua infraestrutura hoje mesmo!<\/p>\n<h2 dir=\"ltr\" data-placeholder=\"Traducci\u00f3n\">Ficha t\u00e9cnica Combinador de baterias de d\u00edodos Victron Argo BCD 402 - BCD000402000<\/h2>\n<p dir=\"ltr\" data-placeholder=\"Traducci\u00f3n\"><a href=\"https:\/\/fvcomponentes.com\/wp-content\/uploads\/2023\/03\/diodo-Battery-Combiners-EN.pdf\" target=\"_blank\" rel=\"noopener\">Veja a folha de dados do Victron Argo BCD 402 - BCD000402000 - Combinador de Bateria de Diodo Victron<\/a><\/p>","protected":false},"excerpt":{"rendered":"<p><strong>Corrente cont\u00ednua m\u00e1xima (A):\u00a0<\/strong>40<br \/>\n<strong>N\u00famero de pilhas: <\/strong>2<\/p>","protected":false},"featured_media":6659,"comment_status":"open","ping_status":"closed","template":"","meta":{"site-sidebar-layout":"default","site-content-layout":"default","ast-site-content-layout":"default","site-content-style":"default","site-sidebar-style":"default","ast-global-header-display":"","ast-banner-title-visibility":"","ast-main-header-display":"","ast-hfb-above-header-display":"","ast-hfb-below-header-display":"","ast-hfb-mobile-header-display":"","site-post-title":"","ast-breadcrumbs-content":"","ast-featured-img":"","footer-sml-layout":"","ast-disable-related-posts":"","theme-transparent-header-meta":"default","adv-header-id-meta":"","stick-header-meta":"","header-above-stick-meta":"","header-main-stick-meta":"","header-below-stick-meta":"","astra-migrate-meta-layouts":"set","ast-page-background-enabled":"default","ast-page-background-meta":{"desktop":{"background-color":"var(--ast-global-color-4)","background-image":"","background-repeat":"repeat","background-position":"center center","background-size":"auto","background-attachment":"scroll","background-type":"","background-media":"","overlay-type":"","overlay-color":"","overlay-opacity":"","overlay-gradient":""},"tablet":{"background-color":"","background-image":"","background-repeat":"repeat","background-position":"center center","background-size":"auto","background-attachment":"scroll","background-type":"","background-media":"","overlay-type":"","overlay-color":"","overlay-opacity":"","overlay-gradient":""},"mobile":{"background-color":"","background-image":"","background-repeat":"repeat","background-position":"center center","background-size":"auto","background-attachment":"scroll","background-type":"","background-media":"","overlay-type":"","overlay-color":"","overlay-opacity":"","overlay-gradient":""}},"ast-content-background-meta":{"desktop":{"background-color":"var(--ast-global-color-5)","background-image":"","background-repeat":"repeat","background-position":"center center","background-size":"auto","background-attachment":"scroll","background-type":"","background-media":"","overlay-type":"","overlay-color":"","overlay-opacity":"","overlay-gradient":""},"tablet":{"background-color":"var(--ast-global-color-5)","background-image":"","background-repeat":"repeat","background-position":"center center","background-size":"auto","background-attachment":"scroll","background-type":"","background-media":"","overlay-type":"","overlay-color":"","overlay-opacity":"","overlay-gradient":""},"mobile":{"background-color":"var(--ast-global-color-5)","background-image":"","background-repeat":"repeat","background-position":"center center","background-size":"auto","background-attachment":"scroll","background-type":"","background-media":"","overlay-type":"","overlay-color":"","overlay-opacity":"","overlay-gradient":""}}},"pwb-brand":[332],"product_brand":[],"product_cat":[340,391,932],"product_tag":[],"class_list":{"0":"post-6655","1":"product","2":"type-product","3":"status-publish","4":"has-post-thumbnail","6":"pwb-brand-victron","7":"product_cat-baterias","8":"product_cat-accesorios-para-baterias","9":"product_cat-combinadores-de-baterias","10":"desktop-align-left","11":"tablet-align-left","12":"mobile-align-left","13":"ast-product-gallery-layout-horizontal-slider","14":"ast-product-tabs-layout-horizontal","16":"first","17":"instock","18":"taxable","19":"shipping-taxable","20":"purchasable","21":"product-type-simple"},"wcpa_form_fields":null,"brands":[{"id":332,"name":"Victron Energia","slug":"victron"}],"_links":{"self":[{"href":"https:\/\/fvcomponentes.com\/pt\/wp-json\/wp\/v2\/product\/6655","targetHints":{"allow":["GET"]}}],"collection":[{"href":"https:\/\/fvcomponentes.com\/pt\/wp-json\/wp\/v2\/product"}],"about":[{"href":"https:\/\/fvcomponentes.com\/pt\/wp-json\/wp\/v2\/types\/product"}],"replies":[{"embeddable":true,"href":"https:\/\/fvcomponentes.com\/pt\/wp-json\/wp\/v2\/comments?post=6655"}],"wp:featuredmedia":[{"embeddable":true,"href":"https:\/\/fvcomponentes.com\/pt\/wp-json\/wp\/v2\/media\/6659"}],"wp:attachment":[{"href":"https:\/\/fvcomponentes.com\/pt\/wp-json\/wp\/v2\/media?parent=6655"}],"wp:term":[{"taxonomy":"pwb-brand","embeddable":true,"href":"https:\/\/fvcomponentes.com\/pt\/wp-json\/wp\/v2\/pwb-brand?post=6655"},{"taxonomy":"product_brand","embeddable":true,"href":"https:\/\/fvcomponentes.com\/pt\/wp-json\/wp\/v2\/product_brand?post=6655"},{"taxonomy":"product_cat","embeddable":true,"href":"https:\/\/fvcomponentes.com\/pt\/wp-json\/wp\/v2\/product_cat?post=6655"},{"taxonomy":"product_tag","embeddable":true,"href":"https:\/\/fvcomponentes.com\/pt\/wp-json\/wp\/v2\/product_tag?post=6655"}],"curies":[{"name":"wp","href":"https:\/\/api.w.org\/{rel}","templated":true}]}}