{"id":6653,"date":"2023-09-06T09:06:25","date_gmt":"2023-09-06T07:06:25","guid":{"rendered":"https:\/\/fvcomponentes.com\/?post_type=product&#038;p=6653"},"modified":"2026-04-08T21:34:09","modified_gmt":"2026-04-08T19:34:09","slug":"victron-cyrix-i-24-48v-400a-cyr020400000-combinador-de-baterias-victron-cyr020400000","status":"publish","type":"product","link":"https:\/\/fvcomponentes.com\/pt\/producto\/combinador-de-baterias-victron-cyrix-i-24-48v-400a-cyr020400000\/","title":{"rendered":"Combinador de baterias Victron Cyrix-i 24\/48V-400A - CYR020400000"},"content":{"rendered":"<h2>Descubra o Combinador de Baterias Victron Cyrix-i 24\/48V-400A - CYR020400000<\/h2>\n<p>Experimente o poder da inova\u00e7\u00e3o com o nosso mais recente produto: o Combinador de Baterias Victron Cyrix-i 24\/48V-400A - CYR020400000, concebido para evitar transi\u00e7\u00f5es indesejadas. Ao contr\u00e1rio de outros combinadores de bateria convencionais, o nosso Cyrix-i vai mais longe, tomando decis\u00f5es com base em dados inteligentes para lhe proporcionar um desempenho \u00f3timo.<\/p>\n<p>Porqu\u00ea contentar-se com combinadores de bateria que simplesmente se desligam dependendo da tens\u00e3o? Com o Cyrix-i, pode esquecer as suas preocupa\u00e7\u00f5es. Ele detecta as tend\u00eancias de tens\u00e3o ao longo do tempo e s\u00f3 entra em a\u00e7\u00e3o se a dire\u00e7\u00e3o da tend\u00eancia mudar durante um per\u00edodo predefinido. A flexibilidade \u00e9 fundamental: a dura\u00e7\u00e3o do intervalo de tempo se adapta \u00e0 magnitude da mudan\u00e7a de tens\u00e3o. Al\u00e9m disso, pode selecionar entre quatro programas de comuta\u00e7\u00e3o para o ajustar de acordo com as suas necessidades.<\/p>\n<h4><strong>Caracter\u00edsticas not\u00e1veis:<\/strong><\/h4>\n<ol>\n<li><strong>Compatibilidade universal:<\/strong> O nosso Cyrix-i adapta-se automaticamente a sistemas de 12\/24V e 24\/48V, o que significa que n\u00e3o tem de se preocupar com a configura\u00e7\u00e3o.<\/li>\n<li><strong>Sem perda de pot\u00eancia:<\/strong> Est\u00e1 preocupado com a perda de tens\u00e3o? J\u00e1 n\u00e3o est\u00e1 mais. Os combinadores de bateria Cyrix s\u00e3o a alternativa ideal \u00e0s pontes de d\u00edodos, uma vez que mant\u00eam a tens\u00e3o de sa\u00edda dos seus alternadores e carregadores de bateria sem necessidade de a aumentar.<\/li>\n<li><strong>Prioridade \u00e0 bateria de arranque:<\/strong> Simplifique o seu esquema el\u00e9trico. O Cyrix-i facilita o carregamento paralelo das baterias de servi\u00e7o e do propulsor de proa, garantindo que a bateria de arranque tenha prioridade.<\/li>\n<li><strong>Controlo total:<\/strong> Com o seu sensor de tens\u00e3o e fonte de alimenta\u00e7\u00e3o bidirecional, o Cyrix-i monitoriza e toma decis\u00f5es informadas. Se a tens\u00e3o for demasiado baixa para o funcionamento, o Cyrix-i desliga-se automaticamente.<\/li>\n<li><strong>Manter o controlo:<\/strong> Em situa\u00e7\u00f5es de emerg\u00eancia, o Cyrix-i oferece op\u00e7\u00f5es adicionais. Pode ser ativado atrav\u00e9s de um bot\u00e3o de press\u00e3o (com uma liga\u00e7\u00e3o de 30 segundos) ou manualmente atrav\u00e9s de um interrutor para ligar as baterias em paralelo.<\/li>\n<\/ol>\n<p>O futuro da gest\u00e3o de baterias est\u00e1 aqui com o Combinador de Baterias Victron Cyrix-i 24\/48V-400A - CYR020400000: N\u00e3o se contente com o b\u00e1sico; escolha a intelig\u00eancia para um desempenho inigual\u00e1vel. Simplifique, optimize e proteja o seu sistema el\u00e9trico com o controlo que merece - adquira j\u00e1 o seu!<\/p>\n<h2>Como montar o Combinador de Baterias Victron Cyrix-i 24\/48V-400A - CYR020400000<\/h2>\n<p><img fetchpriority=\"high\" decoding=\"async\" class=\"alignnone size-full wp-image-8952\" src=\"https:\/\/fvcomponentes.com\/wp-content\/uploads\/2023\/08\/como-montar.png\" alt=\"\" width=\"604\" height=\"240\" title=\"\"><\/p>\n<h2>Ficha t\u00e9cnica Combinador de baterias Victron Cyrix-i 24\/48V-400A - CYR020400000<\/h2>\n<p><a href=\"https:\/\/fvcomponentes.com\/wp-content\/uploads\/2023\/03\/Cyrix-i-400A-ES.pdf\" target=\"_blank\" rel=\"noopener\">Ver ficha de dados do Combinador de Baterias Victron Cyrix-i 24\/48V-400A - CYR020400000<\/a><\/p>","protected":false},"excerpt":{"rendered":"<p><strong>Corrente cont\u00ednua:<\/strong> 400A<br \/>\n<strong>Corrente de pico:&lt;\/strong&gt; 2000A durante 1 s.<br \/>\n<strong>Tens&atilde;o de entrada de 24\/48V:&lt;\/strong&gt; 16-72VDC&lt;\/p&gt;<\/strong><\/strong><\/p>","protected":false},"featured_media":6654,"comment_status":"open","ping_status":"closed","template":"","meta":{"site-sidebar-layout":"default","site-content-layout":"default","ast-site-content-layout":"default","site-content-style":"default","site-sidebar-style":"default","ast-global-header-display":"","ast-banner-title-visibility":"","ast-main-header-display":"","ast-hfb-above-header-display":"","ast-hfb-below-header-display":"","ast-hfb-mobile-header-display":"","site-post-title":"","ast-breadcrumbs-content":"","ast-featured-img":"","footer-sml-layout":"","ast-disable-related-posts":"","theme-transparent-header-meta":"default","adv-header-id-meta":"","stick-header-meta":"","header-above-stick-meta":"","header-main-stick-meta":"","header-below-stick-meta":"","astra-migrate-meta-layouts":"set","ast-page-background-enabled":"default","ast-page-background-meta":{"desktop":{"background-color":"var(--ast-global-color-4)","background-image":"","background-repeat":"repeat","background-position":"center center","background-size":"auto","background-attachment":"scroll","background-type":"","background-media":"","overlay-type":"","overlay-color":"","overlay-opacity":"","overlay-gradient":""},"tablet":{"background-color":"","background-image":"","background-repeat":"repeat","background-position":"center center","background-size":"auto","background-attachment":"scroll","background-type":"","background-media":"","overlay-type":"","overlay-color":"","overlay-opacity":"","overlay-gradient":""},"mobile":{"background-color":"","background-image":"","background-repeat":"repeat","background-position":"center center","background-size":"auto","background-attachment":"scroll","background-type":"","background-media":"","overlay-type":"","overlay-color":"","overlay-opacity":"","overlay-gradient":""}},"ast-content-background-meta":{"desktop":{"background-color":"var(--ast-global-color-5)","background-image":"","background-repeat":"repeat","background-position":"center center","background-size":"auto","background-attachment":"scroll","background-type":"","background-media":"","overlay-type":"","overlay-color":"","overlay-opacity":"","overlay-gradient":""},"tablet":{"background-color":"var(--ast-global-color-5)","background-image":"","background-repeat":"repeat","background-position":"center center","background-size":"auto","background-attachment":"scroll","background-type":"","background-media":"","overlay-type":"","overlay-color":"","overlay-opacity":"","overlay-gradient":""},"mobile":{"background-color":"var(--ast-global-color-5)","background-image":"","background-repeat":"repeat","background-position":"center center","background-size":"auto","background-attachment":"scroll","background-type":"","background-media":"","overlay-type":"","overlay-color":"","overlay-opacity":"","overlay-gradient":""}}},"pwb-brand":[332],"product_brand":[],"product_cat":[340,391,932],"product_tag":[],"class_list":{"0":"post-6653","1":"product","2":"type-product","3":"status-publish","4":"has-post-thumbnail","6":"pwb-brand-victron","7":"product_cat-baterias","8":"product_cat-accesorios-para-baterias","9":"product_cat-combinadores-de-baterias","10":"desktop-align-left","11":"tablet-align-left","12":"mobile-align-left","13":"ast-product-gallery-layout-horizontal-slider","14":"ast-product-gallery-with-no-image","15":"ast-product-tabs-layout-horizontal","17":"first","18":"instock","19":"taxable","20":"shipping-taxable","21":"purchasable","22":"product-type-simple"},"wcpa_form_fields":null,"brands":[{"id":332,"name":"Victron Energia","slug":"victron"}],"_links":{"self":[{"href":"https:\/\/fvcomponentes.com\/pt\/wp-json\/wp\/v2\/product\/6653","targetHints":{"allow":["GET"]}}],"collection":[{"href":"https:\/\/fvcomponentes.com\/pt\/wp-json\/wp\/v2\/product"}],"about":[{"href":"https:\/\/fvcomponentes.com\/pt\/wp-json\/wp\/v2\/types\/product"}],"replies":[{"embeddable":true,"href":"https:\/\/fvcomponentes.com\/pt\/wp-json\/wp\/v2\/comments?post=6653"}],"wp:featuredmedia":[{"embeddable":true,"href":"https:\/\/fvcomponentes.com\/pt\/wp-json\/wp\/v2\/media\/6654"}],"wp:attachment":[{"href":"https:\/\/fvcomponentes.com\/pt\/wp-json\/wp\/v2\/media?parent=6653"}],"wp:term":[{"taxonomy":"pwb-brand","embeddable":true,"href":"https:\/\/fvcomponentes.com\/pt\/wp-json\/wp\/v2\/pwb-brand?post=6653"},{"taxonomy":"product_brand","embeddable":true,"href":"https:\/\/fvcomponentes.com\/pt\/wp-json\/wp\/v2\/product_brand?post=6653"},{"taxonomy":"product_cat","embeddable":true,"href":"https:\/\/fvcomponentes.com\/pt\/wp-json\/wp\/v2\/product_cat?post=6653"},{"taxonomy":"product_tag","embeddable":true,"href":"https:\/\/fvcomponentes.com\/pt\/wp-json\/wp\/v2\/product_tag?post=6653"}],"curies":[{"name":"wp","href":"https:\/\/api.w.org\/{rel}","templated":true}]}}