{"id":6650,"date":"2023-09-06T08:41:03","date_gmt":"2023-09-06T06:41:03","guid":{"rendered":"https:\/\/fvcomponentes.com\/?post_type=product&#038;p=6650"},"modified":"2026-04-08T21:34:08","modified_gmt":"2026-04-08T19:34:08","slug":"combinador-de-baterias-victron-cyrix-i-12-24v-400a-cyr010400000","status":"publish","type":"product","link":"https:\/\/fvcomponentes.com\/pt\/producto\/combinador-de-baterias-victron-cyrix-i-12-24v-400a-cyr010400000\/","title":{"rendered":"Combinador de baterias Victron Cyrix-i 12\/24V-400A - CYR010400000"},"content":{"rendered":"<h2><strong>Combinador de baterias Victron Cyrix-i 12\/24V-400A - CYR010400000: Evite eficazmente interrup\u00e7\u00f5es indesejadas<\/strong><\/h2>\n<p>Descubra a inova\u00e7\u00e3o do Combinador de Baterias Victron Cyrix-i 12\/24V-400A - CYR010400000, um sistema inteligente de controlo de baterias concebido para evitar comuta\u00e7\u00f5es indesejadas e otimizar a efici\u00eancia dos seus combinadores de baterias.<\/p>\n<h2><strong>Superando os desafios comuns de comuta\u00e7\u00e3o de bateria<\/strong><\/h2>\n<p>Os combinadores de baterias desligam frequentemente uma bateria no caso de uma carga curta mas de elevada amperagem. Eles tamb\u00e9m podem n\u00e3o conseguir conectar um banco de baterias grande, mas descarregado, pois a tens\u00e3o CC pode cair abaixo do limite de desconex\u00e3o ao conectar as baterias. O software Cyrix-i oferece mais do que simples conex\u00f5es e desconex\u00f5es baseadas na tens\u00e3o e num tempo fixo. O Combinador de Baterias Victron Cyrix-i 12\/24V-400A - CYR010400000 analisa a tend\u00eancia global da tens\u00e3o (aumento ou diminui\u00e7\u00e3o) e inverte uma a\u00e7\u00e3o anterior apenas se a tend\u00eancia se alterar dentro de um per\u00edodo especificado. A dura\u00e7\u00e3o deste per\u00edodo varia de acordo com o desvio da tend\u00eancia da tens\u00e3o. Al\u00e9m disso, pode escolher entre quatro programas de comuta\u00e7\u00e3o para se adaptar \u00e0s suas necessidades.<\/p>\n<h2><strong>Combinador de baterias Victron Cyrix-i 12\/24V-400A - CYR010400000: Versatilidade de tens\u00e3o com entrada universal<\/strong><\/h2>\n<p>O Cyrix-i adapta-se automaticamente \u00e0 tens\u00e3o do sistema, suportando entradas de 12\/24V e 24\/48V. Os combinadores de bateria Cyrix-i 12\/24V-400A Victron s\u00e3o uma excelente alternativa \u00e0s pontes de d\u00edodos. Uma carater\u00edstica not\u00e1vel \u00e9 a perda de tens\u00e3o quase inexistente, que evita a necessidade de aumentar a tens\u00e3o de sa\u00edda de alternadores ou carregadores de bateria.<\/p>\n<p>O Combinador de Baterias Victron Cyrix-i 12\/24V-400A - CYR010400000 detecta a tens\u00e3o de ambas as baterias ligadas e liga-se se a bateria de servi\u00e7o estiver carregada, por exemplo, por um carregador de bateria. Al\u00e9m disso, o Cyrix-i tem alimenta\u00e7\u00e3o dupla e desliga-se se a tens\u00e3o for demasiado baixa para o funcionamento.<\/p>\n<p>Para evitar opera\u00e7\u00f5es inesperadas durante a instala\u00e7\u00e3o ou quando se desliga uma bateria, o Cyrix-i n\u00e3o se desliga se a tens\u00e3o de quaisquer duas baterias ligadas descer abaixo de 2V (12V), 4V (24V) ou 8V (48V).<\/p>\n<h2>Liga\u00e7\u00e3o paralela em caso de emerg\u00eancia<\/h2>\n<p>O Cyrix tamb\u00e9m pode ser ativado atrav\u00e9s de um bot\u00e3o de press\u00e3o (permanece ligado durante 30 segundos) ou manualmente atrav\u00e9s de um interrutor para ligar as baterias em paralelo. Esta fun\u00e7\u00e3o \u00e9 vital em situa\u00e7\u00f5es de emerg\u00eancia quando a bateria de arranque est\u00e1 descarregada ou danificada. Opte pelo Cyrix-i e mantenha o controlo total sobre as suas baterias de forma eficiente e segura.<\/p>\n<h2>Ficha t\u00e9cnica Combinador de baterias Victron Cyrix-i 12\/24V-400A - CYR010400000<\/h2>\n<p><a href=\"https:\/\/fvcomponentes.com\/wp-content\/uploads\/2023\/03\/Cyrix-i-400A-ES.pdf\" target=\"_blank\" rel=\"noopener\">Ver ficha de dados do Combinador de Baterias Victron Cyrix-i 12\/24V-400A - CYR010400000<\/a><\/p>","protected":false},"excerpt":{"rendered":"<p><strong>Corrente cont\u00ednua:<\/strong> 400A<br \/>\n<strong>Corrente de pico:<\/strong> 2000A durante 1 s.<br \/>\n<strong>Tens\u00e3o de entrada 12\/24V:<\/strong> 8-36VDC<\/p>","protected":false},"featured_media":6652,"comment_status":"open","ping_status":"closed","template":"","meta":{"site-sidebar-layout":"default","site-content-layout":"default","ast-site-content-layout":"default","site-content-style":"default","site-sidebar-style":"default","ast-global-header-display":"","ast-banner-title-visibility":"","ast-main-header-display":"","ast-hfb-above-header-display":"","ast-hfb-below-header-display":"","ast-hfb-mobile-header-display":"","site-post-title":"","ast-breadcrumbs-content":"","ast-featured-img":"","footer-sml-layout":"","ast-disable-related-posts":"","theme-transparent-header-meta":"default","adv-header-id-meta":"","stick-header-meta":"","header-above-stick-meta":"","header-main-stick-meta":"","header-below-stick-meta":"","astra-migrate-meta-layouts":"set","ast-page-background-enabled":"default","ast-page-background-meta":{"desktop":{"background-color":"var(--ast-global-color-4)","background-image":"","background-repeat":"repeat","background-position":"center center","background-size":"auto","background-attachment":"scroll","background-type":"","background-media":"","overlay-type":"","overlay-color":"","overlay-opacity":"","overlay-gradient":""},"tablet":{"background-color":"","background-image":"","background-repeat":"repeat","background-position":"center center","background-size":"auto","background-attachment":"scroll","background-type":"","background-media":"","overlay-type":"","overlay-color":"","overlay-opacity":"","overlay-gradient":""},"mobile":{"background-color":"","background-image":"","background-repeat":"repeat","background-position":"center center","background-size":"auto","background-attachment":"scroll","background-type":"","background-media":"","overlay-type":"","overlay-color":"","overlay-opacity":"","overlay-gradient":""}},"ast-content-background-meta":{"desktop":{"background-color":"var(--ast-global-color-5)","background-image":"","background-repeat":"repeat","background-position":"center center","background-size":"auto","background-attachment":"scroll","background-type":"","background-media":"","overlay-type":"","overlay-color":"","overlay-opacity":"","overlay-gradient":""},"tablet":{"background-color":"var(--ast-global-color-5)","background-image":"","background-repeat":"repeat","background-position":"center center","background-size":"auto","background-attachment":"scroll","background-type":"","background-media":"","overlay-type":"","overlay-color":"","overlay-opacity":"","overlay-gradient":""},"mobile":{"background-color":"var(--ast-global-color-5)","background-image":"","background-repeat":"repeat","background-position":"center center","background-size":"auto","background-attachment":"scroll","background-type":"","background-media":"","overlay-type":"","overlay-color":"","overlay-opacity":"","overlay-gradient":""}}},"pwb-brand":[332],"product_brand":[],"product_cat":[340,391,932],"product_tag":[],"class_list":{"0":"post-6650","1":"product","2":"type-product","3":"status-publish","4":"has-post-thumbnail","6":"pwb-brand-victron","7":"product_cat-baterias","8":"product_cat-accesorios-para-baterias","9":"product_cat-combinadores-de-baterias","10":"desktop-align-left","11":"tablet-align-left","12":"mobile-align-left","13":"ast-product-gallery-layout-horizontal-slider","14":"ast-product-gallery-with-no-image","15":"ast-product-tabs-layout-horizontal","17":"first","18":"instock","19":"taxable","20":"shipping-taxable","21":"purchasable","22":"product-type-simple"},"wcpa_form_fields":null,"brands":[{"id":332,"name":"Victron Energia","slug":"victron"}],"_links":{"self":[{"href":"https:\/\/fvcomponentes.com\/pt\/wp-json\/wp\/v2\/product\/6650","targetHints":{"allow":["GET"]}}],"collection":[{"href":"https:\/\/fvcomponentes.com\/pt\/wp-json\/wp\/v2\/product"}],"about":[{"href":"https:\/\/fvcomponentes.com\/pt\/wp-json\/wp\/v2\/types\/product"}],"replies":[{"embeddable":true,"href":"https:\/\/fvcomponentes.com\/pt\/wp-json\/wp\/v2\/comments?post=6650"}],"wp:featuredmedia":[{"embeddable":true,"href":"https:\/\/fvcomponentes.com\/pt\/wp-json\/wp\/v2\/media\/6652"}],"wp:attachment":[{"href":"https:\/\/fvcomponentes.com\/pt\/wp-json\/wp\/v2\/media?parent=6650"}],"wp:term":[{"taxonomy":"pwb-brand","embeddable":true,"href":"https:\/\/fvcomponentes.com\/pt\/wp-json\/wp\/v2\/pwb-brand?post=6650"},{"taxonomy":"product_brand","embeddable":true,"href":"https:\/\/fvcomponentes.com\/pt\/wp-json\/wp\/v2\/product_brand?post=6650"},{"taxonomy":"product_cat","embeddable":true,"href":"https:\/\/fvcomponentes.com\/pt\/wp-json\/wp\/v2\/product_cat?post=6650"},{"taxonomy":"product_tag","embeddable":true,"href":"https:\/\/fvcomponentes.com\/pt\/wp-json\/wp\/v2\/product_tag?post=6650"}],"curies":[{"name":"wp","href":"https:\/\/api.w.org\/{rel}","templated":true}]}}