{"id":6644,"date":"2023-09-06T09:30:06","date_gmt":"2023-09-06T07:30:06","guid":{"rendered":"https:\/\/fvcomponentes.com\/?post_type=product&#038;p=6644"},"modified":"2026-04-04T12:46:18","modified_gmt":"2026-04-04T10:46:18","slug":"kit-combinador-de-baterias-victron-cyrix-ct-12-24v-120a-cyr010120120110r","status":"publish","type":"product","link":"https:\/\/fvcomponentes.com\/pt\/producto\/kit-de-combinador-de-baterias-victron-cyrix-ct-12-24v-120a-cyr010120110r\/","title":{"rendered":"Kit combinador de baterias Victron Cyrix-ct 12\/24V-120A - CYR01010120110R"},"content":{"rendered":"<p>Kit combinador de baterias Victron Cyrix-ct 12\/24V-120A - CYR01010120110R para adicionar uma segunda ou terceira bateria ao sistema da sua caravana, barco ou onde quiser. Utiliza a tecnologia mais simples e mais avan\u00e7ada para manter todas as suas baterias carregadas utilizando o sistema el\u00e9trico do motor, mas isola a bateria de arranque quando a carga termina, para que nunca fique encalhado.<\/p>\n<p>O kit combinador de baterias Victron Cyrix-ct 12\/24V-120A - CYR010120110R \u00e9 um rel\u00e9 bidirecional sens\u00edvel \u00e0 tens\u00e3o. Por conseguinte, tamb\u00e9m ser\u00e1 ativado se, por exemplo, a bateria auxiliar estiver a ser carregada por um carregador de bateria.<\/p>\n<h2>A monitoriza\u00e7\u00e3o inteligente da bateria evita ciclos de carga\/descarga<\/h2>\n<p>O software Cyrix faz mais do que simplesmente ligar e desligar com base na tens\u00e3o da bateria e com um atraso de tempo fixo. O Cyrix observa a tend\u00eancia global (aumento ou diminui\u00e7\u00e3o da tens\u00e3o) e inverte uma a\u00e7\u00e3o anterior apenas se a tend\u00eancia tiver sido invertida durante um determinado per\u00edodo de tempo. O tempo de atraso depende do desvio da tens\u00e3o em rela\u00e7\u00e3o \u00e0 tend\u00eancia.<\/p>\n<h2>Kit combinador de baterias Victron Cyrix-ct 12\/24V-120A - CYR010120110R: Fun\u00e7\u00e3o paralela de emerg\u00eancia<\/h2>\n<p>Se necess\u00e1rio, pode ser ligado um bot\u00e3o de arranque de emerg\u00eancia \u00e0 liga\u00e7\u00e3o de \"assist\u00eancia ao arranque\". O rel\u00e9 ser\u00e1 ativado durante 30 segundos ap\u00f3s a liga\u00e7\u00e3o moment\u00e2nea da 'assist\u00eancia ao arranque' ao positivo da bateria. Em alternativa, pode ser utilizado um interrutor de liga\u00e7\u00e3o em paralelo para ativar o rel\u00e9 enquanto o interrutor permanecer fechado.<\/p>\n<h2>F\u00e1cil de instalar<\/h2>\n<p>N\u00e3o \u00e9 necess\u00e1rio cortar qualquer cablagem de f\u00e1brica, o que pode anular a garantia do fabricante do seu barco ou ve\u00edculo.<\/p>\n<p>Est\u00e3o inclu\u00eddos os seguintes cabos e terminais:<\/p>\n<ul>\n<li>6 metros de cabo vermelho de 10 mm\u00b2<\/li>\n<li>0,5 metros de cabo preto de 10 mm\u00b2<\/li>\n<li>Conjunto de cabo preto de 0,2 metros e 1,5 mm\u00b2 com terminal M8 e terminal r\u00e1pido de 6,3 mm<\/li>\n<li>2 terminais M8 com manga de isolamento<\/li>\n<li>4 terminais M6 com manga de isolamento<\/li>\n<li>4 abra\u00e7adeiras de 150 mm<\/li>\n<\/ul>\n<h2>Ficha t\u00e9cnica Kit combinador de baterias Victron Cyrix-ct 12\/24V-120A - CYR01010120110R<\/h2>\n<p><a href=\"https:\/\/fvcomponentes.com\/wp-content\/uploads\/2023\/09\/Manual-Cyrix-Battery-Combiner-Kit.pdf\" target=\"_blank\" rel=\"noopener\">Ver ficha t\u00e9cnica do kit combinador de baterias Victron Cyrix-ct 12\/24V-120A - CYR01010120110R<\/a><\/p>","protected":false},"excerpt":{"rendered":"<div id=\"tech-chars-attribute\" class=\"eypmo8v mgz-element mgz-child mgz-element-product_attribute content-text\">\n<div class=\"mgz-element-inner eypmo8v-s\">\n<div class=\"ppbd-product-attribute\">\n<p><strong>Tens\u00e3o<\/strong>\u00a012 \/ 24 V<br \/>\n<strong>Atual <\/strong>120A<br \/>\n<strong>Classe de prote\u00e7\u00e3o<\/strong>\u00a0IP54<\/p>\n<\/div>\n<\/div>\n<\/div>","protected":false},"featured_media":6647,"comment_status":"open","ping_status":"closed","template":"","meta":{"site-sidebar-layout":"default","site-content-layout":"default","ast-site-content-layout":"default","site-content-style":"default","site-sidebar-style":"default","ast-global-header-display":"","ast-banner-title-visibility":"","ast-main-header-display":"","ast-hfb-above-header-display":"","ast-hfb-below-header-display":"","ast-hfb-mobile-header-display":"","site-post-title":"","ast-breadcrumbs-content":"","ast-featured-img":"","footer-sml-layout":"","ast-disable-related-posts":"","theme-transparent-header-meta":"default","adv-header-id-meta":"","stick-header-meta":"","header-above-stick-meta":"","header-main-stick-meta":"","header-below-stick-meta":"","astra-migrate-meta-layouts":"set","ast-page-background-enabled":"default","ast-page-background-meta":{"desktop":{"background-color":"var(--ast-global-color-4)","background-image":"","background-repeat":"repeat","background-position":"center center","background-size":"auto","background-attachment":"scroll","background-type":"","background-media":"","overlay-type":"","overlay-color":"","overlay-opacity":"","overlay-gradient":""},"tablet":{"background-color":"","background-image":"","background-repeat":"repeat","background-position":"center center","background-size":"auto","background-attachment":"scroll","background-type":"","background-media":"","overlay-type":"","overlay-color":"","overlay-opacity":"","overlay-gradient":""},"mobile":{"background-color":"","background-image":"","background-repeat":"repeat","background-position":"center center","background-size":"auto","background-attachment":"scroll","background-type":"","background-media":"","overlay-type":"","overlay-color":"","overlay-opacity":"","overlay-gradient":""}},"ast-content-background-meta":{"desktop":{"background-color":"var(--ast-global-color-5)","background-image":"","background-repeat":"repeat","background-position":"center center","background-size":"auto","background-attachment":"scroll","background-type":"","background-media":"","overlay-type":"","overlay-color":"","overlay-opacity":"","overlay-gradient":""},"tablet":{"background-color":"var(--ast-global-color-5)","background-image":"","background-repeat":"repeat","background-position":"center center","background-size":"auto","background-attachment":"scroll","background-type":"","background-media":"","overlay-type":"","overlay-color":"","overlay-opacity":"","overlay-gradient":""},"mobile":{"background-color":"var(--ast-global-color-5)","background-image":"","background-repeat":"repeat","background-position":"center center","background-size":"auto","background-attachment":"scroll","background-type":"","background-media":"","overlay-type":"","overlay-color":"","overlay-opacity":"","overlay-gradient":""}}},"pwb-brand":[332],"product_brand":[],"product_cat":[340,391,932],"product_tag":[],"class_list":{"0":"post-6644","1":"product","2":"type-product","3":"status-publish","4":"has-post-thumbnail","6":"pwb-brand-victron","7":"product_cat-baterias","8":"product_cat-accesorios-para-baterias","9":"product_cat-combinadores-de-baterias","10":"desktop-align-left","11":"tablet-align-left","12":"mobile-align-left","13":"ast-product-gallery-layout-horizontal-slider","14":"ast-product-tabs-layout-horizontal","16":"first","17":"instock","18":"taxable","19":"shipping-taxable","20":"purchasable","21":"product-type-simple"},"wcpa_form_fields":null,"brands":[{"id":332,"name":"Victron Energia","slug":"victron"}],"_links":{"self":[{"href":"https:\/\/fvcomponentes.com\/pt\/wp-json\/wp\/v2\/product\/6644","targetHints":{"allow":["GET"]}}],"collection":[{"href":"https:\/\/fvcomponentes.com\/pt\/wp-json\/wp\/v2\/product"}],"about":[{"href":"https:\/\/fvcomponentes.com\/pt\/wp-json\/wp\/v2\/types\/product"}],"replies":[{"embeddable":true,"href":"https:\/\/fvcomponentes.com\/pt\/wp-json\/wp\/v2\/comments?post=6644"}],"wp:featuredmedia":[{"embeddable":true,"href":"https:\/\/fvcomponentes.com\/pt\/wp-json\/wp\/v2\/media\/6647"}],"wp:attachment":[{"href":"https:\/\/fvcomponentes.com\/pt\/wp-json\/wp\/v2\/media?parent=6644"}],"wp:term":[{"taxonomy":"pwb-brand","embeddable":true,"href":"https:\/\/fvcomponentes.com\/pt\/wp-json\/wp\/v2\/pwb-brand?post=6644"},{"taxonomy":"product_brand","embeddable":true,"href":"https:\/\/fvcomponentes.com\/pt\/wp-json\/wp\/v2\/product_brand?post=6644"},{"taxonomy":"product_cat","embeddable":true,"href":"https:\/\/fvcomponentes.com\/pt\/wp-json\/wp\/v2\/product_cat?post=6644"},{"taxonomy":"product_tag","embeddable":true,"href":"https:\/\/fvcomponentes.com\/pt\/wp-json\/wp\/v2\/product_tag?post=6644"}],"curies":[{"name":"wp","href":"https:\/\/api.w.org\/{rel}","templated":true}]}}