{"id":6637,"date":"2023-07-04T16:46:07","date_gmt":"2023-07-04T14:46:07","guid":{"rendered":"https:\/\/fvcomponentes.com\/?post_type=product&#038;p=6637"},"modified":"2025-07-16T10:03:17","modified_gmt":"2025-07-16T08:03:17","slug":"combinador-de-baterias-victron-cyrix-ct-12-24v-120a-cyr010120011","status":"publish","type":"product","link":"https:\/\/fvcomponentes.com\/pt\/producto\/combinador-de-baterias-victron-cyrix-ct-12-24v-120a-cyr010120011\/","title":{"rendered":"Combinador de baterias Victron Cyrix-ct 12\/24V-120A - CYR010120011"},"content":{"rendered":"<p>O Combinador de baterias Victron Cyrix-ct 12\/24V-120A - CYR010120011 \u00e9 um rel\u00e9 para servi\u00e7o pesado controlado por microprocessador que liga automaticamente as baterias em paralelo quando uma bateria atinge uma tens\u00e3o predefinida (indicando que a bateria est\u00e1 a carregar) e desliga quando a tens\u00e3o desce abaixo do n\u00edvel de flutua\u00e7\u00e3o (indicando que uma ou mais baterias est\u00e3o a descarregar). Os combinadores de baterias Cyrix s\u00e3o um excelente substituto para os isoladores de d\u00edodos. A principal carater\u00edstica \u00e9 o facto de n\u00e3o haver praticamente nenhuma perda de tens\u00e3o, pelo que n\u00e3o \u00e9 necess\u00e1rio aumentar a tens\u00e3o de sa\u00edda dos alternadores ou carregadores de bateria.<\/p>\n<h2>Combinador de baterias Victron Cyrix-ct 12\/24V-120A - CYR010120011: Controlo inteligente da bateria para evitar comuta\u00e7\u00f5es indesejadas<\/h2>\n<p>Alguns combinadores de bateria (tamb\u00e9m chamados de rel\u00e9s controlados por tens\u00e3o ou rel\u00e9s de carga dividida) desconectam uma bateria no caso de uma carga curta, mas de alta amperagem. Um combinador de baterias pode tamb\u00e9m falhar quando liga um banco de baterias grande mas descarregado porque a tens\u00e3o DC cai imediatamente abaixo do valor de desconex\u00e3o quando as baterias s\u00e3o ligadas. O software do Cyrix-ct 12\/24 faz mais do que simplesmente ligar e desligar em fun\u00e7\u00e3o da tens\u00e3o da bateria e com um atraso de tempo fixo. O Cyrix-ct 12\/24 observa a tend\u00eancia geral (aumento ou diminui\u00e7\u00e3o da tens\u00e3o) e inverte uma a\u00e7\u00e3o anterior apenas se a tend\u00eancia tiver sido invertida durante um determinado per\u00edodo de tempo. O tempo de atraso depende do desvio da tens\u00e3o em rela\u00e7\u00e3o \u00e0 tend\u00eancia.<\/p>\n<h2>Prote\u00e7\u00e3o contra o sobreaquecimento (por exemplo, por sobrecarga prolongada)<\/h2>\n<p>O Cyrix desliga-se em caso de temperatura de contacto excessiva e volta a ligar-se quando tiver arrefecido.<\/p>\n<h2>12\/24V auto-regul\u00e1vel<\/h2>\n<p>O Cyrix-ct 12\/24 detecta automaticamente a tens\u00e3o do sistema.<\/p>\n<h2>Sem perda de tens\u00e3o<\/h2>\n<p>Os combinadores de bateria Cyrix s\u00e3o um excelente substituto para os isoladores de d\u00edodos. A principal carater\u00edstica \u00e9 o facto de n\u00e3o haver praticamente nenhuma perda de tens\u00e3o, pelo que n\u00e3o \u00e9 necess\u00e1rio aumentar a tens\u00e3o de sa\u00edda dos alternadores ou carregadores de bateria.<\/p>\n<h2>Prioridade da bateria de arranque<\/h2>\n<p>Numa configura\u00e7\u00e3o t\u00edpica, o alternador est\u00e1 ligado diretamente \u00e0 bateria de arranque. A bateria de acess\u00f3rios, e possivelmente tamb\u00e9m um propulsor de proa e outras baterias, s\u00e3o ligadas \u00e0 bateria de arranque com combinadores de bateria Cyrix. Quando um Cyrix detecta que a bateria de arranque atingiu a tens\u00e3o de liga\u00e7\u00e3o, liga-se para permitir o carregamento em paralelo das outras baterias.<\/p>\n<h2>Combinador de baterias Victron Cyrix-ct 12\/24V-120A - CYR010120011: Dete\u00e7\u00e3o de tens\u00e3o bidirecional e alimenta\u00e7\u00e3o de ambas as baterias<\/h2>\n<p>O Cyrix detecta a tens\u00e3o das duas baterias ligadas. Por conseguinte, tamb\u00e9m se liga se, por exemplo, a bateria acess\u00f3ria estiver a ser carregada por um carregador de bateria.<\/p>\n<p>O Cyrix-ct 12\/24 tem uma fonte de alimenta\u00e7\u00e3o dupla. Por conseguinte, tamb\u00e9m se desligar\u00e1 se a tens\u00e3o de uma das baterias for demasiado baixa para fazer funcionar o Cyrix.<\/p>\n<p>Para evitar um funcionamento inesperado durante a instala\u00e7\u00e3o ou quando uma das baterias tiver sido desligada, o Cyrix-ct 12\/24 n\u00e3o se desliga se a tens\u00e3o numa das duas liga\u00e7\u00f5es da bateria for inferior a 2 V (bateria de 12 V) ou 4 V (bateria de 24 V).<\/p>\n<h2>Liga\u00e7\u00e3o paralela em caso de emerg\u00eancia (StartAssist)<\/h2>\n<p>O Cyrix tamb\u00e9m pode ser ligado atrav\u00e9s de um bot\u00e3o (o Cyrix permanece ligado durante 30 segundos) ou de um interrutor para ligar manualmente as pilhas em paralelo.<\/p>\n<p>Isto \u00e9 especialmente \u00fatil numa emerg\u00eancia quando a bateria de arranque est\u00e1 descarregada ou danificada.<\/p>\n<p><img fetchpriority=\"high\" decoding=\"async\" class=\"size-full wp-image-8469\" src=\"https:\/\/fvcomponentes.com\/wp-content\/uploads\/2023\/05\/Cyrix-120.png\" alt=\"Combinador de baterias Victron Cyrix-ct 12\/24V-120A - CYR010120011\" width=\"857\" height=\"653\" title=\"\"><\/p>\n<h2>Ficha t\u00e9cnica Combinador de baterias Victron Cyrix-ct 12\/24V-120A - CYR010120011<\/h2>\n<p><a href=\"https:\/\/fvcomponentes.com\/wp-content\/uploads\/2023\/03\/Cyrix-ct-120A-230A-ES.pdf\" target=\"_blank\" rel=\"noopener\">Ver ficha t\u00e9cnica do Combinador de Baterias Victron Cyrix-ct 12\/24V-120A - CYR010120011<\/a><\/p>","protected":false},"excerpt":{"rendered":"<p><strong>Indicador de estado LED:<\/strong> N\u00e3o<br \/>\n<strong>Corrente cont\u00ednua:<\/strong> 120 A<br \/>\n<strong>Capacidade de arranque (5 segundos):<\/strong> 180 A<\/p>","protected":false},"featured_media":6643,"comment_status":"open","ping_status":"closed","template":"","meta":{"site-sidebar-layout":"default","site-content-layout":"default","ast-site-content-layout":"default","site-content-style":"default","site-sidebar-style":"default","ast-global-header-display":"","ast-banner-title-visibility":"","ast-main-header-display":"","ast-hfb-above-header-display":"","ast-hfb-below-header-display":"","ast-hfb-mobile-header-display":"","site-post-title":"","ast-breadcrumbs-content":"","ast-featured-img":"","footer-sml-layout":"","ast-disable-related-posts":"","theme-transparent-header-meta":"default","adv-header-id-meta":"","stick-header-meta":"","header-above-stick-meta":"","header-main-stick-meta":"","header-below-stick-meta":"","astra-migrate-meta-layouts":"set","ast-page-background-enabled":"default","ast-page-background-meta":{"desktop":{"background-color":"var(--ast-global-color-4)","background-image":"","background-repeat":"repeat","background-position":"center center","background-size":"auto","background-attachment":"scroll","background-type":"","background-media":"","overlay-type":"","overlay-color":"","overlay-opacity":"","overlay-gradient":""},"tablet":{"background-color":"","background-image":"","background-repeat":"repeat","background-position":"center center","background-size":"auto","background-attachment":"scroll","background-type":"","background-media":"","overlay-type":"","overlay-color":"","overlay-opacity":"","overlay-gradient":""},"mobile":{"background-color":"","background-image":"","background-repeat":"repeat","background-position":"center center","background-size":"auto","background-attachment":"scroll","background-type":"","background-media":"","overlay-type":"","overlay-color":"","overlay-opacity":"","overlay-gradient":""}},"ast-content-background-meta":{"desktop":{"background-color":"var(--ast-global-color-5)","background-image":"","background-repeat":"repeat","background-position":"center center","background-size":"auto","background-attachment":"scroll","background-type":"","background-media":"","overlay-type":"","overlay-color":"","overlay-opacity":"","overlay-gradient":""},"tablet":{"background-color":"var(--ast-global-color-5)","background-image":"","background-repeat":"repeat","background-position":"center center","background-size":"auto","background-attachment":"scroll","background-type":"","background-media":"","overlay-type":"","overlay-color":"","overlay-opacity":"","overlay-gradient":""},"mobile":{"background-color":"var(--ast-global-color-5)","background-image":"","background-repeat":"repeat","background-position":"center center","background-size":"auto","background-attachment":"scroll","background-type":"","background-media":"","overlay-type":"","overlay-color":"","overlay-opacity":"","overlay-gradient":""}}},"pwb-brand":[332],"product_brand":[],"product_cat":[340,391,932],"product_tag":[],"class_list":{"0":"post-6637","1":"product","2":"type-product","3":"status-publish","4":"has-post-thumbnail","6":"pwb-brand-victron","7":"product_cat-baterias","8":"product_cat-accesorios-para-baterias","9":"product_cat-combinadores-de-baterias","10":"desktop-align-left","11":"tablet-align-left","12":"mobile-align-left","13":"ast-product-gallery-layout-horizontal-slider","14":"ast-product-gallery-with-no-image","15":"ast-product-tabs-layout-horizontal","17":"first","18":"instock","19":"taxable","20":"shipping-taxable","21":"purchasable","22":"product-type-simple"},"wcpa_form_fields":null,"brands":[{"id":332,"name":"Victron Energia","slug":"victron"}],"_links":{"self":[{"href":"https:\/\/fvcomponentes.com\/pt\/wp-json\/wp\/v2\/product\/6637","targetHints":{"allow":["GET"]}}],"collection":[{"href":"https:\/\/fvcomponentes.com\/pt\/wp-json\/wp\/v2\/product"}],"about":[{"href":"https:\/\/fvcomponentes.com\/pt\/wp-json\/wp\/v2\/types\/product"}],"replies":[{"embeddable":true,"href":"https:\/\/fvcomponentes.com\/pt\/wp-json\/wp\/v2\/comments?post=6637"}],"wp:featuredmedia":[{"embeddable":true,"href":"https:\/\/fvcomponentes.com\/pt\/wp-json\/wp\/v2\/media\/6643"}],"wp:attachment":[{"href":"https:\/\/fvcomponentes.com\/pt\/wp-json\/wp\/v2\/media?parent=6637"}],"wp:term":[{"taxonomy":"pwb-brand","embeddable":true,"href":"https:\/\/fvcomponentes.com\/pt\/wp-json\/wp\/v2\/pwb-brand?post=6637"},{"taxonomy":"product_brand","embeddable":true,"href":"https:\/\/fvcomponentes.com\/pt\/wp-json\/wp\/v2\/product_brand?post=6637"},{"taxonomy":"product_cat","embeddable":true,"href":"https:\/\/fvcomponentes.com\/pt\/wp-json\/wp\/v2\/product_cat?post=6637"},{"taxonomy":"product_tag","embeddable":true,"href":"https:\/\/fvcomponentes.com\/pt\/wp-json\/wp\/v2\/product_tag?post=6637"}],"curies":[{"name":"wp","href":"https:\/\/api.w.org\/{rel}","templated":true}]}}