{"id":6611,"date":"2023-07-04T16:59:06","date_gmt":"2023-07-04T14:59:06","guid":{"rendered":"https:\/\/fvcomponentes.com\/?post_type=product&#038;p=6611"},"modified":"2025-07-16T10:33:23","modified_gmt":"2025-07-16T08:33:23","slug":"separador-de-bateria-victron-argofet-100-2-arg100201020","status":"publish","type":"product","link":"https:\/\/fvcomponentes.com\/pt\/producto\/separador-victron-de-baterias-argofet-100-2-arg100201020\/","title":{"rendered":"Separador de bateria Victron Argofet 100-2 - ARG100201020"},"content":{"rendered":"<p>Tal como acontece com os jumpers Argodiode, os jumpers Argofet, como o Separador de Baterias Victron Argofet 100-2 - ARG100201020, permitem que duas ou mais baterias sejam carregadas simultaneamente a partir de um \u00fanico alternador (ou de um \u00fanico carregador) sem ligar as baterias entre si. Por conseguinte, a descarga da bateria auxiliar n\u00e3o far\u00e1 com que a bateria de arranque tamb\u00e9m seja descarregada.<\/p>\n<p>Em compara\u00e7\u00e3o com as pontes de d\u00edodos, as pontes FET t\u00eam a vantagem de uma perda de tens\u00e3o praticamente nula: a queda de tens\u00e3o \u00e9 inferior a 0,02 V a baixas correntes e \u00e9 em m\u00e9dia de 0,1 V a correntes mais elevadas.<\/p>\n<p>Quando se utilizam as pontes de d\u00edodos Argofet, n\u00e3o \u00e9 necess\u00e1rio aumentar igualmente a tens\u00e3o de sa\u00edda do alternador. No entanto, recomenda-se vivamente que os cabos sejam curtos e com uma sec\u00e7\u00e3o transversal adequada.<\/p>\n<p>Exemplo:<br \/>\nQuando uma corrente de 100 A passa por um cabo com uma sec\u00e7\u00e3o transversal de 50 mm\u00b2 (AWG 0) e um comprimento de 10 m, a queda de tens\u00e3o no cabo \u00e9 de 0,26 volts. Da mesma forma, uma corrente de 50 A atrav\u00e9s de um cabo com uma sec\u00e7\u00e3o transversal de 10 mm\u00b2 (AWG 7) e um comprimento de 5 m sofrer\u00e1 uma queda de tens\u00e3o de 0,35 volts.<\/p>\n<h2>Entrada de energia do alternador<\/h2>\n<p>Alguns alternadores requerem uma tens\u00e3o CC na sa\u00edda B+ para iniciar o carregamento. Obviamente, a CC estar\u00e1 presente quando o alternador estiver ligado diretamente \u00e0 bateria. No entanto, se for inserida uma ponte de d\u00edodos ou um separador FET, qualquer retorno de tens\u00e3o\/corrente das baterias para a sa\u00edda B+ ser\u00e1 impedido e o alternador n\u00e3o ser\u00e1 ativado.<br \/>\nAs novas pontes de d\u00edodos Argofet t\u00eam uma entrada especial energizada com limitador de corrente que alimentar\u00e1 a sa\u00edda B+ quando o interrutor de arranque\/paragem do motor estiver fechado.<\/p>\n<p><img fetchpriority=\"high\" decoding=\"async\" class=\"alignnone size-full wp-image-6612\" src=\"https:\/\/fvcomponentes.com\/wp-content\/uploads\/2023\/03\/Captura-ultima.png\" alt=\"Separador de baterias Victron Argofet 100-2 Duas baterias 100A - ARG100201020\" width=\"644\" height=\"497\" title=\"\"><\/p>\n<h2>Ficha t\u00e9cnica Separador de baterias Victron Argofet 100-2 - ARG100201020<\/h2>\n<p><a href=\"https:\/\/fvcomponentes.com\/wp-content\/uploads\/2023\/03\/Argofet-Battery-Isolators-with-alternator-energize-input-ES.pdf\" target=\"_blank\" rel=\"noopener\">Veja a ficha de dados para Separador de baterias Victron Argofet 100-2 - ARG100201020<\/a><\/p>","protected":false},"excerpt":{"rendered":"<p><strong>Corrente de carga m\u00e1xima (A):<\/strong> 100A<br \/>\n<strong>Corrente m\u00e1xima do alternador (A):<\/strong>100A<br \/>\n<strong>N\u00famero de pilhas:<\/strong> 2<br \/>\n<strong>Peso (kg):<\/strong> 1,4<br \/>\n<strong>Dimens\u00f5es (mm):<\/strong> 65 x 120 x 200<\/p>","protected":false},"featured_media":6618,"comment_status":"open","ping_status":"closed","template":"","meta":{"site-sidebar-layout":"default","site-content-layout":"default","ast-site-content-layout":"default","site-content-style":"default","site-sidebar-style":"default","ast-global-header-display":"","ast-banner-title-visibility":"","ast-main-header-display":"","ast-hfb-above-header-display":"","ast-hfb-below-header-display":"","ast-hfb-mobile-header-display":"","site-post-title":"","ast-breadcrumbs-content":"","ast-featured-img":"","footer-sml-layout":"","ast-disable-related-posts":"","theme-transparent-header-meta":"default","adv-header-id-meta":"","stick-header-meta":"","header-above-stick-meta":"","header-main-stick-meta":"","header-below-stick-meta":"","astra-migrate-meta-layouts":"set","ast-page-background-enabled":"default","ast-page-background-meta":{"desktop":{"background-color":"var(--ast-global-color-4)","background-image":"","background-repeat":"repeat","background-position":"center center","background-size":"auto","background-attachment":"scroll","background-type":"","background-media":"","overlay-type":"","overlay-color":"","overlay-opacity":"","overlay-gradient":""},"tablet":{"background-color":"","background-image":"","background-repeat":"repeat","background-position":"center center","background-size":"auto","background-attachment":"scroll","background-type":"","background-media":"","overlay-type":"","overlay-color":"","overlay-opacity":"","overlay-gradient":""},"mobile":{"background-color":"","background-image":"","background-repeat":"repeat","background-position":"center center","background-size":"auto","background-attachment":"scroll","background-type":"","background-media":"","overlay-type":"","overlay-color":"","overlay-opacity":"","overlay-gradient":""}},"ast-content-background-meta":{"desktop":{"background-color":"var(--ast-global-color-5)","background-image":"","background-repeat":"repeat","background-position":"center center","background-size":"auto","background-attachment":"scroll","background-type":"","background-media":"","overlay-type":"","overlay-color":"","overlay-opacity":"","overlay-gradient":""},"tablet":{"background-color":"var(--ast-global-color-5)","background-image":"","background-repeat":"repeat","background-position":"center center","background-size":"auto","background-attachment":"scroll","background-type":"","background-media":"","overlay-type":"","overlay-color":"","overlay-opacity":"","overlay-gradient":""},"mobile":{"background-color":"var(--ast-global-color-5)","background-image":"","background-repeat":"repeat","background-position":"center center","background-size":"auto","background-attachment":"scroll","background-type":"","background-media":"","overlay-type":"","overlay-color":"","overlay-opacity":"","overlay-gradient":""}}},"pwb-brand":[332],"product_brand":[],"product_cat":[340,391,931],"product_tag":[],"class_list":{"0":"post-6611","1":"product","2":"type-product","3":"status-publish","4":"has-post-thumbnail","6":"pwb-brand-victron","7":"product_cat-baterias","8":"product_cat-accesorios-para-baterias","9":"product_cat-diodos-separador-de-baterias","10":"desktop-align-left","11":"tablet-align-left","12":"mobile-align-left","13":"ast-product-gallery-layout-horizontal-slider","14":"ast-product-tabs-layout-horizontal","16":"first","17":"instock","18":"taxable","19":"shipping-taxable","20":"purchasable","21":"product-type-simple"},"wcpa_form_fields":null,"brands":[{"id":332,"name":"Victron Energia","slug":"victron"}],"_links":{"self":[{"href":"https:\/\/fvcomponentes.com\/pt\/wp-json\/wp\/v2\/product\/6611","targetHints":{"allow":["GET"]}}],"collection":[{"href":"https:\/\/fvcomponentes.com\/pt\/wp-json\/wp\/v2\/product"}],"about":[{"href":"https:\/\/fvcomponentes.com\/pt\/wp-json\/wp\/v2\/types\/product"}],"replies":[{"embeddable":true,"href":"https:\/\/fvcomponentes.com\/pt\/wp-json\/wp\/v2\/comments?post=6611"}],"wp:featuredmedia":[{"embeddable":true,"href":"https:\/\/fvcomponentes.com\/pt\/wp-json\/wp\/v2\/media\/6618"}],"wp:attachment":[{"href":"https:\/\/fvcomponentes.com\/pt\/wp-json\/wp\/v2\/media?parent=6611"}],"wp:term":[{"taxonomy":"pwb-brand","embeddable":true,"href":"https:\/\/fvcomponentes.com\/pt\/wp-json\/wp\/v2\/pwb-brand?post=6611"},{"taxonomy":"product_brand","embeddable":true,"href":"https:\/\/fvcomponentes.com\/pt\/wp-json\/wp\/v2\/product_brand?post=6611"},{"taxonomy":"product_cat","embeddable":true,"href":"https:\/\/fvcomponentes.com\/pt\/wp-json\/wp\/v2\/product_cat?post=6611"},{"taxonomy":"product_tag","embeddable":true,"href":"https:\/\/fvcomponentes.com\/pt\/wp-json\/wp\/v2\/product_tag?post=6611"}],"curies":[{"name":"wp","href":"https:\/\/api.w.org\/{rel}","templated":true}]}}