{"id":6588,"date":"2023-10-23T16:56:00","date_gmt":"2023-10-23T14:56:00","guid":{"rendered":"https:\/\/fvcomponentes.com\/?post_type=product&#038;p=6588"},"modified":"2026-04-09T19:21:11","modified_gmt":"2026-04-09T17:21:11","slug":"victron-smartshunt-1000a-50mv-ip65-shu065210050-monitor-de-bateria-victron-shu065210050","status":"publish","type":"product","link":"https:\/\/fvcomponentes.com\/pt\/producto\/monitor-de-baterias-victron-smartshunt-1000a-50mv-ip65-shu065210050\/","title":{"rendered":"Monitor de bateria Victron Smartshunt 1000A\/50mV IP65 - SHU065210050"},"content":{"rendered":"<div style=\"position:relative;padding-bottom:56.25%;height:0;margin-bottom:24px;\">\n  <iframe \n    src=\"https:\/\/www.youtube-nocookie.com\/embed\/6EXFWD8E_d4?rel=0&#038;modestbranding=1\"\n    style=\"position:absolute;top:0;left:0;width:100%;height:100%;border:0;\"\n    loading=\"lazy\"\n    allowfullscreen><br \/>\n  <\/iframe>\n<\/div>\n<p><script type=\"application\/ld+json\">{\n    \"@context\": \"https:\\\/\\\/schema.org\",\n    \"@type\": \"VideoObject\",\n    \"name\": \"CONFIGURACI\\u00d3N de tu VICTRON SMARTSHUNT 500A como un PRO\",\n    \"description\": \"Aprende a configurar de forma eficiente un Victron SmartShunt 500A utilizando la app Victron Connect en iOS y Android para monitorizar tu bater\\u00eda con precisi\\u00f3n y sacar el m\\u00e1ximo rendimiento a tu sistema.\",\n    \"thumbnailUrl\": \"https:\\\/\\\/i.ytimg.com\\\/vi\\\/6EXFWD8E_d4\\\/maxresdefault.jpg\",\n    \"uploadDate\": \"2026-04-09T00:00:00+02:00\",\n    \"contentUrl\": \"https:\\\/\\\/www.youtube.com\\\/watch?v=6EXFWD8E_d4\",\n    \"embedUrl\": \"https:\\\/\\\/www.youtube-nocookie.com\\\/embed\\\/6EXFWD8E_d4\",\n    \"publisher\": {\n        \"@type\": \"Organization\",\n        \"name\": \"FV Componentes\"\n    }\n}<\/script><\/p>\n<h2>Caracter\u00edsticas do monitor de bateria Victron Smartshunt 1000A\/50mV IP65 - SHU065210050<\/h2>\n<ul>\n<li><strong>Principais caracter\u00edsticas:<\/strong>\n<ul>\n<li>Este smartshunt \u00e9 tudo-em-um e \u00e0 prova de \u00e1gua.<\/li>\n<li>Dispon\u00edvel nas vers\u00f5es de 500 A, 1000 A e 2000 A.<\/li>\n<li>Liga\u00e7\u00e3o sem fios Bluetooth \u00e0 aplica\u00e7\u00e3o <a href=\"https:\/\/www.victronenergy.com.es\/panel-systems-remote-monitoring\/victronconnect\" target=\"_blank\" rel=\"noopener\">VictronConnect.<\/a><\/li>\n<li>Liga\u00e7\u00e3o com cabo VE.Direct.<\/li>\n<\/ul>\n<\/li>\n<li><strong>Compara\u00e7\u00e3o com o BMV-712:<\/strong>\n<ul>\n<li>N\u00e3o possui alarmes visuais ou sonoros directos.<\/li>\n<li>Sem rel\u00e9 program\u00e1vel.<\/li>\n<li>Excelente resist\u00eancia \u00e0 \u00e1gua.<\/li>\n<li>Shunt ligado diretamente \u00e0 unidade de monitoriza\u00e7\u00e3o da bateria.<\/li>\n<\/ul>\n<\/li>\n<li><strong>Funcionalidades em destaque:<\/strong>\n<ul>\n<li>Monitoriza\u00e7\u00e3o dos par\u00e2metros da bateria, como o estado de carga e a vida \u00fatil restante da bateria.<\/li>\n<li>Acesso a dados hist\u00f3ricos e muito mais atrav\u00e9s da aplica\u00e7\u00e3o.<\/li>\n<li>Flexibilidade com a porta VE.Direct.<\/li>\n<li>Liga\u00e7\u00e3o auxiliar para controlar uma segunda bateria ou um sensor de temperatura.<\/li>\n<\/ul>\n<\/li>\n<li><strong>Vantagens:<\/strong>\n<ul>\n<li>Redu\u00e7\u00e3o da complexidade do sistema de monitoriza\u00e7\u00e3o da bateria.<\/li>\n<li>Conveni\u00eancia e precis\u00e3o no controlo da bateria.<\/li>\n<li>F\u00e1cil integra\u00e7\u00e3o com dispositivos m\u00f3veis.<\/li>\n<li>Versatilidade na gest\u00e3o da bateria.<\/li>\n<\/ul>\n<\/li>\n<\/ul>\n<p>O monitor de bateria Smartshunt 1000A\/50mV IP65 da Victron - SHU065210050 \u00e9 uma solu\u00e7\u00e3o vers\u00e1til e \u00e0 prova de \u00e1gua que simplifica a monitoriza\u00e7\u00e3o da bateria, oferecendo conetividade Bluetooth a dispositivos m\u00f3veis. Ao contr\u00e1rio do BMV-712, n\u00e3o possui alarmes directos ou rel\u00e9s program\u00e1veis, mas proporciona uma experi\u00eancia de monitoriza\u00e7\u00e3o eficiente e conveniente. Al\u00e9m disso, o seu design sem ecr\u00e3 reduz a complexidade do sistema e torna-o ideal para sistemas que requerem monitoriza\u00e7\u00e3o da bateria sem o inc\u00f3modo de cabos adicionais.<\/p>\n<p><img fetchpriority=\"high\" decoding=\"async\" class=\"alignnone size-full wp-image-6580\" src=\"https:\/\/fvcomponentes.com\/wp-content\/uploads\/2023\/03\/hjgtfdj.png\" alt=\"Deriva\u00e7\u00e3o de bateria Victron Smartshunt 500A\/50mV IP65 - SHU065150050\" width=\"495\" height=\"515\" title=\"\"><\/p>\n<p><strong>Ficha t\u00e9cnica Monitor de bateria Victron Smartshunt 1000A\/50mV IP65 - SHU065210050<\/strong><\/p>\n<p><a href=\"https:\/\/fvcomponentes.com\/wp-content\/uploads\/2023\/03\/SmartShunt-IP65-ES-1.pdf\" target=\"_blank\" rel=\"noopener\">Ver ficha de dados do monitor de bateria Victron Smartshunt 1000A\/50mV IP65 - SHU065210050<\/a><\/p>","protected":false},"excerpt":{"rendered":"<p><strong>Gama de tens\u00e3o de alimenta\u00e7\u00e3o:<\/strong> 6,5 - 70 VDC<br \/>\n&lt;strong&gt;Consumo atual: &amp;lt; 1 mA<br \/>\n<strong>Gama de tens\u00e3o de entrada, bateria auxiliar:<\/strong> 6,5 - 70 VDC<br \/>\n<strong>Dimens\u00f5es:<\/strong> 68 X 120 X 54<\/p>","protected":false},"featured_media":6593,"comment_status":"open","ping_status":"closed","template":"","meta":{"site-sidebar-layout":"default","site-content-layout":"default","ast-site-content-layout":"default","site-content-style":"default","site-sidebar-style":"default","ast-global-header-display":"","ast-banner-title-visibility":"","ast-main-header-display":"","ast-hfb-above-header-display":"","ast-hfb-below-header-display":"","ast-hfb-mobile-header-display":"","site-post-title":"","ast-breadcrumbs-content":"","ast-featured-img":"","footer-sml-layout":"","ast-disable-related-posts":"","theme-transparent-header-meta":"default","adv-header-id-meta":"","stick-header-meta":"","header-above-stick-meta":"","header-main-stick-meta":"","header-below-stick-meta":"","astra-migrate-meta-layouts":"set","ast-page-background-enabled":"default","ast-page-background-meta":{"desktop":{"background-color":"var(--ast-global-color-4)","background-image":"","background-repeat":"repeat","background-position":"center center","background-size":"auto","background-attachment":"scroll","background-type":"","background-media":"","overlay-type":"","overlay-color":"","overlay-opacity":"","overlay-gradient":""},"tablet":{"background-color":"","background-image":"","background-repeat":"repeat","background-position":"center center","background-size":"auto","background-attachment":"scroll","background-type":"","background-media":"","overlay-type":"","overlay-color":"","overlay-opacity":"","overlay-gradient":""},"mobile":{"background-color":"","background-image":"","background-repeat":"repeat","background-position":"center center","background-size":"auto","background-attachment":"scroll","background-type":"","background-media":"","overlay-type":"","overlay-color":"","overlay-opacity":"","overlay-gradient":""}},"ast-content-background-meta":{"desktop":{"background-color":"var(--ast-global-color-5)","background-image":"","background-repeat":"repeat","background-position":"center center","background-size":"auto","background-attachment":"scroll","background-type":"","background-media":"","overlay-type":"","overlay-color":"","overlay-opacity":"","overlay-gradient":""},"tablet":{"background-color":"var(--ast-global-color-5)","background-image":"","background-repeat":"repeat","background-position":"center center","background-size":"auto","background-attachment":"scroll","background-type":"","background-media":"","overlay-type":"","overlay-color":"","overlay-opacity":"","overlay-gradient":""},"mobile":{"background-color":"var(--ast-global-color-5)","background-image":"","background-repeat":"repeat","background-position":"center center","background-size":"auto","background-attachment":"scroll","background-type":"","background-media":"","overlay-type":"","overlay-color":"","overlay-opacity":"","overlay-gradient":""}}},"pwb-brand":[332],"product_brand":[],"product_cat":[340,391,933],"product_tag":[],"class_list":{"0":"post-6588","1":"product","2":"type-product","3":"status-publish","4":"has-post-thumbnail","6":"pwb-brand-victron","7":"product_cat-baterias","8":"product_cat-accesorios-para-baterias","9":"product_cat-monitores-de-baterias","10":"desktop-align-left","11":"tablet-align-left","12":"mobile-align-left","13":"ast-product-gallery-layout-horizontal-slider","14":"ast-product-tabs-layout-horizontal","16":"first","17":"instock","18":"taxable","19":"shipping-taxable","20":"purchasable","21":"product-type-simple"},"wcpa_form_fields":null,"brands":[{"id":332,"name":"Victron Energia","slug":"victron"}],"_links":{"self":[{"href":"https:\/\/fvcomponentes.com\/pt\/wp-json\/wp\/v2\/product\/6588","targetHints":{"allow":["GET"]}}],"collection":[{"href":"https:\/\/fvcomponentes.com\/pt\/wp-json\/wp\/v2\/product"}],"about":[{"href":"https:\/\/fvcomponentes.com\/pt\/wp-json\/wp\/v2\/types\/product"}],"replies":[{"embeddable":true,"href":"https:\/\/fvcomponentes.com\/pt\/wp-json\/wp\/v2\/comments?post=6588"}],"wp:featuredmedia":[{"embeddable":true,"href":"https:\/\/fvcomponentes.com\/pt\/wp-json\/wp\/v2\/media\/6593"}],"wp:attachment":[{"href":"https:\/\/fvcomponentes.com\/pt\/wp-json\/wp\/v2\/media?parent=6588"}],"wp:term":[{"taxonomy":"pwb-brand","embeddable":true,"href":"https:\/\/fvcomponentes.com\/pt\/wp-json\/wp\/v2\/pwb-brand?post=6588"},{"taxonomy":"product_brand","embeddable":true,"href":"https:\/\/fvcomponentes.com\/pt\/wp-json\/wp\/v2\/product_brand?post=6588"},{"taxonomy":"product_cat","embeddable":true,"href":"https:\/\/fvcomponentes.com\/pt\/wp-json\/wp\/v2\/product_cat?post=6588"},{"taxonomy":"product_tag","embeddable":true,"href":"https:\/\/fvcomponentes.com\/pt\/wp-json\/wp\/v2\/product_tag?post=6588"}],"curies":[{"name":"wp","href":"https:\/\/api.w.org\/{rel}","templated":true}]}}