{"id":6576,"date":"2023-10-23T16:55:02","date_gmt":"2023-10-23T14:55:02","guid":{"rendered":"https:\/\/fvcomponentes.com\/?post_type=product&#038;p=6576"},"modified":"2026-04-04T12:46:25","modified_gmt":"2026-04-04T10:46:25","slug":"victron-smartshunt-500a-50mv-ip65-shu065150050-monitor-de-bateria-victron-shu065150050","status":"publish","type":"product","link":"https:\/\/fvcomponentes.com\/pt\/producto\/monitor-de-baterias-victron-smartshunt-500a-50mv-ip65-shu065150050\/","title":{"rendered":"Monitor de bateria Victron Smartshunt 500A\/50mV IP65 - SHU065150050"},"content":{"rendered":"<h2>Caracter\u00edsticas do monitor de bateria Victron Smartshunt 500A\/50mV IP65 - SHU065150050<\/h2>\n<p>O monitor de bateria Victron Smartshunt 500A\/50mV IP65 - SHU065150050 \u00e9 um inovador monitor de bateria tudo-em-um concebido para proporcionar uma monitoriza\u00e7\u00e3o eficiente e conveniente dos seus sistemas de energia. Ao contr\u00e1rio de outros monitores, o SmartShunt n\u00e3o tem um ecr\u00e3 incorporado, em vez disso, utiliza o ecr\u00e3 do seu telem\u00f3vel ou tablet para fornecer acesso instant\u00e2neo a informa\u00e7\u00f5es cr\u00edticas sobre a sua bateria.<\/p>\n<p>A versatilidade \u00e9 uma das principais caracter\u00edsticas do SmartShunt IP65, uma vez que est\u00e1 dispon\u00edvel em tr\u00eas vers\u00f5es diferentes: 500 A, 1000 A e 2000 A, o que lhe permite adaptar-se a uma grande variedade de aplica\u00e7\u00f5es e tamanhos de baterias. Al\u00e9m disso, a sua classifica\u00e7\u00e3o IP65 torna-o imperme\u00e1vel, garantindo o seu funcionamento mesmo em condi\u00e7\u00f5es climat\u00e9ricas adversas.<\/p>\n<p>A liga\u00e7\u00e3o entre o SmartShunt IP65 e o seu dispositivo m\u00f3vel \u00e9 feita sem fios atrav\u00e9s de Bluetooth, utilizando a aplica\u00e7\u00e3o VictronConnect, oferecendo a conveni\u00eancia de aceder a todos os par\u00e2metros da sua bateria: como o estado de carga, a autonomia restante e os dados hist\u00f3ricos, tudo a partir da palma da sua m\u00e3o.<\/p>\n<p>Para al\u00e9m da liga\u00e7\u00e3o Bluetooth, o SmartShunt IP65 pode ser ligado a um dispositivo GX utilizando um cabo VE.Direct, proporcionando uma flexibilidade adicional na forma como controla e monitoriza o seu sistema de energia.<\/p>\n<p>Comparado com o monitor de bateria <a href=\"https:\/\/fvcomponentes.com\/pt\/produto\/bmv-712-monitor-inteligente-de-bateria-victron\/\" target=\"_blank\" rel=\"noopener\">BMV-712<\/a>O SmartShunt tem algumas diferen\u00e7as importantes. Embora n\u00e3o tenha um alarme visual ou sonoro direto, os alarmes podem ser visualizados atrav\u00e9s da aplica\u00e7\u00e3o. <a href=\"https:\/\/www.victronenergy.com.es\/panel-systems-remote-monitoring\/victronconnect\" target=\"_blank\" rel=\"noopener\">VictronConnect<\/a> ou um dispositivo GX, como o <a href=\"https:\/\/fvcomponentes.com\/pt\/produto\/monitor-victron-cerbo-gx-mk2-bpp900451100-victron-cerbo-mk2\/\" target=\"_blank\" rel=\"noopener\">Monitoriza\u00e7\u00e3o Victron Cerbo GX MK2 - BPP900451100<\/a>. Al\u00e9m disso, o SmartShunt n\u00e3o inclui um rel\u00e9 program\u00e1vel, mas compensa este facto com a sua resist\u00eancia \u00e0 \u00e1gua e uma liga\u00e7\u00e3o mais simples entre o shunt e a unidade de monitoriza\u00e7\u00e3o da bateria.<\/p>\n<p><img fetchpriority=\"high\" decoding=\"async\" class=\"alignnone size-full wp-image-6580\" src=\"https:\/\/fvcomponentes.com\/wp-content\/uploads\/2023\/03\/hjgtfdj.png\" alt=\"Deriva\u00e7\u00e3o de bateria Victron Smartshunt 500A\/50mV IP65 - SHU065150050\" width=\"495\" height=\"515\" title=\"\"><\/p>\n<h2>Ficha t\u00e9cnica Monitor de bateria Victron Smartshunt 500A\/50mV IP65 - SHU065150050<\/h2>\n<p><a href=\"https:\/\/fvcomponentes.com\/wp-content\/uploads\/2023\/03\/SmartShunt-IP65-ES-1.pdf\" target=\"_blank\" rel=\"noopener\">Ver ficha de dados do monitor de bateria Victron Smartshunt 500A\/50mV IP65 - SHU065150050<\/a><\/p>","protected":false},"excerpt":{"rendered":"<p><strong>Gama de tens\u00e3o de alimenta\u00e7\u00e3o:<\/strong> 6,5 - 70 VDC<br \/>\n<strong>Consumo atual:<\/strong> &lt; 1 mA<br \/>\n<strong>Gama de tens\u00e3o de entrada, bateria auxiliar:<\/strong> 6,5 - 70 VDC<br \/>\n<strong>Dimens\u00f5es:<\/strong> 46 x 120 x 54<\/p>","protected":false},"featured_media":6587,"comment_status":"open","ping_status":"closed","template":"","meta":{"site-sidebar-layout":"default","site-content-layout":"default","ast-site-content-layout":"default","site-content-style":"default","site-sidebar-style":"default","ast-global-header-display":"","ast-banner-title-visibility":"","ast-main-header-display":"","ast-hfb-above-header-display":"","ast-hfb-below-header-display":"","ast-hfb-mobile-header-display":"","site-post-title":"","ast-breadcrumbs-content":"","ast-featured-img":"","footer-sml-layout":"","ast-disable-related-posts":"","theme-transparent-header-meta":"default","adv-header-id-meta":"","stick-header-meta":"","header-above-stick-meta":"","header-main-stick-meta":"","header-below-stick-meta":"","astra-migrate-meta-layouts":"set","ast-page-background-enabled":"default","ast-page-background-meta":{"desktop":{"background-color":"var(--ast-global-color-4)","background-image":"","background-repeat":"repeat","background-position":"center center","background-size":"auto","background-attachment":"scroll","background-type":"","background-media":"","overlay-type":"","overlay-color":"","overlay-opacity":"","overlay-gradient":""},"tablet":{"background-color":"","background-image":"","background-repeat":"repeat","background-position":"center center","background-size":"auto","background-attachment":"scroll","background-type":"","background-media":"","overlay-type":"","overlay-color":"","overlay-opacity":"","overlay-gradient":""},"mobile":{"background-color":"","background-image":"","background-repeat":"repeat","background-position":"center center","background-size":"auto","background-attachment":"scroll","background-type":"","background-media":"","overlay-type":"","overlay-color":"","overlay-opacity":"","overlay-gradient":""}},"ast-content-background-meta":{"desktop":{"background-color":"var(--ast-global-color-5)","background-image":"","background-repeat":"repeat","background-position":"center center","background-size":"auto","background-attachment":"scroll","background-type":"","background-media":"","overlay-type":"","overlay-color":"","overlay-opacity":"","overlay-gradient":""},"tablet":{"background-color":"var(--ast-global-color-5)","background-image":"","background-repeat":"repeat","background-position":"center center","background-size":"auto","background-attachment":"scroll","background-type":"","background-media":"","overlay-type":"","overlay-color":"","overlay-opacity":"","overlay-gradient":""},"mobile":{"background-color":"var(--ast-global-color-5)","background-image":"","background-repeat":"repeat","background-position":"center center","background-size":"auto","background-attachment":"scroll","background-type":"","background-media":"","overlay-type":"","overlay-color":"","overlay-opacity":"","overlay-gradient":""}}},"pwb-brand":[332],"product_brand":[],"product_cat":[340,391,933],"product_tag":[],"class_list":{"0":"post-6576","1":"product","2":"type-product","3":"status-publish","4":"has-post-thumbnail","6":"pwb-brand-victron","7":"product_cat-baterias","8":"product_cat-accesorios-para-baterias","9":"product_cat-monitores-de-baterias","10":"desktop-align-left","11":"tablet-align-left","12":"mobile-align-left","13":"ast-product-gallery-layout-horizontal-slider","14":"ast-product-tabs-layout-horizontal","16":"first","17":"instock","18":"taxable","19":"shipping-taxable","20":"purchasable","21":"product-type-simple"},"wcpa_form_fields":null,"brands":[{"id":332,"name":"Victron Energia","slug":"victron"}],"_links":{"self":[{"href":"https:\/\/fvcomponentes.com\/pt\/wp-json\/wp\/v2\/product\/6576","targetHints":{"allow":["GET"]}}],"collection":[{"href":"https:\/\/fvcomponentes.com\/pt\/wp-json\/wp\/v2\/product"}],"about":[{"href":"https:\/\/fvcomponentes.com\/pt\/wp-json\/wp\/v2\/types\/product"}],"replies":[{"embeddable":true,"href":"https:\/\/fvcomponentes.com\/pt\/wp-json\/wp\/v2\/comments?post=6576"}],"wp:featuredmedia":[{"embeddable":true,"href":"https:\/\/fvcomponentes.com\/pt\/wp-json\/wp\/v2\/media\/6587"}],"wp:attachment":[{"href":"https:\/\/fvcomponentes.com\/pt\/wp-json\/wp\/v2\/media?parent=6576"}],"wp:term":[{"taxonomy":"pwb-brand","embeddable":true,"href":"https:\/\/fvcomponentes.com\/pt\/wp-json\/wp\/v2\/pwb-brand?post=6576"},{"taxonomy":"product_brand","embeddable":true,"href":"https:\/\/fvcomponentes.com\/pt\/wp-json\/wp\/v2\/product_brand?post=6576"},{"taxonomy":"product_cat","embeddable":true,"href":"https:\/\/fvcomponentes.com\/pt\/wp-json\/wp\/v2\/product_cat?post=6576"},{"taxonomy":"product_tag","embeddable":true,"href":"https:\/\/fvcomponentes.com\/pt\/wp-json\/wp\/v2\/product_tag?post=6576"}],"curies":[{"name":"wp","href":"https:\/\/api.w.org\/{rel}","templated":true}]}}