{"id":6548,"date":"2024-01-19T19:30:10","date_gmt":"2024-01-19T18:30:10","guid":{"rendered":"https:\/\/fvcomponentes.com\/?post_type=product&#038;p=6548"},"modified":"2026-04-04T12:46:19","modified_gmt":"2026-04-04T10:46:19","slug":"conversor-zigbee-para-usb-victron-ass300420200","status":"publish","type":"product","link":"https:\/\/fvcomponentes.com\/pt\/producto\/convertidor-victron-zigbee-a-usb-ass300420200\/","title":{"rendered":"Conversor Zigbee para USB da Victron - ASS300420200"},"content":{"rendered":"<p>O conversor Victron Zigbee para USB - ASS300420200 permite a comunica\u00e7\u00e3o sem fios entre um Zigbee Victron e dispositivos USB. <a href=\"https:\/\/fvcomponentes.com\/pt\/produto\/monitorizacao-victron-cerbo-gx\/\" target=\"_blank\" rel=\"noopener\">Dispositivo GX<\/a> Victron e um sistema de gest\u00e3o ligado por USB.<br \/>\nUtiliza a tecnologia Zigbee para transmitir dados de forma fi\u00e1vel, eliminando a necessidade de cablagem f\u00edsica e facilitando instala\u00e7\u00f5es mais limpas e flex\u00edveis.<br \/>\nEste adaptador foi concebido para se integrar facilmente com produtos Victron compat\u00edveis, como os sistemas GX, permitindo a liga\u00e7\u00e3o de m\u00f3dulos Zigbee atrav\u00e9s de uma porta USB padr\u00e3o. \u00c9 ideal para estender ou reequipar solu\u00e7\u00f5es de alimenta\u00e7\u00e3o em ambientes onde o acesso f\u00edsico \u00e9 limitado ou a cablagem \u00e9 impratic\u00e1vel.<\/p>\n<p><span style=\"font-size: 16px\">Tamb\u00e9m dispon\u00edvel de Zigbee a RS485: <\/span><a style=\"font-size: 16px;background-color: #ffffff\" href=\"https:\/\/fvcomponentes.com\/pt\/produto\/conversor-victron-zigbee-para-rs485-ass300420100\/\" target=\"_blank\" rel=\"noopener\">Conversor Zigbee para RS485 da Victron - ASS300420100<\/a><\/p>\n<h2>Ficha t\u00e9cnica Conversor Zigbee para USB da Victron - ASS300420200<\/h2>\n<p><a href=\"https:\/\/fvcomponentes.com\/wp-content\/uploads\/2023\/03\/USB.pdf\" target=\"_blank\" rel=\"noopener\">Ver ficha de dados do conversor Zigbee para USB - ASS300420200<\/a><\/p>","protected":false},"excerpt":{"rendered":"<p><span class=\"Y2IQFc\" lang=\"es\"><strong>Norma de alimenta\u00e7\u00e3o el\u00e9ctrica:<\/strong> Porta USB 5V<br \/>\n<strong>Sensibilidade do recetor:<\/strong> -110dBm<br \/>\n<strong>Tamanho:<\/strong> 70 x 50 x 24 mm<\/span><\/p>","protected":false},"featured_media":6554,"comment_status":"open","ping_status":"closed","template":"","meta":{"site-sidebar-layout":"default","site-content-layout":"default","ast-site-content-layout":"default","site-content-style":"default","site-sidebar-style":"default","ast-global-header-display":"","ast-banner-title-visibility":"","ast-main-header-display":"","ast-hfb-above-header-display":"","ast-hfb-below-header-display":"","ast-hfb-mobile-header-display":"","site-post-title":"","ast-breadcrumbs-content":"","ast-featured-img":"","footer-sml-layout":"","ast-disable-related-posts":"","theme-transparent-header-meta":"default","adv-header-id-meta":"","stick-header-meta":"","header-above-stick-meta":"","header-main-stick-meta":"","header-below-stick-meta":"","astra-migrate-meta-layouts":"set","ast-page-background-enabled":"default","ast-page-background-meta":{"desktop":{"background-color":"var(--ast-global-color-4)","background-image":"","background-repeat":"repeat","background-position":"center center","background-size":"auto","background-attachment":"scroll","background-type":"","background-media":"","overlay-type":"","overlay-color":"","overlay-opacity":"","overlay-gradient":""},"tablet":{"background-color":"","background-image":"","background-repeat":"repeat","background-position":"center center","background-size":"auto","background-attachment":"scroll","background-type":"","background-media":"","overlay-type":"","overlay-color":"","overlay-opacity":"","overlay-gradient":""},"mobile":{"background-color":"","background-image":"","background-repeat":"repeat","background-position":"center center","background-size":"auto","background-attachment":"scroll","background-type":"","background-media":"","overlay-type":"","overlay-color":"","overlay-opacity":"","overlay-gradient":""}},"ast-content-background-meta":{"desktop":{"background-color":"var(--ast-global-color-5)","background-image":"","background-repeat":"repeat","background-position":"center center","background-size":"auto","background-attachment":"scroll","background-type":"","background-media":"","overlay-type":"","overlay-color":"","overlay-opacity":"","overlay-gradient":""},"tablet":{"background-color":"var(--ast-global-color-5)","background-image":"","background-repeat":"repeat","background-position":"center center","background-size":"auto","background-attachment":"scroll","background-type":"","background-media":"","overlay-type":"","overlay-color":"","overlay-opacity":"","overlay-gradient":""},"mobile":{"background-color":"var(--ast-global-color-5)","background-image":"","background-repeat":"repeat","background-position":"center center","background-size":"auto","background-attachment":"scroll","background-type":"","background-media":"","overlay-type":"","overlay-color":"","overlay-opacity":"","overlay-gradient":""}}},"pwb-brand":[332],"product_brand":[],"product_cat":[878,410],"product_tag":[],"class_list":{"0":"post-6548","1":"product","2":"type-product","3":"status-publish","4":"has-post-thumbnail","6":"pwb-brand-victron","7":"product_cat-cables-victron","8":"product_cat-material-electrico","9":"desktop-align-left","10":"tablet-align-left","11":"mobile-align-left","12":"ast-product-gallery-layout-horizontal-slider","13":"ast-product-tabs-layout-horizontal","15":"first","16":"instock","17":"taxable","18":"shipping-taxable","19":"purchasable","20":"product-type-simple"},"wcpa_form_fields":null,"brands":[{"id":332,"name":"Victron Energia","slug":"victron"}],"_links":{"self":[{"href":"https:\/\/fvcomponentes.com\/pt\/wp-json\/wp\/v2\/product\/6548","targetHints":{"allow":["GET"]}}],"collection":[{"href":"https:\/\/fvcomponentes.com\/pt\/wp-json\/wp\/v2\/product"}],"about":[{"href":"https:\/\/fvcomponentes.com\/pt\/wp-json\/wp\/v2\/types\/product"}],"replies":[{"embeddable":true,"href":"https:\/\/fvcomponentes.com\/pt\/wp-json\/wp\/v2\/comments?post=6548"}],"wp:featuredmedia":[{"embeddable":true,"href":"https:\/\/fvcomponentes.com\/pt\/wp-json\/wp\/v2\/media\/6554"}],"wp:attachment":[{"href":"https:\/\/fvcomponentes.com\/pt\/wp-json\/wp\/v2\/media?parent=6548"}],"wp:term":[{"taxonomy":"pwb-brand","embeddable":true,"href":"https:\/\/fvcomponentes.com\/pt\/wp-json\/wp\/v2\/pwb-brand?post=6548"},{"taxonomy":"product_brand","embeddable":true,"href":"https:\/\/fvcomponentes.com\/pt\/wp-json\/wp\/v2\/product_brand?post=6548"},{"taxonomy":"product_cat","embeddable":true,"href":"https:\/\/fvcomponentes.com\/pt\/wp-json\/wp\/v2\/product_cat?post=6548"},{"taxonomy":"product_tag","embeddable":true,"href":"https:\/\/fvcomponentes.com\/pt\/wp-json\/wp\/v2\/product_tag?post=6548"}],"curies":[{"name":"wp","href":"https:\/\/api.w.org\/{rel}","templated":true}]}}