{"id":6535,"date":"2023-10-10T17:14:14","date_gmt":"2023-10-10T15:14:14","guid":{"rendered":"https:\/\/fvcomponentes.com\/?post_type=product&#038;p=6535"},"modified":"2026-01-15T10:06:11","modified_gmt":"2026-01-15T09:06:11","slug":"contador-de-energia-victron-em24-trifasico-65a-ethernet-rel200200100-victron-em24-trifasico-65a-ethernet-rel200200100","status":"publish","type":"product","link":"https:\/\/fvcomponentes.com\/pt\/producto\/medidor-de-energia-victron-em24-3-fases-65a-ethernet-rel200200100\/","title":{"rendered":"Victron EM24 Medidor de energia Ethernet trif\u00e1sico 65A - REL200200100"},"content":{"rendered":"<h2>Carater\u00edsticas do contador de energia Ethernet Victron EM24 3 Phase 65A - REL200200100<\/h2>\n<p><span class=\"a-list-item\">O contador de energia Ethernet Victron EM24 3 fases 65A - REL200200100 \u00e9 um dispositivo padr\u00e3o para medir a pot\u00eancia e a energia de uma aplica\u00e7\u00e3o trif\u00e1sica. O contador de energia Victron EM24 com ecr\u00e3 LCD foi concebido para monitorizar uma instala\u00e7\u00e3o trif\u00e1sica, mas tamb\u00e9m pode ser utilizado numa instala\u00e7\u00e3o monof\u00e1sica (m\u00e1x. 65 A\/fase).<\/span><\/p>\n<h2>Especifica\u00e7\u00f5es<\/h2>\n<ul>\n<li><strong>Ecr\u00e3:<\/strong> LCD<\/li>\n<li><strong>Fases:<\/strong> 3<\/li>\n<li><strong>Corrente nominal m\u00e1xima:<\/strong> 65 A por fase<\/li>\n<li><strong>Tipo de medi\u00e7\u00e3o:<\/strong> Transformadores de corrente direta\/cont\u00ednua<\/li>\n<li><strong>Comunica\u00e7\u00e3o:<\/strong> Ethernet<\/li>\n<li><strong>Taxa de atualiza\u00e7\u00e3o:<\/strong> 600 ms<\/li>\n<\/ul>\n<h2>Op\u00e7\u00f5es de configura\u00e7\u00e3o do Medidor de Energia Victron EM24<\/h2>\n<p>O Medidor de Energia Ethernet Victron EM24 Trif\u00e1sico 65A pode ser configurado com quatro fun\u00e7\u00f5es diferentes num dispositivo GX, tais como <a href=\"https:\/\/fvcomponentes.com\/pt\/produto\/monitor-victron-cerbo-gx-mk2-bpp900451100-victron-cerbo-mk2\/\" target=\"_blank\" rel=\"noopener\">Monitoriza\u00e7\u00e3o Victron Cerbo GX MK2 - BPP900451100<\/a>:<\/p>\n<div class=\"orderedlist\">\n<ol class=\"orderedlist\" type=\"1\">\n<li class=\"listitem\">Como contador de rede e entrada de controlo para um sistema ESS.<\/li>\n<li class=\"listitem\">Para medir a sa\u00edda de um inversor fotovoltaico.<\/li>\n<li class=\"listitem\">Para medir a sa\u00edda de um gerador de corrente alternada.<\/li>\n<li class=\"listitem\">Como um medidor de CA para medir um circuito de carga CA espec\u00edfico.<\/li>\n<\/ol>\n<p><strong>Exemplo de diagrama de cablagem trif\u00e1sica<\/strong><\/p>\n<p>Quando utilizados para medir um inversor FV, os terminais 1, 4 e 7 devem estar em frente do inversor FV para garantir a dire\u00e7\u00e3o correta da corrente e da pot\u00eancia.<\/p>\n<p><img fetchpriority=\"high\" decoding=\"async\" class=\"wp-image-23357\" src=\"https:\/\/fvcomponentes.com\/wp-content\/uploads\/2025\/02\/cableado-trifasico-Medidor-de-energia-Victron-EM24-3-fases-65A-Ethernet-REL200200100-2.png\" alt=\"Cablagem trif\u00e1sica Medidor de energia trif\u00e1sico Victron EM24 3 fases 65A Ethernet - REL200200100\" width=\"514\" height=\"407\" title=\"\"><\/p>\n<p><strong>Exemplo de diagrama de cablagem monof\u00e1sica<\/strong><\/p>\n<\/div>\n<div class=\"orderedlist\">Para medir um inversor FV monof\u00e1sico num sistema trif\u00e1sico, ligue as tr\u00eas fases aos terminais de fase da rede (3, 6 e 9). Agora tem de escolher em que fase quer ter o inversor FV, ligando a linha L1 do inversor FV ao terminal 1, 4 ou 7.<\/div>\n<p><img decoding=\"async\" class=\"wp-image-23356\" src=\"https:\/\/fvcomponentes.com\/wp-content\/uploads\/2025\/02\/cableado-monofasico-Medidor-de-energia-Victron-EM24-3-fases-65A-Ethernet-REL200200100-1.png\" alt=\"Cablagem monof\u00e1sica Contador de energia monof\u00e1sico Victron EM24 3 fases 65A Ethernet - REL200200100\" width=\"523\" height=\"363\" title=\"\"><\/p>\n<h2>Liga\u00e7\u00e3o Ethernet do Medidor de Energia Victron EM24<\/h2>\n<p>O modo Ethernet \u00e9 mais vantajoso em instala\u00e7\u00f5es onde est\u00e1 dispon\u00edvel uma rede Ethernet. Em vez de passar um cabo RS485 entre o painel de distribui\u00e7\u00e3o CA principal e o sistema de armazenamento, pode ser utilizada a Ethernet existente. A desvantagem \u00e9 que isto depende do funcionamento correto da rede; em caso de problemas, o sistema de armazenamento entra em modo de espera.<br \/>\nOs contadores de energia EM24, EM3XX, EM5XX e ABB utilizam o registo vetorial para contabilizar a energia. Este \u00e9 o m\u00e9todo preferido em pa\u00edses como a Alemanha e a \u00c1ustria, e em quase todos os outros pa\u00edses. Todos os outros contadores utilizam o registo aritm\u00e9tico.<\/p>\n<h2>Ficha de dados e manual para Medidor de energia Victron EM24 - 3 fases - 65A - Ethernet - REL200200100<\/h2>\n<p><a href=\"https:\/\/fvcomponentes.com\/wp-content\/uploads\/2023\/03\/guia-de-seccion-de-contadores-de-energia-ES-.pdf\" target=\"_blank\" rel=\"noopener\">Ver ficha t\u00e9cnica do Medidor de Energia EM24 da Victron - 3 fases - 65A - Ethernet - REL200200100<\/a><\/p>\n<p><a href=\"https:\/\/fvcomponentes.com\/wp-content\/uploads\/2025\/02\/Manual-Medidor-de-energia-Victron-EM24.pdf\" target=\"_blank\" rel=\"noopener\">Ver manual do medidor de energia Ethernet EM24 3 fases 65A da Victron<\/a><\/p>","protected":false},"excerpt":{"rendered":"<ul>\n<li><strong>Fases:<\/strong> 3<\/li>\n<li><strong>Corrente nominal m\u00e1xima:<\/strong> 65 A por fase<\/li>\n<li><strong>Taxa de atualiza\u00e7\u00e3o:<\/strong> 600 ms<\/li>\n<li><strong>Ecr\u00e3:<\/strong> LCD<\/li>\n<\/ul>","protected":false},"featured_media":6534,"comment_status":"open","ping_status":"closed","template":"","meta":{"site-sidebar-layout":"default","site-content-layout":"default","ast-site-content-layout":"default","site-content-style":"default","site-sidebar-style":"default","ast-global-header-display":"","ast-banner-title-visibility":"","ast-main-header-display":"","ast-hfb-above-header-display":"","ast-hfb-below-header-display":"","ast-hfb-mobile-header-display":"","site-post-title":"","ast-breadcrumbs-content":"","ast-featured-img":"","footer-sml-layout":"","ast-disable-related-posts":"","theme-transparent-header-meta":"default","adv-header-id-meta":"","stick-header-meta":"","header-above-stick-meta":"","header-main-stick-meta":"","header-below-stick-meta":"","astra-migrate-meta-layouts":"set","ast-page-background-enabled":"default","ast-page-background-meta":{"desktop":{"background-color":"var(--ast-global-color-4)","background-image":"","background-repeat":"repeat","background-position":"center center","background-size":"auto","background-attachment":"scroll","background-type":"","background-media":"","overlay-type":"","overlay-color":"","overlay-opacity":"","overlay-gradient":""},"tablet":{"background-color":"","background-image":"","background-repeat":"repeat","background-position":"center center","background-size":"auto","background-attachment":"scroll","background-type":"","background-media":"","overlay-type":"","overlay-color":"","overlay-opacity":"","overlay-gradient":""},"mobile":{"background-color":"","background-image":"","background-repeat":"repeat","background-position":"center center","background-size":"auto","background-attachment":"scroll","background-type":"","background-media":"","overlay-type":"","overlay-color":"","overlay-opacity":"","overlay-gradient":""}},"ast-content-background-meta":{"desktop":{"background-color":"var(--ast-global-color-5)","background-image":"","background-repeat":"repeat","background-position":"center center","background-size":"auto","background-attachment":"scroll","background-type":"","background-media":"","overlay-type":"","overlay-color":"","overlay-opacity":"","overlay-gradient":""},"tablet":{"background-color":"var(--ast-global-color-5)","background-image":"","background-repeat":"repeat","background-position":"center center","background-size":"auto","background-attachment":"scroll","background-type":"","background-media":"","overlay-type":"","overlay-color":"","overlay-opacity":"","overlay-gradient":""},"mobile":{"background-color":"var(--ast-global-color-5)","background-image":"","background-repeat":"repeat","background-position":"center center","background-size":"auto","background-attachment":"scroll","background-type":"","background-media":"","overlay-type":"","overlay-color":"","overlay-opacity":"","overlay-gradient":""}}},"pwb-brand":[332],"product_brand":[],"product_cat":[349,333],"product_tag":[],"class_list":{"0":"post-6535","1":"product","2":"type-product","3":"status-publish","4":"has-post-thumbnail","6":"pwb-brand-victron","7":"product_cat-meters","8":"product_cat-inversores","9":"desktop-align-left","10":"tablet-align-left","11":"mobile-align-left","12":"ast-product-gallery-layout-horizontal-slider","13":"ast-product-tabs-layout-horizontal","15":"first","16":"instock","17":"taxable","18":"shipping-taxable","19":"purchasable","20":"product-type-simple"},"wcpa_form_fields":null,"brands":[{"id":332,"name":"Victron Energia","slug":"victron"}],"_links":{"self":[{"href":"https:\/\/fvcomponentes.com\/pt\/wp-json\/wp\/v2\/product\/6535","targetHints":{"allow":["GET"]}}],"collection":[{"href":"https:\/\/fvcomponentes.com\/pt\/wp-json\/wp\/v2\/product"}],"about":[{"href":"https:\/\/fvcomponentes.com\/pt\/wp-json\/wp\/v2\/types\/product"}],"replies":[{"embeddable":true,"href":"https:\/\/fvcomponentes.com\/pt\/wp-json\/wp\/v2\/comments?post=6535"}],"wp:featuredmedia":[{"embeddable":true,"href":"https:\/\/fvcomponentes.com\/pt\/wp-json\/wp\/v2\/media\/6534"}],"wp:attachment":[{"href":"https:\/\/fvcomponentes.com\/pt\/wp-json\/wp\/v2\/media?parent=6535"}],"wp:term":[{"taxonomy":"pwb-brand","embeddable":true,"href":"https:\/\/fvcomponentes.com\/pt\/wp-json\/wp\/v2\/pwb-brand?post=6535"},{"taxonomy":"product_brand","embeddable":true,"href":"https:\/\/fvcomponentes.com\/pt\/wp-json\/wp\/v2\/product_brand?post=6535"},{"taxonomy":"product_cat","embeddable":true,"href":"https:\/\/fvcomponentes.com\/pt\/wp-json\/wp\/v2\/product_cat?post=6535"},{"taxonomy":"product_tag","embeddable":true,"href":"https:\/\/fvcomponentes.com\/pt\/wp-json\/wp\/v2\/product_tag?post=6535"}],"curies":[{"name":"wp","href":"https:\/\/api.w.org\/{rel}","templated":true}]}}