{"id":6528,"date":"2023-10-10T17:21:42","date_gmt":"2023-10-10T15:21:42","guid":{"rendered":"https:\/\/fvcomponentes.com\/?post_type=product&#038;p=6528"},"modified":"2026-04-08T21:30:31","modified_gmt":"2026-04-08T19:30:31","slug":"victron-et340-trifasico-65a-rel300300000-contador-de-energia-trifasico-victron-et340-rel300300000","status":"publish","type":"product","link":"https:\/\/fvcomponentes.com\/pt\/producto\/medidor-de-energia-victron-et340-3-fases-65a-rel300300000\/","title":{"rendered":"Medidor de energia Victron ET340 - 3 fases - 65A - REL300300000"},"content":{"rendered":"<p>Medidor de energia Victron ET340 - 3 fases - 65A\u00a0<span class=\"a-list-item\">mede os fluxos de pot\u00eancia e energia de toda a instala\u00e7\u00e3o a partir da caixa de distribui\u00e7\u00e3o. A sa\u00edda de um inversor FV tamb\u00e9m pode ser medida. Os dados ser\u00e3o apresentados no ecr\u00e3 <a href=\"https:\/\/fvcomponentes.com\/pt\/produto\/ecra-victron-colour-control-gx\/\" target=\"_blank\" rel=\"noopener\">Controlo de cor GX<\/a> e o Portal VRM.<\/span><\/p>\n<p><span class=\"a-list-item\">O contador de energia Victron ET340 foi concebido exclusivamente para monitorizar uma instala\u00e7\u00e3o trif\u00e1sica, mas tamb\u00e9m pode ser utilizado numa instala\u00e7\u00e3o monof\u00e1sica (m\u00e1x. 65 A\/fase).<\/span><\/p>\n<h2>Caracter\u00edsticas Medidor de energia Victron ET340 - trif\u00e1sico - m\u00e1x. 65A\/fase<\/h2>\n<p>O\u00a0<span class=\"phrase\">ET340<\/span> pode ser configurado com quatro fun\u00e7\u00f5es diferentes num dispositivo GX, como o <a href=\"https:\/\/fvcomponentes.com\/pt\/produto\/monitor-victron-cerbo-gx-mk2-bpp900451100-victron-cerbo-mk2\/\" target=\"_blank\" rel=\"noopener\">Monitoriza\u00e7\u00e3o Victron Cerbo GX MK2 - BPP900451100<\/a>:<\/p>\n<div class=\"orderedlist\">\n<ol class=\"orderedlist\" type=\"1\">\n<li class=\"listitem\">Como contador de rede e entrada de controlo para um sistema ESS.<\/li>\n<li class=\"listitem\">Para medir a sa\u00edda de um inversor fotovoltaico.<\/li>\n<li class=\"listitem\">Para medir a sa\u00edda de um gerador de corrente alternada.<\/li>\n<li class=\"listitem\">Como um medidor de CA para medir a sa\u00edda de um inversor ou inversor\/carregador.<\/li>\n<\/ol>\n<\/div>\n<p>Oferece\u00a0<span class=\"phrase\">duas op\u00e7\u00f5es<\/span>\u00a0para liga\u00e7\u00e3o a um dispositivo GX:<\/p>\n<div class=\"orderedlist\">\n<ol class=\"orderedlist\" type=\"1\">\n<li class=\"listitem\">Uma liga\u00e7\u00e3o por cabo, utilizando o\u00a0<a class=\"link\" href=\"https:\/\/fvcomponentes.com\/pt\/produto\/interface-rs485-para-usb-5m-ass030572050\/\" target=\"_blank\" rel=\"noopener\">Interface RS485 para USB\u00a0<\/a>com um cabo de 1,8 m ou 5 m de comprimento.<\/li>\n<li>Uma liga\u00e7\u00e3o sem fios atrav\u00e9s de Zigbee<\/li>\n<\/ol>\n<\/div>\n<h2>Para fazer uma sele\u00e7\u00e3o, comece por decidir se precisa de um contador monof\u00e1sico ou trif\u00e1sico:<\/h2>\n<p>O contador de energia deve ser selecionado de acordo com a instala\u00e7\u00e3o, o n\u00famero de fases a medir e a corrente m\u00e1xima por fase. Exemplos: Para uma liga\u00e7\u00e3o \u00e0 rede trif\u00e1sica, utilize um contador trif\u00e1sico. Para um inversor FV trif\u00e1sico, utilize tamb\u00e9m um contador trif\u00e1sico. Para uma liga\u00e7\u00e3o \u00e0 rede monof\u00e1sica, utilize um contador monof\u00e1sico. E numa instala\u00e7\u00e3o com<br \/>\numa liga\u00e7\u00e3o \u00e0 rede monof\u00e1sica, que tamb\u00e9m tem um inversor FV que precisa de ser medido com um contador, pode utilizar dois ET112 ou o ET340. Se a aplica\u00e7\u00e3o exceder a corrente nominal m\u00e1xima, utilize um contador com transformadores de corrente. Note que quase todos os inversores FV t\u00eam \"leitura direta\" pelo sistema Victron, pelo que n\u00e3o \u00e9 necess\u00e1rio um contador para medir a sua produ\u00e7\u00e3o.<\/p>\n<h2>Ficha t\u00e9cnica Medidor de energia Victron ET340 - 3 fases - 65A - REL300300000<\/h2>\n<p><a href=\"https:\/\/fvcomponentes.com\/wp-content\/uploads\/2023\/03\/guia-de-seccion-de-contadores-de-energia-ES-.pdf\" target=\"_blank\" rel=\"noopener\">Ver Guia do Medidor de Energia ET340 da Victron - 3 fases - 65A - REL300300000<\/a><\/p>","protected":false},"excerpt":{"rendered":"<p><strong>Ecr\u00e3:<\/strong> N\u00e3o<br \/>\n<strong>Fases:<\/strong> 3<br \/>\n<strong>Corrente nominal m\u00e1xima:<\/strong> 65 A por fase<br \/>\n<strong>Taxa de atualiza\u00e7\u00e3o:<\/strong> 2000 ms<\/p>","protected":false},"featured_media":6531,"comment_status":"open","ping_status":"closed","template":"","meta":{"site-sidebar-layout":"default","site-content-layout":"default","ast-site-content-layout":"default","site-content-style":"default","site-sidebar-style":"default","ast-global-header-display":"","ast-banner-title-visibility":"","ast-main-header-display":"","ast-hfb-above-header-display":"","ast-hfb-below-header-display":"","ast-hfb-mobile-header-display":"","site-post-title":"","ast-breadcrumbs-content":"","ast-featured-img":"","footer-sml-layout":"","ast-disable-related-posts":"","theme-transparent-header-meta":"default","adv-header-id-meta":"","stick-header-meta":"","header-above-stick-meta":"","header-main-stick-meta":"","header-below-stick-meta":"","astra-migrate-meta-layouts":"set","ast-page-background-enabled":"default","ast-page-background-meta":{"desktop":{"background-color":"var(--ast-global-color-4)","background-image":"","background-repeat":"repeat","background-position":"center center","background-size":"auto","background-attachment":"scroll","background-type":"","background-media":"","overlay-type":"","overlay-color":"","overlay-opacity":"","overlay-gradient":""},"tablet":{"background-color":"","background-image":"","background-repeat":"repeat","background-position":"center center","background-size":"auto","background-attachment":"scroll","background-type":"","background-media":"","overlay-type":"","overlay-color":"","overlay-opacity":"","overlay-gradient":""},"mobile":{"background-color":"","background-image":"","background-repeat":"repeat","background-position":"center center","background-size":"auto","background-attachment":"scroll","background-type":"","background-media":"","overlay-type":"","overlay-color":"","overlay-opacity":"","overlay-gradient":""}},"ast-content-background-meta":{"desktop":{"background-color":"var(--ast-global-color-5)","background-image":"","background-repeat":"repeat","background-position":"center center","background-size":"auto","background-attachment":"scroll","background-type":"","background-media":"","overlay-type":"","overlay-color":"","overlay-opacity":"","overlay-gradient":""},"tablet":{"background-color":"var(--ast-global-color-5)","background-image":"","background-repeat":"repeat","background-position":"center center","background-size":"auto","background-attachment":"scroll","background-type":"","background-media":"","overlay-type":"","overlay-color":"","overlay-opacity":"","overlay-gradient":""},"mobile":{"background-color":"var(--ast-global-color-5)","background-image":"","background-repeat":"repeat","background-position":"center center","background-size":"auto","background-attachment":"scroll","background-type":"","background-media":"","overlay-type":"","overlay-color":"","overlay-opacity":"","overlay-gradient":""}}},"pwb-brand":[332],"product_brand":[],"product_cat":[333,349],"product_tag":[],"class_list":{"0":"post-6528","1":"product","2":"type-product","3":"status-publish","4":"has-post-thumbnail","6":"pwb-brand-victron","7":"product_cat-inversores","8":"product_cat-meters","9":"desktop-align-left","10":"tablet-align-left","11":"mobile-align-left","12":"ast-product-gallery-layout-horizontal-slider","13":"ast-product-tabs-layout-horizontal","15":"first","16":"instock","17":"taxable","18":"shipping-taxable","19":"purchasable","20":"product-type-simple"},"wcpa_form_fields":null,"brands":[{"id":332,"name":"Victron Energia","slug":"victron"}],"_links":{"self":[{"href":"https:\/\/fvcomponentes.com\/pt\/wp-json\/wp\/v2\/product\/6528","targetHints":{"allow":["GET"]}}],"collection":[{"href":"https:\/\/fvcomponentes.com\/pt\/wp-json\/wp\/v2\/product"}],"about":[{"href":"https:\/\/fvcomponentes.com\/pt\/wp-json\/wp\/v2\/types\/product"}],"replies":[{"embeddable":true,"href":"https:\/\/fvcomponentes.com\/pt\/wp-json\/wp\/v2\/comments?post=6528"}],"wp:featuredmedia":[{"embeddable":true,"href":"https:\/\/fvcomponentes.com\/pt\/wp-json\/wp\/v2\/media\/6531"}],"wp:attachment":[{"href":"https:\/\/fvcomponentes.com\/pt\/wp-json\/wp\/v2\/media?parent=6528"}],"wp:term":[{"taxonomy":"pwb-brand","embeddable":true,"href":"https:\/\/fvcomponentes.com\/pt\/wp-json\/wp\/v2\/pwb-brand?post=6528"},{"taxonomy":"product_brand","embeddable":true,"href":"https:\/\/fvcomponentes.com\/pt\/wp-json\/wp\/v2\/product_brand?post=6528"},{"taxonomy":"product_cat","embeddable":true,"href":"https:\/\/fvcomponentes.com\/pt\/wp-json\/wp\/v2\/product_cat?post=6528"},{"taxonomy":"product_tag","embeddable":true,"href":"https:\/\/fvcomponentes.com\/pt\/wp-json\/wp\/v2\/product_tag?post=6528"}],"curies":[{"name":"wp","href":"https:\/\/api.w.org\/{rel}","templated":true}]}}