{"id":6517,"date":"2024-01-19T19:31:08","date_gmt":"2024-01-19T18:31:08","guid":{"rendered":"https:\/\/fvcomponentes.com\/?post_type=product&#038;p=6517"},"modified":"2026-04-04T12:44:00","modified_gmt":"2026-04-04T10:44:00","slug":"sensor-de-temperatura-victron-para-o-bmv-712-smart-e-o-bmv-702-ass000100000","status":"publish","type":"product","link":"https:\/\/fvcomponentes.com\/pt\/producto\/sensor-victron-de-temperatura-para-el-bmv-712-smart-y-bmv-702-ass000100000\/","title":{"rendered":"Sensor de temperatura Victron para o BMV-712 Smart e BMV-702 - ASS000100000"},"content":{"rendered":"<ul>\n<li>A monitoriza\u00e7\u00e3o e manuten\u00e7\u00e3o das baterias em sistemas el\u00e9ctricos \u00e9 fundamental para garantir o seu desempenho e longevidade ideais. Ferramentas fi\u00e1veis e precisas s\u00e3o essenciais nesta tarefa, e n\u00f3s oferecemos uma solu\u00e7\u00e3o eficaz com o nosso sensor de temperatura concebido para modelos de monitores de bateria. <a href=\"https:\/\/fvcomponentes.com\/pt\/produto\/bmv-712-monitor-inteligente-de-bateria-victron\/\" target=\"_blank\" rel=\"noopener\">BMV-712 Inteligente<\/a> y <a href=\"https:\/\/fvcomponentes.com\/pt\/produto\/monitor-de-bateria-victron-bmv-702\/\" target=\"_blank\" rel=\"noopener\">BMV-702<\/a>.<\/li>\n<li>O sensor de temperatura Victron integra-se perfeitamente com os monitores de bateria. <a href=\"https:\/\/fvcomponentes.com\/pt\/produto\/bmv-712-monitor-inteligente-de-bateria-victron\/\" target=\"_blank\" rel=\"noopener\">BMV-712 Inteligente<\/a> y <a href=\"https:\/\/fvcomponentes.com\/pt\/produto\/monitor-de-bateria-victron-bmv-702\/\" target=\"_blank\" rel=\"noopener\">BMV-702<\/a>Isto permite que os utilizadores tenham uma monitoriza\u00e7\u00e3o em tempo real da temperatura das suas baterias. As temperaturas fora do intervalo ideal podem afetar negativamente o desempenho e a vida \u00fatil das baterias, tornando este sensor uma ferramenta crucial para garantir o funcionamento eficiente do sistema el\u00e9trico.<\/li>\n<li>Uma carater\u00edstica adicional que alarga a versatilidade deste sensor \u00e9 a sua compatibilidade com as deriva\u00e7\u00f5es de bateria VICTRON SmartShunt. Esta sinergia entre dispositivos Victron fornece aos utilizadores uma capacidade de monitoriza\u00e7\u00e3o ainda mais abrangente e sofisticada. A deriva\u00e7\u00e3o de bateria SmartShunt \u00e9 um componente essencial na gest\u00e3o de energia e, quando combinada com o sensor de temperatura, os utilizadores podem obter um controlo abrangente do seu sistema el\u00e9trico e das condi\u00e7\u00f5es da bateria.<\/li>\n<li>O sensor \u00e9 intuitivo e de utiliza\u00e7\u00e3o acess\u00edvel, o que o torna adequado para uma vasta gama de utilizadores, desde propriet\u00e1rios de sistemas solares a instaladores profissionais. A instala\u00e7\u00e3o \u00e9 simples e n\u00e3o requer forma\u00e7\u00e3o t\u00e9cnica extensiva.<\/li>\n<\/ul>","protected":false},"excerpt":{"rendered":"<p>Sensor de temperatura Victron para o BMV-712 Smart e BMV-702 - ASS000100000<\/p>","protected":false},"featured_media":6518,"comment_status":"open","ping_status":"closed","template":"","meta":{"site-sidebar-layout":"default","site-content-layout":"default","ast-site-content-layout":"default","site-content-style":"default","site-sidebar-style":"default","ast-global-header-display":"","ast-banner-title-visibility":"","ast-main-header-display":"","ast-hfb-above-header-display":"","ast-hfb-below-header-display":"","ast-hfb-mobile-header-display":"","site-post-title":"","ast-breadcrumbs-content":"","ast-featured-img":"","footer-sml-layout":"","ast-disable-related-posts":"","theme-transparent-header-meta":"default","adv-header-id-meta":"","stick-header-meta":"","header-above-stick-meta":"","header-main-stick-meta":"","header-below-stick-meta":"","astra-migrate-meta-layouts":"set","ast-page-background-enabled":"default","ast-page-background-meta":{"desktop":{"background-color":"var(--ast-global-color-4)","background-image":"","background-repeat":"repeat","background-position":"center center","background-size":"auto","background-attachment":"scroll","background-type":"","background-media":"","overlay-type":"","overlay-color":"","overlay-opacity":"","overlay-gradient":""},"tablet":{"background-color":"","background-image":"","background-repeat":"repeat","background-position":"center center","background-size":"auto","background-attachment":"scroll","background-type":"","background-media":"","overlay-type":"","overlay-color":"","overlay-opacity":"","overlay-gradient":""},"mobile":{"background-color":"","background-image":"","background-repeat":"repeat","background-position":"center center","background-size":"auto","background-attachment":"scroll","background-type":"","background-media":"","overlay-type":"","overlay-color":"","overlay-opacity":"","overlay-gradient":""}},"ast-content-background-meta":{"desktop":{"background-color":"var(--ast-global-color-5)","background-image":"","background-repeat":"repeat","background-position":"center center","background-size":"auto","background-attachment":"scroll","background-type":"","background-media":"","overlay-type":"","overlay-color":"","overlay-opacity":"","overlay-gradient":""},"tablet":{"background-color":"var(--ast-global-color-5)","background-image":"","background-repeat":"repeat","background-position":"center center","background-size":"auto","background-attachment":"scroll","background-type":"","background-media":"","overlay-type":"","overlay-color":"","overlay-opacity":"","overlay-gradient":""},"mobile":{"background-color":"var(--ast-global-color-5)","background-image":"","background-repeat":"repeat","background-position":"center center","background-size":"auto","background-attachment":"scroll","background-type":"","background-media":"","overlay-type":"","overlay-color":"","overlay-opacity":"","overlay-gradient":""}}},"pwb-brand":[332],"product_brand":[],"product_cat":[410,878],"product_tag":[],"class_list":{"0":"post-6517","1":"product","2":"type-product","3":"status-publish","4":"has-post-thumbnail","6":"pwb-brand-victron","7":"product_cat-material-electrico","8":"product_cat-cables-victron","9":"desktop-align-left","10":"tablet-align-left","11":"mobile-align-left","12":"ast-product-gallery-layout-horizontal-slider","13":"ast-product-gallery-with-no-image","14":"ast-product-tabs-layout-horizontal","16":"first","17":"instock","18":"taxable","19":"shipping-taxable","20":"purchasable","21":"product-type-simple"},"wcpa_form_fields":null,"brands":[{"id":332,"name":"Victron Energia","slug":"victron"}],"_links":{"self":[{"href":"https:\/\/fvcomponentes.com\/pt\/wp-json\/wp\/v2\/product\/6517","targetHints":{"allow":["GET"]}}],"collection":[{"href":"https:\/\/fvcomponentes.com\/pt\/wp-json\/wp\/v2\/product"}],"about":[{"href":"https:\/\/fvcomponentes.com\/pt\/wp-json\/wp\/v2\/types\/product"}],"replies":[{"embeddable":true,"href":"https:\/\/fvcomponentes.com\/pt\/wp-json\/wp\/v2\/comments?post=6517"}],"wp:featuredmedia":[{"embeddable":true,"href":"https:\/\/fvcomponentes.com\/pt\/wp-json\/wp\/v2\/media\/6518"}],"wp:attachment":[{"href":"https:\/\/fvcomponentes.com\/pt\/wp-json\/wp\/v2\/media?parent=6517"}],"wp:term":[{"taxonomy":"pwb-brand","embeddable":true,"href":"https:\/\/fvcomponentes.com\/pt\/wp-json\/wp\/v2\/pwb-brand?post=6517"},{"taxonomy":"product_brand","embeddable":true,"href":"https:\/\/fvcomponentes.com\/pt\/wp-json\/wp\/v2\/product_brand?post=6517"},{"taxonomy":"product_cat","embeddable":true,"href":"https:\/\/fvcomponentes.com\/pt\/wp-json\/wp\/v2\/product_cat?post=6517"},{"taxonomy":"product_tag","embeddable":true,"href":"https:\/\/fvcomponentes.com\/pt\/wp-json\/wp\/v2\/product_tag?post=6517"}],"curies":[{"name":"wp","href":"https:\/\/api.w.org\/{rel}","templated":true}]}}