{"id":6513,"date":"2024-01-19T19:31:12","date_gmt":"2024-01-19T18:31:12","guid":{"rendered":"https:\/\/fvcomponentes.com\/?post_type=product&#038;p=6513"},"modified":"2026-01-15T10:03:05","modified_gmt":"2026-01-15T09:03:05","slug":"sensor-de-temperatura-tipo-c-victron-ass000020000","status":"publish","type":"product","link":"https:\/\/fvcomponentes.com\/pt\/producto\/sensor-victron-de-temperatura-tipo-c-ass000020000\/","title":{"rendered":"Sensor de temperatura Victron tipo C - ASS000020000"},"content":{"rendered":"<div class=\"flex-1 overflow-hidden\">\n<div class=\"react-scroll-to-bottom--css-wpour-79elbk h-full\">\n<div class=\"react-scroll-to-bottom--css-wpour-1n7m0yu\">\n<div class=\"flex flex-col text-sm gizmo:pb-9 dark:bg-gray-800 gizmo:dark:bg-transparent\">\n<div class=\"group w-full text-token-text-primary border-b border-black\/10 gizmo:border-0 dark:border-gray-900\/50 gizmo:dark:border-0 bg-gray-50 gizmo:bg-transparent dark:bg-[#444654] gizmo:dark:bg-transparent\" data-testid=\"conversation-turn-5\">\n<div class=\"p-4 gizmo:py-2 justify-center text-base md:gap-6 md:py-6 m-auto\">\n<div class=\"flex flex-1 gap-4 text-base mx-auto md:gap-6 gizmo:gap-3 gizmo:md:px-5 gizmo:lg:px-1 gizmo:xl:px-5 md:max-w-2xl lg:max-w-[38rem] gizmo:md:max-w-3xl gizmo:lg:max-w-[40rem] gizmo:xl:max-w-[48rem] xl:max-w-3xl }\">\n<div class=\"relative flex w-[calc(100%-50px)] flex-col gizmo:w-full lg:w-[calc(100%-115px)] agent-turn\">\n<div class=\"flex-col gap-1 md:gap-3\">\n<div class=\"flex flex-grow flex-col max-w-full gap-3 gizmo:gap-0\">\n<div class=\"min-h-[20px] flex flex-col items-start gap-3 whitespace-pre-wrap break-words overflow-x-auto\" data-message-author-role=\"assistant\" data-message-id=\"e0d246b0-74d8-4953-9f23-692119b33f15\">\n<div class=\"markdown prose w-full break-words dark:prose-invert light\">\n<h2>Una pieza clave en la gesti\u00f3n eficiente de sistemas de energ\u00eda solar.<\/h2>\n<ul>\n<li>El sensor de temperatura tipo C de VICTRON representa una pieza clave en la gesti\u00f3n eficiente de sistemas de energ\u00eda solar, especialmente en combinaci\u00f3n con el inversor RS Smart Solar. Este ingenioso dispositivo ofrece una soluci\u00f3n de monitoreo de temperatura en tiempo real para las bater\u00edas, desempe\u00f1ando un papel fundamental en el mantenimiento y la prolongaci\u00f3n de la vida \u00fatil de estas importantes fuentes de energ\u00eda.<\/li>\n<li>La compatibilidad entre el sensor de temperatura tipo C de VICTRON y el inversor RS Smart Solar garantiza que los usuarios puedan mantener un control preciso y en tiempo real de la temperatura de sus bater\u00edas. Este control es esencial, ya que las bater\u00edas operan de manera \u00f3ptima dentro de un rango de temperaturas espec\u00edfico. Mantener estas temperaturas en los niveles adecuados es primordial para garantizar un funcionamiento eficiente y para prolongar la vida \u00fatil de las bater\u00edas, lo que a su vez maximiza la inversi\u00f3n en sistemas de energ\u00eda solar.<\/li>\n<li>La capacidad de monitoreo en tiempo real proporcionada por este sensor brinda a los usuarios la tranquilidad de saber que sus bater\u00edas est\u00e1n funcionando dentro de los par\u00e1metros ideales. Si se detecta una temperatura fuera de los l\u00edmites aceptables, los usuarios pueden tomar medidas correctivas de inmediato, evitando as\u00ed da\u00f1os costosos o un rendimiento degradado de las bater\u00edas.<\/li>\n<li>La instalaci\u00f3n y uso de este sensor son sencillos, lo que permite a los propietarios de sistemas de energ\u00eda solar aprovechar al m\u00e1ximo su inversi\u00f3n sin requerir una capacitaci\u00f3n t\u00e9cnica extensa. En resumen, el sensor de temperatura tipo C de VICTRON es un componente crucial para garantizar el correcto funcionamiento de las bater\u00edas en sistemas de energ\u00eda solar. Su compatibilidad con el inversor RS Smart Solar y su capacidad de monitoreo en tiempo real ofrecen una herramienta valiosa para quienes desean optimizar su sistema solar y prolongar la vida \u00fatil de sus bater\u00edas.<\/li>\n<\/ul>\n<\/div>\n<\/div>\n<\/div>\n<\/div>\n<\/div>\n<\/div>\n<\/div>\n<\/div>\n<\/div>\n<\/div>\n<\/div>\n<\/div>\n","protected":false},"excerpt":{"rendered":"<p><strong>Sensor de temperatura tipo C<\/strong> compat\u00edvel com um<strong>\u00a0Inversor Victron RS Smart Solar.<\/strong><\/p>","protected":false},"featured_media":6516,"comment_status":"open","ping_status":"closed","template":"","meta":{"site-sidebar-layout":"default","site-content-layout":"default","ast-site-content-layout":"default","site-content-style":"default","site-sidebar-style":"default","ast-global-header-display":"","ast-banner-title-visibility":"","ast-main-header-display":"","ast-hfb-above-header-display":"","ast-hfb-below-header-display":"","ast-hfb-mobile-header-display":"","site-post-title":"","ast-breadcrumbs-content":"","ast-featured-img":"","footer-sml-layout":"","ast-disable-related-posts":"","theme-transparent-header-meta":"default","adv-header-id-meta":"","stick-header-meta":"","header-above-stick-meta":"","header-main-stick-meta":"","header-below-stick-meta":"","astra-migrate-meta-layouts":"set","ast-page-background-enabled":"default","ast-page-background-meta":{"desktop":{"background-color":"var(--ast-global-color-4)","background-image":"","background-repeat":"repeat","background-position":"center center","background-size":"auto","background-attachment":"scroll","background-type":"","background-media":"","overlay-type":"","overlay-color":"","overlay-opacity":"","overlay-gradient":""},"tablet":{"background-color":"","background-image":"","background-repeat":"repeat","background-position":"center center","background-size":"auto","background-attachment":"scroll","background-type":"","background-media":"","overlay-type":"","overlay-color":"","overlay-opacity":"","overlay-gradient":""},"mobile":{"background-color":"","background-image":"","background-repeat":"repeat","background-position":"center center","background-size":"auto","background-attachment":"scroll","background-type":"","background-media":"","overlay-type":"","overlay-color":"","overlay-opacity":"","overlay-gradient":""}},"ast-content-background-meta":{"desktop":{"background-color":"var(--ast-global-color-5)","background-image":"","background-repeat":"repeat","background-position":"center center","background-size":"auto","background-attachment":"scroll","background-type":"","background-media":"","overlay-type":"","overlay-color":"","overlay-opacity":"","overlay-gradient":""},"tablet":{"background-color":"var(--ast-global-color-5)","background-image":"","background-repeat":"repeat","background-position":"center center","background-size":"auto","background-attachment":"scroll","background-type":"","background-media":"","overlay-type":"","overlay-color":"","overlay-opacity":"","overlay-gradient":""},"mobile":{"background-color":"var(--ast-global-color-5)","background-image":"","background-repeat":"repeat","background-position":"center center","background-size":"auto","background-attachment":"scroll","background-type":"","background-media":"","overlay-type":"","overlay-color":"","overlay-opacity":"","overlay-gradient":""}}},"pwb-brand":[332],"product_brand":[],"product_cat":[410,878],"product_tag":[],"class_list":{"0":"post-6513","1":"product","2":"type-product","3":"status-publish","4":"has-post-thumbnail","6":"pwb-brand-victron","7":"product_cat-material-electrico","8":"product_cat-cables-victron","9":"desktop-align-left","10":"tablet-align-left","11":"mobile-align-left","12":"ast-product-gallery-layout-horizontal-slider","13":"ast-product-tabs-layout-horizontal","15":"first","16":"instock","17":"taxable","18":"shipping-taxable","19":"purchasable","20":"product-type-simple"},"wcpa_form_fields":null,"brands":[{"id":332,"name":"Victron Energia","slug":"victron"}],"_links":{"self":[{"href":"https:\/\/fvcomponentes.com\/pt\/wp-json\/wp\/v2\/product\/6513","targetHints":{"allow":["GET"]}}],"collection":[{"href":"https:\/\/fvcomponentes.com\/pt\/wp-json\/wp\/v2\/product"}],"about":[{"href":"https:\/\/fvcomponentes.com\/pt\/wp-json\/wp\/v2\/types\/product"}],"replies":[{"embeddable":true,"href":"https:\/\/fvcomponentes.com\/pt\/wp-json\/wp\/v2\/comments?post=6513"}],"wp:featuredmedia":[{"embeddable":true,"href":"https:\/\/fvcomponentes.com\/pt\/wp-json\/wp\/v2\/media\/6516"}],"wp:attachment":[{"href":"https:\/\/fvcomponentes.com\/pt\/wp-json\/wp\/v2\/media?parent=6513"}],"wp:term":[{"taxonomy":"pwb-brand","embeddable":true,"href":"https:\/\/fvcomponentes.com\/pt\/wp-json\/wp\/v2\/pwb-brand?post=6513"},{"taxonomy":"product_brand","embeddable":true,"href":"https:\/\/fvcomponentes.com\/pt\/wp-json\/wp\/v2\/product_brand?post=6513"},{"taxonomy":"product_cat","embeddable":true,"href":"https:\/\/fvcomponentes.com\/pt\/wp-json\/wp\/v2\/product_cat?post=6513"},{"taxonomy":"product_tag","embeddable":true,"href":"https:\/\/fvcomponentes.com\/pt\/wp-json\/wp\/v2\/product_tag?post=6513"}],"curies":[{"name":"wp","href":"https:\/\/api.w.org\/{rel}","templated":true}]}}