{"id":6511,"date":"2024-01-19T19:31:13","date_gmt":"2024-01-19T18:31:13","guid":{"rendered":"https:\/\/fvcomponentes.com\/?post_type=product&#038;p=6511"},"modified":"2026-04-08T21:27:33","modified_gmt":"2026-04-08T19:27:33","slug":"victron-quattro-multiplus-sensor-de-temperatura-e-dispositivo-gx-ass000001000","status":"publish","type":"product","link":"https:\/\/fvcomponentes.com\/pt\/producto\/sensor-victron-de-temperatura-quattro-multiplus-y-dispositivo-gx-ass000001000\/","title":{"rendered":"Sensor de temperatura Victron para dispositivos Quattro, MultiPlus e GX - ASS000001000"},"content":{"rendered":"<p>O sensor de temperatura Victron Quattro, dispositivo MultiPlus e GX - ASS000001000 \u00e9 um componente utilizado em sistemas de alimenta\u00e7\u00e3o e conjuntos de baterias do dispositivo Victron Quattro, MultiPlus e GX - ASS000001000. <a href=\"https:\/\/www.victronenergy.com.es\/\" target=\"_blank\" rel=\"noopener\">Victron Energia<\/a>. Este sensor tem a capacidade de medir a temperatura e transmitir essa informa\u00e7\u00e3o a dispositivos como os inversores. <a href=\"https:\/\/fvcomponentes.com\/pt\/produto\/inversor-victron-quattro-12-3000va-120a-5050a\/\" target=\"_blank\" rel=\"noopener\">Quattro<\/a> y <a href=\"https:\/\/fvcomponentes.com\/pt\/produto\/inversor-victron-multiplus-24v-2000va-50-32a-pmp242200000\/\" target=\"_blank\" rel=\"noopener\">MultiPlus<\/a> bem como os dispositivos da s\u00e9rie GX da Victron, tais como o <a href=\"https:\/\/fvcomponentes.com\/pt\/produto\/ecra-victron-colour-control-gx\/\" target=\"_blank\" rel=\"noopener\">Controlo de cor GX<\/a>, <a href=\"https:\/\/fvcomponentes.com\/pt\/produto\/monitorizacao-victron-venus-gx\/\" target=\"_blank\" rel=\"noopener\">V\u00e9nus GX<\/a>e outros.<\/p>\n<p>Gama de temperaturas de -20\u00b0C a +70\u00b0C. Atualmente, pode medir at\u00e9 100\u00b0C, mas o sensor n\u00e3o foi concebido para suportar temperaturas superiores a 70\u00b0C durante muito tempo. Tenha em aten\u00e7\u00e3o que se destina a ser um sensor de temperatura aproximado e n\u00e3o est\u00e1 calibrado. \u00c9 de esperar um desvio de +\/- 2 \u00b0C.<\/p>\n<p>A principal utilidade do sensor de temperatura \u00e9 controlar e monitorizar a temperatura das baterias e de outros componentes do sistema. Isto \u00e9 essencial em aplica\u00e7\u00f5es de armazenamento de energia, uma vez que a temperatura pode ter um impacto significativo na vida \u00fatil e no desempenho da bateria.<\/p>\n<p>Algumas das principais fun\u00e7\u00f5es do sensor de temperatura Victron Quattro, MultiPlus e dispositivo GX s\u00e3o<\/p>\n<ol>\n<li><strong>Prote\u00e7\u00e3o da bateria:<\/strong> Monitoriza a temperatura da bateria e ajuda a evitar o excesso de carga ou descarga a temperaturas extremas, o que pode danificar as baterias.<\/li>\n<li><strong>Otimiza\u00e7\u00e3o da carga:<\/strong> Permite que o inversor ajuste o carregamento das baterias de acordo com a temperatura. As baterias carregam de forma diferente a diferentes temperaturas, e este sensor permite que o sistema se adapte para um desempenho \u00f3timo.<\/li>\n<li><strong>Informa\u00e7\u00e3o em tempo real:<\/strong> Fornece dados de temperatura em tempo real, permitindo aos utilizadores conhecer o estado das suas baterias e tomar medidas preventivas, se necess\u00e1rio.<\/li>\n<li><strong>Seguran\u00e7a:<\/strong> Ajuda a evitar situa\u00e7\u00f5es perigosas, como o sobreaquecimento das pilhas, que pode provocar um inc\u00eandio ou uma avaria catastr\u00f3fica.<\/li>\n<\/ol>","protected":false},"excerpt":{"rendered":"<p>Sensor de temperatura Quattro, MultiPlus e dispositivo GX<\/p>\n<p>Gama de temperaturas -20 \u00b0C a +70 \u00b0C<\/p>","protected":false},"featured_media":6512,"comment_status":"open","ping_status":"closed","template":"","meta":{"site-sidebar-layout":"default","site-content-layout":"default","ast-site-content-layout":"default","site-content-style":"default","site-sidebar-style":"default","ast-global-header-display":"","ast-banner-title-visibility":"","ast-main-header-display":"","ast-hfb-above-header-display":"","ast-hfb-below-header-display":"","ast-hfb-mobile-header-display":"","site-post-title":"","ast-breadcrumbs-content":"","ast-featured-img":"","footer-sml-layout":"","ast-disable-related-posts":"","theme-transparent-header-meta":"default","adv-header-id-meta":"","stick-header-meta":"","header-above-stick-meta":"","header-main-stick-meta":"","header-below-stick-meta":"","astra-migrate-meta-layouts":"set","ast-page-background-enabled":"default","ast-page-background-meta":{"desktop":{"background-color":"var(--ast-global-color-4)","background-image":"","background-repeat":"repeat","background-position":"center center","background-size":"auto","background-attachment":"scroll","background-type":"","background-media":"","overlay-type":"","overlay-color":"","overlay-opacity":"","overlay-gradient":""},"tablet":{"background-color":"","background-image":"","background-repeat":"repeat","background-position":"center center","background-size":"auto","background-attachment":"scroll","background-type":"","background-media":"","overlay-type":"","overlay-color":"","overlay-opacity":"","overlay-gradient":""},"mobile":{"background-color":"","background-image":"","background-repeat":"repeat","background-position":"center center","background-size":"auto","background-attachment":"scroll","background-type":"","background-media":"","overlay-type":"","overlay-color":"","overlay-opacity":"","overlay-gradient":""}},"ast-content-background-meta":{"desktop":{"background-color":"var(--ast-global-color-5)","background-image":"","background-repeat":"repeat","background-position":"center center","background-size":"auto","background-attachment":"scroll","background-type":"","background-media":"","overlay-type":"","overlay-color":"","overlay-opacity":"","overlay-gradient":""},"tablet":{"background-color":"var(--ast-global-color-5)","background-image":"","background-repeat":"repeat","background-position":"center center","background-size":"auto","background-attachment":"scroll","background-type":"","background-media":"","overlay-type":"","overlay-color":"","overlay-opacity":"","overlay-gradient":""},"mobile":{"background-color":"var(--ast-global-color-5)","background-image":"","background-repeat":"repeat","background-position":"center center","background-size":"auto","background-attachment":"scroll","background-type":"","background-media":"","overlay-type":"","overlay-color":"","overlay-opacity":"","overlay-gradient":""}}},"pwb-brand":[332],"product_brand":[],"product_cat":[410,351,878,333],"product_tag":[],"class_list":{"0":"post-6511","1":"product","2":"type-product","3":"status-publish","4":"has-post-thumbnail","6":"pwb-brand-victron","7":"product_cat-material-electrico","8":"product_cat-accesorios","9":"product_cat-cables-victron","10":"product_cat-inversores","11":"desktop-align-left","12":"tablet-align-left","13":"mobile-align-left","14":"ast-product-gallery-layout-horizontal-slider","15":"ast-product-gallery-with-no-image","16":"ast-product-tabs-layout-horizontal","18":"first","19":"instock","20":"taxable","21":"shipping-taxable","22":"purchasable","23":"product-type-simple"},"wcpa_form_fields":null,"brands":[{"id":332,"name":"Victron Energia","slug":"victron"}],"_links":{"self":[{"href":"https:\/\/fvcomponentes.com\/pt\/wp-json\/wp\/v2\/product\/6511","targetHints":{"allow":["GET"]}}],"collection":[{"href":"https:\/\/fvcomponentes.com\/pt\/wp-json\/wp\/v2\/product"}],"about":[{"href":"https:\/\/fvcomponentes.com\/pt\/wp-json\/wp\/v2\/types\/product"}],"replies":[{"embeddable":true,"href":"https:\/\/fvcomponentes.com\/pt\/wp-json\/wp\/v2\/comments?post=6511"}],"wp:featuredmedia":[{"embeddable":true,"href":"https:\/\/fvcomponentes.com\/pt\/wp-json\/wp\/v2\/media\/6512"}],"wp:attachment":[{"href":"https:\/\/fvcomponentes.com\/pt\/wp-json\/wp\/v2\/media?parent=6511"}],"wp:term":[{"taxonomy":"pwb-brand","embeddable":true,"href":"https:\/\/fvcomponentes.com\/pt\/wp-json\/wp\/v2\/pwb-brand?post=6511"},{"taxonomy":"product_brand","embeddable":true,"href":"https:\/\/fvcomponentes.com\/pt\/wp-json\/wp\/v2\/product_brand?post=6511"},{"taxonomy":"product_cat","embeddable":true,"href":"https:\/\/fvcomponentes.com\/pt\/wp-json\/wp\/v2\/product_cat?post=6511"},{"taxonomy":"product_tag","embeddable":true,"href":"https:\/\/fvcomponentes.com\/pt\/wp-json\/wp\/v2\/product_tag?post=6511"}],"curies":[{"name":"wp","href":"https:\/\/api.w.org\/{rel}","templated":true}]}}