{"id":6489,"date":"2024-01-19T19:31:08","date_gmt":"2024-01-19T18:31:08","guid":{"rendered":"https:\/\/fvcomponentes.com\/?post_type=product&#038;p=6489"},"modified":"2026-04-08T21:28:21","modified_gmt":"2026-04-08T19:28:21","slug":"victron-ve-bus-cabo-de-controlo-do-alternador-do-ve-bus-para-bms-12-200-ass030510120","status":"publish","type":"product","link":"https:\/\/fvcomponentes.com\/pt\/producto\/cable-victron-de-control-del-alternador-de-ve-bus-a-bms-12-200-ass030510120\/","title":{"rendered":"Cabo de controlo do alternador Victron do VE.Bus para o BMS 12-200 - ASS030510120"},"content":{"rendered":"<ul>\n<li>O cabo <a href=\"https:\/\/www.victronenergy.com.es\/\" target=\"_blank\" rel=\"noopener\">Victron<\/a> O Cabo de Controlo do Alternador VE.Bus para BMS 12-200 \u00e9 um cabo dedicado que \u00e9 utilizado para ligar e permitir a comunica\u00e7\u00e3o entre um alternador e o sistema de gest\u00e3o de baterias Victron BMS 12-200 atrav\u00e9s do sistema VE.Bus.<\/li>\n<li>O VE.Bus refere-se a um sistema de comunica\u00e7\u00e3o e controlo desenvolvido pela Victron para interligar os seus dispositivos electr\u00f3nicos, permitindo a monitoriza\u00e7\u00e3o e controlo de v\u00e1rios componentes de energia numa instala\u00e7\u00e3o. O <a href=\"https:\/\/fvcomponentes.com\/pt\/produto\/smart-bms-victron-12-200-bms210055000\/\" target=\"_blank\" rel=\"noopener\">BMS 12-200<\/a> \u00e9 um sistema de gest\u00e3o de baterias de 12V 200A concebido para monitorizar e proteger as baterias num sistema de armazenamento de energia.<\/li>\n<li>O cabo de controlo do alternador Victron VE.Bus para BMS 12-200 pode ser necess\u00e1rio em configura\u00e7\u00f5es em que um alternador \u00e9 utilizado para carregar as baterias, como parte de um sistema de energia h\u00edbrido, em que a energia \u00e9 gerada a partir de fontes de energia solar e de um alternador ou gerador do ve\u00edculo.<\/li>\n<li>O cabo de controlo do alternador permite que o sistema BMS 12-200 monitorize e controle o carregamento das baterias a partir do alternador, o que \u00e9 importante para garantir um carregamento seguro e eficiente das baterias e para evitar danos ou sobrecarga.<\/li>\n<\/ul>","protected":false},"excerpt":{"rendered":"<p>Cabo de controlo do alternador do VE.Bus para o BMS 12-200<\/p>","protected":false},"featured_media":6490,"comment_status":"open","ping_status":"closed","template":"","meta":{"site-sidebar-layout":"default","site-content-layout":"default","ast-site-content-layout":"default","site-content-style":"default","site-sidebar-style":"default","ast-global-header-display":"","ast-banner-title-visibility":"","ast-main-header-display":"","ast-hfb-above-header-display":"","ast-hfb-below-header-display":"","ast-hfb-mobile-header-display":"","site-post-title":"","ast-breadcrumbs-content":"","ast-featured-img":"","footer-sml-layout":"","ast-disable-related-posts":"","theme-transparent-header-meta":"default","adv-header-id-meta":"","stick-header-meta":"","header-above-stick-meta":"","header-main-stick-meta":"","header-below-stick-meta":"","astra-migrate-meta-layouts":"set","ast-page-background-enabled":"default","ast-page-background-meta":{"desktop":{"background-color":"var(--ast-global-color-4)","background-image":"","background-repeat":"repeat","background-position":"center center","background-size":"auto","background-attachment":"scroll","background-type":"","background-media":"","overlay-type":"","overlay-color":"","overlay-opacity":"","overlay-gradient":""},"tablet":{"background-color":"","background-image":"","background-repeat":"repeat","background-position":"center center","background-size":"auto","background-attachment":"scroll","background-type":"","background-media":"","overlay-type":"","overlay-color":"","overlay-opacity":"","overlay-gradient":""},"mobile":{"background-color":"","background-image":"","background-repeat":"repeat","background-position":"center center","background-size":"auto","background-attachment":"scroll","background-type":"","background-media":"","overlay-type":"","overlay-color":"","overlay-opacity":"","overlay-gradient":""}},"ast-content-background-meta":{"desktop":{"background-color":"var(--ast-global-color-5)","background-image":"","background-repeat":"repeat","background-position":"center center","background-size":"auto","background-attachment":"scroll","background-type":"","background-media":"","overlay-type":"","overlay-color":"","overlay-opacity":"","overlay-gradient":""},"tablet":{"background-color":"var(--ast-global-color-5)","background-image":"","background-repeat":"repeat","background-position":"center center","background-size":"auto","background-attachment":"scroll","background-type":"","background-media":"","overlay-type":"","overlay-color":"","overlay-opacity":"","overlay-gradient":""},"mobile":{"background-color":"var(--ast-global-color-5)","background-image":"","background-repeat":"repeat","background-position":"center center","background-size":"auto","background-attachment":"scroll","background-type":"","background-media":"","overlay-type":"","overlay-color":"","overlay-opacity":"","overlay-gradient":""}}},"pwb-brand":[332],"product_brand":[],"product_cat":[410,878],"product_tag":[],"class_list":{"0":"post-6489","1":"product","2":"type-product","3":"status-publish","4":"has-post-thumbnail","6":"pwb-brand-victron","7":"product_cat-material-electrico","8":"product_cat-cables-victron","9":"desktop-align-left","10":"tablet-align-left","11":"mobile-align-left","12":"ast-product-gallery-layout-horizontal-slider","13":"ast-product-gallery-with-no-image","14":"ast-product-tabs-layout-horizontal","16":"first","17":"instock","18":"taxable","19":"shipping-taxable","20":"purchasable","21":"product-type-simple"},"wcpa_form_fields":null,"brands":[{"id":332,"name":"Victron Energia","slug":"victron"}],"_links":{"self":[{"href":"https:\/\/fvcomponentes.com\/pt\/wp-json\/wp\/v2\/product\/6489","targetHints":{"allow":["GET"]}}],"collection":[{"href":"https:\/\/fvcomponentes.com\/pt\/wp-json\/wp\/v2\/product"}],"about":[{"href":"https:\/\/fvcomponentes.com\/pt\/wp-json\/wp\/v2\/types\/product"}],"replies":[{"embeddable":true,"href":"https:\/\/fvcomponentes.com\/pt\/wp-json\/wp\/v2\/comments?post=6489"}],"wp:featuredmedia":[{"embeddable":true,"href":"https:\/\/fvcomponentes.com\/pt\/wp-json\/wp\/v2\/media\/6490"}],"wp:attachment":[{"href":"https:\/\/fvcomponentes.com\/pt\/wp-json\/wp\/v2\/media?parent=6489"}],"wp:term":[{"taxonomy":"pwb-brand","embeddable":true,"href":"https:\/\/fvcomponentes.com\/pt\/wp-json\/wp\/v2\/pwb-brand?post=6489"},{"taxonomy":"product_brand","embeddable":true,"href":"https:\/\/fvcomponentes.com\/pt\/wp-json\/wp\/v2\/product_brand?post=6489"},{"taxonomy":"product_cat","embeddable":true,"href":"https:\/\/fvcomponentes.com\/pt\/wp-json\/wp\/v2\/product_cat?post=6489"},{"taxonomy":"product_tag","embeddable":true,"href":"https:\/\/fvcomponentes.com\/pt\/wp-json\/wp\/v2\/product_tag?post=6489"}],"curies":[{"name":"wp","href":"https:\/\/api.w.org\/{rel}","templated":true}]}}