{"id":6458,"date":"2024-01-19T19:31:05","date_gmt":"2024-01-19T18:31:05","guid":{"rendered":"https:\/\/fvcomponentes.com\/?post_type=product&#038;p=6458"},"modified":"2026-01-15T10:04:03","modified_gmt":"2026-01-15T09:04:03","slug":"cabo-victron-com-conetor-circular-m8-macho-femea-de-3-pinos-2-m-ass030560200","status":"publish","type":"product","link":"https:\/\/fvcomponentes.com\/pt\/producto\/cable-victron-con-conector-circular-m8-macho-hembra-de-3-polos-2-m-ass030560200\/","title":{"rendered":"Cabo Victron com conetor circular M8 de 3 pinos macho\/f\u00eamea 2 m - ASS030560200"},"content":{"rendered":"<p>O cabo Victron com conetor M8 macho\/f\u00eamea, 3 p\u00f3los e 2 metros de comprimento, \u00e9 um componente utilizado em sistemas de energia e baterias, especialmente em aplica\u00e7\u00f5es de <a href=\"https:\/\/www.victronenergy.com.es\/\" target=\"_blank\" rel=\"noopener\">Victron Energia<\/a>conhecida pelos seus produtos energ\u00e9ticos e electr\u00f3nicos.<\/p>\n<p>Este cabo proporciona liga\u00e7\u00f5es el\u00e9ctricas seguras e fi\u00e1veis entre dispositivos em sistemas de energia e de baterias. \u00c9 utilizado para ligar inversores, carregadores, controladores de carga solar e outros dispositivos num sistema.<\/p>\n<p>Simplifica a instala\u00e7\u00e3o e a liga\u00e7\u00e3o de componentes, poupando tempo e evitando liga\u00e7\u00f5es el\u00e9ctricas complicadas. Al\u00e9m disso, o seu conetor M8 oferece uma liga\u00e7\u00e3o segura e \u00e0 prova de \u00e1gua, ideal para ambientes mar\u00edtimos e aplica\u00e7\u00f5es no exterior.<\/p>\n<p>Com um comprimento de 2 metros, oferece flexibilidade na localiza\u00e7\u00e3o dos componentes do sistema e \u00e9 compat\u00edvel com os produtos Victron Energy para garantir uma integra\u00e7\u00e3o adequada e um desempenho \u00f3timo.<\/p>\n<p>Resumindo, o Cabo Victron com conetor M8 macho\/f\u00eamea de 3 p\u00f3los e 2 metros \u00e9 essencial para estabelecer liga\u00e7\u00f5es el\u00e9ctricas seguras e fi\u00e1veis em sistemas de energia e baterias, especialmente em aplica\u00e7\u00f5es que envolvem produtos Victron Energy. Simplifica a instala\u00e7\u00e3o e assegura o funcionamento coordenado dos componentes num sistema.<\/p>","protected":false},"excerpt":{"rendered":"<p><strong>Comprimento:<\/strong> 2m<\/p>","protected":false},"featured_media":6456,"comment_status":"open","ping_status":"closed","template":"","meta":{"site-sidebar-layout":"default","site-content-layout":"default","ast-site-content-layout":"default","site-content-style":"default","site-sidebar-style":"default","ast-global-header-display":"","ast-banner-title-visibility":"","ast-main-header-display":"","ast-hfb-above-header-display":"","ast-hfb-below-header-display":"","ast-hfb-mobile-header-display":"","site-post-title":"","ast-breadcrumbs-content":"","ast-featured-img":"","footer-sml-layout":"","ast-disable-related-posts":"","theme-transparent-header-meta":"default","adv-header-id-meta":"","stick-header-meta":"","header-above-stick-meta":"","header-main-stick-meta":"","header-below-stick-meta":"","astra-migrate-meta-layouts":"set","ast-page-background-enabled":"default","ast-page-background-meta":{"desktop":{"background-color":"var(--ast-global-color-4)","background-image":"","background-repeat":"repeat","background-position":"center center","background-size":"auto","background-attachment":"scroll","background-type":"","background-media":"","overlay-type":"","overlay-color":"","overlay-opacity":"","overlay-gradient":""},"tablet":{"background-color":"","background-image":"","background-repeat":"repeat","background-position":"center center","background-size":"auto","background-attachment":"scroll","background-type":"","background-media":"","overlay-type":"","overlay-color":"","overlay-opacity":"","overlay-gradient":""},"mobile":{"background-color":"","background-image":"","background-repeat":"repeat","background-position":"center center","background-size":"auto","background-attachment":"scroll","background-type":"","background-media":"","overlay-type":"","overlay-color":"","overlay-opacity":"","overlay-gradient":""}},"ast-content-background-meta":{"desktop":{"background-color":"var(--ast-global-color-5)","background-image":"","background-repeat":"repeat","background-position":"center center","background-size":"auto","background-attachment":"scroll","background-type":"","background-media":"","overlay-type":"","overlay-color":"","overlay-opacity":"","overlay-gradient":""},"tablet":{"background-color":"var(--ast-global-color-5)","background-image":"","background-repeat":"repeat","background-position":"center center","background-size":"auto","background-attachment":"scroll","background-type":"","background-media":"","overlay-type":"","overlay-color":"","overlay-opacity":"","overlay-gradient":""},"mobile":{"background-color":"var(--ast-global-color-5)","background-image":"","background-repeat":"repeat","background-position":"center center","background-size":"auto","background-attachment":"scroll","background-type":"","background-media":"","overlay-type":"","overlay-color":"","overlay-opacity":"","overlay-gradient":""}}},"pwb-brand":[332],"product_brand":[],"product_cat":[410,878],"product_tag":[],"class_list":{"0":"post-6458","1":"product","2":"type-product","3":"status-publish","4":"has-post-thumbnail","6":"pwb-brand-victron","7":"product_cat-material-electrico","8":"product_cat-cables-victron","9":"desktop-align-left","10":"tablet-align-left","11":"mobile-align-left","12":"ast-product-gallery-layout-horizontal-slider","13":"ast-product-tabs-layout-horizontal","15":"first","16":"instock","17":"taxable","18":"shipping-taxable","19":"purchasable","20":"product-type-simple"},"wcpa_form_fields":null,"brands":[{"id":332,"name":"Victron Energia","slug":"victron"}],"_links":{"self":[{"href":"https:\/\/fvcomponentes.com\/pt\/wp-json\/wp\/v2\/product\/6458","targetHints":{"allow":["GET"]}}],"collection":[{"href":"https:\/\/fvcomponentes.com\/pt\/wp-json\/wp\/v2\/product"}],"about":[{"href":"https:\/\/fvcomponentes.com\/pt\/wp-json\/wp\/v2\/types\/product"}],"replies":[{"embeddable":true,"href":"https:\/\/fvcomponentes.com\/pt\/wp-json\/wp\/v2\/comments?post=6458"}],"wp:featuredmedia":[{"embeddable":true,"href":"https:\/\/fvcomponentes.com\/pt\/wp-json\/wp\/v2\/media\/6456"}],"wp:attachment":[{"href":"https:\/\/fvcomponentes.com\/pt\/wp-json\/wp\/v2\/media?parent=6458"}],"wp:term":[{"taxonomy":"pwb-brand","embeddable":true,"href":"https:\/\/fvcomponentes.com\/pt\/wp-json\/wp\/v2\/pwb-brand?post=6458"},{"taxonomy":"product_brand","embeddable":true,"href":"https:\/\/fvcomponentes.com\/pt\/wp-json\/wp\/v2\/product_brand?post=6458"},{"taxonomy":"product_cat","embeddable":true,"href":"https:\/\/fvcomponentes.com\/pt\/wp-json\/wp\/v2\/product_cat?post=6458"},{"taxonomy":"product_tag","embeddable":true,"href":"https:\/\/fvcomponentes.com\/pt\/wp-json\/wp\/v2\/product_tag?post=6458"}],"curies":[{"name":"wp","href":"https:\/\/api.w.org\/{rel}","templated":true}]}}