{"id":6448,"date":"2024-01-19T19:31:07","date_gmt":"2024-01-19T18:31:07","guid":{"rendered":"https:\/\/fvcomponentes.com\/?post_type=product&#038;p=6448"},"modified":"2026-01-15T10:04:00","modified_gmt":"2026-01-15T09:04:00","slug":"cabo-victron-com-conetor-circular-m8-macho-femea-de-3-pinos-1-m-ass030560100","status":"publish","type":"product","link":"https:\/\/fvcomponentes.com\/pt\/producto\/cable-victron-con-conector-circular-m8-macho-hembra-de-3-polos-1-m-ass030560100\/","title":{"rendered":"Cabo Victron com conetor circular M8 de 3 pinos macho\/f\u00eamea 1 m - ASS030560100"},"content":{"rendered":"<div class=\"productDetail__content-desc\">\n<h2>Cabo <a href=\"https:\/\/www.victronenergy.com.es\/\" target=\"_blank\" rel=\"noopener\">Victron<\/a> com conetor circular M8 de 3 p\u00f3los macho\/f\u00eamea 1 m<\/h2>\n<ul>\n<li>Este vers\u00e1til cabo de conetor circular M8 de 3 pinos macho\/f\u00eamea da Victron foi especificamente concebido para alargar a comunica\u00e7\u00e3o do Sistema de Gest\u00e3o de Baterias (BMS) em aplica\u00e7\u00f5es que envolvem baterias de l\u00edtio inteligentes. A sua capacidade de alargar a liga\u00e7\u00e3o entre a bateria de l\u00edtio inteligente e o BMS proporciona uma maior flexibilidade na instala\u00e7\u00e3o e conce\u00e7\u00e3o de sistemas de gest\u00e3o de energia.<\/li>\n<li>O cabo Victron com conetor circular M8 macho\/f\u00eamea de 3 pinos de 1 m est\u00e1 convenientemente embalado num saco com 2 pe\u00e7as, tornando-o pr\u00e1tico e f\u00e1cil de transportar. Esta carater\u00edstica permite aos profissionais da ind\u00fastria e aos amadores de eletr\u00f3nica transportar sem esfor\u00e7o os cabos de extens\u00e3o necess\u00e1rios, quer para manuten\u00e7\u00e3o, repara\u00e7\u00f5es ou instala\u00e7\u00f5es iniciais.<\/li>\n<li>A disponibilidade deste cabo numa variedade de comprimentos, incluindo 1, 2, 3 e 5 metros, garante que os utilizadores t\u00eam op\u00e7\u00f5es que se adequam \u00e0s suas necessidades espec\u00edficas. Quer esteja a trabalhar num grande projeto que exija uma extens\u00e3o longa ou numa aplica\u00e7\u00e3o mais pequena que necessite apenas de alguns metros, este cabo tem tudo o que precisa.<\/li>\n<li>A qualidade e a durabilidade deste cabo s\u00e3o not\u00e1veis, tornando-o uma escolha fi\u00e1vel para aplica\u00e7\u00f5es que requerem uma transmiss\u00e3o de dados precisa e segura entre a bateria de l\u00edtio Smart e o BMS. A sua constru\u00e7\u00e3o robusta assegura uma liga\u00e7\u00e3o est\u00e1vel com baixo risco de interfer\u00eancia.<\/li>\n<\/ul>\n<\/div>\n<div class=\"productDetail__content-footer\">\n<div class=\"productDetail__content-footer-column productDetail__content-footer-column--vrm\"><\/div>\n<\/div>","protected":false},"excerpt":{"rendered":"<p><strong>Comprimento:<\/strong> 1 m<\/p>","protected":false},"featured_media":6456,"comment_status":"open","ping_status":"closed","template":"","meta":{"site-sidebar-layout":"default","site-content-layout":"default","ast-site-content-layout":"default","site-content-style":"default","site-sidebar-style":"default","ast-global-header-display":"","ast-banner-title-visibility":"","ast-main-header-display":"","ast-hfb-above-header-display":"","ast-hfb-below-header-display":"","ast-hfb-mobile-header-display":"","site-post-title":"","ast-breadcrumbs-content":"","ast-featured-img":"","footer-sml-layout":"","ast-disable-related-posts":"","theme-transparent-header-meta":"default","adv-header-id-meta":"","stick-header-meta":"","header-above-stick-meta":"","header-main-stick-meta":"","header-below-stick-meta":"","astra-migrate-meta-layouts":"set","ast-page-background-enabled":"default","ast-page-background-meta":{"desktop":{"background-color":"var(--ast-global-color-4)","background-image":"","background-repeat":"repeat","background-position":"center center","background-size":"auto","background-attachment":"scroll","background-type":"","background-media":"","overlay-type":"","overlay-color":"","overlay-opacity":"","overlay-gradient":""},"tablet":{"background-color":"","background-image":"","background-repeat":"repeat","background-position":"center center","background-size":"auto","background-attachment":"scroll","background-type":"","background-media":"","overlay-type":"","overlay-color":"","overlay-opacity":"","overlay-gradient":""},"mobile":{"background-color":"","background-image":"","background-repeat":"repeat","background-position":"center center","background-size":"auto","background-attachment":"scroll","background-type":"","background-media":"","overlay-type":"","overlay-color":"","overlay-opacity":"","overlay-gradient":""}},"ast-content-background-meta":{"desktop":{"background-color":"var(--ast-global-color-5)","background-image":"","background-repeat":"repeat","background-position":"center center","background-size":"auto","background-attachment":"scroll","background-type":"","background-media":"","overlay-type":"","overlay-color":"","overlay-opacity":"","overlay-gradient":""},"tablet":{"background-color":"var(--ast-global-color-5)","background-image":"","background-repeat":"repeat","background-position":"center center","background-size":"auto","background-attachment":"scroll","background-type":"","background-media":"","overlay-type":"","overlay-color":"","overlay-opacity":"","overlay-gradient":""},"mobile":{"background-color":"var(--ast-global-color-5)","background-image":"","background-repeat":"repeat","background-position":"center center","background-size":"auto","background-attachment":"scroll","background-type":"","background-media":"","overlay-type":"","overlay-color":"","overlay-opacity":"","overlay-gradient":""}}},"pwb-brand":[332],"product_brand":[],"product_cat":[410,878],"product_tag":[],"class_list":{"0":"post-6448","1":"product","2":"type-product","3":"status-publish","4":"has-post-thumbnail","6":"pwb-brand-victron","7":"product_cat-material-electrico","8":"product_cat-cables-victron","9":"desktop-align-left","10":"tablet-align-left","11":"mobile-align-left","12":"ast-product-gallery-layout-horizontal-slider","13":"ast-product-tabs-layout-horizontal","15":"first","16":"instock","17":"taxable","18":"shipping-taxable","19":"purchasable","20":"product-type-simple"},"wcpa_form_fields":null,"brands":[{"id":332,"name":"Victron Energia","slug":"victron"}],"_links":{"self":[{"href":"https:\/\/fvcomponentes.com\/pt\/wp-json\/wp\/v2\/product\/6448","targetHints":{"allow":["GET"]}}],"collection":[{"href":"https:\/\/fvcomponentes.com\/pt\/wp-json\/wp\/v2\/product"}],"about":[{"href":"https:\/\/fvcomponentes.com\/pt\/wp-json\/wp\/v2\/types\/product"}],"replies":[{"embeddable":true,"href":"https:\/\/fvcomponentes.com\/pt\/wp-json\/wp\/v2\/comments?post=6448"}],"wp:featuredmedia":[{"embeddable":true,"href":"https:\/\/fvcomponentes.com\/pt\/wp-json\/wp\/v2\/media\/6456"}],"wp:attachment":[{"href":"https:\/\/fvcomponentes.com\/pt\/wp-json\/wp\/v2\/media?parent=6448"}],"wp:term":[{"taxonomy":"pwb-brand","embeddable":true,"href":"https:\/\/fvcomponentes.com\/pt\/wp-json\/wp\/v2\/pwb-brand?post=6448"},{"taxonomy":"product_brand","embeddable":true,"href":"https:\/\/fvcomponentes.com\/pt\/wp-json\/wp\/v2\/product_brand?post=6448"},{"taxonomy":"product_cat","embeddable":true,"href":"https:\/\/fvcomponentes.com\/pt\/wp-json\/wp\/v2\/product_cat?post=6448"},{"taxonomy":"product_tag","embeddable":true,"href":"https:\/\/fvcomponentes.com\/pt\/wp-json\/wp\/v2\/product_tag?post=6448"}],"curies":[{"name":"wp","href":"https:\/\/api.w.org\/{rel}","templated":true}]}}