{"id":6423,"date":"2024-01-19T19:31:16","date_gmt":"2024-01-19T18:31:16","guid":{"rendered":"https:\/\/fvcomponentes.com\/?post_type=product&#038;p=6423"},"modified":"2026-04-08T21:27:18","modified_gmt":"2026-04-08T19:27:18","slug":"cabo-rj12-utp-victron-5m-ass030066050","status":"publish","type":"product","link":"https:\/\/fvcomponentes.com\/pt\/producto\/rj12-utp-cable-victron-5-m-ass030066050\/","title":{"rendered":"Cabo RJ12 UTP Victron 5 m - ASS030066050"},"content":{"rendered":"<ul>\n<li>Os contadores de baterias BMV de <a href=\"https:\/\/www.victronenergy.com\/\" target=\"_blank\" rel=\"noopener\">Victron Energia<\/a> s\u00e3o dispositivos essenciais para a monitoriza\u00e7\u00e3o e controlo da energia em sistemas de baterias e, para garantir o seu correto funcionamento, a liga\u00e7\u00e3o entre o shunt e a unidade principal \u00e9 essencial. Para efetuar esta liga\u00e7\u00e3o, \u00e9 utilizado um cabo RJ12.<\/li>\n<li>Este cabo RJ12 \u00e9 fornecido de s\u00e9rie com cada <a href=\"https:\/\/fvcomponentes.com\/pt\/produto\/monitor-de-bateria-victron-bmv-702\/\" target=\"_blank\" rel=\"noopener\">Monitor de bateria BMV<\/a>Isto significa que, ao adquirir um destes dispositivos, j\u00e1 disp\u00f5e dos meios necess\u00e1rios para estabelecer a comunica\u00e7\u00e3o entre a deriva\u00e7\u00e3o e a unidade de controlo. No entanto, o comprimento deste cabo pode n\u00e3o ser adequado em todos os casos, uma vez que os requisitos de instala\u00e7\u00e3o podem variar.<\/li>\n<li>Nas situa\u00e7\u00f5es em que o cabo fornecido \u00e9 demasiado longo ou demasiado curto, oferecemos uma solu\u00e7\u00e3o conveniente. Os cabos de substitui\u00e7\u00e3o foram concebidos em diferentes comprimentos, que v\u00e3o de 0,3 a 30 metros. Isto permite aos utilizadores adaptar a liga\u00e7\u00e3o \u00e0s suas necessidades espec\u00edficas de instala\u00e7\u00e3o sem complica\u00e7\u00f5es.<\/li>\n<li>Estes cabos de substitui\u00e7\u00e3o RJ12 s\u00e3o de alta qualidade e oferecem uma excelente transmiss\u00e3o de dados, assegurando que a informa\u00e7\u00e3o do medidor de bateria \u00e9 comunicada de forma precisa e fi\u00e1vel entre o shunt e a unidade principal BMV. Al\u00e9m disso, a flexibilidade da escolha do comprimento proporciona uma versatilidade significativa na instala\u00e7\u00e3o destes sistemas, quer em aplica\u00e7\u00f5es mar\u00edtimas, ve\u00edculos de recreio, sistemas solares ou qualquer outro ambiente em que sejam utilizados monitores de bateria BMV da Victron Energy.<\/li>\n<\/ul>","protected":false},"excerpt":{"rendered":"<p>Comprimento: 5 m<\/p>","protected":false},"featured_media":6418,"comment_status":"open","ping_status":"closed","template":"","meta":{"site-sidebar-layout":"default","site-content-layout":"default","ast-site-content-layout":"default","site-content-style":"default","site-sidebar-style":"default","ast-global-header-display":"","ast-banner-title-visibility":"","ast-main-header-display":"","ast-hfb-above-header-display":"","ast-hfb-below-header-display":"","ast-hfb-mobile-header-display":"","site-post-title":"","ast-breadcrumbs-content":"","ast-featured-img":"","footer-sml-layout":"","ast-disable-related-posts":"","theme-transparent-header-meta":"default","adv-header-id-meta":"","stick-header-meta":"","header-above-stick-meta":"","header-main-stick-meta":"","header-below-stick-meta":"","astra-migrate-meta-layouts":"set","ast-page-background-enabled":"default","ast-page-background-meta":{"desktop":{"background-color":"var(--ast-global-color-4)","background-image":"","background-repeat":"repeat","background-position":"center center","background-size":"auto","background-attachment":"scroll","background-type":"","background-media":"","overlay-type":"","overlay-color":"","overlay-opacity":"","overlay-gradient":""},"tablet":{"background-color":"","background-image":"","background-repeat":"repeat","background-position":"center center","background-size":"auto","background-attachment":"scroll","background-type":"","background-media":"","overlay-type":"","overlay-color":"","overlay-opacity":"","overlay-gradient":""},"mobile":{"background-color":"","background-image":"","background-repeat":"repeat","background-position":"center center","background-size":"auto","background-attachment":"scroll","background-type":"","background-media":"","overlay-type":"","overlay-color":"","overlay-opacity":"","overlay-gradient":""}},"ast-content-background-meta":{"desktop":{"background-color":"var(--ast-global-color-5)","background-image":"","background-repeat":"repeat","background-position":"center center","background-size":"auto","background-attachment":"scroll","background-type":"","background-media":"","overlay-type":"","overlay-color":"","overlay-opacity":"","overlay-gradient":""},"tablet":{"background-color":"var(--ast-global-color-5)","background-image":"","background-repeat":"repeat","background-position":"center center","background-size":"auto","background-attachment":"scroll","background-type":"","background-media":"","overlay-type":"","overlay-color":"","overlay-opacity":"","overlay-gradient":""},"mobile":{"background-color":"var(--ast-global-color-5)","background-image":"","background-repeat":"repeat","background-position":"center center","background-size":"auto","background-attachment":"scroll","background-type":"","background-media":"","overlay-type":"","overlay-color":"","overlay-opacity":"","overlay-gradient":""}}},"pwb-brand":[332],"product_brand":[],"product_cat":[410,878],"product_tag":[],"class_list":{"0":"post-6423","1":"product","2":"type-product","3":"status-publish","4":"has-post-thumbnail","6":"pwb-brand-victron","7":"product_cat-material-electrico","8":"product_cat-cables-victron","9":"desktop-align-left","10":"tablet-align-left","11":"mobile-align-left","12":"ast-product-gallery-layout-horizontal-slider","13":"ast-product-gallery-with-no-image","14":"ast-product-tabs-layout-horizontal","16":"first","17":"instock","18":"taxable","19":"shipping-taxable","20":"purchasable","21":"product-type-simple"},"wcpa_form_fields":null,"brands":[{"id":332,"name":"Victron Energia","slug":"victron"}],"_links":{"self":[{"href":"https:\/\/fvcomponentes.com\/pt\/wp-json\/wp\/v2\/product\/6423","targetHints":{"allow":["GET"]}}],"collection":[{"href":"https:\/\/fvcomponentes.com\/pt\/wp-json\/wp\/v2\/product"}],"about":[{"href":"https:\/\/fvcomponentes.com\/pt\/wp-json\/wp\/v2\/types\/product"}],"replies":[{"embeddable":true,"href":"https:\/\/fvcomponentes.com\/pt\/wp-json\/wp\/v2\/comments?post=6423"}],"wp:featuredmedia":[{"embeddable":true,"href":"https:\/\/fvcomponentes.com\/pt\/wp-json\/wp\/v2\/media\/6418"}],"wp:attachment":[{"href":"https:\/\/fvcomponentes.com\/pt\/wp-json\/wp\/v2\/media?parent=6423"}],"wp:term":[{"taxonomy":"pwb-brand","embeddable":true,"href":"https:\/\/fvcomponentes.com\/pt\/wp-json\/wp\/v2\/pwb-brand?post=6423"},{"taxonomy":"product_brand","embeddable":true,"href":"https:\/\/fvcomponentes.com\/pt\/wp-json\/wp\/v2\/product_brand?post=6423"},{"taxonomy":"product_cat","embeddable":true,"href":"https:\/\/fvcomponentes.com\/pt\/wp-json\/wp\/v2\/product_cat?post=6423"},{"taxonomy":"product_tag","embeddable":true,"href":"https:\/\/fvcomponentes.com\/pt\/wp-json\/wp\/v2\/product_tag?post=6423"}],"curies":[{"name":"wp","href":"https:\/\/api.w.org\/{rel}","templated":true}]}}